{"id":160,"date":"2020-11-11T15:47:22","date_gmt":"2020-11-11T14:47:22","guid":{"rendered":"https:\/\/ksr-lu.ch\/unityblog\/?page_id=160"},"modified":"2020-11-20T15:53:36","modified_gmt":"2020-11-20T14:53:36","slug":"einfuehrung","status":"publish","type":"page","link":"https:\/\/ksr-lu.ch\/unityblog\/einfuehrung\/","title":{"rendered":"Hallo zusammen!"},"content":{"rendered":"<p><!--StartFragment--><\/p>\n\n\n<p class=\"has-background has-very-light-gray-background-color\">Interessiert dich das Programmieren? W\u00fcrdest du gerne Erfahren, wie man ein Spiel entwickelt? Das und mehr erf\u00e4hrst du in meinem Blog! <\/p>\n\n\n<p><strong>Inhalt der ersten 5 Blog-Posts:<\/strong><\/p>\n<ol>\n<li><a href=\"https:\/\/ksr-lu.ch\/unityblog\/2020\/11\/04\/was-ist-unity\/\">Im ersten Blog wirst du erfahren, was Unity \u00fcberhaupt ist.<\/a><\/li>\n<li><a href=\"https:\/\/ksr-lu.ch\/unityblog\/2020\/11\/06\/die-ersten-versuche\/\">Im zweiten Blog werden wir mit Unity herumtesten und Unity besser kennenlernen.<\/a><\/li>\n<li><a href=\"https:\/\/ksr-lu.ch\/unityblog\/2020\/11\/11\/community\/\">Im dritten Blog wirst du etwas \u00fcber Spiele, die mit Unity gemacht wurden erfahren und wie weit Unity verbreitet ist.<\/a><\/li>\n<li><a href=\"https:\/\/ksr-lu.ch\/unityblog\/2020\/11\/17\/unity-lernen\/\">Im vierten Blog werde ich dir zeigen, wie DU mit der Spiele Entwicklung anfangen kannst.<\/a><\/li>\n<li><a href=\"https:\/\/ksr-lu.ch\/unityblog\/2020\/11\/18\/skripte\/\" target=\"_blank\" rel=\"noopener noreferrer\">Im f\u00fcnften Blog wirst du eine Einf\u00fchrung ins Skript erstellen bekommen und lernen, wie man die Skripte bei Objekten nutzt.<\/a><\/li>\n<\/ol>\n\n\n<p>Ich hoffe mein Blog wird dir gefallen und dass <strong>DU<\/strong> zum Spieleentwickler werden kannst.<\/p>\n\n\n\n<p>Hast du noch irgendwelche Fragen oder ein Thema dass dich interessiert? <strong>Schreibe es doch in die Kommentare!<\/strong><\/p>\n\n\n\n<p>Bis zum n\u00e4chsten Mal bei meinem ersten Blog &#8222;Was ist Unity?&#8220;!<\/p>\n","protected":false},"excerpt":{"rendered":"<p>Interessiert dich das Programmieren? W\u00fcrdest du gerne Erfahren, wie man ein Spiel entwickelt? Das und mehr erf\u00e4hrst du in meinem Blog! Inhalt der ersten 5 Blog-Posts: Im ersten Blog wirst du erfahren, was Unity \u00fcberhaupt ist. Im zweiten Blog werden wir mit Unity herumtesten und Unity besser kennenlernen. Im dritten Blog wirst du etwas \u00fcber [&hellip;]<\/p>\n","protected":false},"author":134,"featured_media":0,"parent":0,"menu_order":0,"comment_status":"open","ping_status":"closed","template":"","meta":[],"categories":[],"tags":[],"_links":{"self":[{"href":"https:\/\/ksr-lu.ch\/unityblog\/wp-json\/wp\/v2\/pages\/160"}],"collection":[{"href":"https:\/\/ksr-lu.ch\/unityblog\/wp-json\/wp\/v2\/pages"}],"about":[{"href":"https:\/\/ksr-lu.ch\/unityblog\/wp-json\/wp\/v2\/types\/page"}],"author":[{"embeddable":true,"href":"https:\/\/ksr-lu.ch\/unityblog\/wp-json\/wp\/v2\/users\/134"}],"replies":[{"embeddable":true,"href":"https:\/\/ksr-lu.ch\/unityblog\/wp-json\/wp\/v2\/comments?post=160"}],"version-history":[{"count":6,"href":"https:\/\/ksr-lu.ch\/unityblog\/wp-json\/wp\/v2\/pages\/160\/revisions"}],"predecessor-version":[{"id":223,"href":"https:\/\/ksr-lu.ch\/unityblog\/wp-json\/wp\/v2\/pages\/160\/revisions\/223"}],"wp:attachment":[{"href":"https:\/\/ksr-lu.ch\/unityblog\/wp-json\/wp\/v2\/media?parent=160"}],"wp:term":[{"taxonomy":"category","embeddable":true,"href":"https:\/\/ksr-lu.ch\/unityblog\/wp-json\/wp\/v2\/categories?post=160"},{"taxonomy":"post_tag","embeddable":true,"href":"https:\/\/ksr-lu.ch\/unityblog\/wp-json\/wp\/v2\/tags?post=160"}],"curies":[{"name":"wp","href":"https:\/\/api.w.org\/{rel}","templated":true}]}}