{"id":570,"date":"2023-07-25T18:53:45","date_gmt":"2023-07-25T16:53:45","guid":{"rendered":"https:\/\/ksr-lu.ch\/jahresberichte\/?page_id=570"},"modified":"2024-09-09T17:40:40","modified_gmt":"2024-09-09T15:40:40","slug":"organisation-2","status":"publish","type":"page","link":"https:\/\/ksr-lu.ch\/jahresbericht23-24\/organisation-2\/","title":{"rendered":"Organisation"},"content":{"rendered":"\n<p class=\"has-vivid-red-color has-text-color\"><strong>Schulkommission Subkommission KSR<\/strong><\/p>\n\n\n\n<p>Letizia A. Ineichen, Dr. phil., Udligenswil; Pr\u00e4sidentin<br>Patrick Brigger, Dr. \u00e8s sc., Luzern<br>Kristin Nosetti-Johannsen, Mlaw, Emmenbr\u00fccke<br>Priska Jossen, Lic. phil., Luzern<br>Dejan Jokic, ICT Projekt Manager, Luzern<br>Liliane Wiler, MAS Schulmanagement, Luzern<\/p>\n\n\n\n<p class=\"has-vivid-red-color has-text-color\"><strong>Vertreter des Bildungs- und Kulturdepartements<\/strong><\/p>\n\n\n\n<p>Simon D\u00f6rig, Leiter Dienststelle Gymnasialbildung, Meggen<\/p>\n\n\n\n<p class=\"has-vivid-red-color has-text-color\"><strong>Schulleitung KSR<\/strong><\/p>\n\n\n\n<figure class=\"wp-block-table\"><table><tbody><tr><td><strong>Rektorin<\/strong><strong><\/strong><\/td><td>Annette Studer, lic. phil., Luzern<strong><\/strong><\/td><\/tr><tr><td><strong>Prorektoren<\/strong><\/td><td>Reto Eichenberger, Master of Science, Luzern <br>Berger Cyrille, MA, Mosen<\/td><\/tr><tr><td><strong>Prorektorin<\/strong><strong><\/strong><\/td><td>Irene Gerber, lic. phil., Rothenburg<\/td><\/tr><\/tbody><\/table><\/figure>\n\n\n\n<p class=\"has-vivid-red-color has-text-color\"><strong>Schulkommission Subkommission MSE<\/strong><\/p>\n\n\n\n<p>Peter Blum, Dr. sc. math. ETH, Luzern; Pr\u00e4sident<br>Claudia Wespi, lic. phil., Luzern<br>Urs Weidmann, Dr. phil. nat., Untersiggenthal<\/p>\n\n\n\n<p class=\"has-vivid-red-color has-text-color\"><strong>Schulleiter MSE<\/strong><\/p>\n\n\n\n<p>Luigi Brovelli, Dr. sc. nat. ETH, Luzern<\/p>\n\n\n\n<p class=\"has-vivid-red-color has-text-color\"><strong>Forum KSR<\/strong><\/p>\n\n\n\n<p>Irina Bayer, Neuenkirch<br>Regula Bisang, Hellb\u00fchl<br>Edith Bollhalder, Luzern<br>Christian B\u00fcrkli, Buchrain<br>Andreas Camenisch, Adligenswil<br>Gabriela Colangelo, Rothenburg<br>Urs Fischer, Z\u00fcrich<br>Eliane Nater, Horw<br>Maria Chiara Paravicini Bagliani, Emmenbr\u00fccke<br>Ladina Schneider, Emmenbr\u00fccke<br>Patricia Sies, Sursee<br>Von der Schulleitung: Annette Studer, Irene Gerber<\/p>\n\n\n\n<p class=\"has-vivid-red-color has-text-color\"><strong>Verwaltung<\/strong><\/p>\n\n\n\n<figure class=\"wp-block-table\"><table><tbody><tr><td><strong>Leiterin Zentrale Dienste<\/strong><strong><\/strong><\/td><td>Katja H\u00e4fliger, Kriens<\/td><\/tr><tr><td><strong>Administration Gymnasium<\/strong><\/td><td>Heidi Lienhard, Rotkreuz (Leiterin) <br>Sandra Ottiger, Rothenburg <br>Raissa Kramer, Luzern <br>Jacqueline Graf, Emmenbr\u00fccke<\/td><\/tr><tr><td><strong>Rechnungswesen<\/strong><\/td><td>Marigona Krasniqi, Emmenbr\u00fccke<\/td><\/tr><tr><td><strong>Sekret\u00e4rin MSE<\/strong><strong><\/strong><\/td><td>Martha Zurfluh, Dietwil<\/td><\/tr><tr><td><strong>Stundenplanerin<\/strong><\/td><td>Regula Wiederkehr, Luzern<\/td><\/tr><tr><td><strong>Bibliothekarin<\/strong><\/td><td>Yvonne Zulian, Emmenbr\u00fccke (Leiterin)<\/td><\/tr><tr><td><strong>Assistentin Chemie<\/strong><\/td><td>Janine Amberg, Neuenkirch<\/td><\/tr><tr><td><strong>Assistentinnen Biologie<\/strong><\/td><td>Sandra Amstutz, Kriens <br>Annette Hug, Rain<\/td><\/tr><tr><td><strong>Support Informatik<\/strong><\/td><td>Andr\u00e9 Nierhaus, Buttisholz<\/td><\/tr><tr><td><strong>Hauswarte<\/strong><\/td><td>Roland Wechsler, Luzern (Leiter) <br>Peter Burri, Schachen LU <br>Marco Peter, Kriens <br>Zdravko Dujic, Luzern <br>Fabian Jost, Kriens<br>Florian Huber, Luzern (Praktikant)<\/td><\/tr><\/tbody><\/table><\/figure>\n\n\n\n<figure class=\"wp-block-image size-large is-style-default\"><img width=\"1024\" height=\"683\" src=\"http:\/\/ksr-lu.ch\/jahresbericht23-24\/wp-content\/uploads\/sites\/199\/2024\/07\/6-Organisation-1024x683.jpg\" alt=\"\" class=\"wp-image-1472\" srcset=\"https:\/\/ksr-lu.ch\/jahresbericht23-24\/wp-content\/uploads\/sites\/199\/2024\/07\/6-Organisation-1024x683.jpg 1024w, https:\/\/ksr-lu.ch\/jahresbericht23-24\/wp-content\/uploads\/sites\/199\/2024\/07\/6-Organisation-300x200.jpg 300w, https:\/\/ksr-lu.ch\/jahresbericht23-24\/wp-content\/uploads\/sites\/199\/2024\/07\/6-Organisation-768x512.jpg 768w, https:\/\/ksr-lu.ch\/jahresbericht23-24\/wp-content\/uploads\/sites\/199\/2024\/07\/6-Organisation-1536x1024.jpg 1536w, https:\/\/ksr-lu.ch\/jahresbericht23-24\/wp-content\/uploads\/sites\/199\/2024\/07\/6-Organisation.jpg 2048w\" sizes=\"(max-width: 1024px) 100vw, 1024px\" \/><figcaption>Die Schulleitung<\/figcaption><\/figure>\n<!-- PMB print buttons is only displayed on a single post\/page URLs-->","protected":false},"excerpt":{"rendered":"<p>Schulkommission Subkommission KSR Letizia A. Ineichen, Dr. phil., Udligenswil; Pr\u00e4sidentinPatrick Brigger, Dr. \u00e8s sc., LuzernKristin Nosetti-Johannsen, Mlaw, Emmenbr\u00fcckePriska Jossen, Lic. phil., LuzernDejan Jokic, ICT Projekt Manager, LuzernLiliane Wiler, MAS Schulmanagement, Luzern Vertreter des Bildungs- und Kulturdepartements Simon D\u00f6rig, Leiter Dienststelle Gymnasialbildung, Meggen Schulleitung KSR Rektorin Annette Studer, lic. phil., Luzern Prorektoren Reto Eichenberger, Master of [&hellip;]<\/p>\n","protected":false},"author":218,"featured_media":0,"parent":0,"menu_order":0,"comment_status":"closed","ping_status":"closed","template":"","meta":[],"categories":[12],"tags":[],"_links":{"self":[{"href":"https:\/\/ksr-lu.ch\/jahresbericht23-24\/wp-json\/wp\/v2\/pages\/570"}],"collection":[{"href":"https:\/\/ksr-lu.ch\/jahresbericht23-24\/wp-json\/wp\/v2\/pages"}],"about":[{"href":"https:\/\/ksr-lu.ch\/jahresbericht23-24\/wp-json\/wp\/v2\/types\/page"}],"author":[{"embeddable":true,"href":"https:\/\/ksr-lu.ch\/jahresbericht23-24\/wp-json\/wp\/v2\/users\/218"}],"replies":[{"embeddable":true,"href":"https:\/\/ksr-lu.ch\/jahresbericht23-24\/wp-json\/wp\/v2\/comments?post=570"}],"version-history":[{"count":8,"href":"https:\/\/ksr-lu.ch\/jahresbericht23-24\/wp-json\/wp\/v2\/pages\/570\/revisions"}],"predecessor-version":[{"id":1923,"href":"https:\/\/ksr-lu.ch\/jahresbericht23-24\/wp-json\/wp\/v2\/pages\/570\/revisions\/1923"}],"wp:attachment":[{"href":"https:\/\/ksr-lu.ch\/jahresbericht23-24\/wp-json\/wp\/v2\/media?parent=570"}],"wp:term":[{"taxonomy":"category","embeddable":true,"href":"https:\/\/ksr-lu.ch\/jahresbericht23-24\/wp-json\/wp\/v2\/categories?post=570"},{"taxonomy":"post_tag","embeddable":true,"href":"https:\/\/ksr-lu.ch\/jahresbericht23-24\/wp-json\/wp\/v2\/tags?post=570"}],"curies":[{"name":"wp","href":"https:\/\/api.w.org\/{rel}","templated":true}]}}