{"id":521,"date":"2023-07-25T17:39:16","date_gmt":"2023-07-25T15:39:16","guid":{"rendered":"https:\/\/ksr-lu.ch\/jahresberichte\/?page_id=521"},"modified":"2024-09-09T15:58:28","modified_gmt":"2024-09-09T13:58:28","slug":"dienstjubilaeen","status":"publish","type":"page","link":"https:\/\/ksr-lu.ch\/jahresbericht23-24\/dienstjubilaeen\/","title":{"rendered":"Dienstjubil\u00e4en"},"content":{"rendered":"\n<p><strong>Herzliche Gratulation<\/strong><\/p>\n\n\n\n<div class=\"wp-block-image is-style-default\"><figure class=\"alignright size-large\"><img width=\"1024\" height=\"730\" src=\"http:\/\/ksr-lu.ch\/jahresbericht23-24\/wp-content\/uploads\/sites\/199\/2024\/07\/Dienstjubilaeen-1024x730.jpg\" alt=\"\" class=\"wp-image-1460\" srcset=\"https:\/\/ksr-lu.ch\/jahresbericht23-24\/wp-content\/uploads\/sites\/199\/2024\/07\/Dienstjubilaeen-1024x730.jpg 1024w, https:\/\/ksr-lu.ch\/jahresbericht23-24\/wp-content\/uploads\/sites\/199\/2024\/07\/Dienstjubilaeen-300x214.jpg 300w, https:\/\/ksr-lu.ch\/jahresbericht23-24\/wp-content\/uploads\/sites\/199\/2024\/07\/Dienstjubilaeen-768x548.jpg 768w, https:\/\/ksr-lu.ch\/jahresbericht23-24\/wp-content\/uploads\/sites\/199\/2024\/07\/Dienstjubilaeen-1536x1095.jpg 1536w, https:\/\/ksr-lu.ch\/jahresbericht23-24\/wp-content\/uploads\/sites\/199\/2024\/07\/Dienstjubilaeen.jpg 2048w\" sizes=\"(max-width: 1024px) 100vw, 1024px\" \/><\/figure><\/div>\n\n\n\n<p><strong>30 Jahre<\/strong><\/p>\n\n\n\n<ul><li>Ch\u00e9del Maurice<\/li><li>Rentsch J\u00f6rg<\/li><\/ul>\n\n\n\n<p><strong>20 Jahre<\/strong><\/p>\n\n\n\n<ul><li>Graf Jacqueline<\/li><li>M\u00fcller Judith<\/li><li>Nierhaus Andr\u00e9<\/li><\/ul>\n\n\n\n<p><strong>10 Jahre<\/strong><\/p>\n\n\n\n<ul><li>Amstutz Sandra<\/li><li>H\u00e4fliger Katja<\/li><\/ul>\n\n\n\n<p class=\"has-white-color has-text-color\">.<\/p>\n\n\n\n<p class=\"has-white-color has-text-color\">.<\/p>\n\n\n\n<p class=\"has-white-color has-text-color\">.<\/p>\n<!-- PMB print buttons is only displayed on a single post\/page URLs-->","protected":false},"excerpt":{"rendered":"<p>Herzliche Gratulation 30 Jahre Ch\u00e9del Maurice Rentsch J\u00f6rg 20 Jahre Graf Jacqueline M\u00fcller Judith Nierhaus Andr\u00e9 10 Jahre Amstutz Sandra H\u00e4fliger Katja . . .<\/p>\n","protected":false},"author":218,"featured_media":0,"parent":0,"menu_order":0,"comment_status":"closed","ping_status":"closed","template":"","meta":[],"categories":[11],"tags":[],"_links":{"self":[{"href":"https:\/\/ksr-lu.ch\/jahresbericht23-24\/wp-json\/wp\/v2\/pages\/521"}],"collection":[{"href":"https:\/\/ksr-lu.ch\/jahresbericht23-24\/wp-json\/wp\/v2\/pages"}],"about":[{"href":"https:\/\/ksr-lu.ch\/jahresbericht23-24\/wp-json\/wp\/v2\/types\/page"}],"author":[{"embeddable":true,"href":"https:\/\/ksr-lu.ch\/jahresbericht23-24\/wp-json\/wp\/v2\/users\/218"}],"replies":[{"embeddable":true,"href":"https:\/\/ksr-lu.ch\/jahresbericht23-24\/wp-json\/wp\/v2\/comments?post=521"}],"version-history":[{"count":23,"href":"https:\/\/ksr-lu.ch\/jahresbericht23-24\/wp-json\/wp\/v2\/pages\/521\/revisions"}],"predecessor-version":[{"id":1969,"href":"https:\/\/ksr-lu.ch\/jahresbericht23-24\/wp-json\/wp\/v2\/pages\/521\/revisions\/1969"}],"wp:attachment":[{"href":"https:\/\/ksr-lu.ch\/jahresbericht23-24\/wp-json\/wp\/v2\/media?parent=521"}],"wp:term":[{"taxonomy":"category","embeddable":true,"href":"https:\/\/ksr-lu.ch\/jahresbericht23-24\/wp-json\/wp\/v2\/categories?post=521"},{"taxonomy":"post_tag","embeddable":true,"href":"https:\/\/ksr-lu.ch\/jahresbericht23-24\/wp-json\/wp\/v2\/tags?post=521"}],"curies":[{"name":"wp","href":"https:\/\/api.w.org\/{rel}","templated":true}]}}