{"id":45,"date":"2023-03-23T11:09:31","date_gmt":"2023-03-23T10:09:31","guid":{"rendered":"https:\/\/ksr-lu.ch\/jahresberichte\/?page_id=45"},"modified":"2024-08-14T16:25:44","modified_gmt":"2024-08-14T14:25:44","slug":"rueckblick","status":"publish","type":"page","link":"https:\/\/ksr-lu.ch\/jahresbericht23-24\/rueckblick\/","title":{"rendered":"R\u00fcckblick"},"content":{"rendered":"\n<p><a href=\"https:\/\/ksr-lu.ch\/jahresbericht23-24\/rueckblick-zum-schuljahr-2023-24\/\/\">R\u00fcckblick von Annette Studer, Rektorin <\/a><\/p>\n\n\n\n<p><a href=\"https:\/\/ksr-lu.ch\/jahresbericht23-24\/gute-basis-fuer-weitere-entwicklung\/\">R\u00fcckblick von Simon D\u00f6rig, Leiter Dienststelle Gymnasialbildung<\/a><\/p>\n\n\n\n<p><a href=\"https:\/\/ksr-lu.ch\/jahresbericht23-24\/bildung-ist-das-fundament-auf-dem-wir-unsere-zukunft-bauen\/\">R\u00fcckblick von Letizia Ineichen, Pr\u00e4sidentin Schulkommission Kantonsschule Reussb\u00fchl<\/a><\/p>\n\n\n\n<div class=\"wp-block-image is-style-default\"><figure class=\"alignleft size-large\"><img width=\"1024\" height=\"530\" src=\"http:\/\/ksr-lu.ch\/jahresbericht23-24\/wp-content\/uploads\/sites\/199\/2024\/07\/Rueckblick-1024x530.jpg\" alt=\"\" class=\"wp-image-1428\" srcset=\"https:\/\/ksr-lu.ch\/jahresbericht23-24\/wp-content\/uploads\/sites\/199\/2024\/07\/Rueckblick-1024x530.jpg 1024w, https:\/\/ksr-lu.ch\/jahresbericht23-24\/wp-content\/uploads\/sites\/199\/2024\/07\/Rueckblick-300x155.jpg 300w, https:\/\/ksr-lu.ch\/jahresbericht23-24\/wp-content\/uploads\/sites\/199\/2024\/07\/Rueckblick-768x398.jpg 768w, https:\/\/ksr-lu.ch\/jahresbericht23-24\/wp-content\/uploads\/sites\/199\/2024\/07\/Rueckblick-1536x795.jpg 1536w, https:\/\/ksr-lu.ch\/jahresbericht23-24\/wp-content\/uploads\/sites\/199\/2024\/07\/Rueckblick.jpg 2048w\" sizes=\"(max-width: 1024px) 100vw, 1024px\" \/><\/figure><\/div>\n\n\n\n<p class=\"has-white-color has-text-color\">.<\/p>\n\n\n\n<p class=\"has-white-color has-text-color\">.<\/p>\n\n\n\n<p class=\"has-white-color has-text-color\">.<\/p>\n\n\n\n<p class=\"has-white-color has-text-color\">.<\/p>\n\n\n\n<p class=\"has-white-color has-text-color\">.<\/p>\n\n\n\n<p class=\"has-white-color has-text-color\">.<\/p>\n\n\n\n<p class=\"has-white-color has-text-color\">.<\/p>\n\n\n\n<p class=\"has-white-color has-text-color\">.<\/p>\n\n\n\n<p class=\"has-white-color has-text-color\">.<\/p>\n\n\n\n<p><\/p>\n<!-- PMB print buttons is only displayed on a single post\/page URLs-->","protected":false},"excerpt":{"rendered":"<p>R\u00fcckblick von Annette Studer, Rektorin R\u00fcckblick von Simon D\u00f6rig, Leiter Dienststelle Gymnasialbildung R\u00fcckblick von Letizia Ineichen, Pr\u00e4sidentin Schulkommission Kantonsschule Reussb\u00fchl . . . . . . . . .<\/p>\n","protected":false},"author":218,"featured_media":0,"parent":0,"menu_order":0,"comment_status":"closed","ping_status":"closed","template":"","meta":[],"categories":[],"tags":[],"_links":{"self":[{"href":"https:\/\/ksr-lu.ch\/jahresbericht23-24\/wp-json\/wp\/v2\/pages\/45"}],"collection":[{"href":"https:\/\/ksr-lu.ch\/jahresbericht23-24\/wp-json\/wp\/v2\/pages"}],"about":[{"href":"https:\/\/ksr-lu.ch\/jahresbericht23-24\/wp-json\/wp\/v2\/types\/page"}],"author":[{"embeddable":true,"href":"https:\/\/ksr-lu.ch\/jahresbericht23-24\/wp-json\/wp\/v2\/users\/218"}],"replies":[{"embeddable":true,"href":"https:\/\/ksr-lu.ch\/jahresbericht23-24\/wp-json\/wp\/v2\/comments?post=45"}],"version-history":[{"count":19,"href":"https:\/\/ksr-lu.ch\/jahresbericht23-24\/wp-json\/wp\/v2\/pages\/45\/revisions"}],"predecessor-version":[{"id":1836,"href":"https:\/\/ksr-lu.ch\/jahresbericht23-24\/wp-json\/wp\/v2\/pages\/45\/revisions\/1836"}],"wp:attachment":[{"href":"https:\/\/ksr-lu.ch\/jahresbericht23-24\/wp-json\/wp\/v2\/media?parent=45"}],"wp:term":[{"taxonomy":"category","embeddable":true,"href":"https:\/\/ksr-lu.ch\/jahresbericht23-24\/wp-json\/wp\/v2\/categories?post=45"},{"taxonomy":"post_tag","embeddable":true,"href":"https:\/\/ksr-lu.ch\/jahresbericht23-24\/wp-json\/wp\/v2\/tags?post=45"}],"curies":[{"name":"wp","href":"https:\/\/api.w.org\/{rel}","templated":true}]}}