{"id":1902,"date":"2024-09-05T19:47:54","date_gmt":"2024-09-05T17:47:54","guid":{"rendered":"https:\/\/ksr-lu.ch\/jahresbericht23-24\/?page_id=1902"},"modified":"2024-09-11T21:21:48","modified_gmt":"2024-09-11T19:21:48","slug":"austausch-der-kantonsschule-reussbuehl-luzern-mit-der-sportschule-potsdam-2024","status":"publish","type":"page","link":"https:\/\/ksr-lu.ch\/jahresbericht23-24\/austausch-der-kantonsschule-reussbuehl-luzern-mit-der-sportschule-potsdam-2024\/","title":{"rendered":"Austausch der Kantonsschule Reussb\u00fchl Luzern mit der Sportschule Potsdam 2024"},"content":{"rendered":"\n<p>Christoph Schaufelberger<br>Deutschlehrer der Klasse L22d, Mitglied des St\u00e4dtepartnerschaftsvereins Luzern-Potsdam<\/p>\n\n\n\n<p><strong>Studienwoche L22d in Potsdam vom 12. bis 17. Mai 2024<\/strong><\/p>\n\n\n\n<p>Im Rahmen der <a href=\"https:\/\/www.luzern-potsdam.ch\/\">St\u00e4dtepartnerschaft Luzern-Potsdam<\/a> durfte dieses Jahr vom 12. bis 17. Mai 2024 wieder eine Klasse der Kantonsschule Reussb\u00fchl Luzern im Campus der <a href=\"https:\/\/www.sportschule-potsdam.de\/\">Sportschule Potsdam<\/a> zu Gast sein.\u00a0 Dabei lernte sie nicht nur historisch bedeutsame Sehensw\u00fcrdigkeiten kennen, sondern erlebte auch hautnah den Lebens- und Trainingsrhythmus der Potsdamer Sportsch\u00fcler\/innen mit.<\/p>\n\n\n\n<p>Da dieser Klassenbesuch nun zum zweiten Mal durchgef\u00fchrt wurde, konnte schon einiges aus dem Vorjahr \u00fcbernommen werden: Wieder reiste die Klasse in Nachtzugwagons hin und zur\u00fcck, was wiederum nicht ganz reibungslos klappte, aber auch wieder die Gelegenheit bot, auf dem Weg noch Programmpunkte in Berlin anzuschauen \u2013 auf dem Hinweg das DDR-Museum und auf dem R\u00fcckweg eine eindr\u00fcckliche F\u00fchrung durch die Gedenkst\u00e4tte an der Bernauer Strasse, die Gerhard Meck vom <a href=\"http:\/\/www.potsdam-luzern.de\/\">Freundschaftskreis Potsdam-Luzern<\/a> eigens f\u00fcr uns organisierte.<\/p>\n\n\n\n<p>Schon am Abend der Anreise in Potsdam wurde die Klasse von Kati Dorn, der Austauschverantwortlichen der Sportschule, und von Alexander Steinicke vom Freundschaftsverein Potsdam-Luzern freundlich empfangen. &#8211; Um fr\u00fchzeitig einen Kontakt zwischen den Sch\u00fcler\/innen herzustellen, wurde auch der Rudereinf\u00fchrungsnachmittag durch Potsdamer Rudersch\u00fcler\/innen unter der Leitung des Rudertrainers Bodo Schacher mit anschliessendem Grillabend diesmal bereits am Dienstagabend durchgef\u00fchrt.<\/p>\n\n\n\n<figure class=\"wp-block-image size-large is-style-default\"><img width=\"1024\" height=\"768\" src=\"http:\/\/ksr-lu.ch\/jahresbericht23-24\/wp-content\/uploads\/sites\/199\/2024\/09\/Bild1-1024x768.jpg\" alt=\"\" class=\"wp-image-1905\" srcset=\"https:\/\/ksr-lu.ch\/jahresbericht23-24\/wp-content\/uploads\/sites\/199\/2024\/09\/Bild1-1024x768.jpg 1024w, https:\/\/ksr-lu.ch\/jahresbericht23-24\/wp-content\/uploads\/sites\/199\/2024\/09\/Bild1-300x225.jpg 300w, https:\/\/ksr-lu.ch\/jahresbericht23-24\/wp-content\/uploads\/sites\/199\/2024\/09\/Bild1-768x576.jpg 768w, https:\/\/ksr-lu.ch\/jahresbericht23-24\/wp-content\/uploads\/sites\/199\/2024\/09\/Bild1.jpg 1131w\" sizes=\"(max-width: 1024px) 100vw, 1024px\" \/><figcaption>Die KSR-Klasse L22d und die Ruderklasse von Trainer Bodo Schacher vor dem Clubhaus in Potsdam<\/figcaption><\/figure>\n\n\n\n<p>Ein anderer eindr\u00fccklicher Programmpunkt war die Zeitzeugen-Begegnung mit dem ehemaligen DDR-Hammerwerfer Bernd Richter in der Gedenkst\u00e4tte an der Lindenstrasse, einem Stasi-Gef\u00e4ngnis, in dem dieser nach einem gescheiterten Fluchtversuch in den Westen monatelang in Untersuchungshaft gefangen gehalten wurde. So konnte er den Jugendlichen sehr anschaulich die unmenschlichen Haftbedingungen aus eigener Erfahrung schildern.<\/p>\n\n\n\n<figure class=\"wp-block-image size-large is-style-default\"><img width=\"1005\" height=\"754\" src=\"http:\/\/ksr-lu.ch\/jahresbericht23-24\/wp-content\/uploads\/sites\/199\/2024\/09\/Bild2.jpg\" alt=\"\" class=\"wp-image-1906\" srcset=\"https:\/\/ksr-lu.ch\/jahresbericht23-24\/wp-content\/uploads\/sites\/199\/2024\/09\/Bild2.jpg 1005w, https:\/\/ksr-lu.ch\/jahresbericht23-24\/wp-content\/uploads\/sites\/199\/2024\/09\/Bild2-300x225.jpg 300w, https:\/\/ksr-lu.ch\/jahresbericht23-24\/wp-content\/uploads\/sites\/199\/2024\/09\/Bild2-768x576.jpg 768w\" sizes=\"(max-width: 1005px) 100vw, 1005px\" \/><figcaption>Die KSR-Klasse L22d im Zeitzeugengespr\u00e4ch mit dem ehemaligen DDR-Hammerwerfer Bernd Richter<\/figcaption><\/figure>\n\n\n\n<p>Zu einer erneuten Klassenbegegnung kam es im Filmmuseum, wo die Sch\u00fcler\/innen beider Schulen in gemischten Zweier-Gruppen Drehb\u00fccher entwarfen und sich dar\u00fcber austauschten.<\/p>\n\n\n\n<figure class=\"wp-block-image size-large is-style-default\"><img width=\"1024\" height=\"768\" src=\"http:\/\/ksr-lu.ch\/jahresbericht23-24\/wp-content\/uploads\/sites\/199\/2024\/09\/Bild3.jpg\" alt=\"\" class=\"wp-image-1907\" srcset=\"https:\/\/ksr-lu.ch\/jahresbericht23-24\/wp-content\/uploads\/sites\/199\/2024\/09\/Bild3.jpg 1024w, https:\/\/ksr-lu.ch\/jahresbericht23-24\/wp-content\/uploads\/sites\/199\/2024\/09\/Bild3-300x225.jpg 300w, https:\/\/ksr-lu.ch\/jahresbericht23-24\/wp-content\/uploads\/sites\/199\/2024\/09\/Bild3-768x576.jpg 768w\" sizes=\"(max-width: 1024px) 100vw, 1024px\" \/><figcaption>Klassen aus beiden Schulen im Filmmuseum Potsdam<\/figcaption><\/figure>\n\n\n\n<p>Den Park des Schlosses Sanssouci und die Wege um den Heiligen See mit dem Schloss Cecilienhof, Schauplatz der Potsdamer Konferenz, erkundete die Klasse L22d mit ihren Lehrpersonen dann wieder f\u00fcr sich, wobei hier vor Ort vorgelesene Ausschnitte aus dem Roman \u00abAm k\u00fcrzeren Ende der Sonnenallee\u00bb immer wieder Bez\u00fcge zur DDR-Zeit herstellten.<\/p>\n\n\n\n<p>Alles in allem konnten die KSR-Sch\u00fcler\/innen auch in diesem Jahr wieder viele wertvolle Eindr\u00fccke aus verschiedenen pers\u00f6nlichen Begegnungen mit Potsdamer\/innen sammeln, was sie sehr gesch\u00e4tzt und auch wieder in einem <a href=\"https:\/\/ksr-sb.ch\/potsdamklassenaustausch24\/\">Klassenblog<\/a> zum Ausdruck gebracht haben.<\/p>\n\n\n\n<p><strong>Gegenbesuch einer Potsdamer Ruderklasse vom 20. bis 22. Mai 2024<\/strong><\/p>\n\n\n\n<p>Nur drei Tage nach unserer R\u00fcckkehr, am Pfingstmontag, dem 20. Mai 2024, traf die Ruderklasse aus Potsdam mit ihren Rudertrainern und der Austauschverantwortlichen Kati Dorn zu ihrem Gegenbesuch in Luzern ein.<\/p>\n\n\n\n<p>Nach einer Begr\u00fcssung am Bahnhof Luzern durch den Prorektor Cyrille Berger konnten sie auf einer F\u00fchrung zum Thema Wasser in der Stadt Luzern erste Eindr\u00fccke der Innerschweiz sammeln, bevor sie sich dann am zweiten Tag ganz der Nachwuchs-Ausscheidungs-Regatta auf dem Rotsee, dem eigentlichen Anlass ihrer Reise, zuwenden konnten.<\/p>\n\n\n\n<p>Am gleichen Abend kamen sie allerdings dann noch zu einem Austausch mit dem Prorektor Reto Eichenberger zum Thema Sportf\u00f6rderung in den beiden L\u00e4ndern und einem gemeinsamen gem\u00fctlichen Grillabend mit den Klassen L22d und L21b an die KSR.<\/p>\n\n\n\n<p>Am Mittwoch, dem 22. Mai 2024, gab es f\u00fcr die Ruderklasse eine Rudertour auf dem Vierwaldst\u00e4ttersee von Luzern nach K\u00fcssnacht, geleitet vom KSR-Lehrer Peter Preuschoff, Mitglied des Ruderclubs Reuss, der die Klasse schon von der Woche davor in Potsdam kannte. Durch einen Unterbruch wegen einem heftigen Regenschauer wurde die R\u00fcckreise dann noch recht abenteuerlich, aber auch zu einem besonderen Erlebnis.<\/p>\n\n\n\n<figure class=\"wp-block-image size-large is-style-default\"><img width=\"1024\" height=\"767\" src=\"http:\/\/ksr-lu.ch\/jahresbericht23-24\/wp-content\/uploads\/sites\/199\/2024\/09\/Bild4-1024x767.jpg\" alt=\"\" class=\"wp-image-1908\" srcset=\"https:\/\/ksr-lu.ch\/jahresbericht23-24\/wp-content\/uploads\/sites\/199\/2024\/09\/Bild4-1024x767.jpg 1024w, https:\/\/ksr-lu.ch\/jahresbericht23-24\/wp-content\/uploads\/sites\/199\/2024\/09\/Bild4-300x225.jpg 300w, https:\/\/ksr-lu.ch\/jahresbericht23-24\/wp-content\/uploads\/sites\/199\/2024\/09\/Bild4-768x575.jpg 768w, https:\/\/ksr-lu.ch\/jahresbericht23-24\/wp-content\/uploads\/sites\/199\/2024\/09\/Bild4.jpg 1103w\" sizes=\"(max-width: 1024px) 100vw, 1024px\" \/><figcaption>Regenhalt der Potsdamer Ruderklasse mit KSR-Lehrer Peter Preuschoff<\/figcaption><\/figure>\n\n\n\n<p>Gem\u00fctlicher hatten es da die Potsdamer Trainer und Begleiter. Mit dem Bus reisten sie zusammen mit der Klasse L21b nach K\u00fcssnacht, wo sie durch die Besichtigung der Hohlen Gasse und der Gesslerburg die ber\u00fchmteste der Schweizer Sagen kennen lernen konnten, bevor sich die beiden Schulen noch in einem Minigolf-L\u00e4nderspiel messen konnten, das mit einem ganz knappen, wohl nur dem Heimvorteil geschuldeten Vorsprung der Schweiz endete.<\/p>\n\n\n\n<figure class=\"wp-block-image size-large is-style-default\"><img width=\"1024\" height=\"768\" src=\"http:\/\/ksr-lu.ch\/jahresbericht23-24\/wp-content\/uploads\/sites\/199\/2024\/09\/Bild5-1024x768.jpg\" alt=\"\" class=\"wp-image-1904\" srcset=\"https:\/\/ksr-lu.ch\/jahresbericht23-24\/wp-content\/uploads\/sites\/199\/2024\/09\/Bild5-1024x768.jpg 1024w, https:\/\/ksr-lu.ch\/jahresbericht23-24\/wp-content\/uploads\/sites\/199\/2024\/09\/Bild5-300x225.jpg 300w, https:\/\/ksr-lu.ch\/jahresbericht23-24\/wp-content\/uploads\/sites\/199\/2024\/09\/Bild5-768x576.jpg 768w, https:\/\/ksr-lu.ch\/jahresbericht23-24\/wp-content\/uploads\/sites\/199\/2024\/09\/Bild5.jpg 1384w\" sizes=\"(max-width: 1024px) 100vw, 1024px\" \/><figcaption>Wiederbegegnung der Ruderklasse aus Potsdam mit der KSR-Klasse L21b in K\u00fcssnacht am Rigi<\/figcaption><\/figure>\n\n\n\n<p>Da die beiden Austauschwochen so dicht nacheinander lagen, war es f\u00fcr die Beteiligten eine sehr intensive Zeit, die daf\u00fcr pers\u00f6nliche Begegnungen gut f\u00f6rdern konnte.<\/p>\n\n\n\n<p>Ein besonderer Dank soll an dieser Stelle an die St\u00e4dtepartnerschaftsvereine und die Vertreter\/innen der beiden Schulen und St\u00e4dte gehen, die das Projekt mit F\u00f6rderbeitr\u00e4gen grossz\u00fcgig unterst\u00fctzt und damit erst m\u00f6glich gemacht haben.<\/p>\n<!-- PMB print buttons is only displayed on a single post\/page URLs-->","protected":false},"excerpt":{"rendered":"<p>Christoph SchaufelbergerDeutschlehrer der Klasse L22d, Mitglied des St\u00e4dtepartnerschaftsvereins Luzern-Potsdam Studienwoche L22d in Potsdam vom 12. bis 17. Mai 2024 Im Rahmen der St\u00e4dtepartnerschaft Luzern-Potsdam durfte dieses Jahr vom 12. bis 17. Mai 2024 wieder eine Klasse der Kantonsschule Reussb\u00fchl Luzern im Campus der Sportschule Potsdam zu Gast sein.\u00a0 Dabei lernte sie nicht nur historisch bedeutsame [&hellip;]<\/p>\n","protected":false},"author":218,"featured_media":0,"parent":0,"menu_order":0,"comment_status":"closed","ping_status":"closed","template":"","meta":[],"categories":[],"tags":[],"_links":{"self":[{"href":"https:\/\/ksr-lu.ch\/jahresbericht23-24\/wp-json\/wp\/v2\/pages\/1902"}],"collection":[{"href":"https:\/\/ksr-lu.ch\/jahresbericht23-24\/wp-json\/wp\/v2\/pages"}],"about":[{"href":"https:\/\/ksr-lu.ch\/jahresbericht23-24\/wp-json\/wp\/v2\/types\/page"}],"author":[{"embeddable":true,"href":"https:\/\/ksr-lu.ch\/jahresbericht23-24\/wp-json\/wp\/v2\/users\/218"}],"replies":[{"embeddable":true,"href":"https:\/\/ksr-lu.ch\/jahresbericht23-24\/wp-json\/wp\/v2\/comments?post=1902"}],"version-history":[{"count":4,"href":"https:\/\/ksr-lu.ch\/jahresbericht23-24\/wp-json\/wp\/v2\/pages\/1902\/revisions"}],"predecessor-version":[{"id":1949,"href":"https:\/\/ksr-lu.ch\/jahresbericht23-24\/wp-json\/wp\/v2\/pages\/1902\/revisions\/1949"}],"wp:attachment":[{"href":"https:\/\/ksr-lu.ch\/jahresbericht23-24\/wp-json\/wp\/v2\/media?parent=1902"}],"wp:term":[{"taxonomy":"category","embeddable":true,"href":"https:\/\/ksr-lu.ch\/jahresbericht23-24\/wp-json\/wp\/v2\/categories?post=1902"},{"taxonomy":"post_tag","embeddable":true,"href":"https:\/\/ksr-lu.ch\/jahresbericht23-24\/wp-json\/wp\/v2\/tags?post=1902"}],"curies":[{"name":"wp","href":"https:\/\/api.w.org\/{rel}","templated":true}]}}