{"id":1834,"date":"2024-08-14T16:24:56","date_gmt":"2024-08-14T14:24:56","guid":{"rendered":"https:\/\/ksr-lu.ch\/jahresbericht23-24\/?page_id=1834"},"modified":"2024-08-14T16:24:57","modified_gmt":"2024-08-14T14:24:57","slug":"gute-basis-fuer-weitere-entwicklung","status":"publish","type":"page","link":"https:\/\/ksr-lu.ch\/jahresbericht23-24\/gute-basis-fuer-weitere-entwicklung\/","title":{"rendered":"Gute Basis f\u00fcr weitere Entwicklung"},"content":{"rendered":"\n<div class=\"wp-block-image is-style-default\"><figure class=\"alignright size-large is-resized\"><img src=\"http:\/\/ksr-lu.ch\/jahresbericht23-24\/wp-content\/uploads\/sites\/199\/2023\/09\/Simon-Doerig-portrait16586-e1695385904922-882x1024.jpg\" alt=\"\" class=\"wp-image-1232\" width=\"221\" height=\"256\" srcset=\"https:\/\/ksr-lu.ch\/jahresbericht23-24\/wp-content\/uploads\/sites\/199\/2023\/09\/Simon-Doerig-portrait16586-e1695385904922-882x1024.jpg 882w, https:\/\/ksr-lu.ch\/jahresbericht23-24\/wp-content\/uploads\/sites\/199\/2023\/09\/Simon-Doerig-portrait16586-e1695385904922-259x300.jpg 259w, https:\/\/ksr-lu.ch\/jahresbericht23-24\/wp-content\/uploads\/sites\/199\/2023\/09\/Simon-Doerig-portrait16586-e1695385904922-768x891.jpg 768w, https:\/\/ksr-lu.ch\/jahresbericht23-24\/wp-content\/uploads\/sites\/199\/2023\/09\/Simon-Doerig-portrait16586-e1695385904922.jpg 1097w\" sizes=\"(max-width: 221px) 100vw, 221px\" \/><figcaption>Simon D\u00f6rig<\/figcaption><\/figure><\/div>\n\n\n\n<p>Simon D\u00f6rig<br>Leiter Dienststelle Gymnasialbildung<\/p>\n\n\n\n<p>Der R\u00fcckblick auf das Schuljahr 2023\/24 ist zugleich auch mein letzter R\u00fcckblick. Seit meiner Wahl im August 2020 als Leiter der Dienststelle Gymnasialbildung wurden viele spannende Projekte angestossen und ich durfte erfahren, wie enorm gross das Engagement rund um die Gymnasialbildung im Kanton Luzern ist.<\/p>\n\n\n\n<p>Das vergangene Jahr war nicht nur gepr\u00e4gt von diversen Fortschritten im Bereich der Digitalisierung, sondern auch im Bereich der Berufs-, Studien- und Laufbahnberatung sowie der St\u00e4rkung der Rolle der Klassenlehrpersonen und der psychologischen Beratung f\u00fcr die Sch\u00fclerinnen und Sch\u00fcler vor Ort an den Schulen. Weiter wurde die kantonale Umsetzung der Weiterentwicklung der gymnasialen Maturit\u00e4t mit einer zweistufigen Projektleitung eingeleitet und durch eine breite Vernehmlassung bei allen Schulen, Fachschaften und Lehrpersonen f\u00fcr einen partizipativen Prozess umfassend abgest\u00fctzt.<\/p>\n\n\n\n<p>Im vergangenen Jahr hatte ich auch die Gelegenheit, zusammen mit dem Bildungsdirektor s\u00e4mtliche Kantonsschulen im Kanton Luzern zu besuchen. Dadurch wurde das Verst\u00e4ndnis der Anliegen und Ziele erh\u00f6ht und die Vielfalt der Schulen mit ihren jeweiligen Profilen wurde eindr\u00fccklich sichtbar.<\/p>\n\n\n\n<p>Im R\u00fcckblick auf das vergangene Schuljahr und auf meine Zeit als Leiter der Dienststelle Gymnasialbildung danke ich allen herzlich, die auf irgendeine, vielleicht auf den ersten Blick unscheinbare Weise zum Gelingen der Ausbildung der angehenden Maturandinnen und Maturanden beigetragen haben. Insbesondere danke ich f\u00fcr den unerm\u00fcdlichen Einsatz der Schulleitungen, der Lehrpersonen und allen Mitarbeitenden in der Verwaltung, den Mitgliedern der Schul- und Maturit\u00e4tskommissionen und selbstverst\u00e4ndlich auch den Mitarbeitenden der Dienststelle und in der ganzen Kantonsverwaltung.<\/p>\n\n\n\n<p>Die Kantonsschulen k\u00f6nnen aus einer Position der St\u00e4rke die bevorstehenden M\u00f6glichkeiten rund um die Weiterentwicklung der gymnasialen Maturit\u00e4t angehen. Die einzelnen Schulprofile k\u00f6nnen so weiter gesch\u00e4rft und Chancen der verst\u00e4rkten Zusammenarbeit genutzt werden.<\/p>\n<!-- PMB print buttons is only displayed on a single post\/page URLs-->","protected":false},"excerpt":{"rendered":"<p>Simon D\u00f6rigLeiter Dienststelle Gymnasialbildung Der R\u00fcckblick auf das Schuljahr 2023\/24 ist zugleich auch mein letzter R\u00fcckblick. Seit meiner Wahl im August 2020 als Leiter der Dienststelle Gymnasialbildung wurden viele spannende Projekte angestossen und ich durfte erfahren, wie enorm gross das Engagement rund um die Gymnasialbildung im Kanton Luzern ist. Das vergangene Jahr war nicht nur [&hellip;]<\/p>\n","protected":false},"author":218,"featured_media":0,"parent":0,"menu_order":0,"comment_status":"closed","ping_status":"closed","template":"","meta":[],"categories":[],"tags":[],"_links":{"self":[{"href":"https:\/\/ksr-lu.ch\/jahresbericht23-24\/wp-json\/wp\/v2\/pages\/1834"}],"collection":[{"href":"https:\/\/ksr-lu.ch\/jahresbericht23-24\/wp-json\/wp\/v2\/pages"}],"about":[{"href":"https:\/\/ksr-lu.ch\/jahresbericht23-24\/wp-json\/wp\/v2\/types\/page"}],"author":[{"embeddable":true,"href":"https:\/\/ksr-lu.ch\/jahresbericht23-24\/wp-json\/wp\/v2\/users\/218"}],"replies":[{"embeddable":true,"href":"https:\/\/ksr-lu.ch\/jahresbericht23-24\/wp-json\/wp\/v2\/comments?post=1834"}],"version-history":[{"count":1,"href":"https:\/\/ksr-lu.ch\/jahresbericht23-24\/wp-json\/wp\/v2\/pages\/1834\/revisions"}],"predecessor-version":[{"id":1835,"href":"https:\/\/ksr-lu.ch\/jahresbericht23-24\/wp-json\/wp\/v2\/pages\/1834\/revisions\/1835"}],"wp:attachment":[{"href":"https:\/\/ksr-lu.ch\/jahresbericht23-24\/wp-json\/wp\/v2\/media?parent=1834"}],"wp:term":[{"taxonomy":"category","embeddable":true,"href":"https:\/\/ksr-lu.ch\/jahresbericht23-24\/wp-json\/wp\/v2\/categories?post=1834"},{"taxonomy":"post_tag","embeddable":true,"href":"https:\/\/ksr-lu.ch\/jahresbericht23-24\/wp-json\/wp\/v2\/tags?post=1834"}],"curies":[{"name":"wp","href":"https:\/\/api.w.org\/{rel}","templated":true}]}}