{"id":166,"date":"2023-03-23T11:59:51","date_gmt":"2023-03-23T10:59:51","guid":{"rendered":"https:\/\/ksr-lu.ch\/jahresberichte\/?page_id=166"},"modified":"2024-09-03T14:49:13","modified_gmt":"2024-09-03T12:49:13","slug":"lehrerinnen-und-lehrer","status":"publish","type":"page","link":"https:\/\/ksr-lu.ch\/jahresbericht23-24\/lehrerinnen-und-lehrer\/","title":{"rendered":"Lehrerinnen und Lehrer"},"content":{"rendered":"\n<figure class=\"wp-block-image size-large is-style-default\"><img width=\"1024\" height=\"700\" src=\"http:\/\/ksr-lu.ch\/jahresbericht23-24\/wp-content\/uploads\/sites\/199\/2024\/07\/4-Lehrerinnen-und-Lehrer-1024x700.jpg\" alt=\"\" class=\"wp-image-1471\" srcset=\"https:\/\/ksr-lu.ch\/jahresbericht23-24\/wp-content\/uploads\/sites\/199\/2024\/07\/4-Lehrerinnen-und-Lehrer-1024x700.jpg 1024w, https:\/\/ksr-lu.ch\/jahresbericht23-24\/wp-content\/uploads\/sites\/199\/2024\/07\/4-Lehrerinnen-und-Lehrer-300x205.jpg 300w, https:\/\/ksr-lu.ch\/jahresbericht23-24\/wp-content\/uploads\/sites\/199\/2024\/07\/4-Lehrerinnen-und-Lehrer-768x525.jpg 768w, https:\/\/ksr-lu.ch\/jahresbericht23-24\/wp-content\/uploads\/sites\/199\/2024\/07\/4-Lehrerinnen-und-Lehrer-1536x1050.jpg 1536w, https:\/\/ksr-lu.ch\/jahresbericht23-24\/wp-content\/uploads\/sites\/199\/2024\/07\/4-Lehrerinnen-und-Lehrer.jpg 2048w\" sizes=\"(max-width: 1024px) 100vw, 1024px\" \/><\/figure>\n\n\n\n<figure class=\"wp-block-table\"><table><tbody><tr><td><strong>Abgottspon<\/strong> <strong>Felix<\/strong>, lic. phil.<\/td><td>Franz\u00f6sisch, Englisch<\/td><\/tr><tr><td><strong>Amstutz Jacqueline<\/strong>, lic. phil.<\/td><td>Franz\u00f6sisch<\/td><\/tr><tr><td><strong>Andreacchio Dorsaf<\/strong>, Master in Angewandten Sprachwissenschaften<\/td><td>Franz\u00f6sisch<\/td><\/tr><tr><td><strong>Baur Yvonne<\/strong>, dipl. Turn- und Sportlehrerin II<\/td><td>Geografie, Sport<\/td><\/tr><tr><td><strong>Bayer-Krakvina<\/strong> <strong>Irina<\/strong>, dipl Mathematikerin<strong><\/strong><\/td><td>Mathematik, Physik<\/td><\/tr><tr><td><strong>Berger Cyrille<\/strong>, lic. phil., Prorektor<strong><\/strong><\/td><td>Englisch<\/td><\/tr><tr><td><strong>Biedermann Annina<\/strong>, Master of Arts in Music, Schulmusik II<\/td><td>Musik<\/td><\/tr><tr><td><strong>Bisang<\/strong> <strong>Regula<\/strong>, lic. phil.<\/td><td>Englisch<\/td><\/tr><tr><td><strong>Bollhalder Henauer Edith<\/strong>, dipl. geogr.<\/td><td>Geografie<\/td><\/tr><tr><td><strong>B\u00f6sch<\/strong> <strong>Pascal<\/strong>, lic. phil.<\/td><td>Deutsch, P\u00e4dagogik\/Psychologie<\/td><\/tr><tr><td><strong>Britschgi Jessica<\/strong>, MSc in Physics<strong><\/strong><\/td><td>Physik<\/td><\/tr><tr><td><strong>Bruckert Jean<\/strong>, Licence Arts, Lettres, Langues<\/td><td>Franz\u00f6sisch<\/td><\/tr><tr><td><strong>Br\u00fchwiler Felix<\/strong>, dipl. Musiker<strong><\/strong><\/td><td>E-Gitarre, Band<\/td><\/tr><tr><td><strong>Brunhart Ines<\/strong>, Dr. phil. dipl. Gymnasial- und TEFL-Lehrerin<\/td><td>Deutsch, Interdisziplin\u00e4rer Sprachvergleich<\/td><\/tr><tr><td><strong>B\u00fcrkli Christian<\/strong>, MSc in Chemie ETH<\/td><td>Chemie, Naturwissenschaften &amp; Technik<\/td><\/tr><tr><td><strong>B\u00fcrli Christine, <\/strong>Dr. in Mathematics<\/td><td>Mathematik, Informatik<\/td><\/tr><tr><td><strong>Camenisch Andreas<\/strong>, dipl. Zeichen- und Werklehrer<strong><\/strong><\/td><td>Bildnerische Gestalten, Technisches Werken, Fotografie<\/td><\/tr><tr><td><strong>Charri\u00e8re Michel<\/strong>, lic. phil. I<\/td><td>Geschichte<\/td><\/tr><tr><td><strong>Ch\u00e9del<\/strong> <strong>Maurice<\/strong>, dipl. geogr.<\/td><td>Geografie, Mathematik<\/td><\/tr><tr><td><strong>Christen Kathrin<\/strong>, MA of Arts in Deutscher Sprach- und Literaturwissenschaft<strong><\/strong><\/td><td>Deutsch, Mathematik<\/td><\/tr><tr><td><strong>Colangelo<\/strong> <strong>Gabriela<\/strong>, MSc in Business Administration<\/td><td>Wirtschaft und Recht<\/td><\/tr><tr><td><strong>Cook<\/strong> <strong>David<\/strong>, dipl. zool.<\/td><td>Biologie, Fotografie<\/td><\/tr><tr><td><strong>D&#8217;Agati Sara<\/strong>, MSc in Sport und Hispanistik<\/td><td>Spanisch<\/td><\/tr><tr><td><strong>Dercourt Jonathan<\/strong>, Lehrdiplom Primarstufe<\/td><td>Informatik UG<\/td><\/tr><tr><td><strong>Di Berardino-Bergen<\/strong> <strong>Kathrin<\/strong>, dipl. zool.<\/td><td>Biologie<\/td><\/tr><tr><td><strong>Donth J\u00f6rg<\/strong>, dipl. math. \/ dipl. phys.<\/td><td>Mathematik, Physik<\/td><\/tr><tr><td><strong>D\u00fcnki-Seeberger Denise<\/strong>, lic. phil.<\/td><td>Deutsch<\/td><\/tr><tr><td><strong>Ebbe Helen<\/strong>, MSc ETH in Angewandter Mathematik<\/td><td>Mathematik<\/td><\/tr><tr><td><strong>Eggimann Mark Oliver, <\/strong>MSc in Computer Science EPFL<\/td><td>Informatik<\/td><\/tr><tr><td><strong>Ehrenbold Alena, <\/strong>Master of Economics<\/td><td>Wirtschaft und Recht<\/td><\/tr><tr><td><strong>Eichenberger Reto<\/strong>, MSc in Sport und Geografie, Prorektor<\/td><td>Geografie, Sport<\/td><\/tr><tr><td><strong>Elsener<\/strong> <strong>Markus<\/strong>, Dr. phil.<\/td><td>Spanisch<\/td><\/tr><tr><td><strong>Erzinger-<\/strong><strong>Brun<\/strong> <strong>Martina<\/strong>, lic. phil.<strong><\/strong><\/td><td>Franz\u00f6sisch, Interdisziplin\u00e4rer Sprachvergleich<\/td><\/tr><tr><td><strong>Estermann Bucher<\/strong> <strong>Ursula<\/strong>, dipl. Turn- und Sportlehrerin II<strong><\/strong><\/td><td>Sport<\/td><\/tr><tr><td><strong>Fallegger<\/strong> <strong>Christian<\/strong>, lic. phil.<\/td><td>Geschichte<\/td><\/tr><tr><td><strong>Felder-Eschmann<\/strong> <strong>Katja<\/strong>, dipl. Turn- und Sportlehrerin I<\/td><td>Sport, Tanz<\/td><\/tr><tr><td><strong>Felder<\/strong> <strong>Martin<\/strong>, lic. phil.<\/td><td>Deutsch, Philosophie<\/td><\/tr><tr><td><strong>Fischer<\/strong> <strong>Urs<\/strong>, lic. phil.<\/td><td>Geschichte, Religion<\/td><\/tr><tr><td><strong>G\u00e4rtner<\/strong> <strong>Yves<\/strong>, dipl. math.<\/td><td>Mathematik<\/td><\/tr><tr><td><strong>Gerber Florez Pai<\/strong> <strong>Irene<\/strong>, lic. phil., Prorektorin<\/td><td>Deutsch, Spanisch<\/td><\/tr><tr><td><strong>Gillmann Dieter<\/strong>, dipl. phil. II<\/td><td>Biologie<\/td><\/tr><tr><td><strong>Gnekow<\/strong> <strong>Anne-Christine<\/strong>, lic. phil.<\/td><td>Deutsch, Interdisziplin\u00e4rer Sprachvergleich<\/td><\/tr><tr><td><strong>Haug Michelle<\/strong>, Bachelor in Chemie<\/td><td>Chemie<\/td><\/tr><tr><td><strong>Haxhosaj Leonora<\/strong>,Master of Arts in Deutsch und Englisch<\/td><td>Deutsch<\/td><\/tr><tr><td><strong>Heimann Daniel<\/strong>,Master of Law<\/td><td>Wirtschaft und Recht<\/td><\/tr><tr><td><strong>Heuri Anne<\/strong>, lic. phil.<\/td><td>Deutsch, Interdisziplin\u00e4rer Sprachvergleich<\/td><\/tr><tr><td><strong>Huber<\/strong> <strong>Felix<\/strong>, dipl. Naturwiss. ETH<\/td><td>Mathematik<\/td><\/tr><tr><td><strong>Hug<\/strong> <strong>Sylvana<\/strong>, MSc in Sport mit Biologie<strong><\/strong><\/td><td>Sport<\/td><\/tr><tr><td><strong>Huser<\/strong> <strong>Patrik<\/strong>, MSc in Sport mit Biologie<\/td><td>Sport, Biologie<\/td><\/tr><tr><td><strong>Jedelhauser Ariane<\/strong>, MSc in Geografie<strong><\/strong><\/td><td>Geografie<\/td><\/tr><tr><td><strong>Kehrli<\/strong> <strong>Peter<\/strong>, lic. phil.<\/td><td>Deutsch<\/td><\/tr><tr><td><strong>Keiser-Baumann Regula<\/strong>, Bachelor of Arts in Religionsp\u00e4dagogik<\/td><td>Religion<\/td><\/tr><tr><td><strong>Keller<\/strong> <strong>Yves<\/strong>, lic. phil.<strong><\/strong><\/td><td>Geschichte<\/td><\/tr><tr><td><strong>Kuhn Gabriel<\/strong>, MA of Arts Hochschule Luzern\/FHZ in Fine Arts mit Vertiefung in Art Teaching<\/td><td>Bildnerisches Gestalten, Technisches Werken<\/td><\/tr><tr><td><strong>Lempen Corina<\/strong>, dipl. Zeichenlehrerin HKB<strong><\/strong><\/td><td>Bildnerisches Gestalten<\/td><\/tr><tr><td><strong>Lietz<\/strong> <strong>Fabian<\/strong>, lic. phil.<strong><\/strong><\/td><td>Englisch<\/td><\/tr><tr><td><strong>Liniger Timoth\u00e9e<\/strong>, MSc in Geography<\/td><td>Geografie, Informatik<\/td><\/tr><tr><td><strong>Moser Andrea<\/strong>, MSc in Ecology and Evolution<strong><\/strong><\/td><td>Biologie<\/td><\/tr><tr><td><strong>M\u00fcller Judith, <\/strong>Lehr- und Konzertdiplom Violine MHS<\/td><td>Ensemble<\/td><\/tr><tr><td><strong>Nater Eliane, <\/strong>lic. phil.<strong><\/strong><\/td><td>Deutsch<\/td><\/tr><tr><td><strong>Niederberger<\/strong> <strong>Nicole<\/strong>, dipl. Zeichen- und Werklehrerin<\/td><td>Bildnerisches Gestalten, Technisches Werken<\/td><\/tr><tr><td><strong>Nocco<\/strong> <strong>Sergio<\/strong>, lic. phil.<strong><\/strong><\/td><td>Franz\u00f6sisch, Italienisch<\/td><\/tr><tr><td><strong>Notter Patrick<\/strong>, MA of Arts Hochschule Luzern\/FHZ in Musikp\u00e4dagogik<strong><\/strong><\/td><td>Musik<\/td><\/tr><tr><td><strong>Paravicini Bagliani Maria Chiara<\/strong>, MA of Arts in Franz\u00f6sisch und Italienisch<\/td><td>Franz\u00f6sisch<\/td><\/tr><tr><td><strong>Peter<\/strong> <strong>J\u00fcrg<\/strong>, dipl. Turn- und Sportlehrer II, Lehrdiplom MA Sek. I<strong><\/strong><\/td><td>Sport, Mathematik<\/td><\/tr><tr><td><strong>Pletzer Rudolf<\/strong>, Dr. der Chemie<\/td><td>Chemie<\/td><\/tr><tr><td><strong>Preuschoff Peter<\/strong>, dipl. Umwelt-Natw. ETH<\/td><td>Physik, Naturwissenschaften &amp; Technik<\/td><\/tr><tr><td><strong>Reichmuth<\/strong> <strong>Roland<\/strong>, lic. phil.<\/td><td>Mathematik, Philosophie<\/td><\/tr><tr><td><strong>Reimer Christoph<\/strong>, xxx<\/td><td>Chemie<\/td><\/tr><tr><td><strong>Rentsch<\/strong> <strong>J\u00f6rg<\/strong>, lic. phil.<strong><\/strong><\/td><td>Geografie<\/td><\/tr><tr><td><strong>Rey<\/strong> <strong>Sara<\/strong>, MA of Arts in Soziologie<\/td><td>Religion<\/td><\/tr><tr><td><strong>Rohrer<\/strong> <strong>Martin<\/strong>, lic. phil.<strong><\/strong><\/td><td>Englisch<\/td><\/tr><tr><td><strong>Schaufelberger Christoph<\/strong>, lic. phil.<\/td><td>Deutsch, Philosophie<\/td><\/tr><tr><td><strong>Schneider Ladina<\/strong>, MA of Arts in Englisch und Geschichte<\/td><td>Englisch<\/td><\/tr><tr><td><strong>Sch\u00f6b<\/strong> <strong>Hotz<\/strong> <strong>Regula<\/strong>, lic. phil.<strong><\/strong><\/td><td>Franz\u00f6sisch<\/td><\/tr><tr><td><strong>Sch\u00fcssler<\/strong> <strong>Heidrun<\/strong>, Studiendirektorin<strong><\/strong><\/td><td>Chemie<\/td><\/tr><tr><td><strong>Seitz Daniel<\/strong>, MSc in Sport und Biologie<\/td><td>Sport<\/td><\/tr><tr><td><strong>Sies Patricia, <\/strong>MSc Sport und Physik<strong><\/strong><\/td><td>Physik, Sport<\/td><\/tr><tr><td><strong>Stuber Zwimpfer<\/strong> <strong>Christine<\/strong>, lic. phil.<strong><\/strong><\/td><td>Geschichte, Latein<\/td><\/tr><tr><td><strong>Stucki Rolf<\/strong>, Lehrer Schulmusik, Musiker FH<strong><\/strong><\/td><td>Musik, Chor<\/td><\/tr><tr><td><strong>Viehweger Thomas<\/strong>, MA of Advanced Studies ZFH in erw. Musikp\u00e4dagogik<strong><\/strong><\/td><td>Perkussion<\/td><\/tr><tr><td><strong>von D\u00e4niken<\/strong> <strong>Elisabeth<\/strong>, dipl. Hauswirtschaftslehrerin<\/td><td>Hauswirtschaft<\/td><\/tr><tr><td><strong>von der Geest<\/strong> <strong>Simone<\/strong>, Dr. of Philosophy<\/td><td>Deutsch, Deutsch als Zweitsprache, Geschichte<\/td><\/tr><tr><td><strong>von Wartburg<\/strong> <strong>Marc<\/strong>, dipl. Turn- und Sportlehrer II<\/td><td>Sport<\/td><\/tr><tr><td><strong>Waterb\u00e4r<\/strong> <strong>Claudia<\/strong>, lic. phil.<strong><\/strong><\/td><td>Englisch<\/td><\/tr><tr><td><strong>Weber Landolt<\/strong> <strong>Susanna<\/strong>, Dr. phil. II<strong><\/strong><\/td><td>Biologie<\/td><\/tr><tr><td><strong>Wegmann Anja<\/strong>, lic. phil., MAS in Theaterp\u00e4dagogik<strong><\/strong><\/td><td>Deutsch<\/td><\/tr><tr><td><strong>Wettstein Katja<\/strong>, xxx<\/td><td>Bildnerisches Gestalten<\/td><\/tr><tr><td><strong>Wiederkehr<\/strong> <strong>Regula<\/strong>, dipl. Turn- und Sportlehrerin II, Fachlehrerin Mathematik<strong><\/strong><\/td><td>Mathematik, Sport<\/td><\/tr><tr><td><strong>Winiger<\/strong> <strong>Livia<\/strong>, dipl. Zeichen- und Werklehrerin<\/td><td>Bildnerisches Gestalten, Technisches Werken<\/td><\/tr><tr><td><strong>Zurm\u00fchle Daniel<\/strong>, MSc in Mathematik ETH<\/td><td>Informatik,Mathematik<\/td><\/tr><tr><td><strong>Zurm\u00fchle<\/strong> <strong>Karin<\/strong>, mag. rer. pol.<\/td><td>Wirtschaft und Recht<\/td><\/tr><\/tbody><\/table><\/figure>\n<!-- PMB print buttons is only displayed on a single post\/page URLs-->","protected":false},"excerpt":{"rendered":"<p>Abgottspon Felix, lic. phil. Franz\u00f6sisch, Englisch Amstutz Jacqueline, lic. phil. Franz\u00f6sisch Andreacchio Dorsaf, Master in Angewandten Sprachwissenschaften Franz\u00f6sisch Baur Yvonne, dipl. Turn- und Sportlehrerin II Geografie, Sport Bayer-Krakvina Irina, dipl Mathematikerin Mathematik, Physik Berger Cyrille, lic. phil., Prorektor Englisch Biedermann Annina, Master of Arts in Music, Schulmusik II Musik Bisang Regula, lic. phil. Englisch Bollhalder [&hellip;]<\/p>\n","protected":false},"author":218,"featured_media":0,"parent":0,"menu_order":0,"comment_status":"closed","ping_status":"closed","template":"","meta":[],"categories":[12],"tags":[],"_links":{"self":[{"href":"https:\/\/ksr-lu.ch\/jahresbericht23-24\/wp-json\/wp\/v2\/pages\/166"}],"collection":[{"href":"https:\/\/ksr-lu.ch\/jahresbericht23-24\/wp-json\/wp\/v2\/pages"}],"about":[{"href":"https:\/\/ksr-lu.ch\/jahresbericht23-24\/wp-json\/wp\/v2\/types\/page"}],"author":[{"embeddable":true,"href":"https:\/\/ksr-lu.ch\/jahresbericht23-24\/wp-json\/wp\/v2\/users\/218"}],"replies":[{"embeddable":true,"href":"https:\/\/ksr-lu.ch\/jahresbericht23-24\/wp-json\/wp\/v2\/comments?post=166"}],"version-history":[{"count":12,"href":"https:\/\/ksr-lu.ch\/jahresbericht23-24\/wp-json\/wp\/v2\/pages\/166\/revisions"}],"predecessor-version":[{"id":1878,"href":"https:\/\/ksr-lu.ch\/jahresbericht23-24\/wp-json\/wp\/v2\/pages\/166\/revisions\/1878"}],"wp:attachment":[{"href":"https:\/\/ksr-lu.ch\/jahresbericht23-24\/wp-json\/wp\/v2\/media?parent=166"}],"wp:term":[{"taxonomy":"category","embeddable":true,"href":"https:\/\/ksr-lu.ch\/jahresbericht23-24\/wp-json\/wp\/v2\/categories?post=166"},{"taxonomy":"post_tag","embeddable":true,"href":"https:\/\/ksr-lu.ch\/jahresbericht23-24\/wp-json\/wp\/v2\/tags?post=166"}],"curies":[{"name":"wp","href":"https:\/\/api.w.org\/{rel}","templated":true}]}}