{"id":164,"date":"2023-03-23T11:59:21","date_gmt":"2023-03-23T10:59:21","guid":{"rendered":"https:\/\/ksr-lu.ch\/jahresberichte\/?page_id=164"},"modified":"2024-09-03T11:38:07","modified_gmt":"2024-09-03T09:38:07","slug":"exkursionen-und-projekttage","status":"publish","type":"page","link":"https:\/\/ksr-lu.ch\/jahresbericht23-24\/exkursionen-und-projekttage\/","title":{"rendered":"Exkursionen und Projekttage"},"content":{"rendered":"\n<p class=\"has-vivid-red-color has-text-color\"><strong>Bildnerisches Gestalten<\/strong><\/p>\n\n\n\n<figure class=\"wp-block-table is-style-stripes\"><table class=\"has-fixed-layout\"><tbody><tr><td>L21c, L21d, K21a, K21b<\/td><td>Basel<\/td><td>L. Winiger, A. Camenisch<\/td><td>Kunstmuseum: Matisse, Derrain und ihre Freunde<br>Schaulager M\u00fcnchenstein: Out of the box<\/td><\/tr><tr><td>L23b, K23b<\/td><td>Luzern, Kunstmuseum<\/td><td>L. Winiger<\/td><td>Ausstellungsbesuch &#8222;ABC der Bilder&#8220;<\/td><\/tr><tr><td>U23a<\/td><td>Luzern, Historisches Museum<\/td><td>N. Niederberger<\/td><td>Ausstellungsbesuch &#8222;Wahrheit&#8220;<\/td><\/tr><\/tbody><\/table><\/figure>\n\n\n\n<p><strong><span class=\"has-inline-color has-vivid-red-color\">Schwerpunktfach Bildnerisches Gestalten <\/span><\/strong><\/p>\n\n\n\n<figure class=\"wp-block-table is-style-stripes\"><table class=\"has-fixed-layout\"><tbody><tr><td>L20b<\/td><td>Bern, Kunstmuseum<\/td><td>A. Camenisch<\/td><td>Ausstellungsbesuch von Markus Raetz<\/td><\/tr><tr><td>L20b<\/td><td>Luzern<\/td><td>A. Camenisch<\/td><td>Fumetto Festival <\/td><\/tr><\/tbody><\/table><\/figure>\n\n\n\n<p><strong><span class=\"has-inline-color has-vivid-red-color\">Erg\u00e4nzungsfach <\/span><\/strong>B<strong><span class=\"has-inline-color has-vivid-red-color\">ildnerisches Gestalten <\/span><\/strong><\/p>\n\n\n\n<figure class=\"wp-block-table is-style-stripes\"><table class=\"has-fixed-layout\"><tbody><tr><td>EBG<\/td><td>Basel, Beyeler Museum<br>M\u00fcnchenstein Schaulager<\/td><td>L. Winiger, A. Camenisch<\/td><td>Museumsbesuche<\/td><\/tr><\/tbody><\/table><\/figure>\n\n\n\n<p><\/p>\n\n\n\n<p class=\"has-vivid-red-color has-text-color\"><strong>Biologie<\/strong><\/p>\n\n\n\n<figure class=\"wp-block-table is-style-stripes\"><table class=\"has-fixed-layout\"><tbody><tr><td>L22c, K22b<\/td><td>Horw, Hochschule Luzern<\/td><td>K. Di Berardino<\/td><td>Jugendsummit \u00abStep into action2\u00bb<\/td><\/tr><tr><td>L22b, L22d<\/td><td>Lausanne, Aquatis<\/td><td>A. Moser, D. Cook<\/td><td>Gew\u00e4sser\u00f6kologie\/\u00d6kosysteme<\/td><\/tr><\/tbody><\/table><\/figure>\n\n\n\n<p><\/p>\n\n\n\n<p class=\"has-vivid-red-color has-text-color\"><strong>Schwerpunktfach Biologie &amp; Chemie<\/strong><\/p>\n\n\n\n<figure class=\"wp-block-table is-style-stripes\"><table class=\"has-fixed-layout\"><tbody><tr><td>L22c, L22e, K22a, K22b<\/td><td>G\u00f6sgen, AKW<\/td><td>C. Reimer, S. Weber, D. Cook<\/td><td>Funktionsweise eines Kernkraftwerks<\/td><\/tr><tr><td>L22d<\/td><td>G\u00f6sgen, AKW<\/td><td>C. B\u00fcrkli, C. Schaufelberger<\/td><td>Besichtigung AKW G\u00f6sgen&nbsp;<\/td><\/tr><\/tbody><\/table><\/figure>\n\n\n\n<p><\/p>\n\n\n\n<p class=\"has-vivid-red-color has-text-color\"><strong>Erg\u00e4nzungsfach Chemie<\/strong><\/p>\n\n\n\n<figure class=\"wp-block-table is-style-stripes\"><table class=\"has-fixed-layout\"><tbody><tr><td>ECH 6. Klassen&nbsp;<\/td><td>Luzern, KSR<\/td><td>H. Sch\u00fcssler, R. Pletzer<\/td><td>Bierbrauen<\/td><\/tr><tr><td>ECH 6. Klassen&nbsp;<\/td><td>Z\u00fcrich, ETH Z\u00fcrich<\/td><td>R. Pletzer, H. Sch\u00fcssler<\/td><td>Medikamentenentwicklung mit AI<\/td><\/tr><\/tbody><\/table><\/figure>\n\n\n\n<p><\/p>\n\n\n\n<p class=\"has-vivid-red-color has-text-color\"><strong>Deutsch<\/strong><\/p>\n\n\n\n<figure class=\"wp-block-table is-style-stripes\"><table class=\"has-fixed-layout\"><tbody><tr><td>L20a, L20e<\/td><td>Sursee, Theater<\/td><td>P. B\u00f6sch<\/td><td>Faust<\/td><\/tr><tr><td>U22b<\/td><td>Luzern, Historisches Museum <\/td><td>I. Brunhart<\/td><td>Ausstellungsbesuch &#8222;Sagenhafter Alpenraum&#8220;<\/td><\/tr><tr><td>L23d, L22c, K21b<\/td><td>Luzern, Kino Bourbaki<\/td><td>A. Heuri, C. Waterb\u00e4r, K. Di Berardino, I. Brunhart<\/td><td>Kinobesuch &#8222;Oppenheimer&#8220;<\/td><\/tr><tr><td>U22a<\/td><td>Bern, Kommunikationsmuseum<\/td><td>A. Heuri<\/td><td>Besuch Kommunikationsmuseum im Zusammenhang mit ISV<\/td><\/tr><tr><td>K23b, L21b, L21c, K21a, L20b, L20c<\/td><td>Luzern, Theater<\/td><td>E. Nater, I. Gerber, C. Schaufelberger, M. Felder<\/td><td>Theaterbesuch &#8222;Die Leiden des jungen Werther&#8220;<\/td><\/tr><tr><td>K23a<\/td><td>Sursee, Theater<\/td><td>I. Brunhart, E.. Bollhalder<\/td><td>Theaterbesuch &#8222;Andorra&#8220;<\/td><\/tr><tr><td>U22f<\/td><td>Basel, Theater<\/td><td>P. B\u00f6sch, M. Ch\u00e9del<\/td><td>Theaterbesuch &#8222;Die schwarzen Br\u00fcder&#8220;<\/td><\/tr><tr><td>U22c, U22e<\/td><td>Luzern, Innenstadt<\/td><td>D. D\u00fcnki<\/td><td>Recherche f\u00fcr Reportage in Luzern<\/td><\/tr><tr><td>K21b<\/td><td>Luzern, Wagner Museum<\/td><td>I. Brunhart<\/td><td>Workshop zur Rock-Oper &#8222;Siegfried!&#8220;<\/td><\/tr><tr><td>K21b<\/td><td>Luzern, Theater<\/td><td>I. Brunhart<\/td><td>Besuch der Rock-Oper &#8222;Siegfried!&#8220;<\/td><\/tr><tr><td>K23a<\/td><td>Luzern, KSR<\/td><td>I. Brunhart<\/td><td>Besuch Schulauff\u00fchrung &#8222;Sommernachtstraum&#8220;<\/td><\/tr><tr><td>L23a, L23b, L23e, K23b<\/td><td>Einsiedeln, Klosterplatz<\/td><td>A. Gnekow, E. Nater, K. Christen<\/td><td>Besuch Welttheater <\/td><\/tr><tr><td>U22b<\/td><td>Z\u00fcrich, Stadt und Landesmuseum<\/td><td>S. von der Geest<\/td><td>Vom Staatenbund zum Bundesstaat<\/td><\/tr><tr><td>K22a<\/td><td>Luzern<\/td><td>P. Kehrli<\/td><td>Barbie-Film<\/td><\/tr><tr><td>L21b<\/td><td>R\u00fctli, Schwurplatz<\/td><td>C. Schaufelberger, M. Erzinger<\/td><td>Thema: &#8222;Wilhelm Tell und Mythen der Schweiz&#8220; mit Potsdamer Ruder-Gastklasse<\/td><\/tr><\/tbody><\/table><\/figure>\n\n\n\n<p><\/p>\n\n\n\n<p class=\"has-vivid-red-color has-text-color\"><strong>Franz\u00f6sisch<\/strong><\/p>\n\n\n\n<figure class=\"wp-block-table is-style-stripes\"><table class=\"has-fixed-layout\"><tbody><tr><td>K21b<\/td><td>Luzern, Bourbaki<\/td><td>J. Bruckert<\/td><td>Film &#8222;La Voie Royale&#8220; von Fr\u00e9d\u00e9ric Memoud und Austausch mit Regisseur<\/td><\/tr><tr><td>K22a<\/td><td>Luzern, KSR<\/td><td>S. Sch\u00f6b<\/td><td>Le Tour de Gaule d&#8217;Ast\u00e9rix<\/td><\/tr><tr><td>L21b<\/td><td>Neuch\u00e2tel, Stadt und Universit\u00e4t Lat\u00e9nium<\/td><td>M. Erzinger, C. Fallegger<\/td><td>Exkursion Neuch\u00e2tel<\/td><\/tr><tr><td>L23c, K23a, K23b<\/td><td>Sion, Coll\u00e8ge les Creusets<\/td><td>F. Abgottspon, E. Ringhausen, J. Bruckert, D. Andreacchio<\/td><td>Begegnung und Austausch mit drei Klassen des LCC<\/td><\/tr><tr><td>L23c, K23a, K23b<\/td><td>Luzern, Stadt und KSR<\/td><td>F. Abgottspon, J. Bruckert<\/td><td>Gegenbesuch von zwei Klassen des LCC<\/td><\/tr><\/tbody><\/table><\/figure>\n\n\n\n<p><strong><span class=\"has-inline-color has-vivid-red-color\">Englisch<\/span><\/strong><\/p>\n\n\n\n<figure class=\"wp-block-table is-style-stripes\"><table class=\"has-fixed-layout\"><tbody><tr><td>K22a<\/td><td>Luzern, KSR<\/td><td>L. Schneider<\/td><td>Blues-Workshop mit Art Tripaldi<\/td><\/tr><\/tbody><\/table><\/figure>\n\n\n\n<p><\/p>\n\n\n\n<p class=\"has-vivid-red-color has-text-color\"><strong>Geografie<\/strong><\/p>\n\n\n\n<figure class=\"wp-block-table is-style-stripes\"><table class=\"has-fixed-layout\"><tbody><tr><td>K23a<\/td><td>Horw, Technikum<\/td><td>E. Bollhalder<\/td><td>Step into action: Auseinandersetzung mit sich selbst und mit unserer Welt<\/td><\/tr><tr><td>U22a, U22c<\/td><td>Luzern<\/td><td>E. Bollhalder<\/td><td>Spuren von Gletschern und Fl\u00fcssen, Geografisches am Wegrand<\/td><\/tr><tr><td>L22a<\/td><td>Luzern, Marianischer Saal<\/td><td>E. Bollhalder, S. von der Geest<\/td><td>Kantonale Podiumsveranstaltung: &#8222;Unterwegs zu netto null&#8220;<\/td><\/tr><tr><td>U23e<\/td><td>Luzern, Verkehrshaus<\/td><td>T. Liniger<\/td><td>Die Erde als Himmelsk\u00f6rper<\/td><\/tr><tr><td>L22e, L22d<\/td><td>Luzern, Umgebung Kreuzstutz bis historisches Museum<\/td><td>Y. Baur<\/td><td>Untergrundgang Disparit\u00e4ten<\/td><\/tr><tr><td>U23b<\/td><td>S\u00f6renberg, Schrattenfluh<\/td><td>Y. Baur<\/td><td>Karst &#8211; Erosionsforen<\/td><\/tr><\/tbody><\/table><\/figure>\n\n\n\n<p><strong><span class=\"has-inline-color has-vivid-red-color\">Erg\u00e4nzungsfach Geografie <\/span><\/strong><\/p>\n\n\n\n<figure class=\"wp-block-table is-style-stripes\"><table class=\"has-fixed-layout\"><tbody><tr><td>EGG <\/td><td>Luzern, Stadt<\/td><td>E. Bollhalder, T. Liniger<\/td><td>Stadtgeografie <\/td><\/tr><tr><td>EGG<\/td><td>Riederalp<\/td><td>E. Bollhalder, T. Liniger<\/td><td>Alpenexkursion Aletsch<\/td><\/tr><\/tbody><\/table><\/figure>\n\n\n\n<p><\/p>\n\n\n\n<p class=\"has-vivid-red-color has-text-color\"><strong>Geschichte<\/strong><\/p>\n\n\n\n<figure class=\"wp-block-table is-style-stripes\"><table class=\"has-fixed-layout\"><tbody><tr><td>U22b<\/td><td>Z\u00fcrich, Landesmuseum<\/td><td>S. von der Geest, F. Lietz<\/td><td>Mittelalter \/ Migration<\/td><\/tr><tr><td>L23a, L23c<\/td><td>Z\u00fcrich, Landesmuseum<\/td><td>M. Charri\u00e8re, S. Rey<\/td><td>&#8222;begehrt &#8211; umsorgt &#8211; gemartert: K\u00f6rper im Mittelalter&#8220;<\/td><\/tr><tr><td>U22e<\/td><td>Schwyz, forum Schweizer Geschichte<\/td><td>C. Fallegger, D. D\u00fcnki<\/td><td>Schweizer Geschichte und Kinderarbeit<\/td><\/tr><\/tbody><\/table><\/figure>\n\n\n\n<p><\/p>\n\n\n\n<p class=\"has-vivid-red-color has-text-color\"><strong>Klassenstunde<\/strong><\/p>\n\n\n\n<figure class=\"wp-block-table is-style-stripes\"><table class=\"has-fixed-layout\"><tbody><tr><td>U22a, U22c, U22d, U22e, L23b<\/td><td>Luzern, Messe<\/td><td>N. Niederberger, G. Colangelo, J. Amstutz, M. Ch\u00e9del, P. Huser, A. Gnekow<\/td><td>Besuch ZEBI<\/td><\/tr><tr><td>K23b<\/td><td>Reussb\u00fchl, Alterszentrum Staffelhof<\/td><td>E. Nater<\/td><td>Leitbildprojekt: Spielnachmittag im Alterszentrum<\/td><\/tr><tr><td>L21d<\/td><td>Emmenbr\u00fccke, Bowlingcenter<\/td><td>H. Sch\u00fcssler<\/td><td>Klassenevent zur St\u00e4rkung der Gemeinschaft<\/td><\/tr><\/tbody><\/table><\/figure>\n\n\n\n<p><\/p>\n\n\n\n<p class=\"has-vivid-red-color has-text-color\"><strong>Naturwissenschaften &amp; Technik<\/strong><\/p>\n\n\n\n<figure class=\"wp-block-table is-style-stripes\"><table class=\"has-fixed-layout\"><tbody><tr><td>U22e, U22f<\/td><td>Emmen, CKW Rathausen<\/td><td>C. B\u00fcrkli<\/td><td>Elektrizit\u00e4tslehre<\/td><\/tr><tr><td>L23c, L23d<\/td><td>Emmen, CKW Rathausen<\/td><td>D. Seitz\u00a0<\/td><td>Energiewende im Bereich Elektrizit\u00e4t<\/td><\/tr><\/tbody><\/table><\/figure>\n\n\n\n<p><\/p>\n\n\n\n<p class=\"has-vivid-red-color has-text-color\"><strong>Schwerpunktfach Spanisch<\/strong><\/p>\n\n\n\n<figure class=\"wp-block-table is-style-stripes\"><table class=\"has-fixed-layout\"><tbody><tr><td>SES 3. Klassen<\/td><td>Luzern, KSR<\/td><td>S. D&#8217;Agati<\/td><td>S\u00fcdamerikanische K\u00fcche &#8211; Kochen im SF Spanisch<\/td><\/tr><tr><td>SES 4. Klassen&nbsp;<\/td><td>Schwyz Rigi, Luzern KSR<\/td><td>I. Gerber<\/td><td>Exkursion Rigi und Schweizer Br\u00e4uche mit Austauschsch\u00fcler\/innen aus Madrid<\/td><\/tr><tr><td>SES 4.\/5. Klassen<\/td><td>Luzern, KSR<\/td><td>I. Gerber, M. Elsener<\/td><td>Migration<\/td><\/tr><tr><td>SES 5.\/6. Klassen<\/td><td>Luzern, KSR<\/td><td>M. Elsener<\/td><td>Projekttag Don Quijote<\/td><\/tr><tr><td>SES 6. Klassen<\/td><td>Luzern, KSR<\/td><td>M. Elsener<\/td><td>Cocina navide\u00f1a<\/td><\/tr><\/tbody><\/table><\/figure>\n\n\n\n<p><strong><span class=\"has-inline-color has-vivid-red-color\">Schwerpunktfach <\/span><\/strong><span class=\"has-inline-color has-vivid-red-color\"><b>Physik <\/b><\/span><\/p>\n\n\n\n<figure class=\"wp-block-table is-style-stripes\"><table class=\"has-fixed-layout\"><tbody><tr><td>L20e<\/td><td>Emmen, CKW Rathausen<\/td><td>J. Donth<\/td><td>Besichtigung CKW Zentrale Rathausen<\/td><\/tr><\/tbody><\/table><\/figure>\n\n\n\n<p><strong><span class=\"has-inline-color has-vivid-red-color\">Schwerpunktfach Physik u. Anwendung der Mathematik <\/span><\/strong><\/p>\n\n\n\n<figure class=\"wp-block-table is-style-stripes\"><table class=\"has-fixed-layout\"><tbody><tr><td>L20c, L20d<\/td><td>Villigen, PSI<\/td><td>J. Britschgi, Y. G\u00e4rtner<\/td><td>PSI<\/td><\/tr><tr><td>L22c, L22d, K22b<\/td><td>Luzern, Verkehrshaus<\/td><td>P. Sies<\/td><td>Physik Symbosium zur Vakuumstechnik<\/td><\/tr><\/tbody><\/table><\/figure>\n\n\n\n<p><strong><span class=\"has-inline-color has-vivid-red-color\">Schwerpunktfach Wirtschaft und Recht <\/span><\/strong><\/p>\n\n\n\n<figure class=\"wp-block-table is-style-stripes\"><table class=\"has-fixed-layout\"><tbody><tr><td>L20b, L20e<\/td><td>Luzern, KSR<\/td><td>K. Zurm\u00fchle, G. Colangelo<\/td><td>Gespr\u00e4ch mit einem Bezirksrichter<\/td><\/tr><tr><td>L22\u00e2, L22e, K22a<\/td><td>Dierikon, MIGROS<\/td><td>G. Colangelo, K. Zurm\u00fchle<\/td><td>Produktionsprozess eines Produktionsbetriebes<\/td><\/tr><\/tbody><\/table><\/figure>\n\n\n\n<p><\/p>\n<!-- PMB print buttons is only displayed on a single post\/page URLs-->","protected":false},"excerpt":{"rendered":"<p>Bildnerisches Gestalten L21c, L21d, K21a, K21b Basel L. Winiger, A. Camenisch Kunstmuseum: Matisse, Derrain und ihre FreundeSchaulager M\u00fcnchenstein: Out of the box L23b, K23b Luzern, Kunstmuseum L. Winiger Ausstellungsbesuch &#8222;ABC der Bilder&#8220; U23a Luzern, Historisches Museum N. Niederberger Ausstellungsbesuch &#8222;Wahrheit&#8220; Schwerpunktfach Bildnerisches Gestalten L20b Bern, Kunstmuseum A. Camenisch Ausstellungsbesuch von Markus Raetz L20b Luzern A. [&hellip;]<\/p>\n","protected":false},"author":218,"featured_media":0,"parent":0,"menu_order":0,"comment_status":"closed","ping_status":"closed","template":"","meta":[],"categories":[12],"tags":[],"_links":{"self":[{"href":"https:\/\/ksr-lu.ch\/jahresbericht23-24\/wp-json\/wp\/v2\/pages\/164"}],"collection":[{"href":"https:\/\/ksr-lu.ch\/jahresbericht23-24\/wp-json\/wp\/v2\/pages"}],"about":[{"href":"https:\/\/ksr-lu.ch\/jahresbericht23-24\/wp-json\/wp\/v2\/types\/page"}],"author":[{"embeddable":true,"href":"https:\/\/ksr-lu.ch\/jahresbericht23-24\/wp-json\/wp\/v2\/users\/218"}],"replies":[{"embeddable":true,"href":"https:\/\/ksr-lu.ch\/jahresbericht23-24\/wp-json\/wp\/v2\/comments?post=164"}],"version-history":[{"count":12,"href":"https:\/\/ksr-lu.ch\/jahresbericht23-24\/wp-json\/wp\/v2\/pages\/164\/revisions"}],"predecessor-version":[{"id":1870,"href":"https:\/\/ksr-lu.ch\/jahresbericht23-24\/wp-json\/wp\/v2\/pages\/164\/revisions\/1870"}],"wp:attachment":[{"href":"https:\/\/ksr-lu.ch\/jahresbericht23-24\/wp-json\/wp\/v2\/media?parent=164"}],"wp:term":[{"taxonomy":"category","embeddable":true,"href":"https:\/\/ksr-lu.ch\/jahresbericht23-24\/wp-json\/wp\/v2\/categories?post=164"},{"taxonomy":"post_tag","embeddable":true,"href":"https:\/\/ksr-lu.ch\/jahresbericht23-24\/wp-json\/wp\/v2\/tags?post=164"}],"curies":[{"name":"wp","href":"https:\/\/api.w.org\/{rel}","templated":true}]}}