{"id":1639,"date":"2024-08-08T11:31:29","date_gmt":"2024-08-08T09:31:29","guid":{"rendered":"https:\/\/ksr-lu.ch\/jahresbericht23-24\/?page_id=1639"},"modified":"2024-08-13T13:24:06","modified_gmt":"2024-08-13T11:24:06","slug":"ergaenzungsfach-geografie-auf-feldarbeit-an-fliessgewaessern","status":"publish","type":"page","link":"https:\/\/ksr-lu.ch\/jahresbericht23-24\/ergaenzungsfach-geografie-auf-feldarbeit-an-fliessgewaessern\/","title":{"rendered":"Erg\u00e4nzungsfach Geografie auf Feldarbeit an Fliessgew\u00e4ssern"},"content":{"rendered":"\n<div class=\"wp-block-image is-style-default\"><figure class=\"alignright size-large is-resized\"><img src=\"http:\/\/ksr-lu.ch\/jahresbericht23-24\/wp-content\/uploads\/sites\/199\/2024\/08\/Bild-1-576x1024.jpeg\" alt=\"\" class=\"wp-image-1830\" width=\"288\" height=\"512\" srcset=\"https:\/\/ksr-lu.ch\/jahresbericht23-24\/wp-content\/uploads\/sites\/199\/2024\/08\/Bild-1-576x1024.jpeg 576w, https:\/\/ksr-lu.ch\/jahresbericht23-24\/wp-content\/uploads\/sites\/199\/2024\/08\/Bild-1-169x300.jpeg 169w, https:\/\/ksr-lu.ch\/jahresbericht23-24\/wp-content\/uploads\/sites\/199\/2024\/08\/Bild-1-768x1365.jpeg 768w, https:\/\/ksr-lu.ch\/jahresbericht23-24\/wp-content\/uploads\/sites\/199\/2024\/08\/Bild-1-864x1536.jpeg 864w, https:\/\/ksr-lu.ch\/jahresbericht23-24\/wp-content\/uploads\/sites\/199\/2024\/08\/Bild-1.jpeg 1152w\" sizes=\"(max-width: 288px) 100vw, 288px\" \/><figcaption>Der R\u00e4nggbach ist am Messstandort in einem k\u00fcnstlichen Gerinne gef\u00fchrt.<\/figcaption><\/figure><\/div>\n\n\n\n<p>Ariane Jedelhauser, Timy Liniger<br>Lehrpersonen f\u00fcr Geografie<\/p>\n\n\n\n<p>Ausger\u00fcstet mit Messger\u00e4ten und Probenahmeflaschen untersuchten die Sch\u00fcler\/innen des Erg\u00e4nzungsfachs Geografie die Fliessgew\u00e4sser Blattenbach, R\u00e4nggbach, R\u00fcmlig, Krienbach und W\u00fcrzenbach auf deren Wasserqualit\u00e4t. Sie sammelten so Erfahrungen in der Planung und Durchf\u00fchrung von Feldarbeit sowie der Analyse und Interpretation von eigens erhobenen Daten. Die f\u00fcnf Fliessgew\u00e4sser befinden sich alle in der n\u00e4heren Umgebung der KSR und unterscheiden sich in Form, Wassermenge und Einzugsgebiet stark voneinander.<\/p>\n\n\n\n<p>Die Erg\u00e4nzungsfachklasse war in Gruppen selbst\u00e4ndig an den Fliessgew\u00e4ssern unterwegs. Ein bisschen ins kalte Wasser wurden die Sch\u00fcler\/innen bei ihrer ersten Messung im M\u00e4rz 2024 geworfen. Nicht, dass sie im Fluss baden mussten, aber es regnete just zum Messzeitpunkt ausserordentlich stark. Die Durchf\u00fchrung im Juni 2024 war wettertechnisch angenehmer und verlief reibungslos.<\/p>\n\n\n\n<div class=\"wp-block-image is-style-default\"><figure class=\"alignleft size-large is-resized\"><img src=\"http:\/\/ksr-lu.ch\/jahresbericht23-24\/wp-content\/uploads\/sites\/199\/2024\/08\/Bild-2-1-768x1024.jpg\" alt=\"\" class=\"wp-image-1831\" width=\"384\" height=\"512\" srcset=\"https:\/\/ksr-lu.ch\/jahresbericht23-24\/wp-content\/uploads\/sites\/199\/2024\/08\/Bild-2-1-768x1024.jpg 768w, https:\/\/ksr-lu.ch\/jahresbericht23-24\/wp-content\/uploads\/sites\/199\/2024\/08\/Bild-2-1-225x300.jpg 225w, https:\/\/ksr-lu.ch\/jahresbericht23-24\/wp-content\/uploads\/sites\/199\/2024\/08\/Bild-2-1-1152x1536.jpg 1152w, https:\/\/ksr-lu.ch\/jahresbericht23-24\/wp-content\/uploads\/sites\/199\/2024\/08\/Bild-2-1.jpg 1536w\" sizes=\"(max-width: 384px) 100vw, 384px\" \/><figcaption>Der Blattenbach ist ein kleineres Gew\u00e4sser und befindet sich beim Messstandort im Wald. Das Messband wird f\u00fcr die Bestimmung der Fliessgeschwindigkeit verwendet.<\/figcaption><\/figure><\/div>\n\n\n\n<p>Direkt im Feld werden Fliessgeschwindigkeit, Temperatur, Sauerstoffgehalt, pH-Wert und elektrische Leitf\u00e4higkeit gemessen. Zur\u00fcck im Schulzimmer zeigte die Laboranalyse den Gehalt von Nitrat, gel\u00f6stem organischem Kohlenstoff (DOC) und Phosphat. Diese Messungen erfolgen viermal j\u00e4hrlich. So soll an der KSR eine fortlaufende Messreihe aufgebaut werden. Ziel ist es, die Wasserqualit\u00e4t der ausgew\u00e4hlten Fliessgew\u00e4sser \u00fcber einen l\u00e4ngeren Zeitraum zu beobachten und anhand der Ergebnisse den Zusammenhang zwischen Morphologie sowie Nutzungen des fluvialen Einzugsgebiets und der Wasserqualit\u00e4t zu verstehen.<\/p>\n\n\n\n<p>Das Projekt wird von der Abteilung Gew\u00e4sser und Boden der Dienststelle Umwelt und Energie (uwe) des Kantons Luzern unterst\u00fctzt und begleitet. Die an der KSR erhobenen Daten sind f\u00fcr den Kanton von Interesse, weil sie einen Hinweis \u00fcber die Situation an bisher nicht systematisch untersuchten Fliessgew\u00e4ssern liefern.<\/p>\n<!-- PMB print buttons is only displayed on a single post\/page URLs-->","protected":false},"excerpt":{"rendered":"<p>Ariane Jedelhauser, Timy LinigerLehrpersonen f\u00fcr Geografie Ausger\u00fcstet mit Messger\u00e4ten und Probenahmeflaschen untersuchten die Sch\u00fcler\/innen des Erg\u00e4nzungsfachs Geografie die Fliessgew\u00e4sser Blattenbach, R\u00e4nggbach, R\u00fcmlig, Krienbach und W\u00fcrzenbach auf deren Wasserqualit\u00e4t. Sie sammelten so Erfahrungen in der Planung und Durchf\u00fchrung von Feldarbeit sowie der Analyse und Interpretation von eigens erhobenen Daten. Die f\u00fcnf Fliessgew\u00e4sser befinden sich alle in [&hellip;]<\/p>\n","protected":false},"author":218,"featured_media":0,"parent":0,"menu_order":0,"comment_status":"closed","ping_status":"closed","template":"","meta":[],"categories":[7,6],"tags":[],"_links":{"self":[{"href":"https:\/\/ksr-lu.ch\/jahresbericht23-24\/wp-json\/wp\/v2\/pages\/1639"}],"collection":[{"href":"https:\/\/ksr-lu.ch\/jahresbericht23-24\/wp-json\/wp\/v2\/pages"}],"about":[{"href":"https:\/\/ksr-lu.ch\/jahresbericht23-24\/wp-json\/wp\/v2\/types\/page"}],"author":[{"embeddable":true,"href":"https:\/\/ksr-lu.ch\/jahresbericht23-24\/wp-json\/wp\/v2\/users\/218"}],"replies":[{"embeddable":true,"href":"https:\/\/ksr-lu.ch\/jahresbericht23-24\/wp-json\/wp\/v2\/comments?post=1639"}],"version-history":[{"count":3,"href":"https:\/\/ksr-lu.ch\/jahresbericht23-24\/wp-json\/wp\/v2\/pages\/1639\/revisions"}],"predecessor-version":[{"id":1833,"href":"https:\/\/ksr-lu.ch\/jahresbericht23-24\/wp-json\/wp\/v2\/pages\/1639\/revisions\/1833"}],"wp:attachment":[{"href":"https:\/\/ksr-lu.ch\/jahresbericht23-24\/wp-json\/wp\/v2\/media?parent=1639"}],"wp:term":[{"taxonomy":"category","embeddable":true,"href":"https:\/\/ksr-lu.ch\/jahresbericht23-24\/wp-json\/wp\/v2\/categories?post=1639"},{"taxonomy":"post_tag","embeddable":true,"href":"https:\/\/ksr-lu.ch\/jahresbericht23-24\/wp-json\/wp\/v2\/tags?post=1639"}],"curies":[{"name":"wp","href":"https:\/\/api.w.org\/{rel}","templated":true}]}}