{"id":1635,"date":"2024-08-08T11:30:21","date_gmt":"2024-08-08T09:30:21","guid":{"rendered":"https:\/\/ksr-lu.ch\/jahresbericht23-24\/?page_id=1635"},"modified":"2024-08-12T12:09:20","modified_gmt":"2024-08-12T10:09:20","slug":"von-der-maturaarbeit-zu-wissenschaftswettbewerben-ein-persoenlicher-bericht","status":"publish","type":"page","link":"https:\/\/ksr-lu.ch\/jahresbericht23-24\/von-der-maturaarbeit-zu-wissenschaftswettbewerben-ein-persoenlicher-bericht\/","title":{"rendered":"Von der Maturaarbeit zu Wissenschaftswettbewerben: Ein pers\u00f6nlicher Bericht"},"content":{"rendered":"\n<p>Julian Seeholzer<br>Ehemaliger Sch\u00fcler der Klasse L18c<\/p>\n\n\n\n<div class=\"wp-block-image is-style-default\"><figure class=\"alignright size-large is-resized\"><img src=\"http:\/\/ksr-lu.ch\/jahresbericht23-24\/wp-content\/uploads\/sites\/199\/2024\/08\/Julian-Seeholzer-682x1024.jpg\" alt=\"\" class=\"wp-image-1764\" width=\"171\" height=\"256\" srcset=\"https:\/\/ksr-lu.ch\/jahresbericht23-24\/wp-content\/uploads\/sites\/199\/2024\/08\/Julian-Seeholzer-682x1024.jpg 682w, https:\/\/ksr-lu.ch\/jahresbericht23-24\/wp-content\/uploads\/sites\/199\/2024\/08\/Julian-Seeholzer-200x300.jpg 200w, https:\/\/ksr-lu.ch\/jahresbericht23-24\/wp-content\/uploads\/sites\/199\/2024\/08\/Julian-Seeholzer-768x1154.jpg 768w, https:\/\/ksr-lu.ch\/jahresbericht23-24\/wp-content\/uploads\/sites\/199\/2024\/08\/Julian-Seeholzer-1022x1536.jpg 1022w, https:\/\/ksr-lu.ch\/jahresbericht23-24\/wp-content\/uploads\/sites\/199\/2024\/08\/Julian-Seeholzer.jpg 1363w\" sizes=\"(max-width: 171px) 100vw, 171px\" \/><figcaption>Julian Seeholzer<\/figcaption><\/figure><\/div>\n\n\n\n<p>Als ich damals das Thema meiner Maturaarbeit aussuchen musste, hatte ich zwar zahlreiche Themen im Kopf, aber keines davon erschien mir wirklich \u00fcberzeugend oder geeignet. Das Einzige, was klar war: Ich wollte eine theoretische Arbeit im Bereich der Mathematik oder Physik verfassen. Nach einigen Gespr\u00e4chen schlug mein damaliger Betreuer J\u00f6rg Donth das Brachistochronenproblem als m\u00f6gliches Untersuchungsgebiet vor.<\/p>\n\n\n\n<p>Das Brachistochronenproblem ist eine Aufgabe, die der Schweizer Mathematiker Johann Bernoulli bereits 1696 an die Wissenschaftsgemeinde gestellt hatte. Die Aufgabe besteht darin, die Form der Kurve zu finden, auf welcher eine Punktmasse unter der Wirkung der Gravitation am schnellsten von einem oberen zu einem unteren Punkt gleitet. Da das Problem in dieser Form jedoch schon im selben Jahr von Bernoulli sowie anderen Mathematikern gel\u00f6st wurde, untersuchte ich in meiner Arbeit, wie sich die Kurvenform \u00e4ndert, wenn man Rotationsbewegungen und Reibungskr\u00e4fte miteinbezieht. Das Ergebnis: Unter der Wirkung einer Reibungskraft \u00e4ndert sich die Form, die Rotation der Masse hat jedoch keinen Einfluss auf die Form der L\u00f6sungskurve.<\/p>\n\n\n\n<p>Der Weg zur Antwort f\u00fchrte erst \u00fcber eine theoretische Behandlung des angepassten Problems im Rahmen mathematischer Methoden der Variationsrechnung, einem Teilgebiet der Mathematik, dessen Urspr\u00fcnge in der L\u00f6sung des Brachistochronenproblems liegen. Um die theoretischen Resultate auch empirisch best\u00e4tigen zu k\u00f6nnen, entwickelte ich zudem ein Experiment.<\/p>\n\n\n\n<p>Die Arbeit war zwar als Maturaarbeit zu diesem Zeitpunkt fertiggestellt, jedoch begleitete sie mich noch ein ganzes Jahr nach der Matura. W\u00e4hrend meiner Zeit an der KSR konnte ich am Wettbewerb &#8222;Fokus Maturaarbeit&#8220; teilnehmen, wo ich im Bereich Physik\/Mathematik\/Informatik den ersten Preis gewann und an den Nationalwettbewerb von &#8222;Schweizer Jugend forscht&#8220; (SJF) eingeladen wurde. Dort hatte ich im Finale das Gl\u00fcck, eine Auszeichnung im Bereich Physik und Mathematik zu erhalten und den Sonderpreis EUCYS (European Union Contest for Young Scientists) zu gewinnen, welcher es mir erm\u00f6glichte, an einem internationalen Wettbewerb f\u00fcr Jungforschende teilzunehmen. In Br\u00fcssel konnte ich eine Woche lang zusammen mit Jugendlichen aus der ganzen Welt meine Arbeit der \u00d6ffentlichkeit pr\u00e4sentieren und hatte nochmals die Ehre, einen Sonderpreis zu gewinnen.<\/p>\n\n\n\n<style id=\"bwg-style-0\">    #bwg_container1_0 #bwg_container2_0 .bwg-container-0.bwg-standard-thumbnails {      width: 1254px;              justify-content: center;        margin:0 auto !important;              background-color: rgba(255, 255, 255, 0.00);            padding-left: 4px;      padding-top: 4px;      max-width: 100%;            }        #bwg_container1_0 #bwg_container2_0 .bwg-container-0.bwg-standard-thumbnails .bwg-item {    justify-content: flex-start;      max-width: 250px;          }    #bwg_container1_0 #bwg_container2_0 .bwg-container-0.bwg-standard-thumbnails .bwg-item a {       margin-right: 4px;       margin-bottom: 4px;    }    #bwg_container1_0 #bwg_container2_0 .bwg-container-0.bwg-standard-thumbnails .bwg-item0 {      padding: 0px;            background-color:rgba(0,0,0, 0.30);      border: 0px none #CCCCCC;      opacity: 1.00;      border-radius: 0;      box-shadow: ;    }    #bwg_container1_0 #bwg_container2_0 .bwg-container-0.bwg-standard-thumbnails .bwg-item1 img {      max-height: none;      max-width: none;      padding: 0 !important;    }         @media only screen and (min-width: 480px) {\t\t#bwg_container1_0 #bwg_container2_0 .bwg-container-0.bwg-standard-thumbnails .bwg-item1 img {\t\t\t-webkit-transition: all .3s; transition: all .3s;\t\t}\t\t#bwg_container1_0 #bwg_container2_0 .bwg-container-0.bwg-standard-thumbnails .bwg-item1 img:hover {\t\t\t-ms-transform: scale(1.08);\t\t\t-webkit-transform: scale(1.08);\t\t\ttransform: scale(1.08);\t\t}\t\t\t\t.bwg-standard-thumbnails .bwg-zoom-effect .bwg-zoom-effect-overlay {\t\t\t\t\t\tbackground-color:rgba(0,0,0, 0.3);\t\t}\t\t.bwg-standard-thumbnails .bwg-zoom-effect:hover img {\t\t\t-ms-transform: scale(1.08);\t\t\t-webkit-transform: scale(1.08);\t\t\ttransform: scale(1.08);\t\t}\t\t      }\t    #bwg_container1_0 #bwg_container2_0 .bwg-container-0.bwg-standard-thumbnails .bwg-item1 {      padding-top: 56%;    }        #bwg_container1_0 #bwg_container2_0 .bwg-container-0.bwg-standard-thumbnails .bwg-title1 {      position: absolute;      top: 0;      z-index: 100;      width: 100%;      height: 100%;      display: flex;      justify-content: center;      align-content: center;      flex-direction: column;      opacity: 0;    }\t      #bwg_container1_0 #bwg_container2_0 .bwg-container-0.bwg-standard-thumbnails .bwg-title2,    #bwg_container1_0 #bwg_container2_0 .bwg-container-0.bwg-standard-thumbnails .bwg-ecommerce2 {      color: #FFFFFF;      font-family: Ubuntu;      font-size: 16px;      font-weight: bold;      padding: 2px;      text-shadow: ;      max-height: 100%;    }    #bwg_container1_0 #bwg_container2_0 .bwg-container-0.bwg-standard-thumbnails .bwg-thumb-description span {    color: #323A45;    font-family: Ubuntu;    font-size: 12px;    max-height: 100%;    word-wrap: break-word;    }    #bwg_container1_0 #bwg_container2_0 .bwg-container-0.bwg-standard-thumbnails .bwg-play-icon2 {      font-size: 32px;    }    #bwg_container1_0 #bwg_container2_0 .bwg-container-0.bwg-standard-thumbnails .bwg-ecommerce2 {      font-size: 19.2px;      color: #323A45;    }    <\/style>    <div id=\"bwg_container1_0\"         class=\"bwg_container bwg_thumbnail bwg_thumbnails \"         data-right-click-protection=\"0\"         data-bwg=\"0\"         data-scroll=\"0\"         data-gallery-type=\"thumbnails\"         data-gallery-view-type=\"thumbnails\"         data-current-url=\"\/jahresbericht23-24\/wp-json\/wp\/v2\/pages\/1635\"         data-lightbox-url=\"https:\/\/ksr-lu.ch\/jahresbericht23-24\/wp-admin\/admin-ajax.php?action=GalleryBox&#038;current_view=0&#038;gallery_id=42&#038;tag=0&#038;theme_id=1&#038;shortcode_id=86&#038;sort_by=order&#038;order_by=asc&#038;current_url=%2Fjahresbericht23-24%2Fwp-json%2Fwp%2Fv2%2Fpages%2F1635\"         data-gallery-id=\"42\"         data-popup-width=\"800\"         data-popup-height=\"500\"         data-is-album=\"gallery\"         data-buttons-position=\"bottom\">      <div id=\"bwg_container2_0\">             <div id=\"ajax_loading_0\" class=\"bwg_loading_div_1\">      <div class=\"bwg_loading_div_2\">        <div class=\"bwg_loading_div_3\">          <div id=\"loading_div_0\" class=\"bwg_spider_ajax_loading\">          <\/div>        <\/div>      <\/div>    <\/div>            <form id=\"gal_front_form_0\"              class=\"bwg-hidden\"              method=\"post\"              action=\"#\"              data-current=\"0\"              data-shortcode-id=\"86\"              data-gallery-type=\"thumbnails\"              data-gallery-id=\"42\"              data-tag=\"0\"              data-album-id=\"0\"              data-theme-id=\"1\"              data-ajax-url=\"https:\/\/ksr-lu.ch\/jahresbericht23-24\/wp-admin\/admin-ajax.php?action=bwg_frontend_data\">          <div id=\"bwg_container3_0\" class=\"bwg-background bwg-background-0\">                <div data-max-count=\"5\"         data-thumbnail-width=\"250\"         data-bwg=\"0\"         data-gallery-id=\"42\"         data-lightbox-url=\"https:\/\/ksr-lu.ch\/jahresbericht23-24\/wp-admin\/admin-ajax.php?action=GalleryBox&amp;current_view=0&amp;gallery_id=42&amp;tag=0&amp;theme_id=1&amp;shortcode_id=86&amp;sort_by=order&amp;order_by=asc&amp;current_url=%2Fjahresbericht23-24%2Fwp-json%2Fwp%2Fv2%2Fpages%2F1635\"         id=\"bwg_thumbnails_0\"         class=\"bwg-container-0 bwg-thumbnails bwg-standard-thumbnails bwg-container bwg-border-box\">            <div class=\"bwg-item\">        <a class=\"bwg-a  bwg_lightbox\"  data-image-id=\"120\" href=\"https:\/\/ksr-lu.ch\/jahresbericht23-24\/wp-content\/uploads\/sites\/199\/photo-gallery\/imported_from_media_libray\/Posterpraesentation-am-EUCYS-2023.jpg?bwg=1723457302\" data-elementor-open-lightbox=\"no\">                <div class=\"bwg-item0 \">          <div class=\"bwg-item1 bwg-zoom-effect\">            <div class=\"bwg-item2\">              <img class=\"skip-lazy bwg_standart_thumb_img_0 \"                   data-id=\"120\"                   data-width=\"500.00\"                   data-height=\"439.00\"                   data-src=\"https:\/\/ksr-lu.ch\/jahresbericht23-24\/wp-content\/uploads\/sites\/199\/photo-gallery\/imported_from_media_libray\/thumb\/Posterpraesentation-am-EUCYS-2023.jpg?bwg=1723457302\"                   src=\"https:\/\/ksr-lu.ch\/jahresbericht23-24\/wp-content\/uploads\/sites\/199\/photo-gallery\/imported_from_media_libray\/thumb\/Posterpraesentation-am-EUCYS-2023.jpg?bwg=1723457302\"                   alt=\"Posterpr\u00e4sentation am EUCYS 2023\"                   title=\"Posterpr\u00e4sentation am EUCYS 2023\" \/>            <\/div>            <div class=\"bwg-zoom-effect-overlay\">              <div class=\"bwg-title1\"><div class=\"bwg-title2\">Posterpr\u00e4sentation am EUCYS 2023<\/div><\/div>                                        <\/div>          <\/div>        <\/div>                        <\/a>              <\/div>            <div class=\"bwg-item\">        <a class=\"bwg-a  bwg_lightbox\"  data-image-id=\"121\" href=\"https:\/\/ksr-lu.ch\/jahresbericht23-24\/wp-content\/uploads\/sites\/199\/photo-gallery\/imported_from_media_libray\/Preisverleihung-am-EUCYS-2023.jpg?bwg=1723457302\" data-elementor-open-lightbox=\"no\">                <div class=\"bwg-item0 \">          <div class=\"bwg-item1 bwg-zoom-effect\">            <div class=\"bwg-item2\">              <img class=\"skip-lazy bwg_standart_thumb_img_0 \"                   data-id=\"121\"                   data-width=\"500.00\"                   data-height=\"333.00\"                   data-src=\"https:\/\/ksr-lu.ch\/jahresbericht23-24\/wp-content\/uploads\/sites\/199\/photo-gallery\/imported_from_media_libray\/thumb\/Preisverleihung-am-EUCYS-2023.jpg?bwg=1723457302\"                   src=\"https:\/\/ksr-lu.ch\/jahresbericht23-24\/wp-content\/uploads\/sites\/199\/photo-gallery\/imported_from_media_libray\/thumb\/Preisverleihung-am-EUCYS-2023.jpg?bwg=1723457302\"                   alt=\"Preisverleihung am EUCYS 2023\"                   title=\"Preisverleihung am EUCYS 2023\" \/>            <\/div>            <div class=\"bwg-zoom-effect-overlay\">              <div class=\"bwg-title1\"><div class=\"bwg-title2\">Preisverleihung am EUCYS 2023<\/div><\/div>                                        <\/div>          <\/div>        <\/div>                        <\/a>              <\/div>          <\/div>    <style>      \/*pagination styles*\/      #bwg_container1_0 #bwg_container2_0 .tablenav-pages_0 {\t\t\t\ttext-align: center;\t\t\t\tfont-size: 12px;\t\t\t\tfont-family: Ubuntu;\t\t\t\tfont-weight: bold;\t\t\t\tcolor: #666666;\t\t\t\tmargin: 6px 0 4px;\t\t\t\tdisplay: block;      }      @media only screen and (max-width : 320px) {      #bwg_container1_0 #bwg_container2_0 .displaying-num_0 {     \t display: none;      }      }      #bwg_container1_0 #bwg_container2_0 .displaying-num_0 {\t\t\t\tfont-size: 12px;\t\t\t\tfont-family: Ubuntu;\t\t\t\tfont-weight: bold;\t\t\t\tcolor: #666666;\t\t\t\tmargin-right: 10px;\t\t\t\tvertical-align: middle;      }      #bwg_container1_0 #bwg_container2_0 .paging-input_0 {\t\t\t\tfont-size: 12px;\t\t\t\tfont-family: Ubuntu;\t\t\t\tfont-weight: bold;\t\t\t\tcolor: #666666;\t\t\t\tvertical-align: middle;      }      #bwg_container1_0 #bwg_container2_0 .tablenav-pages_0 a.disabled,      #bwg_container1_0 #bwg_container2_0 .tablenav-pages_0 a.disabled:hover,      #bwg_container1_0 #bwg_container2_0 .tablenav-pages_0 a.disabled:focus,\t\t\t#bwg_container1_0 #bwg_container2_0 .tablenav-pages_0 input.bwg_current_page {\t\t\t\tcursor: default;\t\t\t\tcolor: rgba(102, 102, 102, 0.5);      }      #bwg_container1_0 #bwg_container2_0 .tablenav-pages_0 a,      #bwg_container1_0 #bwg_container2_0 .tablenav-pages_0 input.bwg_current_page {\t\t\t\tcursor: pointer;\t\t\t\ttext-align: center;\t\t\t\tfont-size: 12px;\t\t\t\tfont-family: Ubuntu;\t\t\t\tfont-weight: bold;\t\t\t\tcolor: #666666;\t\t\t\ttext-decoration: none;\t\t\t\tpadding: 3px 6px;\t\t\t\tmargin: 0;\t\t\t\tborder-radius: 0;\t\t\t\tborder-style: solid;\t\t\t\tborder-width: 1px;\t\t\t\tborder-color: #E3E3E3;\t\t\t\t\t\t\t\tbackground-color: rgba(255, 255, 255, 1.00);\t\t\t\tbox-shadow: 0;\t\t\t\ttransition: all 0.3s ease 0s;-webkit-transition: all 0.3s ease 0s;      }      <\/style>      <span class=\"bwg_nav_cont_0\">              <div class=\"tablenav-pages_0\">                  <\/div>                <input type=\"hidden\" id=\"page_number_0\" name=\"page_number_0\" value=\"1\" \/>      <script type=\"text\/javascript\">        if( jQuery('.bwg_nav_cont_0').length > 1 ) {          jQuery('.bwg_nav_cont_0').first().remove()        }        function spider_page_0(cur, x, y, load_more) {          if (typeof load_more == \"undefined\") {            var load_more = false;          }          if (jQuery(cur).hasClass('disabled')) {            return false;          }          var items_county_0 = 1;          switch (y) {            case 1:              if (x >= items_county_0) {                document.getElementById('page_number_0').value = items_county_0;              }              else {                document.getElementById('page_number_0').value = x + 1;              }              break;            case 2:              document.getElementById('page_number_0').value = items_county_0;              break;            case -1:              if (x == 1) {                document.getElementById('page_number_0').value = 1;              }              else {                document.getElementById('page_number_0').value = x - 1;              }              break;            case -2:              document.getElementById('page_number_0').value = 1;              break;\t\t\t\t\t\tcase 0:              document.getElementById('page_number_0').value = x;              break;            default:              document.getElementById('page_number_0').value = 1;          }          bwg_ajax('gal_front_form_0', '0', 'bwg_thumbnails_0', '0', '', 'gallery', 0, '', '', load_more, '', 1);        }                    jQuery('.first-page-0').on('click', function () {              spider_page_0(this, 1, -2, 'numeric');              return false;            });            jQuery('.prev-page-0').on('click', function () {              spider_page_0(this, 1, -1, 'numeric');              return false;            });            jQuery('.next-page-0').on('click', function () {              spider_page_0(this, 1, 1, 'numeric');              return false;            });            jQuery('.last-page-0').on('click', function () {              spider_page_0(this, 1, 2, 'numeric');              return false;            });        \t\t\t\t\/* Change page on input enter. *\/        function bwg_change_page_0( e, that ) {          if (  e.key == 'Enter' ) {            var to_page = parseInt(jQuery(that).val());            var pages_count = jQuery(that).parents(\".pagination-links\").data(\"pages-count\");            var current_url_param = jQuery(that).attr('data-url-info');            if (to_page > pages_count) {              to_page = 1;            }\t \t\t\t\t\t\t\t\t\t\t\t\tspider_page_0(this, to_page, 0, 'numeric');\t\t\t\t\t\t\treturn false;\t\t\t\t\t\t          }          return true;        }        jQuery('.bwg_load_btn_0').on('click', function () {            spider_page_0(this, 1, 1, true);            return false;        });      <\/script>      <\/span>                <\/div>        <\/form>        <style>          #bwg_container1_0 #bwg_container2_0 #spider_popup_overlay_0 {          background-color: #EEEEEE;          opacity: 0.60;          }          <\/style>        <div id=\"bwg_spider_popup_loading_0\" class=\"bwg_spider_popup_loading\"><\/div>        <div id=\"spider_popup_overlay_0\" class=\"spider_popup_overlay\" onclick=\"spider_destroypopup(1000)\"><\/div>        <input type=\"hidden\" id=\"bwg_random_seed_0\" value=\"1890257578\">                <\/div>    <\/div>    <script>      if (document.readyState === 'complete') {        if( typeof bwg_main_ready == 'function' ) {          if ( jQuery(\"#bwg_container1_0\").height() ) {            bwg_main_ready(jQuery(\"#bwg_container1_0\"));          }        }      } else {        document.addEventListener('DOMContentLoaded', function() {          if( typeof bwg_main_ready == 'function' ) {            if ( jQuery(\"#bwg_container1_0\").height() ) {             bwg_main_ready(jQuery(\"#bwg_container1_0\"));            }          }        });      }    <\/script>    \n\n\n\n<p>Beim Vorbereiten und Umschreiben der Arbeiten f\u00fcr die Wettbewerbe lernte ich sehr viel dazu, und somit war die Maturaarbeit f\u00fcr mich schlussendlich nicht nur eine Maturaarbeit. Ich durfte nach der Abgabe noch einiges dazulernen und wichtige Erfahrungen f\u00fcrs Leben sammeln.<\/p>\n<!-- PMB print buttons is only displayed on a single post\/page URLs-->","protected":false},"excerpt":{"rendered":"<p>Julian SeeholzerEhemaliger Sch\u00fcler der Klasse L18c Als ich damals das Thema meiner Maturaarbeit aussuchen musste, hatte ich zwar zahlreiche Themen im Kopf, aber keines davon erschien mir wirklich \u00fcberzeugend oder geeignet. Das Einzige, was klar war: Ich wollte eine theoretische Arbeit im Bereich der Mathematik oder Physik verfassen. Nach einigen Gespr\u00e4chen schlug mein damaliger Betreuer [&hellip;]<\/p>\n","protected":false},"author":218,"featured_media":0,"parent":0,"menu_order":0,"comment_status":"closed","ping_status":"closed","template":"","meta":[],"categories":[7,6],"tags":[],"_links":{"self":[{"href":"https:\/\/ksr-lu.ch\/jahresbericht23-24\/wp-json\/wp\/v2\/pages\/1635"}],"collection":[{"href":"https:\/\/ksr-lu.ch\/jahresbericht23-24\/wp-json\/wp\/v2\/pages"}],"about":[{"href":"https:\/\/ksr-lu.ch\/jahresbericht23-24\/wp-json\/wp\/v2\/types\/page"}],"author":[{"embeddable":true,"href":"https:\/\/ksr-lu.ch\/jahresbericht23-24\/wp-json\/wp\/v2\/users\/218"}],"replies":[{"embeddable":true,"href":"https:\/\/ksr-lu.ch\/jahresbericht23-24\/wp-json\/wp\/v2\/comments?post=1635"}],"version-history":[{"count":4,"href":"https:\/\/ksr-lu.ch\/jahresbericht23-24\/wp-json\/wp\/v2\/pages\/1635\/revisions"}],"predecessor-version":[{"id":1767,"href":"https:\/\/ksr-lu.ch\/jahresbericht23-24\/wp-json\/wp\/v2\/pages\/1635\/revisions\/1767"}],"wp:attachment":[{"href":"https:\/\/ksr-lu.ch\/jahresbericht23-24\/wp-json\/wp\/v2\/media?parent=1635"}],"wp:term":[{"taxonomy":"category","embeddable":true,"href":"https:\/\/ksr-lu.ch\/jahresbericht23-24\/wp-json\/wp\/v2\/categories?post=1635"},{"taxonomy":"post_tag","embeddable":true,"href":"https:\/\/ksr-lu.ch\/jahresbericht23-24\/wp-json\/wp\/v2\/tags?post=1635"}],"curies":[{"name":"wp","href":"https:\/\/api.w.org\/{rel}","templated":true}]}}