{"id":1629,"date":"2024-08-08T11:28:38","date_gmt":"2024-08-08T09:28:38","guid":{"rendered":"https:\/\/ksr-lu.ch\/jahresbericht23-24\/?page_id=1629"},"modified":"2024-09-11T20:00:54","modified_gmt":"2024-09-11T18:00:54","slug":"schnupperpraktikum-der-2-klassen-kantonsschuelerinnen-und-kantonsschueler-erkunden-die-berufswelt","status":"publish","type":"page","link":"https:\/\/ksr-lu.ch\/jahresbericht23-24\/schnupperpraktikum-der-2-klassen-kantonsschuelerinnen-und-kantonsschueler-erkunden-die-berufswelt\/","title":{"rendered":"Schnupperpraktikum der 2. Klassen: Kantonssch\u00fcler\/innen erkunden die Berufswelt"},"content":{"rendered":"\n<p>Gabriela Colangelo<br>Lehrperson f\u00fcr Wirtschaft und Recht<br>Arbeitsgruppe Schnupperpraktikum<\/p>\n\n\n\n<p>In diesem Schuljahr fand zum ersten Mal ein obligatorisches Schnupperpraktikum vom 1. bis 3. Juli 2024 f\u00fcr unsere 2. Kl\u00e4ssler statt. Die Sch\u00fcler\/innen hatten die Gelegenheit, drei Tage lang in einem Unternehmen ihrer Wahl zu schnuppern und erste Erfahrungen im Berufsalltag zu sammeln. Dieses Praktikum bot nicht nur einen \u00dcberblick \u00fcber verschiedene Berufsfelder, sondern auch eine Plattform, auf der die Jugendlichen ihre individuellen Talente und Interessen in einem realen Arbeitsumfeld entdecken und reflektieren konnten. Die gesammelten Erfahrungen wurden anschliessend in einer Praktikumsmappe festgehalten und in der Klasse pr\u00e4sentiert.<\/p>\n\n\n\n<p>Einige Sch\u00fcler\/innen berichteten folgende Highlights aus ihren Schnupperpraktika:<\/p>\n\n\n\n<p><strong>Leon Waser aus der Klasse U22f:<\/strong><br><strong>Schnupperpraktikum als Medizintechniker \/ Inhouse trouble shooter<\/strong><\/p>\n\n\n\n<div class=\"wp-block-image is-style-default\"><figure class=\"alignright size-large is-resized\"><img src=\"http:\/\/ksr-lu.ch\/jahresbericht23-24\/wp-content\/uploads\/sites\/199\/2024\/08\/Leon-Waser.png\" alt=\"\" class=\"wp-image-1743\" width=\"274\" height=\"205\" srcset=\"https:\/\/ksr-lu.ch\/jahresbericht23-24\/wp-content\/uploads\/sites\/199\/2024\/08\/Leon-Waser.png 365w, https:\/\/ksr-lu.ch\/jahresbericht23-24\/wp-content\/uploads\/sites\/199\/2024\/08\/Leon-Waser-300x224.png 300w\" sizes=\"(max-width: 274px) 100vw, 274px\" \/><figcaption>Leon Waser<\/figcaption><\/figure><\/div>\n\n\n\n<p>Roche Diagnostics ist ein gigantisches Unternehmen. Allein der Standort in Rotkreuz stellt Arbeitspl\u00e4tze f\u00fcr ca. 4000 Mitarbeitende bereit. In den drei Tagen des Schnupperpraktikums durfte ich meinen Onkel in Rotkreuz, t\u00e4glich f\u00fcr ca. acht Stunden begleiten. Mir wurde das ganze Areal gezeigt und erkl\u00e4rt, welche Abteilung welche Aufgabe hat. Das Grundprinzip der \u00abcobas\u00ae 5800\u00bb (vgl. Bild) zeigte bzw. erkl\u00e4rte mir mein Onkel ebenfalls. An der \u00abcobas\u00ae 5800\u00bb durfte ich selbstst\u00e4ndig bestimmte Teile ausbauen, fotografieren und wieder einbauen, sodass wir das vorhandene Problem am Laptop besprachen und schliesslich zusammen im Team L\u00f6sungen suchten.<\/p>\n\n\n\n<p>Das Schnupperpraktikum hat mir sehr viel Freude bereitet. Es ist wertvoll, einen Einblick in die Berufswelt zu kriegen, weshalb ich es super f\u00e4nde, bereits in der ersten und Anfangs zweite Klasse Schnupperpraktika einzuf\u00fchren.<\/p>\n\n\n\n<p><strong>Bogdan Lazaravic aus der Klasse U22d:<br>Schnupperpraktikum als Webentwickler\/Mediamatiker<\/strong><\/p>\n\n\n\n<div class=\"wp-block-image is-style-default\"><figure class=\"alignleft size-large is-resized\"><img src=\"http:\/\/ksr-lu.ch\/jahresbericht23-24\/wp-content\/uploads\/sites\/199\/2024\/08\/Bogdan-Lazaravic.jpg\" alt=\"\" class=\"wp-image-1742\" width=\"326\" height=\"459\" srcset=\"https:\/\/ksr-lu.ch\/jahresbericht23-24\/wp-content\/uploads\/sites\/199\/2024\/08\/Bogdan-Lazaravic.jpg 435w, https:\/\/ksr-lu.ch\/jahresbericht23-24\/wp-content\/uploads\/sites\/199\/2024\/08\/Bogdan-Lazaravic-213x300.jpg 213w\" sizes=\"(max-width: 326px) 100vw, 326px\" \/><figcaption>Bogdan Lazaravic<\/figcaption><\/figure><\/div>\n\n\n\n<p>Mein dreit\u00e4giges Schnupperpraktikum habe ich bei der Vaios GmbH in Stans verbracht. Vaios ist eine Agentur, die sich auf Webdesign, digital Marketing, Branding, Print Medien und Illustrationen spezialisiert hat. Ich habe im Beruf Webentwickler\/Mediamatiker geschnuppert, da mir Programmieren und alles rund um Computer sehr viel Spass macht. W\u00e4hrend den drei Tagen wurden mir vor allem die Aufgaben eines Entwicklers vorgestellt. Zudem durfte ich beim Design-Team reinschauen. Die jeweiligen Mitarbeiter haben mir erkl\u00e4rt, wie eine Website in Absprache mit dem Kunden von Grund auf designt und sp\u00e4ter von den Webentwicklern realisiert wird. Zwischendurch hatte ich auch immer wieder die Gelegenheit, im Selbststudium zu recherchieren, was ein CMS ist und dazu eine Website zu bauen.<\/p>\n\n\n\n<p>Dieses Praktikum hat mir erneut best\u00e4tigt, dass ich Informatik sehr interessant finde. Ich fand es eine tolle Abwechslung, bei einem Unternehmen drei Tage lang zu arbeiten, um zu sehen, wie der normale Arbeitsalltag aussieht. Ich werde zwar keine Lehre machen, aber ich finde es trotzdem grossartig, dass die Schule sowas anbietet und uns dadurch auch gezeigt wurde, wie ein Lebenslauf und andere Bewerbungsunterlagen geschrieben werden, was uns sp\u00e4ter in der Berufswelt sicher weiterhelfen wird.<\/p>\n\n\n\n<p><strong>Nora Rinderknecht aus der Klasse U22b:<\/strong><br><strong>Schnupperpraktikum in der Vogelwarte Sempach<\/strong><\/p>\n\n\n\n<div class=\"wp-block-image is-style-default\"><figure class=\"alignright size-large is-resized\"><img src=\"http:\/\/ksr-lu.ch\/jahresbericht23-24\/wp-content\/uploads\/sites\/199\/2024\/08\/Nora-Rinderknecht.jpg\" alt=\"\" class=\"wp-image-1740\" width=\"253\" height=\"348\" srcset=\"https:\/\/ksr-lu.ch\/jahresbericht23-24\/wp-content\/uploads\/sites\/199\/2024\/08\/Nora-Rinderknecht.jpg 337w, https:\/\/ksr-lu.ch\/jahresbericht23-24\/wp-content\/uploads\/sites\/199\/2024\/08\/Nora-Rinderknecht-218x300.jpg 218w\" sizes=\"(max-width: 253px) 100vw, 253px\" \/><figcaption>Nora Rinderknecht<\/figcaption><\/figure><\/div>\n\n\n\n<p>Im Rahmen des dreit\u00e4gigen Schnupperpraktikums durfte ich die Vogelwarte Sempach besuchen. Am ersten Tag reiste ich nach Fribourg, um dort bei der Feldarbeit zu helfen. Wir nahmen Daten von Rotmilanen auf und \u00fcberwachten Nester. Einmal kam sogar die Drohne zum Einsatz, da wir mit dem Fernrohr nichts sahen. Geschlafen habe ich in meiner eigenen Feldwohnung, die mir zur Verf\u00fcgung gestellt wurde.<\/p>\n\n\n\n<p>Am n\u00e4chsten Tag fuhren wir spontan ins Wallis, um einen Wiedehopf zu sehen. Tats\u00e4chlich sahen wir auch zwei. Das war sicher ein Highlight f\u00fcr mich.<\/p>\n\n\n\n<p>Den letzten Tag meines Praktikums verbrachte ich in der Vogelwarte selber. Dort zeigte man mir zuerst alle R\u00e4umlichkeiten, bevor wir dann Netze f\u00fcr ein Projekt kontrollierten. Den Nachmittag verbrachte ich im B\u00fcro, dort wertete ich Fotos und Daten aus.<\/p>\n\n\n\n<p>Insgesamt fand ich es ein sehr tolles Praktikum, ausser dass die Autofahrten zwischen den verschiedenen Nestern immer sehr lange waren.<\/p>\n\n\n\n<p><strong>Anna Burri aus der Klasse U22b:<\/strong><br><strong>Schnupperpraktikum als Drogistin<\/strong><\/p>\n\n\n\n<div class=\"wp-block-image is-style-default\"><figure class=\"alignleft size-large is-resized\"><img src=\"http:\/\/ksr-lu.ch\/jahresbericht23-24\/wp-content\/uploads\/sites\/199\/2024\/08\/Anna-Burri.jpg\" alt=\"\" class=\"wp-image-1741\" width=\"287\" height=\"403\" srcset=\"https:\/\/ksr-lu.ch\/jahresbericht23-24\/wp-content\/uploads\/sites\/199\/2024\/08\/Anna-Burri.jpg 383w, https:\/\/ksr-lu.ch\/jahresbericht23-24\/wp-content\/uploads\/sites\/199\/2024\/08\/Anna-Burri-214x300.jpg 214w\" sizes=\"(max-width: 287px) 100vw, 287px\" \/><figcaption>Anna Burri<\/figcaption><\/figure><\/div>\n\n\n\n<p>Ich war zum Schnupperpraktikum in der Drogerie Balance in Malters. Gleich am ersten Tag durfte ich defekte Medikamente und Fl\u00e4schchen erfassen und erneut auff\u00fcllen, sowie Produkte bepreisen. Das Highlight des ersten Tages war, dass ich allein Tee und Spagyriksprays zusammenmischen und in Fl\u00e4schchen abf\u00fcllen konnte, die ich nachher noch mit dem Betriebslogo etikettierte. Danach konnte ich noch helfen, abgelaufene Medikamente wegzuwerfen. Es war erstaunlich, wie viele es waren. Die anderen Tage sahen \u00e4hnlich aus; Ware bepreisen, einlesen und einsortieren, Sprays und Tees mischen und die t\u00e4glichen Morgen- und Abend\u00e4mtlis erledigen, also putzen und M\u00fcll entsorgen. Was man vielleicht nicht im ersten Moment denkt: Die Arbeit in der Drogerie beinhaltet auch viele kreative Seiten, zum Beispiel konnte ich Geschenkgutscheine einpacken, Schaufenster neu einr\u00e4umen, Dekoration aufstellen und vieles mehr. Gerade deswegen hat mir die Arbeit in der Drogerie viel Spass gemacht, auch wenn die Tage lang waren und man viel stehen musste.<\/p>\n\n\n\n<p>Auch die anderen Sch\u00fcler\/innen, die an dem Schnupperpraktikum teilgenommen haben, konnten wertvolle Erfahrungen sammeln. Sie lernten verschiedene Berufsfelder kennen, kn\u00fcpften Kontakte zu potenziellen Ausbildungs- und Praktikumsbetrieben und gewannen einen Einblick in die Anforderungen und Herausforderungen im Arbeitsleben.<\/p>\n\n\n\n<p>Das Schnupperpraktikum war ein voller Erfolg und hat den Lernenden neue Perspektiven er\u00f6ffnet. Wir sind zuversichtlich, dass diese Erfahrungen sie bei der Wahl ihres weiteren Bildungsweges unterst\u00fctzen und ihnen helfen werden, ihren beruflichen Weg bewusst zu gestalten.<\/p>\n\n\n\n<p>Wir bedanken uns herzlich bei allen Unternehmen, die den Sch\u00fcler\/innen die M\u00f6glichkeit gegeben haben, in ihre Arbeitswelt einzutauchen, sowie bei den Lehrerpersonen und Eltern, die dieses Programm unterst\u00fctzt haben.<\/p>\n<!-- PMB print buttons is only displayed on a single post\/page URLs-->","protected":false},"excerpt":{"rendered":"<p>Gabriela ColangeloLehrperson f\u00fcr Wirtschaft und RechtArbeitsgruppe Schnupperpraktikum In diesem Schuljahr fand zum ersten Mal ein obligatorisches Schnupperpraktikum vom 1. bis 3. Juli 2024 f\u00fcr unsere 2. Kl\u00e4ssler statt. Die Sch\u00fcler\/innen hatten die Gelegenheit, drei Tage lang in einem Unternehmen ihrer Wahl zu schnuppern und erste Erfahrungen im Berufsalltag zu sammeln. Dieses Praktikum bot nicht nur [&hellip;]<\/p>\n","protected":false},"author":218,"featured_media":0,"parent":0,"menu_order":0,"comment_status":"closed","ping_status":"closed","template":"","meta":[],"categories":[7,5],"tags":[],"_links":{"self":[{"href":"https:\/\/ksr-lu.ch\/jahresbericht23-24\/wp-json\/wp\/v2\/pages\/1629"}],"collection":[{"href":"https:\/\/ksr-lu.ch\/jahresbericht23-24\/wp-json\/wp\/v2\/pages"}],"about":[{"href":"https:\/\/ksr-lu.ch\/jahresbericht23-24\/wp-json\/wp\/v2\/types\/page"}],"author":[{"embeddable":true,"href":"https:\/\/ksr-lu.ch\/jahresbericht23-24\/wp-json\/wp\/v2\/users\/218"}],"replies":[{"embeddable":true,"href":"https:\/\/ksr-lu.ch\/jahresbericht23-24\/wp-json\/wp\/v2\/comments?post=1629"}],"version-history":[{"count":4,"href":"https:\/\/ksr-lu.ch\/jahresbericht23-24\/wp-json\/wp\/v2\/pages\/1629\/revisions"}],"predecessor-version":[{"id":1945,"href":"https:\/\/ksr-lu.ch\/jahresbericht23-24\/wp-json\/wp\/v2\/pages\/1629\/revisions\/1945"}],"wp:attachment":[{"href":"https:\/\/ksr-lu.ch\/jahresbericht23-24\/wp-json\/wp\/v2\/media?parent=1629"}],"wp:term":[{"taxonomy":"category","embeddable":true,"href":"https:\/\/ksr-lu.ch\/jahresbericht23-24\/wp-json\/wp\/v2\/categories?post=1629"},{"taxonomy":"post_tag","embeddable":true,"href":"https:\/\/ksr-lu.ch\/jahresbericht23-24\/wp-json\/wp\/v2\/tags?post=1629"}],"curies":[{"name":"wp","href":"https:\/\/api.w.org\/{rel}","templated":true}]}}