{"id":1602,"date":"2024-08-08T11:01:26","date_gmt":"2024-08-08T09:01:26","guid":{"rendered":"https:\/\/ksr-lu.ch\/jahresbericht23-24\/?page_id=1602"},"modified":"2024-09-11T19:51:42","modified_gmt":"2024-09-11T17:51:42","slug":"bildung-ist-das-fundament-auf-dem-wir-unsere-zukunft-bauen","status":"publish","type":"page","link":"https:\/\/ksr-lu.ch\/jahresbericht23-24\/bildung-ist-das-fundament-auf-dem-wir-unsere-zukunft-bauen\/","title":{"rendered":"\u201cBildung ist das Fundament, auf dem wir unsere Zukunft bauen.\u201c"},"content":{"rendered":"\n<div class=\"wp-block-image is-style-default\"><figure class=\"alignright size-large is-resized\"><img src=\"http:\/\/ksr-lu.ch\/jahresbericht23-24\/wp-content\/uploads\/sites\/199\/2023\/10\/Letizia-A.-Ineichen-1024x768.jpeg\" alt=\"\" class=\"wp-image-1280\" width=\"256\" height=\"192\" srcset=\"https:\/\/ksr-lu.ch\/jahresbericht23-24\/wp-content\/uploads\/sites\/199\/2023\/10\/Letizia-A.-Ineichen-1024x768.jpeg 1024w, https:\/\/ksr-lu.ch\/jahresbericht23-24\/wp-content\/uploads\/sites\/199\/2023\/10\/Letizia-A.-Ineichen-300x225.jpeg 300w, https:\/\/ksr-lu.ch\/jahresbericht23-24\/wp-content\/uploads\/sites\/199\/2023\/10\/Letizia-A.-Ineichen-768x576.jpeg 768w, https:\/\/ksr-lu.ch\/jahresbericht23-24\/wp-content\/uploads\/sites\/199\/2023\/10\/Letizia-A.-Ineichen-1536x1152.jpeg 1536w, https:\/\/ksr-lu.ch\/jahresbericht23-24\/wp-content\/uploads\/sites\/199\/2023\/10\/Letizia-A.-Ineichen.jpeg 2048w\" sizes=\"(max-width: 256px) 100vw, 256px\" \/><\/figure><\/div>\n\n\n\n<p>Dr. phil. Letizia A. Ineichen<br>Pr\u00e4sidentin Schulkommission Kantonsschule Reussb\u00fchl<\/p>\n\n\n\n<p>Dieses zeitlose Zitat spiegelt treffend wider, was die Menschen an der Kantonsschule Reussb\u00fchl tagt\u00e4glich anspornt und antreibt: Bildung ist der Baustein, welcher erm\u00f6glicht zu wachsen, sich weiterzuentwickeln und eine vielversprechende Zukunft zu gestalten. Mit dem Anspruch auf eine umfassende und passgenaue Bildung schafft die Kantonschule Reussb\u00fchl eine Schulkultur und Atmosph\u00e4re, in welcher durch Pers\u00f6nlichkeitsbildung, Wissensvermittlung und Kompetenzaufbau effektiv das individuelle und gesellschaftliche Fundament f\u00fcr die Zukunft gebaut werden kann.<\/p>\n\n\n\n<p>Dieses Fundament f\u00fcr die Zukunft hat die Kantonsschule Reussb\u00fchl im vergangenen Jahr durch die Projektierung des Erweiterungsbaus nicht nur gefestigt, sondern auch erweitert. Mit dem Erweiterungsbau steht eine bedeutende Weiterentwicklung zugunsten einer zukunftsorientierten Bildung an. Eine Entwicklung, welche die Schulkommission mit Interesse verfolgt und begleitet. Das Neubauprojekt steht symbolisch f\u00fcr unseren Glauben an die Kraft der Bildung und unsere Verpflichtung, die Kantonsschule Reussb\u00fchl weiterzuentwickeln und dabei auch zuk\u00fcnftig ein inspirierendes und \u00fcberzeugendes Lern- und Lehrumfeld zu schaffen.<\/p>\n\n\n\n<p>Die Schulkommission der KSR hat sich aufgrund der Kommissionsneuwahlen f\u00fcr die Legislatur 2023-2026 neu konstituiert und wird neu durch Frau Kristin Nosetti-Johannsen, MLaw (Emmenbr\u00fccke) erg\u00e4nzt.<\/p>\n\n\n\n<p>Im vergangenen Schuljahr hat sich die Schulkommission zu vier Sitzungen getroffen und ausserdem verschiedene \u00dcberf\u00fchrungsverfahren von Lehrpersonen begleitet. In einem aufschlussreichen Hospitationsnachmittag erhielt sie zudem Einblick in den Unterricht und in aktuelle Projekte der Fachschaft Deutsch.<\/p>\n\n\n\n<p>Im Rahmen ihrer Sitzungen arbeitete die Kommission an folgenden Themen: Bilanz- und Entwicklungsplan, Weiterentwicklung der gymnasialen Maturit\u00e4t, K\u00fcnstliche Intelligenz und Unterricht, Ergebnisse Elternbefragung sowie Erweiterungsbau der Kantonsschule Reussb\u00fchl.<\/p>\n\n\n\n<p>Die Schulkommission w\u00fcrdigt die durchdachte und zielgerichtete Herangehensweise der Schulleitung an Schulentwicklungsprozesse wie auch den breit abgest\u00fctzten Konsens und partizipativen Einbezug.<\/p>\n\n\n\n<p>Die \u00e4usserst positiven Ergebnisse der Maturit\u00e4tspr\u00fcfungen mit einer Abschlussquote von 97% und zwei sagenhaften Spitzenergebnissen von 5,93 durch Florian Wurmet (Neuenkirch) und von 5,83 durch Mia Schweizer (Luzern) zeigen eindr\u00fccklich und verheissungsvoll, wie durch Bildung die Grundsteine f\u00fcr die Zukunft gelegt sind. All diese aussergew\u00f6hnlichen Leistungen verdienen unsere Anerkennung und Gratulation.<\/p>\n\n\n\n<p>Die Schulkommission dankt den langj\u00e4hrigen Sponsoren der Maturapreise f\u00fcr ihre Unterst\u00fctzung sehr herzlich: der Luzerner Kantonalbank Emmenbr\u00fccke, dem Rotary Club Heidegg sowie dem Rotary Club Seetal.<\/p>\n\n\n\n<p>Im Namen der Schulkommission gilt mein besonderer Dank der Schulleitung f\u00fcr die sehr gute Zusammenarbeit und die \u00fcberaus kompetente und weit- und umsichtige F\u00fchrung der Schule, den Lehrpersonen f\u00fcr ihren engagierten Einsatz und den Mitarbeiterinnen und Mitarbeitern f\u00fcr ihre wertvolle Unterst\u00fctzung und Arbeit zugunsten der Kantonsschule. Desweitern gilt mein Dank auch den engagierten Kolleginnen und Kollegen der Schulkommission.<\/p>\n\n\n\n<p><strong>Bildung ist das Fundament, auf dem wir unsere Zukunft bauen<\/strong> \u2013 daran zu arbeiten, dazu f\u00fchlen wir uns als Schulkommission verpflichtet. In diesem Sinne freuen wir uns auch im n\u00e4chsten Schuljahr auf eine gute und zukunftsweisende Zusammenarbeit mit allen Beteiligten der Kantonsschule Reussb\u00fchl.<\/p>\n<!-- PMB print buttons is only displayed on a single post\/page URLs-->","protected":false},"excerpt":{"rendered":"<p>Dr. phil. Letizia A. IneichenPr\u00e4sidentin Schulkommission Kantonsschule Reussb\u00fchl Dieses zeitlose Zitat spiegelt treffend wider, was die Menschen an der Kantonsschule Reussb\u00fchl tagt\u00e4glich anspornt und antreibt: Bildung ist der Baustein, welcher erm\u00f6glicht zu wachsen, sich weiterzuentwickeln und eine vielversprechende Zukunft zu gestalten. Mit dem Anspruch auf eine umfassende und passgenaue Bildung schafft die Kantonschule Reussb\u00fchl eine [&hellip;]<\/p>\n","protected":false},"author":218,"featured_media":0,"parent":0,"menu_order":0,"comment_status":"closed","ping_status":"closed","template":"","meta":[],"categories":[8],"tags":[],"_links":{"self":[{"href":"https:\/\/ksr-lu.ch\/jahresbericht23-24\/wp-json\/wp\/v2\/pages\/1602"}],"collection":[{"href":"https:\/\/ksr-lu.ch\/jahresbericht23-24\/wp-json\/wp\/v2\/pages"}],"about":[{"href":"https:\/\/ksr-lu.ch\/jahresbericht23-24\/wp-json\/wp\/v2\/types\/page"}],"author":[{"embeddable":true,"href":"https:\/\/ksr-lu.ch\/jahresbericht23-24\/wp-json\/wp\/v2\/users\/218"}],"replies":[{"embeddable":true,"href":"https:\/\/ksr-lu.ch\/jahresbericht23-24\/wp-json\/wp\/v2\/comments?post=1602"}],"version-history":[{"count":3,"href":"https:\/\/ksr-lu.ch\/jahresbericht23-24\/wp-json\/wp\/v2\/pages\/1602\/revisions"}],"predecessor-version":[{"id":1939,"href":"https:\/\/ksr-lu.ch\/jahresbericht23-24\/wp-json\/wp\/v2\/pages\/1602\/revisions\/1939"}],"wp:attachment":[{"href":"https:\/\/ksr-lu.ch\/jahresbericht23-24\/wp-json\/wp\/v2\/media?parent=1602"}],"wp:term":[{"taxonomy":"category","embeddable":true,"href":"https:\/\/ksr-lu.ch\/jahresbericht23-24\/wp-json\/wp\/v2\/categories?post=1602"},{"taxonomy":"post_tag","embeddable":true,"href":"https:\/\/ksr-lu.ch\/jahresbericht23-24\/wp-json\/wp\/v2\/tags?post=1602"}],"curies":[{"name":"wp","href":"https:\/\/api.w.org\/{rel}","templated":true}]}}