{"id":1506,"date":"2024-07-11T20:03:02","date_gmt":"2024-07-11T18:03:02","guid":{"rendered":"https:\/\/ksr-lu.ch\/jahresbericht23-24\/?page_id=1506"},"modified":"2024-08-10T22:23:20","modified_gmt":"2024-08-10T20:23:20","slug":"kuenstliche-intelligenz-2","status":"publish","type":"page","link":"https:\/\/ksr-lu.ch\/jahresbericht23-24\/kuenstliche-intelligenz-2\/","title":{"rendered":"K\u00fcnstliche Intelligenz"},"content":{"rendered":"\n<p>Ladina Schneider<br>Lehrperson f\u00fcr Englisch<\/p>\n\n\n\n<p>Sp\u00e4testens seit der Ver\u00f6ffentlichung von ChatGPT Ende 2022 ist das Thema K\u00fcnstliche Intelligenz in aller Munde. Die Welt staunt begeistert \u00fcber die F\u00e4higkeit des Chatbots, Texte in Windeseile zu erstellen, zu korrigieren, zusammenzufassen, zu strukturieren oder stilistisch anzupassen. Das Programm scheint dabei auf eine schier endlose Menge an Informationen und Daten zur\u00fcckgreifen zu k\u00f6nnen und hat auf (fast) jede Frage eine ausgesprochen geschliffene Antwort. Zur Euphorie ob des unglaublichen Potentials dieser neuen Technologie mischen sich aber auch Sorge, Skepsis und ganz viele Fragen: K\u00f6nnen wir den Informationen, die uns die KI gibt, vertrauen? Wie f\u00e4llt die KI Entscheidungen und welche Konsequenzen hat das f\u00fcr den Output? Welchen Einfluss wird die KI auf unsere Gesellschaft und unseren Arbeitsmarkt haben? Auch im Bereich der Bildung stellt uns die K\u00fcnstliche Intelligenz vor ganz neue Herausforderungen. W\u00e4hrend einige Lehrpersonen bereits den Untergang der eigenst\u00e4ndigen Textproduktion betrauern, bejubeln andere die Chancen f\u00fcr den Unterricht und den Lernprozess der Sch\u00fcler\/innen. Ob man die KI im Schulkontext am liebsten verbieten w\u00fcrde oder ob man es kaum erwarten kann, das Programm gewinnbringend einzusetzen, in einem Punkt ist man sich einig: Die KI geht nicht mehr weg. Sie wird Teil unseres Alltags werden und wir m\u00fcssen uns mit ihr befassen.<\/p>\n\n\n\n<p><\/p>\n\n\n\n<div class=\"wp-block-columns\">\n<div class=\"wp-block-column\">\n<figure class=\"wp-block-gallery columns-1 is-cropped\"><ul class=\"blocks-gallery-grid\"><li class=\"blocks-gallery-item\"><figure><img width=\"1024\" height=\"612\" src=\"http:\/\/ksr-lu.ch\/jahresbericht23-24\/wp-content\/uploads\/sites\/199\/2024\/07\/September-1024x612.jpg\" alt=\"\" data-id=\"1487\" data-full-url=\"http:\/\/ksr-lu.ch\/jahresbericht23-24\/wp-content\/uploads\/sites\/199\/2024\/07\/September.jpg\" data-link=\"https:\/\/ksr-lu.ch\/jahresbericht23-24\/september-3\/\" class=\"wp-image-1487\" srcset=\"https:\/\/ksr-lu.ch\/jahresbericht23-24\/wp-content\/uploads\/sites\/199\/2024\/07\/September-1024x612.jpg 1024w, https:\/\/ksr-lu.ch\/jahresbericht23-24\/wp-content\/uploads\/sites\/199\/2024\/07\/September-300x179.jpg 300w, https:\/\/ksr-lu.ch\/jahresbericht23-24\/wp-content\/uploads\/sites\/199\/2024\/07\/September-768x459.jpg 768w, https:\/\/ksr-lu.ch\/jahresbericht23-24\/wp-content\/uploads\/sites\/199\/2024\/07\/September-1536x918.jpg 1536w, https:\/\/ksr-lu.ch\/jahresbericht23-24\/wp-content\/uploads\/sites\/199\/2024\/07\/September.jpg 2048w\" sizes=\"(max-width: 1024px) 100vw, 1024px\" \/><\/figure><\/li><\/ul><\/figure>\n<\/div>\n\n\n\n<div class=\"wp-block-column\">\n<figure class=\"wp-block-gallery columns-1 is-cropped\"><ul class=\"blocks-gallery-grid\"><li class=\"blocks-gallery-item\"><figure><img width=\"1024\" height=\"728\" src=\"http:\/\/ksr-lu.ch\/jahresbericht23-24\/wp-content\/uploads\/sites\/199\/2024\/07\/SCHILW-1024x728.jpg\" alt=\"\" data-id=\"1509\" data-full-url=\"http:\/\/ksr-lu.ch\/jahresbericht23-24\/wp-content\/uploads\/sites\/199\/2024\/07\/SCHILW-e1720722036921.jpg\" data-link=\"https:\/\/ksr-lu.ch\/jahresbericht23-24\/schilw-2\/\" class=\"wp-image-1509\" \/><\/figure><\/li><\/ul><\/figure>\n<\/div>\n<\/div>\n\n\n\n<div class=\"wp-block-columns\">\n<div class=\"wp-block-column\" style=\"flex-basis:50%\">\n<p><a href=\"https:\/\/ksr-lu.ch\/jahresbericht23-24\/ksr-together-2-0-umgang-mit-ki\/\">KSR Together 2.0 \u2013 Umgang mit KI<\/a><\/p>\n<\/div>\n\n\n\n<div class=\"wp-block-column\" style=\"flex-basis:50%\">\n<p><a href=\"https:\/\/ksr-lu.ch\/jahresbericht23-24\/schilw-kuenstliche-intelligenz-im-unterricht-am-14-september-2023\/\">SCHILW \u00abK\u00fcnstliche Intelligenz im Unterricht\u00bb am 14. September 2023<\/a><\/p>\n<\/div>\n<\/div>\n\n\n\n<div class=\"wp-block-columns\">\n<div class=\"wp-block-column\">\n<figure class=\"wp-block-gallery columns-1 is-cropped\"><ul class=\"blocks-gallery-grid\"><li class=\"blocks-gallery-item\"><figure><img width=\"1024\" height=\"593\" src=\"http:\/\/ksr-lu.ch\/jahresbericht23-24\/wp-content\/uploads\/sites\/199\/2024\/07\/Unterrichtsprojekte-1024x593.jpg\" alt=\"\" data-id=\"1511\" data-full-url=\"http:\/\/ksr-lu.ch\/jahresbericht23-24\/wp-content\/uploads\/sites\/199\/2024\/07\/Unterrichtsprojekte.jpg\" data-link=\"https:\/\/ksr-lu.ch\/jahresbericht23-24\/unterrichtsprojekte\/\" class=\"wp-image-1511\" srcset=\"https:\/\/ksr-lu.ch\/jahresbericht23-24\/wp-content\/uploads\/sites\/199\/2024\/07\/Unterrichtsprojekte-1024x593.jpg 1024w, https:\/\/ksr-lu.ch\/jahresbericht23-24\/wp-content\/uploads\/sites\/199\/2024\/07\/Unterrichtsprojekte-300x174.jpg 300w, https:\/\/ksr-lu.ch\/jahresbericht23-24\/wp-content\/uploads\/sites\/199\/2024\/07\/Unterrichtsprojekte-768x445.jpg 768w, https:\/\/ksr-lu.ch\/jahresbericht23-24\/wp-content\/uploads\/sites\/199\/2024\/07\/Unterrichtsprojekte-1536x890.jpg 1536w, https:\/\/ksr-lu.ch\/jahresbericht23-24\/wp-content\/uploads\/sites\/199\/2024\/07\/Unterrichtsprojekte.jpg 2048w\" sizes=\"(max-width: 1024px) 100vw, 1024px\" \/><\/figure><\/li><\/ul><\/figure>\n<\/div>\n\n\n\n<div class=\"wp-block-column\">\n<figure class=\"wp-block-gallery columns-1 is-cropped\"><ul class=\"blocks-gallery-grid\"><li class=\"blocks-gallery-item\"><figure><img width=\"1024\" height=\"678\" src=\"http:\/\/ksr-lu.ch\/jahresbericht23-24\/wp-content\/uploads\/sites\/199\/2024\/07\/Digital-Day-1024x678.jpg\" alt=\"\" data-id=\"1510\" data-full-url=\"http:\/\/ksr-lu.ch\/jahresbericht23-24\/wp-content\/uploads\/sites\/199\/2024\/07\/Digital-Day.jpg\" data-link=\"https:\/\/ksr-lu.ch\/jahresbericht23-24\/digital-day\/\" class=\"wp-image-1510\" srcset=\"https:\/\/ksr-lu.ch\/jahresbericht23-24\/wp-content\/uploads\/sites\/199\/2024\/07\/Digital-Day-1024x678.jpg 1024w, https:\/\/ksr-lu.ch\/jahresbericht23-24\/wp-content\/uploads\/sites\/199\/2024\/07\/Digital-Day-300x199.jpg 300w, https:\/\/ksr-lu.ch\/jahresbericht23-24\/wp-content\/uploads\/sites\/199\/2024\/07\/Digital-Day-768x509.jpg 768w, https:\/\/ksr-lu.ch\/jahresbericht23-24\/wp-content\/uploads\/sites\/199\/2024\/07\/Digital-Day-1536x1017.jpg 1536w, https:\/\/ksr-lu.ch\/jahresbericht23-24\/wp-content\/uploads\/sites\/199\/2024\/07\/Digital-Day.jpg 2048w\" sizes=\"(max-width: 1024px) 100vw, 1024px\" \/><\/figure><\/li><\/ul><\/figure>\n<\/div>\n<\/div>\n\n\n\n<div class=\"wp-block-columns\">\n<div class=\"wp-block-column\" style=\"flex-basis:50%\">\n<p><a href=\"https:\/\/ksr-lu.ch\/jahresbericht23-24\/unterrichtsprojekte-mit-ki\/\">Unterrichtsprojekte mit KI<\/a><\/p>\n<\/div>\n\n\n\n<div class=\"wp-block-column\" style=\"flex-basis:50%\">\n<p><a href=\"https:\/\/ksr-lu.ch\/jahresbericht23-24\/digital-day-kuenstliche-intelligenz-und-ethik\/\">Digital Day: K\u00fcnstliche Intelligenz und Ethik<\/a><\/p>\n<\/div>\n<\/div>\n\n\n\n<p><\/p>\n<!-- PMB print buttons is only displayed on a single post\/page URLs-->","protected":false},"excerpt":{"rendered":"<p>Ladina SchneiderLehrperson f\u00fcr Englisch Sp\u00e4testens seit der Ver\u00f6ffentlichung von ChatGPT Ende 2022 ist das Thema K\u00fcnstliche Intelligenz in aller Munde. Die Welt staunt begeistert \u00fcber die F\u00e4higkeit des Chatbots, Texte in Windeseile zu erstellen, zu korrigieren, zusammenzufassen, zu strukturieren oder stilistisch anzupassen. Das Programm scheint dabei auf eine schier endlose Menge an Informationen und Daten [&hellip;]<\/p>\n","protected":false},"author":218,"featured_media":0,"parent":0,"menu_order":0,"comment_status":"closed","ping_status":"closed","template":"","meta":[],"categories":[9],"tags":[],"_links":{"self":[{"href":"https:\/\/ksr-lu.ch\/jahresbericht23-24\/wp-json\/wp\/v2\/pages\/1506"}],"collection":[{"href":"https:\/\/ksr-lu.ch\/jahresbericht23-24\/wp-json\/wp\/v2\/pages"}],"about":[{"href":"https:\/\/ksr-lu.ch\/jahresbericht23-24\/wp-json\/wp\/v2\/types\/page"}],"author":[{"embeddable":true,"href":"https:\/\/ksr-lu.ch\/jahresbericht23-24\/wp-json\/wp\/v2\/users\/218"}],"replies":[{"embeddable":true,"href":"https:\/\/ksr-lu.ch\/jahresbericht23-24\/wp-json\/wp\/v2\/comments?post=1506"}],"version-history":[{"count":11,"href":"https:\/\/ksr-lu.ch\/jahresbericht23-24\/wp-json\/wp\/v2\/pages\/1506\/revisions"}],"predecessor-version":[{"id":1672,"href":"https:\/\/ksr-lu.ch\/jahresbericht23-24\/wp-json\/wp\/v2\/pages\/1506\/revisions\/1672"}],"wp:attachment":[{"href":"https:\/\/ksr-lu.ch\/jahresbericht23-24\/wp-json\/wp\/v2\/media?parent=1506"}],"wp:term":[{"taxonomy":"category","embeddable":true,"href":"https:\/\/ksr-lu.ch\/jahresbericht23-24\/wp-json\/wp\/v2\/categories?post=1506"},{"taxonomy":"post_tag","embeddable":true,"href":"https:\/\/ksr-lu.ch\/jahresbericht23-24\/wp-json\/wp\/v2\/tags?post=1506"}],"curies":[{"name":"wp","href":"https:\/\/api.w.org\/{rel}","templated":true}]}}