{"id":1195,"date":"2023-09-21T09:13:57","date_gmt":"2023-09-21T07:13:57","guid":{"rendered":"https:\/\/ksr-lu.ch\/jahresberichte\/?page_id=1195"},"modified":"2024-07-22T11:05:30","modified_gmt":"2024-07-22T09:05:30","slug":"november-2","status":"publish","type":"page","link":"https:\/\/ksr-lu.ch\/jahresbericht23-24\/november-2\/","title":{"rendered":"November"},"content":{"rendered":"\n<figure class=\"wp-block-table is-style-stripes\"><table><tbody><tr><td>02.<\/td><td>Probehalbtag Chor und Orchester<\/td><\/tr><tr><td>04.<\/td><td>Informationshalbtag zum Langzeit- und Kurzzeitgymnasium und zu den Schwerpunktf\u00e4chern<\/td><\/tr><tr><td>05.<\/td><td>Besprechung der Maturaarbeiten, 6. Klassen<\/td><\/tr><tr><td>08.<\/td><td>Konferenz Schulleitung, Klassenchefs 5. und 6. Klassen Vorstand Sch\u00fcler\/innenorganisation<\/td><\/tr><tr><td>09.<\/td><td>1. Pr\u00fcfungstermin f\u00fcr alle Erg\u00e4nzungsf\u00e4cher, 5. Klassen<\/td><\/tr><tr><td>09. bis<br>12.<\/td><td>Zentralschweizer Bildungsmesse ZEBI<br><\/td><\/tr><tr><td>13.<\/td><td>\u00abBlues at School\u00bb im Rahmen von Lucerne Blues Festival 3. bis 5. Klassen<\/td><\/tr><tr><td>15.<\/td><td>Mitarbeiter\/innen-Konferenz<\/td><\/tr><tr><td>11.<\/td><td>Probehalbtag Chor und Orchester<\/td><\/tr><tr><td>17.<\/td><td>Informationstag an der Universit\u00e4t Basel, 6. Klassen<\/td><\/tr><tr><td>17. bis<br>20.<\/td><td>Besuchstage f\u00fcr Eltern der Erstgymnasiast\/innen LZG und KZG<\/td><\/tr><tr><td>20.<\/td><td>Probe und Lunchtime-Konzert, Chor &amp; Orchester<\/td><\/tr><tr><td>22.<\/td><td>Sitzung Forum KSR<\/td><\/tr><tr><td>24. bis 25.<\/td><td>\u00abLange Nacht der Mathematik\u00bb 1. &#8211; 6. Klassen<\/td><\/tr><tr><td>24.<\/td><td>Informationstag an der Universit\u00e4t Luzern, 6. Klassen<\/td><\/tr><tr><td>27. und 28.<\/td><td>Schnuppertage f\u00fcr Sch\u00fcler\/innen der 6. Primarklassen f\u00fcr das LZG und der Sekundarsch\u00fcler\/innen f\u00fcr das KZG<\/td><\/tr><tr><td>28.<\/td><td>Kantonaler Fachschaftstag Geschichte &#8222;100 Jahre Vertrag von Lausanne&#8220;<\/td><\/tr><tr><td>30.<\/td><td>Elternabend 1. Klassen<\/td><\/tr><\/tbody><\/table><\/figure>\n\n\n\n<figure class=\"wp-block-image size-large is-style-default\"><img width=\"1024\" height=\"687\" src=\"http:\/\/ksr-lu.ch\/jahresbericht23-24\/wp-content\/uploads\/sites\/199\/2024\/07\/November-1024x687.jpg\" alt=\"\" class=\"wp-image-1485\" srcset=\"https:\/\/ksr-lu.ch\/jahresbericht23-24\/wp-content\/uploads\/sites\/199\/2024\/07\/November-1024x687.jpg 1024w, https:\/\/ksr-lu.ch\/jahresbericht23-24\/wp-content\/uploads\/sites\/199\/2024\/07\/November-300x201.jpg 300w, https:\/\/ksr-lu.ch\/jahresbericht23-24\/wp-content\/uploads\/sites\/199\/2024\/07\/November-768x515.jpg 768w, https:\/\/ksr-lu.ch\/jahresbericht23-24\/wp-content\/uploads\/sites\/199\/2024\/07\/November-1536x1030.jpg 1536w, https:\/\/ksr-lu.ch\/jahresbericht23-24\/wp-content\/uploads\/sites\/199\/2024\/07\/November.jpg 2048w\" sizes=\"(max-width: 1024px) 100vw, 1024px\" \/><\/figure>\n<!-- PMB print buttons is only displayed on a single post\/page URLs-->","protected":false},"excerpt":{"rendered":"<p>02. Probehalbtag Chor und Orchester 04. Informationshalbtag zum Langzeit- und Kurzzeitgymnasium und zu den Schwerpunktf\u00e4chern 05. Besprechung der Maturaarbeiten, 6. Klassen 08. Konferenz Schulleitung, Klassenchefs 5. und 6. Klassen Vorstand Sch\u00fcler\/innenorganisation 09. 1. Pr\u00fcfungstermin f\u00fcr alle Erg\u00e4nzungsf\u00e4cher, 5. Klassen 09. bis12. Zentralschweizer Bildungsmesse ZEBI 13. \u00abBlues at School\u00bb im Rahmen von Lucerne Blues Festival 3. [&hellip;]<\/p>\n","protected":false},"author":218,"featured_media":0,"parent":0,"menu_order":0,"comment_status":"closed","ping_status":"closed","template":"","meta":[],"categories":[],"tags":[],"_links":{"self":[{"href":"https:\/\/ksr-lu.ch\/jahresbericht23-24\/wp-json\/wp\/v2\/pages\/1195"}],"collection":[{"href":"https:\/\/ksr-lu.ch\/jahresbericht23-24\/wp-json\/wp\/v2\/pages"}],"about":[{"href":"https:\/\/ksr-lu.ch\/jahresbericht23-24\/wp-json\/wp\/v2\/types\/page"}],"author":[{"embeddable":true,"href":"https:\/\/ksr-lu.ch\/jahresbericht23-24\/wp-json\/wp\/v2\/users\/218"}],"replies":[{"embeddable":true,"href":"https:\/\/ksr-lu.ch\/jahresbericht23-24\/wp-json\/wp\/v2\/comments?post=1195"}],"version-history":[{"count":7,"href":"https:\/\/ksr-lu.ch\/jahresbericht23-24\/wp-json\/wp\/v2\/pages\/1195\/revisions"}],"predecessor-version":[{"id":1554,"href":"https:\/\/ksr-lu.ch\/jahresbericht23-24\/wp-json\/wp\/v2\/pages\/1195\/revisions\/1554"}],"wp:attachment":[{"href":"https:\/\/ksr-lu.ch\/jahresbericht23-24\/wp-json\/wp\/v2\/media?parent=1195"}],"wp:term":[{"taxonomy":"category","embeddable":true,"href":"https:\/\/ksr-lu.ch\/jahresbericht23-24\/wp-json\/wp\/v2\/categories?post=1195"},{"taxonomy":"post_tag","embeddable":true,"href":"https:\/\/ksr-lu.ch\/jahresbericht23-24\/wp-json\/wp\/v2\/tags?post=1195"}],"curies":[{"name":"wp","href":"https:\/\/api.w.org\/{rel}","templated":true}]}}