{"id":1193,"date":"2023-09-21T09:13:44","date_gmt":"2023-09-21T07:13:44","guid":{"rendered":"https:\/\/ksr-lu.ch\/jahresberichte\/?page_id=1193"},"modified":"2024-07-22T10:52:21","modified_gmt":"2024-07-22T08:52:21","slug":"oktober-2","status":"publish","type":"page","link":"https:\/\/ksr-lu.ch\/jahresbericht23-24\/oktober-2\/","title":{"rendered":"Oktober"},"content":{"rendered":"\n<figure class=\"wp-block-table is-style-stripes\"><table><tbody><tr><td>12.<\/td><td>Abgabe Maturaarbeit 6. Klassen<\/td><\/tr><tr><td>16.<\/td><td>Unterrichtsbeginn alle Klassen<\/td><\/tr><tr><td>24.<\/td><td>Workshop &#8222;Poster gestalten&#8220; f\u00fcr Maturaarbeitspr\u00e4sentationen<\/td><\/tr><tr><td>25.<\/td><td>Mittagsveranstaltung \u00abErfahrungen mit dem Fremdsprachenpraktikum\u00bb 4. Klassen<\/td><\/tr><tr><td>26.<\/td><td>1. Pr\u00fcfungstermin f\u00fcr alle Erg\u00e4nzungsf\u00e4cher, 6. Klassen<\/td><\/tr><tr><td>30.<\/td><td>Allgemeine Schulkonferenz<\/td><\/tr><\/tbody><\/table><\/figure>\n\n\n\n<figure class=\"wp-block-image size-large is-style-default\"><img width=\"1024\" height=\"719\" src=\"http:\/\/ksr-lu.ch\/jahresbericht23-24\/wp-content\/uploads\/sites\/199\/2024\/07\/Oktober-1024x719.jpg\" alt=\"\" class=\"wp-image-1486\" srcset=\"https:\/\/ksr-lu.ch\/jahresbericht23-24\/wp-content\/uploads\/sites\/199\/2024\/07\/Oktober-1024x719.jpg 1024w, https:\/\/ksr-lu.ch\/jahresbericht23-24\/wp-content\/uploads\/sites\/199\/2024\/07\/Oktober-300x210.jpg 300w, https:\/\/ksr-lu.ch\/jahresbericht23-24\/wp-content\/uploads\/sites\/199\/2024\/07\/Oktober-768x539.jpg 768w, https:\/\/ksr-lu.ch\/jahresbericht23-24\/wp-content\/uploads\/sites\/199\/2024\/07\/Oktober-1536x1078.jpg 1536w, https:\/\/ksr-lu.ch\/jahresbericht23-24\/wp-content\/uploads\/sites\/199\/2024\/07\/Oktober.jpg 2048w\" sizes=\"(max-width: 1024px) 100vw, 1024px\" \/><\/figure>\n<!-- PMB print buttons is only displayed on a single post\/page URLs-->","protected":false},"excerpt":{"rendered":"<p>12. Abgabe Maturaarbeit 6. Klassen 16. Unterrichtsbeginn alle Klassen 24. Workshop &#8222;Poster gestalten&#8220; f\u00fcr Maturaarbeitspr\u00e4sentationen 25. Mittagsveranstaltung \u00abErfahrungen mit dem Fremdsprachenpraktikum\u00bb 4. Klassen 26. 1. Pr\u00fcfungstermin f\u00fcr alle Erg\u00e4nzungsf\u00e4cher, 6. Klassen 30. Allgemeine Schulkonferenz<\/p>\n","protected":false},"author":218,"featured_media":0,"parent":0,"menu_order":0,"comment_status":"closed","ping_status":"closed","template":"","meta":[],"categories":[],"tags":[],"_links":{"self":[{"href":"https:\/\/ksr-lu.ch\/jahresbericht23-24\/wp-json\/wp\/v2\/pages\/1193"}],"collection":[{"href":"https:\/\/ksr-lu.ch\/jahresbericht23-24\/wp-json\/wp\/v2\/pages"}],"about":[{"href":"https:\/\/ksr-lu.ch\/jahresbericht23-24\/wp-json\/wp\/v2\/types\/page"}],"author":[{"embeddable":true,"href":"https:\/\/ksr-lu.ch\/jahresbericht23-24\/wp-json\/wp\/v2\/users\/218"}],"replies":[{"embeddable":true,"href":"https:\/\/ksr-lu.ch\/jahresbericht23-24\/wp-json\/wp\/v2\/comments?post=1193"}],"version-history":[{"count":7,"href":"https:\/\/ksr-lu.ch\/jahresbericht23-24\/wp-json\/wp\/v2\/pages\/1193\/revisions"}],"predecessor-version":[{"id":1550,"href":"https:\/\/ksr-lu.ch\/jahresbericht23-24\/wp-json\/wp\/v2\/pages\/1193\/revisions\/1550"}],"wp:attachment":[{"href":"https:\/\/ksr-lu.ch\/jahresbericht23-24\/wp-json\/wp\/v2\/media?parent=1193"}],"wp:term":[{"taxonomy":"category","embeddable":true,"href":"https:\/\/ksr-lu.ch\/jahresbericht23-24\/wp-json\/wp\/v2\/categories?post=1193"},{"taxonomy":"post_tag","embeddable":true,"href":"https:\/\/ksr-lu.ch\/jahresbericht23-24\/wp-json\/wp\/v2\/tags?post=1193"}],"curies":[{"name":"wp","href":"https:\/\/api.w.org\/{rel}","templated":true}]}}