{"id":1191,"date":"2023-09-21T09:13:09","date_gmt":"2023-09-21T07:13:09","guid":{"rendered":"https:\/\/ksr-lu.ch\/jahresberichte\/?page_id=1191"},"modified":"2024-09-11T21:25:58","modified_gmt":"2024-09-11T19:25:58","slug":"september-2","status":"publish","type":"page","link":"https:\/\/ksr-lu.ch\/jahresbericht23-24\/september-2\/","title":{"rendered":"September"},"content":{"rendered":"\n<figure class=\"wp-block-table is-style-stripes\"><table><tbody><tr><td>01.<\/td><td>Instruktionen zur Pr\u00fcfungskoordination f\u00fcr Klassenchefs 1.-3. Klassen<\/td><\/tr><tr><td>01.<\/td><td>Projektnachmittag zur Vorbereitung der Kulturprojekte 6. Klassen<\/td><\/tr><tr><td>01.<\/td><td>Besuch Generalprobe Lucerne Festival, alle Sch\u00fcler\/innen mit WPF &amp; SF Musik<\/td><\/tr><tr><td>02.<\/td><td>Kick-off F\u00f6rderprogramm CHANCE KSR 1. &#8211; 6. Klassen<\/td><\/tr><tr><td>04.<\/td><td>Moderiertes Konzert von Lucerne Festival, 3. Klassen &amp; SF Musik<\/td><\/tr><tr><td>04.<\/td><td>Freiwillige Einf\u00fchrung zu ChatGPT f\u00fcr Lehrpersonen zur Vorbereitung von KSR_together<\/td><\/tr><tr><td>05.<\/td><td>Schulreise<\/td><\/tr><tr><td>06.<\/td><td>Matura-Information 5. Klassen<\/td><\/tr><tr><td>06.<\/td><td>Kick-off Pr\u00fcfungen Mathematik, 2. Klassen<\/td><\/tr><tr><td>07.<\/td><td>Informationstag Universit\u00e4t &amp; ETH Z\u00fcrich, 6. Klassen<\/td><\/tr><tr><td>07.<\/td><td>Informationsveranstaltung Begabtenf\u00f6rderungsprogramm Oberstufe, ausgew\u00e4hlte 3. &#8211; 5. Kl\u00e4ssler\/innen<\/td><\/tr><tr><td>08.<\/td><td>Konzert im Rahmen von Lucerne Festival 1. Klassen<\/td><\/tr><tr><td>11.<\/td><td>Kantonaler Fachschaftstag Philosophie &#8222;K\u00fcnstliche Intelligenz&#8220;<\/td><\/tr><tr><td>11.\/14.<br>und 15.<\/td><td>Studienwahl-Parcours der Berufs- und Studienberatung, 5. Klassen<\/td><\/tr><tr><td>14.<\/td><td>KSR_together \/ SCHILW &#8222;K\u00fcnstliche Intelligenz im Unterricht&#8220;<\/td><\/tr><tr><td>15.<\/td><td>Delegiertenversammlung Sch\u00fcler\/innenorganisation, SO-Delegierte alle Klassenstufen<\/td><\/tr><tr><td>18.<\/td><td>Kantonaler Fachschaftstag Religionskunde &amp; Ethik &#8222;Religion &amp; Sexualit\u00e4t&#8220;<\/td><\/tr><tr><td>18.<\/td><td>Sitzung Forum KSR<\/td><\/tr><tr><td>20.<\/td><td>Informationsveranstaltung zum SOL-Projekt &#8222;Tanz am Mittag&#8220;, 3. Klassen<\/td><\/tr><tr><td>20.<\/td><td>Lunchtime-Konzert<\/td><\/tr><tr><td>21.<\/td><td>Matura-Information 6. Klassen<\/td><\/tr><tr><td>22.<\/td><td>Ap\u00e9ro mit ehemaligen Lehrpersonen&nbsp;<\/td><\/tr><tr><td>22.<\/td><td>Info Maturaarbeit, 5. Klassen<\/td><\/tr><tr><td>25. bis<br>28.<\/td><td>Herbststudienwoche, 1.-6. Klassen<\/td><\/tr><tr><td>27.<\/td><td>Elternabend &#8222;Medienbildung&#8220;, 2. Klassen<\/td><\/tr><tr><td>30. bis<br>15.10.<\/td><td>Herbstferien<\/td><\/tr><\/tbody><\/table><\/figure>\n\n\n\n<figure class=\"wp-block-image size-large is-style-default\"><img width=\"1024\" height=\"612\" src=\"http:\/\/ksr-lu.ch\/jahresbericht23-24\/wp-content\/uploads\/sites\/199\/2024\/07\/September-1024x612.jpg\" alt=\"\" class=\"wp-image-1487\" srcset=\"https:\/\/ksr-lu.ch\/jahresbericht23-24\/wp-content\/uploads\/sites\/199\/2024\/07\/September-1024x612.jpg 1024w, https:\/\/ksr-lu.ch\/jahresbericht23-24\/wp-content\/uploads\/sites\/199\/2024\/07\/September-300x179.jpg 300w, https:\/\/ksr-lu.ch\/jahresbericht23-24\/wp-content\/uploads\/sites\/199\/2024\/07\/September-768x459.jpg 768w, https:\/\/ksr-lu.ch\/jahresbericht23-24\/wp-content\/uploads\/sites\/199\/2024\/07\/September-1536x918.jpg 1536w, https:\/\/ksr-lu.ch\/jahresbericht23-24\/wp-content\/uploads\/sites\/199\/2024\/07\/September.jpg 2048w\" sizes=\"(max-width: 1024px) 100vw, 1024px\" \/><\/figure>\n<!-- PMB print buttons is only displayed on a single post\/page URLs-->","protected":false},"excerpt":{"rendered":"<p>01. Instruktionen zur Pr\u00fcfungskoordination f\u00fcr Klassenchefs 1.-3. Klassen 01. Projektnachmittag zur Vorbereitung der Kulturprojekte 6. Klassen 01. Besuch Generalprobe Lucerne Festival, alle Sch\u00fcler\/innen mit WPF &amp; SF Musik 02. Kick-off F\u00f6rderprogramm CHANCE KSR 1. &#8211; 6. Klassen 04. Moderiertes Konzert von Lucerne Festival, 3. Klassen &amp; SF Musik 04. Freiwillige Einf\u00fchrung zu ChatGPT f\u00fcr Lehrpersonen [&hellip;]<\/p>\n","protected":false},"author":218,"featured_media":0,"parent":0,"menu_order":0,"comment_status":"closed","ping_status":"closed","template":"","meta":[],"categories":[],"tags":[],"_links":{"self":[{"href":"https:\/\/ksr-lu.ch\/jahresbericht23-24\/wp-json\/wp\/v2\/pages\/1191"}],"collection":[{"href":"https:\/\/ksr-lu.ch\/jahresbericht23-24\/wp-json\/wp\/v2\/pages"}],"about":[{"href":"https:\/\/ksr-lu.ch\/jahresbericht23-24\/wp-json\/wp\/v2\/types\/page"}],"author":[{"embeddable":true,"href":"https:\/\/ksr-lu.ch\/jahresbericht23-24\/wp-json\/wp\/v2\/users\/218"}],"replies":[{"embeddable":true,"href":"https:\/\/ksr-lu.ch\/jahresbericht23-24\/wp-json\/wp\/v2\/comments?post=1191"}],"version-history":[{"count":9,"href":"https:\/\/ksr-lu.ch\/jahresbericht23-24\/wp-json\/wp\/v2\/pages\/1191\/revisions"}],"predecessor-version":[{"id":1952,"href":"https:\/\/ksr-lu.ch\/jahresbericht23-24\/wp-json\/wp\/v2\/pages\/1191\/revisions\/1952"}],"wp:attachment":[{"href":"https:\/\/ksr-lu.ch\/jahresbericht23-24\/wp-json\/wp\/v2\/media?parent=1191"}],"wp:term":[{"taxonomy":"category","embeddable":true,"href":"https:\/\/ksr-lu.ch\/jahresbericht23-24\/wp-json\/wp\/v2\/categories?post=1191"},{"taxonomy":"post_tag","embeddable":true,"href":"https:\/\/ksr-lu.ch\/jahresbericht23-24\/wp-json\/wp\/v2\/tags?post=1191"}],"curies":[{"name":"wp","href":"https:\/\/api.w.org\/{rel}","templated":true}]}}