{"id":1189,"date":"2023-09-21T09:12:58","date_gmt":"2023-09-21T07:12:58","guid":{"rendered":"https:\/\/ksr-lu.ch\/jahresberichte\/?page_id=1189"},"modified":"2024-07-22T10:16:01","modified_gmt":"2024-07-22T08:16:01","slug":"august-2","status":"publish","type":"page","link":"https:\/\/ksr-lu.ch\/jahresbericht23-24\/august-2\/","title":{"rendered":"August"},"content":{"rendered":"\n<figure class=\"wp-block-table is-style-stripes\"><table><tbody><tr><td>17.<\/td><td>Einf\u00fchrungsnachmittag f\u00fcr neue Lehrpersonen<\/td><\/tr><tr><td>18.<\/td><td>Konferenztag Lehrpersonen<\/td><\/tr><tr><td>21.<\/td><td>Beginn des Schuljahres mit Er\u00f6ffnungsfeier<\/td><\/tr><tr><td>21.<\/td><td>Inbetriebnahme Lernenden-Notebooks LENO, 1. Klassen<\/td><\/tr><tr><td>21.<\/td><td>Inbetriebnahme Lernenden-Notebooks LENO, 1. Klassen KZG<\/td><\/tr><tr><td>25.<\/td><td>Instruktionen zur Pr\u00fcfungskoordination f\u00fcr Klassenchefs 4.-6. Klassen<\/td><\/tr><tr><td>28.<\/td><td>1. Schulkommissionssitzung KSR &amp; MSE<\/td><\/tr><tr><td>30.<\/td><td>Moderiertes Konzert von Lucerne Festival, 2. Klassen<\/td><\/tr><tr><td>31.<\/td><td>Einf\u00fchrungsveranstaltung BFSTK Mathematik 5. Klassen<\/td><\/tr><tr><td>31.<\/td><td>Einstufungstest DaZ<\/td><\/tr><\/tbody><\/table><\/figure>\n\n\n\n<figure class=\"wp-block-image size-large is-style-default\"><img width=\"1024\" height=\"746\" src=\"http:\/\/ksr-lu.ch\/jahresbericht23-24\/wp-content\/uploads\/sites\/199\/2024\/07\/August-1-1024x746.jpg\" alt=\"\" class=\"wp-image-1489\" srcset=\"https:\/\/ksr-lu.ch\/jahresbericht23-24\/wp-content\/uploads\/sites\/199\/2024\/07\/August-1-1024x746.jpg 1024w, https:\/\/ksr-lu.ch\/jahresbericht23-24\/wp-content\/uploads\/sites\/199\/2024\/07\/August-1-300x219.jpg 300w, https:\/\/ksr-lu.ch\/jahresbericht23-24\/wp-content\/uploads\/sites\/199\/2024\/07\/August-1-768x560.jpg 768w, https:\/\/ksr-lu.ch\/jahresbericht23-24\/wp-content\/uploads\/sites\/199\/2024\/07\/August-1-1536x1119.jpg 1536w, https:\/\/ksr-lu.ch\/jahresbericht23-24\/wp-content\/uploads\/sites\/199\/2024\/07\/August-1.jpg 2048w\" sizes=\"(max-width: 1024px) 100vw, 1024px\" \/><\/figure>\n<!-- PMB print buttons is only displayed on a single post\/page URLs-->","protected":false},"excerpt":{"rendered":"<p>17. Einf\u00fchrungsnachmittag f\u00fcr neue Lehrpersonen 18. Konferenztag Lehrpersonen 21. Beginn des Schuljahres mit Er\u00f6ffnungsfeier 21. Inbetriebnahme Lernenden-Notebooks LENO, 1. Klassen 21. Inbetriebnahme Lernenden-Notebooks LENO, 1. Klassen KZG 25. Instruktionen zur Pr\u00fcfungskoordination f\u00fcr Klassenchefs 4.-6. Klassen 28. 1. Schulkommissionssitzung KSR &amp; MSE 30. Moderiertes Konzert von Lucerne Festival, 2. Klassen 31. Einf\u00fchrungsveranstaltung BFSTK Mathematik 5. Klassen [&hellip;]<\/p>\n","protected":false},"author":218,"featured_media":0,"parent":0,"menu_order":0,"comment_status":"closed","ping_status":"closed","template":"","meta":[],"categories":[],"tags":[],"_links":{"self":[{"href":"https:\/\/ksr-lu.ch\/jahresbericht23-24\/wp-json\/wp\/v2\/pages\/1189"}],"collection":[{"href":"https:\/\/ksr-lu.ch\/jahresbericht23-24\/wp-json\/wp\/v2\/pages"}],"about":[{"href":"https:\/\/ksr-lu.ch\/jahresbericht23-24\/wp-json\/wp\/v2\/types\/page"}],"author":[{"embeddable":true,"href":"https:\/\/ksr-lu.ch\/jahresbericht23-24\/wp-json\/wp\/v2\/users\/218"}],"replies":[{"embeddable":true,"href":"https:\/\/ksr-lu.ch\/jahresbericht23-24\/wp-json\/wp\/v2\/comments?post=1189"}],"version-history":[{"count":6,"href":"https:\/\/ksr-lu.ch\/jahresbericht23-24\/wp-json\/wp\/v2\/pages\/1189\/revisions"}],"predecessor-version":[{"id":1543,"href":"https:\/\/ksr-lu.ch\/jahresbericht23-24\/wp-json\/wp\/v2\/pages\/1189\/revisions\/1543"}],"wp:attachment":[{"href":"https:\/\/ksr-lu.ch\/jahresbericht23-24\/wp-json\/wp\/v2\/media?parent=1189"}],"wp:term":[{"taxonomy":"category","embeddable":true,"href":"https:\/\/ksr-lu.ch\/jahresbericht23-24\/wp-json\/wp\/v2\/categories?post=1189"},{"taxonomy":"post_tag","embeddable":true,"href":"https:\/\/ksr-lu.ch\/jahresbericht23-24\/wp-json\/wp\/v2\/tags?post=1189"}],"curies":[{"name":"wp","href":"https:\/\/api.w.org\/{rel}","templated":true}]}}