{"id":1183,"date":"2023-09-21T09:12:21","date_gmt":"2023-09-21T07:12:21","guid":{"rendered":"https:\/\/ksr-lu.ch\/jahresberichte\/?page_id=1183"},"modified":"2024-07-22T12:02:32","modified_gmt":"2024-07-22T10:02:32","slug":"mai-3","status":"publish","type":"page","link":"https:\/\/ksr-lu.ch\/jahresbericht23-24\/mai-3\/","title":{"rendered":"Mai"},"content":{"rendered":"\n<figure class=\"wp-block-table is-style-stripes\"><table><tbody><tr><td>01.<\/td><td>Mitarbeiter\/-innen Konferenz<\/td><\/tr><tr><td>01.<\/td><td>Nachhaltigkeitstag, 2. Klassen<\/td><\/tr><tr><td>01.<\/td><td>R\u00fcckmeldegespr\u00e4che mit den Primarlehrpersonen<\/td><\/tr><tr><td>02.<\/td><td>4. Pr\u00fcfungstermin f\u00fcr alle Erg\u00e4nzungsf\u00e4cher, 5. Klassen<\/td><\/tr><tr><td>03.bis<br>05.<\/td><td>\u00d6ffentliche Theaterauff\u00fchrung &#8222;Ein Sommernachtstraum&#8220;<\/td><\/tr><tr><td>07.<\/td><td>Schulauff\u00fchrung &#8222;Ein Sommernachtstraum&#8220;<\/td><\/tr><tr><td>08.<\/td><td>Jahrespr\u00fcfung Mathematik 4. Klassen<\/td><\/tr><tr><td>08.<\/td><td>Schulschluss der 6. Klassen<\/td><\/tr><tr><td>08.<\/td><td>Notenkonferenz der 6. Klassen<\/td><\/tr><tr><td>13.bis<br>17.5<\/td><td>Fr\u00fchlingsstudienwoche<\/td><\/tr><tr><td>17.bis<br>24.<\/td><td>Matura: schriftliche Pr\u00fcfungen<\/td><\/tr><tr><td>27.<\/td><td>Lunchtime-Konzert<\/td><\/tr><tr><td>27.<\/td><td>Informationsabend zur Studienwahl f\u00fcr 5. Kl\u00e4ssler\/innen und ihre Eltern<\/td><\/tr><tr><td>31.<\/td><td>SCHILW &#8222;F\u00f6rderorientiertes Pr\u00fcfen&#8220;<\/td><\/tr><\/tbody><\/table><\/figure>\n\n\n\n<figure class=\"wp-block-image size-large is-style-default\"><img width=\"1024\" height=\"498\" src=\"http:\/\/ksr-lu.ch\/jahresbericht23-24\/wp-content\/uploads\/sites\/199\/2024\/07\/Mai-1024x498.jpg\" alt=\"\" class=\"wp-image-1483\" srcset=\"https:\/\/ksr-lu.ch\/jahresbericht23-24\/wp-content\/uploads\/sites\/199\/2024\/07\/Mai-1024x498.jpg 1024w, https:\/\/ksr-lu.ch\/jahresbericht23-24\/wp-content\/uploads\/sites\/199\/2024\/07\/Mai-300x146.jpg 300w, https:\/\/ksr-lu.ch\/jahresbericht23-24\/wp-content\/uploads\/sites\/199\/2024\/07\/Mai-768x374.jpg 768w, https:\/\/ksr-lu.ch\/jahresbericht23-24\/wp-content\/uploads\/sites\/199\/2024\/07\/Mai-1536x747.jpg 1536w, https:\/\/ksr-lu.ch\/jahresbericht23-24\/wp-content\/uploads\/sites\/199\/2024\/07\/Mai.jpg 2048w\" sizes=\"(max-width: 1024px) 100vw, 1024px\" \/><\/figure>\n<!-- PMB print buttons is only displayed on a single post\/page URLs-->","protected":false},"excerpt":{"rendered":"<p>01. Mitarbeiter\/-innen Konferenz 01. Nachhaltigkeitstag, 2. Klassen 01. R\u00fcckmeldegespr\u00e4che mit den Primarlehrpersonen 02. 4. Pr\u00fcfungstermin f\u00fcr alle Erg\u00e4nzungsf\u00e4cher, 5. Klassen 03.bis05. \u00d6ffentliche Theaterauff\u00fchrung &#8222;Ein Sommernachtstraum&#8220; 07. Schulauff\u00fchrung &#8222;Ein Sommernachtstraum&#8220; 08. Jahrespr\u00fcfung Mathematik 4. Klassen 08. Schulschluss der 6. Klassen 08. Notenkonferenz der 6. Klassen 13.bis17.5 Fr\u00fchlingsstudienwoche 17.bis24. Matura: schriftliche Pr\u00fcfungen 27. Lunchtime-Konzert 27. Informationsabend zur [&hellip;]<\/p>\n","protected":false},"author":218,"featured_media":0,"parent":0,"menu_order":0,"comment_status":"closed","ping_status":"closed","template":"","meta":[],"categories":[],"tags":[],"_links":{"self":[{"href":"https:\/\/ksr-lu.ch\/jahresbericht23-24\/wp-json\/wp\/v2\/pages\/1183"}],"collection":[{"href":"https:\/\/ksr-lu.ch\/jahresbericht23-24\/wp-json\/wp\/v2\/pages"}],"about":[{"href":"https:\/\/ksr-lu.ch\/jahresbericht23-24\/wp-json\/wp\/v2\/types\/page"}],"author":[{"embeddable":true,"href":"https:\/\/ksr-lu.ch\/jahresbericht23-24\/wp-json\/wp\/v2\/users\/218"}],"replies":[{"embeddable":true,"href":"https:\/\/ksr-lu.ch\/jahresbericht23-24\/wp-json\/wp\/v2\/comments?post=1183"}],"version-history":[{"count":6,"href":"https:\/\/ksr-lu.ch\/jahresbericht23-24\/wp-json\/wp\/v2\/pages\/1183\/revisions"}],"predecessor-version":[{"id":1568,"href":"https:\/\/ksr-lu.ch\/jahresbericht23-24\/wp-json\/wp\/v2\/pages\/1183\/revisions\/1568"}],"wp:attachment":[{"href":"https:\/\/ksr-lu.ch\/jahresbericht23-24\/wp-json\/wp\/v2\/media?parent=1183"}],"wp:term":[{"taxonomy":"category","embeddable":true,"href":"https:\/\/ksr-lu.ch\/jahresbericht23-24\/wp-json\/wp\/v2\/categories?post=1183"},{"taxonomy":"post_tag","embeddable":true,"href":"https:\/\/ksr-lu.ch\/jahresbericht23-24\/wp-json\/wp\/v2\/tags?post=1183"}],"curies":[{"name":"wp","href":"https:\/\/api.w.org\/{rel}","templated":true}]}}