{"id":1181,"date":"2023-09-21T09:12:11","date_gmt":"2023-09-21T07:12:11","guid":{"rendered":"https:\/\/ksr-lu.ch\/jahresberichte\/?page_id=1181"},"modified":"2024-07-22T10:11:24","modified_gmt":"2024-07-22T08:11:24","slug":"april-2","status":"publish","type":"page","link":"https:\/\/ksr-lu.ch\/jahresbericht23-24\/april-2\/","title":{"rendered":"April"},"content":{"rendered":"\n<figure class=\"wp-block-table is-style-stripes\"><table><tbody><tr><td>15. <\/td><td>Unterrichtsbeginn gem\u00e4ss Stundenplan<\/td><\/tr><tr><td>18.<\/td><td>Allgemeine Schulkonferenz<\/td><\/tr><tr><td>23.<\/td><td>Kantonaler Fachschaftstag Deutsch &#8222;Literatur verlebendigen&#8220;<\/td><\/tr><tr><td>23.<\/td><td>Probehalbtag und Lunchtime-Konzert, Perkussions-Ensemble &amp; Band<\/td><\/tr><tr><td>24.<\/td><td>Probehalbtag Theater, Freifach Theater<\/td><\/tr><tr><td>26.<\/td><td>Fr\u00fchlingskonzert von Perkussions-Ensemble &amp; Band<\/td><\/tr><tr><td>29.<\/td><td>4. Pr\u00fcfungstermin f\u00fcr alle Erg\u00e4nzungsf\u00e4cher, 6. Klassen<\/td><\/tr><tr><td>29.<\/td><td>Vorbereitungslektionen Fr\u00fchlingsstudienwoche &#8222;Kreative Produktionen&#8220;, 2. Klassen<\/td><\/tr><tr><td>29.<\/td><td>Elternabend der 4. Klassen &#8222;Gelassener Umgang mit Stress&#8220; mit Fachinput von Schulpsychologin Eva Rothenb\u00fchler<\/td><\/tr><\/tbody><\/table><\/figure>\n\n\n\n<figure class=\"wp-block-image size-large is-style-default\"><img width=\"1024\" height=\"683\" src=\"http:\/\/ksr-lu.ch\/jahresbericht23-24\/wp-content\/uploads\/sites\/199\/2024\/07\/April-1024x683.jpg\" alt=\"\" class=\"wp-image-1488\" srcset=\"https:\/\/ksr-lu.ch\/jahresbericht23-24\/wp-content\/uploads\/sites\/199\/2024\/07\/April-1024x683.jpg 1024w, https:\/\/ksr-lu.ch\/jahresbericht23-24\/wp-content\/uploads\/sites\/199\/2024\/07\/April-300x200.jpg 300w, https:\/\/ksr-lu.ch\/jahresbericht23-24\/wp-content\/uploads\/sites\/199\/2024\/07\/April-768x512.jpg 768w, https:\/\/ksr-lu.ch\/jahresbericht23-24\/wp-content\/uploads\/sites\/199\/2024\/07\/April-1536x1024.jpg 1536w, https:\/\/ksr-lu.ch\/jahresbericht23-24\/wp-content\/uploads\/sites\/199\/2024\/07\/April.jpg 2048w\" sizes=\"(max-width: 1024px) 100vw, 1024px\" \/><\/figure>\n<!-- PMB print buttons is only displayed on a single post\/page URLs-->","protected":false},"excerpt":{"rendered":"<p>15. Unterrichtsbeginn gem\u00e4ss Stundenplan 18. Allgemeine Schulkonferenz 23. Kantonaler Fachschaftstag Deutsch &#8222;Literatur verlebendigen&#8220; 23. Probehalbtag und Lunchtime-Konzert, Perkussions-Ensemble &amp; Band 24. Probehalbtag Theater, Freifach Theater 26. Fr\u00fchlingskonzert von Perkussions-Ensemble &amp; Band 29. 4. Pr\u00fcfungstermin f\u00fcr alle Erg\u00e4nzungsf\u00e4cher, 6. Klassen 29. Vorbereitungslektionen Fr\u00fchlingsstudienwoche &#8222;Kreative Produktionen&#8220;, 2. Klassen 29. Elternabend der 4. Klassen &#8222;Gelassener Umgang mit Stress&#8220; [&hellip;]<\/p>\n","protected":false},"author":218,"featured_media":0,"parent":0,"menu_order":0,"comment_status":"closed","ping_status":"closed","template":"","meta":[],"categories":[],"tags":[],"_links":{"self":[{"href":"https:\/\/ksr-lu.ch\/jahresbericht23-24\/wp-json\/wp\/v2\/pages\/1181"}],"collection":[{"href":"https:\/\/ksr-lu.ch\/jahresbericht23-24\/wp-json\/wp\/v2\/pages"}],"about":[{"href":"https:\/\/ksr-lu.ch\/jahresbericht23-24\/wp-json\/wp\/v2\/types\/page"}],"author":[{"embeddable":true,"href":"https:\/\/ksr-lu.ch\/jahresbericht23-24\/wp-json\/wp\/v2\/users\/218"}],"replies":[{"embeddable":true,"href":"https:\/\/ksr-lu.ch\/jahresbericht23-24\/wp-json\/wp\/v2\/comments?post=1181"}],"version-history":[{"count":6,"href":"https:\/\/ksr-lu.ch\/jahresbericht23-24\/wp-json\/wp\/v2\/pages\/1181\/revisions"}],"predecessor-version":[{"id":1540,"href":"https:\/\/ksr-lu.ch\/jahresbericht23-24\/wp-json\/wp\/v2\/pages\/1181\/revisions\/1540"}],"wp:attachment":[{"href":"https:\/\/ksr-lu.ch\/jahresbericht23-24\/wp-json\/wp\/v2\/media?parent=1181"}],"wp:term":[{"taxonomy":"category","embeddable":true,"href":"https:\/\/ksr-lu.ch\/jahresbericht23-24\/wp-json\/wp\/v2\/categories?post=1181"},{"taxonomy":"post_tag","embeddable":true,"href":"https:\/\/ksr-lu.ch\/jahresbericht23-24\/wp-json\/wp\/v2\/tags?post=1181"}],"curies":[{"name":"wp","href":"https:\/\/api.w.org\/{rel}","templated":true}]}}