{"id":1179,"date":"2023-09-21T09:11:44","date_gmt":"2023-09-21T07:11:44","guid":{"rendered":"https:\/\/ksr-lu.ch\/jahresberichte\/?page_id=1179"},"modified":"2024-09-11T21:40:48","modified_gmt":"2024-09-11T19:40:48","slug":"maerz-2","status":"publish","type":"page","link":"https:\/\/ksr-lu.ch\/jahresbericht23-24\/maerz-2\/","title":{"rendered":"M\u00e4rz"},"content":{"rendered":"\n<figure class=\"wp-block-table is-style-stripes\"><table><tbody><tr><td>06.<\/td><td>Delegiertenversammlung Sch\u00fcler\/innenorganisation<\/td><\/tr><tr><td>06.<\/td><td>Kantonaler Fachschaftstag Bildnerisches Gestalten<\/td><\/tr><tr><td>06.<\/td><td>Austauschtreffen &#8222;Schnittstelle Sekundarschule &#8211; KZG&#8220;<\/td><\/tr><tr><td>07.<\/td><td>3. Pr\u00fcfungstermin f\u00fcr alle Erg\u00e4nzungsf\u00e4cher, 5. Klassen<\/td><\/tr><tr><td>08.<\/td><td>Probeweekend Schultheater<\/td><\/tr><tr><td>11.<\/td><td>Elternabend 3. Klassen<\/td><\/tr><tr><td>13. <\/td><td>Projekttag &#8222;Informatik und Medienbildung&#8220;, 4. Klassen<\/td><\/tr><tr><td>15.<\/td><td>Schulkommissions-Besuchsnachmittag Fachschaft Deutsch<\/td><\/tr><tr><td>18.<\/td><td>Diskussion mit Widerstandsk\u00e4mpfer Dr. Wolfgang Welsch zum Thema &#8222;Freiheit und Gerechtigkeit&#8220;, 5. Klassen und ausgew. 4. Klassen<\/td><\/tr><tr><td>18.<\/td><td>Kollegenvortrag von Gabriel Kuhn &#8222;Fotos und Fruchtgeschmack &#8211; wie aus einer Reise Kunst wird&#8220;<\/td><\/tr><tr><td>19.<\/td><td>Sitzung Forum KSR<\/td><\/tr><tr><td>19.<\/td><td>Kantonaler Fachschaftstag Sport<\/td><\/tr><tr><td>19. bis<br>28.<\/td><td>Ausstellung &#8222;Fokus Maturaarbeit&#8220;<\/td><\/tr><tr><td>20.<\/td><td>Konferenz Schulleitung, Klassenchefs 1. &amp; 2. Klassen Vorstand Sch\u00fcler\/innenorganisation<\/td><\/tr><tr><td>21.<\/td><td>K\u00e4nguru-Wettbewerb, obligatorisch f\u00fcr 1.-2. Klassen &amp; freiwillig f\u00fcr 3.-6. Klassen<\/td><\/tr><tr><td>22.<\/td><td>Matin\u00e9e de Contes mit dem Duo Atata\u00ef, 3. Klassen<\/td><\/tr><tr><td>22.<\/td><td>Jahrespr\u00fcfung Franz\u00f6sisch, 2. Klassen<\/td><\/tr><tr><td>25.<\/td><td>Erste Hilfe Workshop, 2. Klassen<\/td><\/tr><tr><td>26.<\/td><td>Erste Hilfe-Refresher f\u00fcr interessierte Lehrpersonen und Mitarbeitende<\/td><\/tr><tr><td>27.<\/td><td>&#8222;Gedanken zur Stadt der Zukunft&#8220; &#8211; Vortrag von Dr. Tea Lobo ETH Z\u00fcrich<\/td><\/tr><tr><td>27.<\/td><td>Lunchtime-Konzert<\/td><\/tr><tr><td>28.<\/td><td>Maturapr\u00fcfungen: Praktische Maturapr\u00fcfung EF Sport<\/td><\/tr><tr><td>28.<\/td><td>Besuch Bildungsdirektor Dr. Armin Hartmann mit anschliessendem \u00f6sterlichen Eiert\u00fctschen<\/td><\/tr><tr><td>29. bis 14.4.<\/td><td>Osterferien<\/td><\/tr><\/tbody><\/table><\/figure>\n\n\n\n<figure class=\"wp-block-image size-large is-style-default\"><img width=\"1024\" height=\"599\" src=\"http:\/\/ksr-lu.ch\/jahresbericht23-24\/wp-content\/uploads\/sites\/199\/2024\/07\/Maerz-1024x599.jpg\" alt=\"\" class=\"wp-image-1484\" srcset=\"https:\/\/ksr-lu.ch\/jahresbericht23-24\/wp-content\/uploads\/sites\/199\/2024\/07\/Maerz-1024x599.jpg 1024w, https:\/\/ksr-lu.ch\/jahresbericht23-24\/wp-content\/uploads\/sites\/199\/2024\/07\/Maerz-300x175.jpg 300w, https:\/\/ksr-lu.ch\/jahresbericht23-24\/wp-content\/uploads\/sites\/199\/2024\/07\/Maerz-768x449.jpg 768w, https:\/\/ksr-lu.ch\/jahresbericht23-24\/wp-content\/uploads\/sites\/199\/2024\/07\/Maerz-1536x899.jpg 1536w, https:\/\/ksr-lu.ch\/jahresbericht23-24\/wp-content\/uploads\/sites\/199\/2024\/07\/Maerz.jpg 2048w\" sizes=\"(max-width: 1024px) 100vw, 1024px\" \/><\/figure>\n<!-- PMB print buttons is only displayed on a single post\/page URLs-->","protected":false},"excerpt":{"rendered":"<p>06. Delegiertenversammlung Sch\u00fcler\/innenorganisation 06. Kantonaler Fachschaftstag Bildnerisches Gestalten 06. Austauschtreffen &#8222;Schnittstelle Sekundarschule &#8211; KZG&#8220; 07. 3. Pr\u00fcfungstermin f\u00fcr alle Erg\u00e4nzungsf\u00e4cher, 5. Klassen 08. Probeweekend Schultheater 11. Elternabend 3. Klassen 13. Projekttag &#8222;Informatik und Medienbildung&#8220;, 4. Klassen 15. Schulkommissions-Besuchsnachmittag Fachschaft Deutsch 18. Diskussion mit Widerstandsk\u00e4mpfer Dr. Wolfgang Welsch zum Thema &#8222;Freiheit und Gerechtigkeit&#8220;, 5. Klassen und [&hellip;]<\/p>\n","protected":false},"author":218,"featured_media":0,"parent":0,"menu_order":0,"comment_status":"closed","ping_status":"closed","template":"","meta":[],"categories":[],"tags":[],"_links":{"self":[{"href":"https:\/\/ksr-lu.ch\/jahresbericht23-24\/wp-json\/wp\/v2\/pages\/1179"}],"collection":[{"href":"https:\/\/ksr-lu.ch\/jahresbericht23-24\/wp-json\/wp\/v2\/pages"}],"about":[{"href":"https:\/\/ksr-lu.ch\/jahresbericht23-24\/wp-json\/wp\/v2\/types\/page"}],"author":[{"embeddable":true,"href":"https:\/\/ksr-lu.ch\/jahresbericht23-24\/wp-json\/wp\/v2\/users\/218"}],"replies":[{"embeddable":true,"href":"https:\/\/ksr-lu.ch\/jahresbericht23-24\/wp-json\/wp\/v2\/comments?post=1179"}],"version-history":[{"count":8,"href":"https:\/\/ksr-lu.ch\/jahresbericht23-24\/wp-json\/wp\/v2\/pages\/1179\/revisions"}],"predecessor-version":[{"id":1954,"href":"https:\/\/ksr-lu.ch\/jahresbericht23-24\/wp-json\/wp\/v2\/pages\/1179\/revisions\/1954"}],"wp:attachment":[{"href":"https:\/\/ksr-lu.ch\/jahresbericht23-24\/wp-json\/wp\/v2\/media?parent=1179"}],"wp:term":[{"taxonomy":"category","embeddable":true,"href":"https:\/\/ksr-lu.ch\/jahresbericht23-24\/wp-json\/wp\/v2\/categories?post=1179"},{"taxonomy":"post_tag","embeddable":true,"href":"https:\/\/ksr-lu.ch\/jahresbericht23-24\/wp-json\/wp\/v2\/tags?post=1179"}],"curies":[{"name":"wp","href":"https:\/\/api.w.org\/{rel}","templated":true}]}}