{"id":1177,"date":"2023-09-21T09:11:33","date_gmt":"2023-09-21T07:11:33","guid":{"rendered":"https:\/\/ksr-lu.ch\/jahresberichte\/?page_id=1177"},"modified":"2024-07-22T11:33:20","modified_gmt":"2024-07-22T09:33:20","slug":"februar-2","status":"publish","type":"page","link":"https:\/\/ksr-lu.ch\/jahresbericht23-24\/februar-2\/","title":{"rendered":"Februar"},"content":{"rendered":"\n<figure class=\"wp-block-table is-style-stripes\"><table><tbody><tr><td>02.<\/td><td>Kantonaler Fachschaftstag Musik &#8222;STIMMig unterwegs im Musikunterricht&#8220;<\/td><\/tr><tr><td>03.  bis<br>18.<\/td><td>Fasnachtsferien<\/td><\/tr><tr><td>19.<\/td><td>Unterrichtsbeginn<\/td><\/tr><tr><td>20.<\/td><td>Kollegenvortrag von Gabriela Colangelo &#8222;Rom &#8211; abseits der touristischen Pfade&#8220;<\/td><\/tr><tr><td>23.<\/td><td>Wintersporttag &#8211; musste mangels Schnee abgesagt werden<\/td><\/tr><tr><td>26.<\/td><td>Lunchtime-Konzert<\/td><\/tr><tr><td>29.<\/td><td>3. Schulkommissionssitzung<\/td><\/tr><tr><td>29.<\/td><td>3. Pr\u00fcfungstermin f\u00fcr alle Erg\u00e4nzungsf\u00e4cher, 6. Klassen<\/td><\/tr><\/tbody><\/table><\/figure>\n\n\n\n<figure class=\"wp-block-image size-large is-style-default\"><img width=\"1024\" height=\"624\" src=\"http:\/\/ksr-lu.ch\/jahresbericht23-24\/wp-content\/uploads\/sites\/199\/2024\/07\/Februar-1024x624.jpg\" alt=\"\" class=\"wp-image-1479\" srcset=\"https:\/\/ksr-lu.ch\/jahresbericht23-24\/wp-content\/uploads\/sites\/199\/2024\/07\/Februar-1024x624.jpg 1024w, https:\/\/ksr-lu.ch\/jahresbericht23-24\/wp-content\/uploads\/sites\/199\/2024\/07\/Februar-300x183.jpg 300w, https:\/\/ksr-lu.ch\/jahresbericht23-24\/wp-content\/uploads\/sites\/199\/2024\/07\/Februar-768x468.jpg 768w, https:\/\/ksr-lu.ch\/jahresbericht23-24\/wp-content\/uploads\/sites\/199\/2024\/07\/Februar-1536x935.jpg 1536w, https:\/\/ksr-lu.ch\/jahresbericht23-24\/wp-content\/uploads\/sites\/199\/2024\/07\/Februar.jpg 2048w\" sizes=\"(max-width: 1024px) 100vw, 1024px\" \/><\/figure>\n<!-- PMB print buttons is only displayed on a single post\/page URLs-->","protected":false},"excerpt":{"rendered":"<p>02. Kantonaler Fachschaftstag Musik &#8222;STIMMig unterwegs im Musikunterricht&#8220; 03. bis18. Fasnachtsferien 19. Unterrichtsbeginn 20. Kollegenvortrag von Gabriela Colangelo &#8222;Rom &#8211; abseits der touristischen Pfade&#8220; 23. Wintersporttag &#8211; musste mangels Schnee abgesagt werden 26. Lunchtime-Konzert 29. 3. Schulkommissionssitzung 29. 3. Pr\u00fcfungstermin f\u00fcr alle Erg\u00e4nzungsf\u00e4cher, 6. Klassen<\/p>\n","protected":false},"author":218,"featured_media":0,"parent":0,"menu_order":0,"comment_status":"closed","ping_status":"closed","template":"","meta":[],"categories":[],"tags":[],"_links":{"self":[{"href":"https:\/\/ksr-lu.ch\/jahresbericht23-24\/wp-json\/wp\/v2\/pages\/1177"}],"collection":[{"href":"https:\/\/ksr-lu.ch\/jahresbericht23-24\/wp-json\/wp\/v2\/pages"}],"about":[{"href":"https:\/\/ksr-lu.ch\/jahresbericht23-24\/wp-json\/wp\/v2\/types\/page"}],"author":[{"embeddable":true,"href":"https:\/\/ksr-lu.ch\/jahresbericht23-24\/wp-json\/wp\/v2\/users\/218"}],"replies":[{"embeddable":true,"href":"https:\/\/ksr-lu.ch\/jahresbericht23-24\/wp-json\/wp\/v2\/comments?post=1177"}],"version-history":[{"count":7,"href":"https:\/\/ksr-lu.ch\/jahresbericht23-24\/wp-json\/wp\/v2\/pages\/1177\/revisions"}],"predecessor-version":[{"id":1563,"href":"https:\/\/ksr-lu.ch\/jahresbericht23-24\/wp-json\/wp\/v2\/pages\/1177\/revisions\/1563"}],"wp:attachment":[{"href":"https:\/\/ksr-lu.ch\/jahresbericht23-24\/wp-json\/wp\/v2\/media?parent=1177"}],"wp:term":[{"taxonomy":"category","embeddable":true,"href":"https:\/\/ksr-lu.ch\/jahresbericht23-24\/wp-json\/wp\/v2\/categories?post=1177"},{"taxonomy":"post_tag","embeddable":true,"href":"https:\/\/ksr-lu.ch\/jahresbericht23-24\/wp-json\/wp\/v2\/tags?post=1177"}],"curies":[{"name":"wp","href":"https:\/\/api.w.org\/{rel}","templated":true}]}}