{"id":1175,"date":"2023-09-21T09:11:16","date_gmt":"2023-09-21T07:11:16","guid":{"rendered":"https:\/\/ksr-lu.ch\/jahresberichte\/?page_id=1175"},"modified":"2024-07-22T12:20:06","modified_gmt":"2024-07-22T10:20:06","slug":"januar-2","status":"publish","type":"page","link":"https:\/\/ksr-lu.ch\/jahresbericht23-24\/januar-2\/","title":{"rendered":"Januar"},"content":{"rendered":"\n<figure class=\"wp-block-table is-style-stripes\"><table><tbody><tr><td>08.<\/td><td>Unterrichtsbeginn<\/td><\/tr><tr><td>08.<\/td><td>Neujahrsap\u00e9ro KSR und MSE<\/td><\/tr><tr><td>11.<\/td><td>2. Pr\u00fcfungstermin f\u00fcr alle Erg\u00e4nzungsf\u00e4cher, 5. Klassen<\/td><\/tr><tr><td>15.<\/td><td>Infoveranstaltung Erg\u00e4nzungsf\u00e4cher 4 Klassen<\/td><\/tr><tr><td>15.<\/td><td>Matura-Information 6. Klassen<\/td><\/tr><tr><td>16.<\/td><td>Schnuppertag f\u00fcr Sch\u00fcler\/innen der 6. Primarklassen f\u00fcr das LZG<\/td><\/tr><tr><td>17.<\/td><td>Kantonaler Fachschaftstag Mathematik<\/td><\/tr><tr><td>17.<\/td><td>Notenkonferenzen 6. Klassen<\/td><\/tr><tr><td>18.<\/td><td>Probehalbtag Perkussions-Ensemble<\/td><\/tr><tr><td>19.<\/td><td>Standaktion Studienwahl<\/td><\/tr><tr><td>19.<\/td><td>Probehalbtag Perkussions-Ensemble<\/td><\/tr><tr><td>23.<\/td><td>Fachvorstandskonferenz<\/td><\/tr><tr><td>24. bis <br>26.<\/td><td>Besuch Zentral- und Hochschulbibliothek, 5. Klassen<\/td><\/tr><tr><td>25.<\/td><td>Sitzung Forum KSR<\/td><\/tr><tr><td>25.<\/td><td>Menschenrechtstag, 6. Klassen<\/td><\/tr><tr><td>26.<\/td><td>Holocaust-Tag 4. Klassen<\/td><\/tr><tr><td>26.<\/td><td>Ende des 1. Semesters<\/td><\/tr><tr><td>29.<\/td><td>Beginn des 2. Semesters<\/td><\/tr><tr><td>29.<\/td><td>Klassenkonferenzen 1. &#8211; 5. Klassen<\/td><\/tr><tr><td>30.<\/td><td>Lunchtime-Konzert Perkussions-Ensemble<\/td><\/tr><tr><td>30.<\/td><td>Probehalbtag Theater, Freifach Theater<\/td><\/tr><tr><td>31.<\/td><td>Projekt-Halbtag &#8222;Einf\u00fchrung in das wissenschaftliche Arbeiten, 5. Klassen<\/td><\/tr><tr><td>31. <\/td><td>Coaching-Gef\u00e4ss CHANCE KSR<\/td><\/tr><tr><td>31.<\/td><td>Allgemeine Schulkonferenz<\/td><\/tr><\/tbody><\/table><\/figure>\n\n\n\n<figure class=\"wp-block-image size-large is-style-default\"><img width=\"1024\" height=\"481\" src=\"http:\/\/ksr-lu.ch\/jahresbericht23-24\/wp-content\/uploads\/sites\/199\/2024\/07\/Januar-1024x481.jpg\" alt=\"\" class=\"wp-image-1480\" srcset=\"https:\/\/ksr-lu.ch\/jahresbericht23-24\/wp-content\/uploads\/sites\/199\/2024\/07\/Januar-1024x481.jpg 1024w, https:\/\/ksr-lu.ch\/jahresbericht23-24\/wp-content\/uploads\/sites\/199\/2024\/07\/Januar-300x141.jpg 300w, https:\/\/ksr-lu.ch\/jahresbericht23-24\/wp-content\/uploads\/sites\/199\/2024\/07\/Januar-768x361.jpg 768w, https:\/\/ksr-lu.ch\/jahresbericht23-24\/wp-content\/uploads\/sites\/199\/2024\/07\/Januar-1536x722.jpg 1536w, https:\/\/ksr-lu.ch\/jahresbericht23-24\/wp-content\/uploads\/sites\/199\/2024\/07\/Januar.jpg 2048w\" sizes=\"(max-width: 1024px) 100vw, 1024px\" \/><\/figure>\n<!-- PMB print buttons is only displayed on a single post\/page URLs-->","protected":false},"excerpt":{"rendered":"<p>08. Unterrichtsbeginn 08. Neujahrsap\u00e9ro KSR und MSE 11. 2. Pr\u00fcfungstermin f\u00fcr alle Erg\u00e4nzungsf\u00e4cher, 5. Klassen 15. Infoveranstaltung Erg\u00e4nzungsf\u00e4cher 4 Klassen 15. Matura-Information 6. Klassen 16. Schnuppertag f\u00fcr Sch\u00fcler\/innen der 6. Primarklassen f\u00fcr das LZG 17. Kantonaler Fachschaftstag Mathematik 17. Notenkonferenzen 6. Klassen 18. Probehalbtag Perkussions-Ensemble 19. Standaktion Studienwahl 19. Probehalbtag Perkussions-Ensemble 23. Fachvorstandskonferenz 24. bis [&hellip;]<\/p>\n","protected":false},"author":218,"featured_media":0,"parent":0,"menu_order":0,"comment_status":"closed","ping_status":"closed","template":"","meta":[],"categories":[],"tags":[],"_links":{"self":[{"href":"https:\/\/ksr-lu.ch\/jahresbericht23-24\/wp-json\/wp\/v2\/pages\/1175"}],"collection":[{"href":"https:\/\/ksr-lu.ch\/jahresbericht23-24\/wp-json\/wp\/v2\/pages"}],"about":[{"href":"https:\/\/ksr-lu.ch\/jahresbericht23-24\/wp-json\/wp\/v2\/types\/page"}],"author":[{"embeddable":true,"href":"https:\/\/ksr-lu.ch\/jahresbericht23-24\/wp-json\/wp\/v2\/users\/218"}],"replies":[{"embeddable":true,"href":"https:\/\/ksr-lu.ch\/jahresbericht23-24\/wp-json\/wp\/v2\/comments?post=1175"}],"version-history":[{"count":8,"href":"https:\/\/ksr-lu.ch\/jahresbericht23-24\/wp-json\/wp\/v2\/pages\/1175\/revisions"}],"predecessor-version":[{"id":1575,"href":"https:\/\/ksr-lu.ch\/jahresbericht23-24\/wp-json\/wp\/v2\/pages\/1175\/revisions\/1575"}],"wp:attachment":[{"href":"https:\/\/ksr-lu.ch\/jahresbericht23-24\/wp-json\/wp\/v2\/media?parent=1175"}],"wp:term":[{"taxonomy":"category","embeddable":true,"href":"https:\/\/ksr-lu.ch\/jahresbericht23-24\/wp-json\/wp\/v2\/categories?post=1175"},{"taxonomy":"post_tag","embeddable":true,"href":"https:\/\/ksr-lu.ch\/jahresbericht23-24\/wp-json\/wp\/v2\/tags?post=1175"}],"curies":[{"name":"wp","href":"https:\/\/api.w.org\/{rel}","templated":true}]}}