{"id":66,"date":"2023-03-23T11:19:14","date_gmt":"2023-03-23T10:19:14","guid":{"rendered":"https:\/\/ksr-lu.ch\/jahresberichte\/?page_id=66"},"modified":"2023-10-07T12:08:28","modified_gmt":"2023-10-07T10:08:28","slug":"transformation-und-horizonterweiterung-im-bildungsalltag","status":"publish","type":"page","link":"https:\/\/ksr-lu.ch\/jahresbericht22-23\/transformation-und-horizonterweiterung-im-bildungsalltag\/","title":{"rendered":"Schule schafft Identit\u00e4t!"},"content":{"rendered":"\n<p>Dr. phil. Letizia A. Ineichen<br>Pr\u00e4sidentin Schulkommission Kantonsschule Reussb\u00fchl<\/p>\n\n\n\n<div class=\"wp-block-image is-style-default\"><figure class=\"alignright size-large is-resized\"><img src=\"http:\/\/ksr-lu.ch\/jahresbericht22-23\/wp-content\/uploads\/sites\/197\/2023\/10\/Letizia-A.-Ineichen-1024x768.jpeg\" alt=\"\" class=\"wp-image-1280\" width=\"256\" height=\"192\" srcset=\"https:\/\/ksr-lu.ch\/jahresbericht22-23\/wp-content\/uploads\/sites\/197\/2023\/10\/Letizia-A.-Ineichen-1024x768.jpeg 1024w, https:\/\/ksr-lu.ch\/jahresbericht22-23\/wp-content\/uploads\/sites\/197\/2023\/10\/Letizia-A.-Ineichen-300x225.jpeg 300w, https:\/\/ksr-lu.ch\/jahresbericht22-23\/wp-content\/uploads\/sites\/197\/2023\/10\/Letizia-A.-Ineichen-768x576.jpeg 768w, https:\/\/ksr-lu.ch\/jahresbericht22-23\/wp-content\/uploads\/sites\/197\/2023\/10\/Letizia-A.-Ineichen-1536x1152.jpeg 1536w, https:\/\/ksr-lu.ch\/jahresbericht22-23\/wp-content\/uploads\/sites\/197\/2023\/10\/Letizia-A.-Ineichen.jpeg 2048w\" sizes=\"(max-width: 256px) 100vw, 256px\" \/><\/figure><\/div>\n\n\n\n<p>Die Kantonsschule Reussb\u00fchl schafft Identit\u00e4t mit ihrem Anspruch an eine umfassende und ganzheitliche (Pers\u00f6nlichkeits-)Bildung, eine lebendige Schulkultur, gemeinsame Werte, gelebte Zusammenarbeit und an vorausschauende Zielsetzungen und Visionen. Dies sowohl f\u00fcr die Lernenden und Lehrenden, f\u00fcr die Eltern, das schulische Umfeld und die Mitarbeitenden der KSR als auch f\u00fcr die Schulkommission. Die Schulkommission der Kantonsschule Reussb\u00fchl ist sich der Tragweite dieser Identit\u00e4t bewusst: Im schulischen Kontext schafft sie eine positive Atmosph\u00e4re des Lernens, des F\u00f6rderns und Wachsens, in welcher der gemeinsame Zusammenhalt neue Perspektiven erm\u00f6glicht.<\/p>\n\n\n\n<p>Die Schulkommission der KSR hat sich im vergangenen Schuljahr zu vier Sitzungen getroffen und ebenso verschiedene Rekrutierungs- und \u00dcberf\u00fchrungsverfahren begleitet. Zudem erhielt sie in einem aufschlussreichen Hospitationsnachmittag Einblick in den Unterricht und in aktuelle Projekte der Fachschaft Biologie.<\/p>\n\n\n\n<p>Die Auseinandersetzung mit Identit\u00e4t bildete f\u00fcr die Schulkommission einen roten Faden im Kommissionsjahr: Zum einen veranlassten die Ergebnisse der externen IFES-Evaluation die Schulkommission dazu, bedeutende St\u00e4rken sowie das Optimierungspotenzial der KSR kritisch zu reflektieren und neue Ziele f\u00fcr die Weiterentwicklung der Schule zu formulieren. Zum andern fordert die geplante bauliche Erweiterung der KSR gerade nach Bekanntgabe des Siegerprojekts und ersten Geb\u00e4ude-Visualisierungen dazu auf, sich mit dem Thema der Identit\u00e4t gegenw\u00e4rtig und zuk\u00fcnftig auseinanderzusetzen.<\/p>\n\n\n\n<p>Die Schulkommission arbeitete im Rahmen ihrer Sitzungen desweitern an folgenden Themen: Bilanz- und Entwicklungsbericht, Notebook-Klassen BYOD\/LENO, k\u00fcnstliche Intelligenz im schulischen Kontext sowie Weiterentwicklung der gymnasialen Maturit\u00e4t. Die Schulkommission durfte erkennen, mit welch zielgerichteter und durchdachter Herangehensweise sich die Schulleitung laufender wie geplanter Schulentwicklungsprozesse annimmt und sich f\u00fcr eine starke und verl\u00e4ssliche Identit\u00e4t der Schule einsetzt.<\/p>\n\n\n\n<p>Identit\u00e4tsstiftende Bildung f\u00fcr junge Menschen hat an der Kantonsschule Reussb\u00fchl oberste Priorit\u00e4t. Dies zeigt sich auch in den positiven Ergebnissen der Maturit\u00e4tspr\u00fcfungen. Das Spitzenresultat von 5.93 (!) des Maturanden Linus Greter ist aussergew\u00f6hnlich und verdient Anerkennung. Die Schulkommission dankt den langj\u00e4hrigen Sponsoren der Maturapreise f\u00fcr ihre Unterst\u00fctzung sehr herzlich: der Luzerner Kantonalbank Emmenbr\u00fccke, dem Rotary Club Heidegg sowie dem Rotary Club Seetal.<\/p>\n\n\n\n<p>Die Schulkommission der Kantonschule Reussb\u00fchl gedenkt der verstorbenen Pr\u00e4sidentin der Schulkommission MSE, Mirjam Schwegler. Mirjam Schwegler war von 1997 bis 2014 Mitglied der Schulkommission der KSR und von 2019 &#8211; 2023 Kommissionspr\u00e4sidentin der MSE. W\u00e4hrend all dieser Jahre hat sich Mirjam Schwegler mit gr\u00f6sster Hingabe und einem aussergew\u00f6hnlichen Engagement sowohl f\u00fcr die KSR wie auch f\u00fcr die MSE eingesetzt. Durch ihr beeindruckendes Wirken zugunsten der Bildung pr\u00e4gte sie die Identit\u00e4t der Schule. Die Schulkommission der KSR ist Mirjam Schwegler f\u00fcr all ihre Verdienste aufrichtig dankbar.<\/p>\n\n\n\n<p>Im Namen der Schulkommission gilt mein besonderer Dank der Schulleitung f\u00fcr die sehr gute Zusammenarbeit und die \u00fcberaus kompetente und weitsichtige F\u00fchrung der Schule, den Lehrpersonen f\u00fcr ihren engagierten Einsatz und den Mitarbeiterinnen des Sekretariats f\u00fcr ihre wertvolle Unterst\u00fctzung. Desweitern gilt mein Dank auch den engagierten Kolleginnen und Kollegen der Schulkommission. Ein besonderes Dankesch\u00f6n geht an Dr. iur. Raphael Haas, welcher in der Schulkommission w\u00e4hrend sechs Jahren \u00e4usserst kompetent mitwirkte.<\/p>\n\n\n\n<p>Schule schafft Identit\u00e4t \u2013 daran zu arbeiten f\u00fchlen wir uns als Schulkommission verpflichtet. In diesem Sinne freuen wir uns auch im n\u00e4chsten Schuljahr auf eine gute und identit\u00e4tsstiftende Zusammenarbeit mit allen Beteiligten der Kantonsschule Reussb\u00fchl.<\/p>\n<!-- PMB print buttons is only displayed on a single post\/page URLs-->","protected":false},"excerpt":{"rendered":"<p>Dr. phil. Letizia A. IneichenPr\u00e4sidentin Schulkommission Kantonsschule Reussb\u00fchl Die Kantonsschule Reussb\u00fchl schafft Identit\u00e4t mit ihrem Anspruch an eine umfassende und ganzheitliche (Pers\u00f6nlichkeits-)Bildung, eine lebendige Schulkultur, gemeinsame Werte, gelebte Zusammenarbeit und an vorausschauende Zielsetzungen und Visionen. Dies sowohl f\u00fcr die Lernenden und Lehrenden, f\u00fcr die Eltern, das schulische Umfeld und die Mitarbeitenden der KSR als auch [&hellip;]<\/p>\n","protected":false},"author":218,"featured_media":0,"parent":0,"menu_order":0,"comment_status":"closed","ping_status":"closed","template":"","meta":[],"categories":[8],"tags":[],"_links":{"self":[{"href":"https:\/\/ksr-lu.ch\/jahresbericht22-23\/wp-json\/wp\/v2\/pages\/66"}],"collection":[{"href":"https:\/\/ksr-lu.ch\/jahresbericht22-23\/wp-json\/wp\/v2\/pages"}],"about":[{"href":"https:\/\/ksr-lu.ch\/jahresbericht22-23\/wp-json\/wp\/v2\/types\/page"}],"author":[{"embeddable":true,"href":"https:\/\/ksr-lu.ch\/jahresbericht22-23\/wp-json\/wp\/v2\/users\/218"}],"replies":[{"embeddable":true,"href":"https:\/\/ksr-lu.ch\/jahresbericht22-23\/wp-json\/wp\/v2\/comments?post=66"}],"version-history":[{"count":4,"href":"https:\/\/ksr-lu.ch\/jahresbericht22-23\/wp-json\/wp\/v2\/pages\/66\/revisions"}],"predecessor-version":[{"id":1300,"href":"https:\/\/ksr-lu.ch\/jahresbericht22-23\/wp-json\/wp\/v2\/pages\/66\/revisions\/1300"}],"wp:attachment":[{"href":"https:\/\/ksr-lu.ch\/jahresbericht22-23\/wp-json\/wp\/v2\/media?parent=66"}],"wp:term":[{"taxonomy":"category","embeddable":true,"href":"https:\/\/ksr-lu.ch\/jahresbericht22-23\/wp-json\/wp\/v2\/categories?post=66"},{"taxonomy":"post_tag","embeddable":true,"href":"https:\/\/ksr-lu.ch\/jahresbericht22-23\/wp-json\/wp\/v2\/tags?post=66"}],"curies":[{"name":"wp","href":"https:\/\/api.w.org\/{rel}","templated":true}]}}