{"id":508,"date":"2023-07-25T17:19:36","date_gmt":"2023-07-25T15:19:36","guid":{"rendered":"https:\/\/ksr-lu.ch\/jahresberichte\/?page_id=508"},"modified":"2023-09-17T12:32:35","modified_gmt":"2023-09-17T10:32:35","slug":"unsere-maturi-und-maturae-2","status":"publish","type":"page","link":"https:\/\/ksr-lu.ch\/jahresbericht22-23\/unsere-maturi-und-maturae-2\/","title":{"rendered":"Unsere Maturi und Maturae"},"content":{"rendered":"\n<style id=\"bwg-style-0\">    #bwg_container1_0 #bwg_container2_0 .bwg-container-0.bwg-standard-thumbnails {      width: 1254px;              justify-content: center;        margin:0 auto !important;              background-color: rgba(255, 255, 255, 0.00);            padding-left: 4px;      padding-top: 4px;      max-width: 100%;            }        #bwg_container1_0 #bwg_container2_0 .bwg-container-0.bwg-standard-thumbnails .bwg-item {    justify-content: flex-start;      max-width: 250px;          }    #bwg_container1_0 #bwg_container2_0 .bwg-container-0.bwg-standard-thumbnails .bwg-item a {       margin-right: 4px;       margin-bottom: 4px;    }    #bwg_container1_0 #bwg_container2_0 .bwg-container-0.bwg-standard-thumbnails .bwg-item0 {      padding: 0px;            background-color:rgba(0,0,0, 0.30);      border: 0px none #CCCCCC;      opacity: 1.00;      border-radius: 0;      box-shadow: ;    }    #bwg_container1_0 #bwg_container2_0 .bwg-container-0.bwg-standard-thumbnails .bwg-item1 img {      max-height: none;      max-width: none;      padding: 0 !important;    }         @media only screen and (min-width: 480px) {\t\t#bwg_container1_0 #bwg_container2_0 .bwg-container-0.bwg-standard-thumbnails .bwg-item1 img {\t\t\t-webkit-transition: all .3s; transition: all .3s;\t\t}\t\t#bwg_container1_0 #bwg_container2_0 .bwg-container-0.bwg-standard-thumbnails .bwg-item1 img:hover {\t\t\t-ms-transform: scale(1.08);\t\t\t-webkit-transform: scale(1.08);\t\t\ttransform: scale(1.08);\t\t}\t\t\t\t.bwg-standard-thumbnails .bwg-zoom-effect .bwg-zoom-effect-overlay {\t\t\t\t\t\tbackground-color:rgba(0,0,0, 0.3);\t\t}\t\t.bwg-standard-thumbnails .bwg-zoom-effect:hover img {\t\t\t-ms-transform: scale(1.08);\t\t\t-webkit-transform: scale(1.08);\t\t\ttransform: scale(1.08);\t\t}\t\t      }\t    #bwg_container1_0 #bwg_container2_0 .bwg-container-0.bwg-standard-thumbnails .bwg-item1 {      padding-top: 56%;    }        #bwg_container1_0 #bwg_container2_0 .bwg-container-0.bwg-standard-thumbnails .bwg-title1 {      position: absolute;      top: 0;      z-index: 100;      width: 100%;      height: 100%;      display: flex;      justify-content: center;      align-content: center;      flex-direction: column;      opacity: 0;    }\t      #bwg_container1_0 #bwg_container2_0 .bwg-container-0.bwg-standard-thumbnails .bwg-title2,    #bwg_container1_0 #bwg_container2_0 .bwg-container-0.bwg-standard-thumbnails .bwg-ecommerce2 {      color: #FFFFFF;      font-family: Ubuntu;      font-size: 16px;      font-weight: bold;      padding: 2px;      text-shadow: ;      max-height: 100%;    }    #bwg_container1_0 #bwg_container2_0 .bwg-container-0.bwg-standard-thumbnails .bwg-thumb-description span {    color: #323A45;    font-family: Ubuntu;    font-size: 12px;    max-height: 100%;    word-wrap: break-word;    }    #bwg_container1_0 #bwg_container2_0 .bwg-container-0.bwg-standard-thumbnails .bwg-play-icon2 {      font-size: 32px;    }    #bwg_container1_0 #bwg_container2_0 .bwg-container-0.bwg-standard-thumbnails .bwg-ecommerce2 {      font-size: 19.2px;      color: #323A45;    }    <\/style>    <div id=\"bwg_container1_0\"         class=\"bwg_container bwg_thumbnail bwg_thumbnails \"         data-right-click-protection=\"0\"         data-bwg=\"0\"         data-scroll=\"0\"         data-gallery-type=\"thumbnails\"         data-gallery-view-type=\"thumbnails\"         data-current-url=\"\/jahresbericht22-23\/wp-json\/wp\/v2\/pages\/508\"         data-lightbox-url=\"https:\/\/ksr-lu.ch\/jahresbericht22-23\/wp-admin\/admin-ajax.php?action=GalleryBox&#038;current_view=0&#038;gallery_id=21&#038;tag=0&#038;theme_id=1&#038;shortcode_id=43&#038;sort_by=order&#038;order_by=asc&#038;current_url=%2Fjahresbericht22-23%2Fwp-json%2Fwp%2Fv2%2Fpages%2F508\"         data-gallery-id=\"21\"         data-popup-width=\"800\"         data-popup-height=\"500\"         data-is-album=\"gallery\"         data-buttons-position=\"bottom\">      <div id=\"bwg_container2_0\">             <div id=\"ajax_loading_0\" class=\"bwg_loading_div_1\">      <div class=\"bwg_loading_div_2\">        <div class=\"bwg_loading_div_3\">          <div id=\"loading_div_0\" class=\"bwg_spider_ajax_loading\">          <\/div>        <\/div>      <\/div>    <\/div>            <form id=\"gal_front_form_0\"              class=\"bwg-hidden\"              method=\"post\"              action=\"#\"              data-current=\"0\"              data-shortcode-id=\"43\"              data-gallery-type=\"thumbnails\"              data-gallery-id=\"21\"              data-tag=\"0\"              data-album-id=\"0\"              data-theme-id=\"1\"              data-ajax-url=\"https:\/\/ksr-lu.ch\/jahresbericht22-23\/wp-admin\/admin-ajax.php?action=bwg_frontend_data\">          <div id=\"bwg_container3_0\" class=\"bwg-background bwg-background-0\">                <div data-max-count=\"5\"         data-thumbnail-width=\"250\"         data-bwg=\"0\"         data-gallery-id=\"21\"         data-lightbox-url=\"https:\/\/ksr-lu.ch\/jahresbericht22-23\/wp-admin\/admin-ajax.php?action=GalleryBox&amp;current_view=0&amp;gallery_id=21&amp;tag=0&amp;theme_id=1&amp;shortcode_id=43&amp;sort_by=order&amp;order_by=asc&amp;current_url=%2Fjahresbericht22-23%2Fwp-json%2Fwp%2Fv2%2Fpages%2F508\"         id=\"bwg_thumbnails_0\"         class=\"bwg-container-0 bwg-thumbnails bwg-standard-thumbnails bwg-container bwg-border-box\">            <div class=\"bwg-item\">        <a class=\"bwg-a  bwg_lightbox\"  data-image-id=\"51\" href=\"https:\/\/ksr-lu.ch\/jahresbericht22-23\/wp-content\/uploads\/sites\/197\/photo-gallery\/imported_from_media_libray\/Maturi-und-Maturae-der-Klasse-L19a.jpg?bwg=1693559086\" data-elementor-open-lightbox=\"no\">                <div class=\"bwg-item0 \">          <div class=\"bwg-item1 bwg-zoom-effect\">            <div class=\"bwg-item2\">              <img class=\"skip-lazy bwg_standart_thumb_img_0 \"                   data-id=\"51\"                   data-width=\"500.00\"                   data-height=\"333.00\"                   data-src=\"https:\/\/ksr-lu.ch\/jahresbericht22-23\/wp-content\/uploads\/sites\/197\/photo-gallery\/imported_from_media_libray\/thumb\/Maturi-und-Maturae-der-Klasse-L19a.jpg?bwg=1693559086\"                   src=\"https:\/\/ksr-lu.ch\/jahresbericht22-23\/wp-content\/uploads\/sites\/197\/photo-gallery\/imported_from_media_libray\/thumb\/Maturi-und-Maturae-der-Klasse-L19a.jpg?bwg=1693559086\"                   alt=\"Maturi und Maturae der Klasse L19a\"                   title=\"Maturi und Maturae der Klasse L19a\" \/>            <\/div>            <div class=\"bwg-zoom-effect-overlay\">              <div class=\"bwg-title1\"><div class=\"bwg-title2\">Maturi und Maturae der Klasse L19a<\/div><\/div>                                        <\/div>          <\/div>        <\/div>                        <\/a>              <\/div>            <div class=\"bwg-item\">        <a class=\"bwg-a  bwg_lightbox\"  data-image-id=\"55\" href=\"https:\/\/ksr-lu.ch\/jahresbericht22-23\/wp-content\/uploads\/sites\/197\/photo-gallery\/imported_from_media_libray\/Maturi-und-Maturae-der-Klasse-L19b.jpg?bwg=1693559086\" data-elementor-open-lightbox=\"no\">                <div class=\"bwg-item0 \">          <div class=\"bwg-item1 bwg-zoom-effect\">            <div class=\"bwg-item2\">              <img class=\"skip-lazy bwg_standart_thumb_img_0 \"                   data-id=\"55\"                   data-width=\"500.00\"                   data-height=\"333.00\"                   data-src=\"https:\/\/ksr-lu.ch\/jahresbericht22-23\/wp-content\/uploads\/sites\/197\/photo-gallery\/imported_from_media_libray\/thumb\/Maturi-und-Maturae-der-Klasse-L19b.jpg?bwg=1693559086\"                   src=\"https:\/\/ksr-lu.ch\/jahresbericht22-23\/wp-content\/uploads\/sites\/197\/photo-gallery\/imported_from_media_libray\/thumb\/Maturi-und-Maturae-der-Klasse-L19b.jpg?bwg=1693559086\"                   alt=\"Maturi und Maturae der Klasse L19b\"                   title=\"Maturi und Maturae der Klasse L19b\" \/>            <\/div>            <div class=\"bwg-zoom-effect-overlay\">              <div class=\"bwg-title1\"><div class=\"bwg-title2\">Maturi und Maturae der Klasse L19b<\/div><\/div>                                        <\/div>          <\/div>        <\/div>                        <\/a>              <\/div>            <div class=\"bwg-item\">        <a class=\"bwg-a  bwg_lightbox\"  data-image-id=\"54\" href=\"https:\/\/ksr-lu.ch\/jahresbericht22-23\/wp-content\/uploads\/sites\/197\/photo-gallery\/imported_from_media_libray\/Maturi-und-Maturae-der-Klasse-L19c.jpg?bwg=1693559086\" data-elementor-open-lightbox=\"no\">                <div class=\"bwg-item0 \">          <div class=\"bwg-item1 bwg-zoom-effect\">            <div class=\"bwg-item2\">              <img class=\"skip-lazy bwg_standart_thumb_img_0 \"                   data-id=\"54\"                   data-width=\"500.00\"                   data-height=\"333.00\"                   data-src=\"https:\/\/ksr-lu.ch\/jahresbericht22-23\/wp-content\/uploads\/sites\/197\/photo-gallery\/imported_from_media_libray\/thumb\/Maturi-und-Maturae-der-Klasse-L19c.jpg?bwg=1693559086\"                   src=\"https:\/\/ksr-lu.ch\/jahresbericht22-23\/wp-content\/uploads\/sites\/197\/photo-gallery\/imported_from_media_libray\/thumb\/Maturi-und-Maturae-der-Klasse-L19c.jpg?bwg=1693559086\"                   alt=\"Maturi und Maturae der Klasse L19c \"                   title=\"Maturi und Maturae der Klasse L19c \" \/>            <\/div>            <div class=\"bwg-zoom-effect-overlay\">              <div class=\"bwg-title1\"><div class=\"bwg-title2\">Maturi und Maturae der Klasse L19c <\/div><\/div>                                        <\/div>          <\/div>        <\/div>                        <\/a>              <\/div>            <div class=\"bwg-item\">        <a class=\"bwg-a  bwg_lightbox\"  data-image-id=\"53\" href=\"https:\/\/ksr-lu.ch\/jahresbericht22-23\/wp-content\/uploads\/sites\/197\/photo-gallery\/imported_from_media_libray\/Maturi-und-Maturae-der-Klasse-L19e.jpg?bwg=1693559086\" data-elementor-open-lightbox=\"no\">                <div class=\"bwg-item0 \">          <div class=\"bwg-item1 bwg-zoom-effect\">            <div class=\"bwg-item2\">              <img class=\"skip-lazy bwg_standart_thumb_img_0 \"                   data-id=\"53\"                   data-width=\"500.00\"                   data-height=\"333.00\"                   data-src=\"https:\/\/ksr-lu.ch\/jahresbericht22-23\/wp-content\/uploads\/sites\/197\/photo-gallery\/imported_from_media_libray\/thumb\/Maturi-und-Maturae-der-Klasse-L19e.jpg?bwg=1693559086\"                   src=\"https:\/\/ksr-lu.ch\/jahresbericht22-23\/wp-content\/uploads\/sites\/197\/photo-gallery\/imported_from_media_libray\/thumb\/Maturi-und-Maturae-der-Klasse-L19e.jpg?bwg=1693559086\"                   alt=\"Maturi und Maturae der Klasse L19e\"                   title=\"Maturi und Maturae der Klasse L19e\" \/>            <\/div>            <div class=\"bwg-zoom-effect-overlay\">              <div class=\"bwg-title1\"><div class=\"bwg-title2\">Maturi und Maturae der Klasse L19e<\/div><\/div>                                        <\/div>          <\/div>        <\/div>                        <\/a>              <\/div>            <div class=\"bwg-item\">        <a class=\"bwg-a  bwg_lightbox\"  data-image-id=\"52\" href=\"https:\/\/ksr-lu.ch\/jahresbericht22-23\/wp-content\/uploads\/sites\/197\/photo-gallery\/imported_from_media_libray\/Maturi-und-Maturae-der-Klasse-K19.jpg?bwg=1693559086\" data-elementor-open-lightbox=\"no\">                <div class=\"bwg-item0 \">          <div class=\"bwg-item1 bwg-zoom-effect\">            <div class=\"bwg-item2\">              <img class=\"skip-lazy bwg_standart_thumb_img_0 \"                   data-id=\"52\"                   data-width=\"500.00\"                   data-height=\"333.00\"                   data-src=\"https:\/\/ksr-lu.ch\/jahresbericht22-23\/wp-content\/uploads\/sites\/197\/photo-gallery\/imported_from_media_libray\/thumb\/Maturi-und-Maturae-der-Klasse-K19.jpg?bwg=1693559086\"                   src=\"https:\/\/ksr-lu.ch\/jahresbericht22-23\/wp-content\/uploads\/sites\/197\/photo-gallery\/imported_from_media_libray\/thumb\/Maturi-und-Maturae-der-Klasse-K19.jpg?bwg=1693559086\"                   alt=\"Maturi und Maturae der Klasse K19\"                   title=\"Maturi und Maturae der Klasse K19\" \/>            <\/div>            <div class=\"bwg-zoom-effect-overlay\">              <div class=\"bwg-title1\"><div class=\"bwg-title2\">Maturi und Maturae der Klasse K19<\/div><\/div>                                        <\/div>          <\/div>        <\/div>                        <\/a>              <\/div>          <\/div>    <style>      \/*pagination styles*\/      #bwg_container1_0 #bwg_container2_0 .tablenav-pages_0 {\t\t\t\ttext-align: center;\t\t\t\tfont-size: 12px;\t\t\t\tfont-family: Ubuntu;\t\t\t\tfont-weight: bold;\t\t\t\tcolor: #666666;\t\t\t\tmargin: 6px 0 4px;\t\t\t\tdisplay: block;      }      @media only screen and (max-width : 320px) {      #bwg_container1_0 #bwg_container2_0 .displaying-num_0 {     \t display: none;      }      }      #bwg_container1_0 #bwg_container2_0 .displaying-num_0 {\t\t\t\tfont-size: 12px;\t\t\t\tfont-family: Ubuntu;\t\t\t\tfont-weight: bold;\t\t\t\tcolor: #666666;\t\t\t\tmargin-right: 10px;\t\t\t\tvertical-align: middle;      }      #bwg_container1_0 #bwg_container2_0 .paging-input_0 {\t\t\t\tfont-size: 12px;\t\t\t\tfont-family: Ubuntu;\t\t\t\tfont-weight: bold;\t\t\t\tcolor: #666666;\t\t\t\tvertical-align: middle;      }      #bwg_container1_0 #bwg_container2_0 .tablenav-pages_0 a.disabled,      #bwg_container1_0 #bwg_container2_0 .tablenav-pages_0 a.disabled:hover,      #bwg_container1_0 #bwg_container2_0 .tablenav-pages_0 a.disabled:focus,\t\t\t#bwg_container1_0 #bwg_container2_0 .tablenav-pages_0 input.bwg_current_page {\t\t\t\tcursor: default;\t\t\t\tcolor: rgba(102, 102, 102, 0.5);      }      #bwg_container1_0 #bwg_container2_0 .tablenav-pages_0 a,      #bwg_container1_0 #bwg_container2_0 .tablenav-pages_0 input.bwg_current_page {\t\t\t\tcursor: pointer;\t\t\t\ttext-align: center;\t\t\t\tfont-size: 12px;\t\t\t\tfont-family: Ubuntu;\t\t\t\tfont-weight: bold;\t\t\t\tcolor: #666666;\t\t\t\ttext-decoration: none;\t\t\t\tpadding: 3px 6px;\t\t\t\tmargin: 0;\t\t\t\tborder-radius: 0;\t\t\t\tborder-style: solid;\t\t\t\tborder-width: 1px;\t\t\t\tborder-color: #E3E3E3;\t\t\t\t\t\t\t\tbackground-color: rgba(255, 255, 255, 1.00);\t\t\t\tbox-shadow: 0;\t\t\t\ttransition: all 0.3s ease 0s;-webkit-transition: all 0.3s ease 0s;      }      <\/style>      <span class=\"bwg_nav_cont_0\">              <div class=\"tablenav-pages_0\">                  <\/div>                <input type=\"hidden\" id=\"page_number_0\" name=\"page_number_0\" value=\"1\" \/>      <script type=\"text\/javascript\">        if( jQuery('.bwg_nav_cont_0').length > 1 ) {          jQuery('.bwg_nav_cont_0').first().remove()        }        function spider_page_0(cur, x, y, load_more) {          if (typeof load_more == \"undefined\") {            var load_more = false;          }          if (jQuery(cur).hasClass('disabled')) {            return false;          }          var items_county_0 = 1;          switch (y) {            case 1:              if (x >= items_county_0) {                document.getElementById('page_number_0').value = items_county_0;              }              else {                document.getElementById('page_number_0').value = x + 1;              }              break;            case 2:              document.getElementById('page_number_0').value = items_county_0;              break;            case -1:              if (x == 1) {                document.getElementById('page_number_0').value = 1;              }              else {                document.getElementById('page_number_0').value = x - 1;              }              break;            case -2:              document.getElementById('page_number_0').value = 1;              break;\t\t\t\t\t\tcase 0:              document.getElementById('page_number_0').value = x;              break;            default:              document.getElementById('page_number_0').value = 1;          }          bwg_ajax('gal_front_form_0', '0', 'bwg_thumbnails_0', '0', '', 'gallery', 0, '', '', load_more, '', 1);        }                    jQuery('.first-page-0').on('click', function () {              spider_page_0(this, 1, -2, 'numeric');              return false;            });            jQuery('.prev-page-0').on('click', function () {              spider_page_0(this, 1, -1, 'numeric');              return false;            });            jQuery('.next-page-0').on('click', function () {              spider_page_0(this, 1, 1, 'numeric');              return false;            });            jQuery('.last-page-0').on('click', function () {              spider_page_0(this, 1, 2, 'numeric');              return false;            });        \t\t\t\t\/* Change page on input enter. *\/        function bwg_change_page_0( e, that ) {          if (  e.key == 'Enter' ) {            var to_page = parseInt(jQuery(that).val());            var pages_count = jQuery(that).parents(\".pagination-links\").data(\"pages-count\");            var current_url_param = jQuery(that).attr('data-url-info');            if (to_page > pages_count) {              to_page = 1;            }\t \t\t\t\t\t\t\t\t\t\t\t\tspider_page_0(this, to_page, 0, 'numeric');\t\t\t\t\t\t\treturn false;\t\t\t\t\t\t          }          return true;        }        jQuery('.bwg_load_btn_0').on('click', function () {            spider_page_0(this, 1, 1, true);            return false;        });      <\/script>      <\/span>                <\/div>        <\/form>        <style>          #bwg_container1_0 #bwg_container2_0 #spider_popup_overlay_0 {          background-color: #EEEEEE;          opacity: 0.60;          }          <\/style>        <div id=\"bwg_spider_popup_loading_0\" class=\"bwg_spider_popup_loading\"><\/div>        <div id=\"spider_popup_overlay_0\" class=\"spider_popup_overlay\" onclick=\"spider_destroypopup(1000)\"><\/div>        <input type=\"hidden\" id=\"bwg_random_seed_0\" value=\"1724844078\">                <\/div>    <\/div>    <script>      if (document.readyState === 'complete') {        if( typeof bwg_main_ready == 'function' ) {          if ( jQuery(\"#bwg_container1_0\").height() ) {            bwg_main_ready(jQuery(\"#bwg_container1_0\"));          }        }      } else {        document.addEventListener('DOMContentLoaded', function() {          if( typeof bwg_main_ready == 'function' ) {            if ( jQuery(\"#bwg_container1_0\").height() ) {             bwg_main_ready(jQuery(\"#bwg_container1_0\"));            }          }        });      }    <\/script>    \n\n\n\n<p><strong><em>Abgottspon*<\/em><\/strong><em> Charlotte, Neuenkirch; <strong>Agus<\/strong> Alessio, Rothenburg; <strong>Amrein<\/strong> Leon, Luzern; <strong>Aregger<\/strong> Leonie, Emmenbr\u00fccke; <strong>Aregger<\/strong> Severine, Malters; <strong>Arnold<\/strong> Mattia, Luzern; <strong>Bachmann<\/strong> Anna-Lena, Luzern; <strong>Bachmann<\/strong> Chiara, Hellb\u00fchl; <strong>Bajrami<\/strong> Fatime, Luzern; <strong>Baumann*<\/strong> Mirjam, Emmenbr\u00fccke; <strong>Bisang<\/strong> Romana, Nottwil; <strong>Bossert<\/strong> Nathalie, Emmenbr\u00fccke; <strong>B\u00fchler<\/strong> Cedric, Emmenbr\u00fccke; <strong>B\u00fchler*<\/strong> Melina, Schwarzenberg LU; <strong>B\u00fchlmann<\/strong> Anna, Neuenkirch; <strong>Burri<\/strong> Basil, Schachen LU; <strong>Cnoops*<\/strong> Maarten, Ebikon; <strong>Cvetanovic<\/strong> Nastasja, Luzern;<strong> da Luz Martins<\/strong> Tamara, Luzern; <strong>Eberhard<\/strong> Stefan, Malters; <strong>Etterlin<\/strong> Hanna, Neuenkirch; <strong>Figliuolo<\/strong> Alessia, Ruswil; <strong>Fuchs<\/strong> Elia, Schachen LU; <strong>G\u00f6kcebay<\/strong> G\u00fclbeyaz, Luzern; <strong>Greter*<\/strong> Linus, Neuenkirch; <strong>Hagos<\/strong> Natnael, Emmenbr\u00fccke; <strong>Halimi<\/strong> Aid, Emmenbr\u00fccke; <strong>Hoang<\/strong> Elisa, Luzern; <strong>Hofer<\/strong> Yara, Malters; <strong>Huwyler<\/strong> Tom Leon, Luzern; <strong>Hyseni<\/strong> Alketa, Luzern; <strong>Keckeis*<\/strong> Aim\u00e9e, Ebikon; <strong>Ketheeswaran<\/strong> Methurshe, Luzern; <strong>Koch<\/strong> Leonie, Luzern; <strong>Krauer*<\/strong> Jenny, Neuenkirch; <strong>Kurmann<\/strong> Levin, Rothenburg; <strong>Lopes<\/strong> <strong>Gomes<\/strong> Nicolai, Emmenbr\u00fccke; <strong>Lopez<\/strong> Amalia, Emmenbr\u00fccke; <strong>Luible*<\/strong> Aline, Malters; <strong>Luternauer<\/strong> Enea, Rothenburg; <strong>L\u00fctolf<\/strong> Elena, Neuenkirch; <strong>Maienfisch<\/strong> Ronja, Luzern; <strong>Mastai<\/strong> Franca, Luzern; <strong>Matthey<\/strong> Lionel, Luzern; <strong>Maurer<\/strong> Manuel, Malters; <strong>Mulaj<\/strong> Leon, Emmen; <strong>M\u00fcller<\/strong> Noa, Rothenburg; <strong>Muther<\/strong> Tobias, Malters; <strong>Nagarajan<\/strong> Vithushan, Luzern; <strong>Nasser<\/strong> Vanessa, Emmenbr\u00fccke; <strong>Naval<\/strong> <strong>Aguilar<\/strong> Diego, Emmenbr\u00fccke, <strong>Nussbaumer<\/strong> Mia, Emmenbr\u00fccke; <strong>Oliveira Correia<\/strong> Miguel, Emmenbr\u00fccke; <strong>Padalko<\/strong> Sonia, Luzern; <strong>Perolli<\/strong> Etna, Luzern; <strong>Peter<\/strong> Tim, Emmenbr\u00fccke; <strong>Petkovic<\/strong> Nikola, Emmenbr\u00fccke; <strong>Pfaffen<\/strong> Till, Luzern; <strong>Pomes<\/strong> Alexandra, Luzern; <strong>Prenka<\/strong> Martina, Neuenkirch; <strong>Puddu<\/strong> Deborah, Emmenbr\u00fccke; <strong>Radicevic<\/strong> Uros, Luzern; <strong>Rahu<\/strong> Rakavi, Luzern; <strong>R\u00fcedi<\/strong> Laura, Neuenkirch; <strong>Schmid<\/strong> C\u00e9line, Malters; <strong>Schmidlin<\/strong> Cedric, Emmenbr\u00fccke; <strong>Selimi<\/strong> Dren, Emmenbr\u00fccke; <strong>Sommer<\/strong> Vera, Malters; <strong>Steger<\/strong> No\u00e9, Emmenbr\u00fccke; <strong>Steiner<\/strong> Nicolas, Emmenbr\u00fccke; <strong>Strub<\/strong> Jayme, Luzern; <strong>Stutz<\/strong> Emilia, Rothenburg; <strong>Suljovic<\/strong> Amar, Luzern; <strong>Sutter<\/strong> Lena, Luzern; <strong>Tanushaj<\/strong> Gjina, Schachen LU; <strong>Tewelde<\/strong> Natnael, Luzern; <strong>Thali*<\/strong> Livio, Ebikon; <strong>Valadares<\/strong> d<strong>a Silva<\/strong> Andr\u00e9, Dagmersellen; <strong>von Arx<\/strong> Nora, Emmenbr\u00fccke; <strong>Weber*<\/strong> Anna Katharina, Luzern; <strong>Weise*<\/strong> Marie, Kriens; <strong>Wiget<\/strong> Marvin, Luzern; <strong>Xhabiri<\/strong> Beslinda, Emmenbr\u00fccke; <strong>Yagan<\/strong> Alperen, Luzern; <strong>Zemp<\/strong> Elija, Emmenbr\u00fccke; <strong>Zivkovic<\/strong> Dusan, Emmen<\/em>.<\/p>\n\n\n\n<p><em>*Maturi und Maturae mit Note 6 in der Maturaarbeit<\/em><\/p>\n\n\n\n<p><strong><em>Preistr\u00e4ger und Preistr\u00e4gerinnen<\/em><\/strong><br><em>1. Rang&nbsp;&nbsp;&nbsp;&nbsp;&nbsp; \u00d8&nbsp; 5.93&nbsp;&nbsp;&nbsp;&nbsp;&nbsp;&nbsp;&nbsp;&nbsp;&nbsp;&nbsp;&nbsp;&nbsp;&nbsp;&nbsp;&nbsp;&nbsp; <strong>Greter<\/strong> Linus, Neuenkirch<\/em><br><em>2. Rang&nbsp;&nbsp;&nbsp;&nbsp;&nbsp; \u00d8&nbsp; 5.71&nbsp;&nbsp;&nbsp;&nbsp;&nbsp;&nbsp;&nbsp;&nbsp;&nbsp;&nbsp;&nbsp;&nbsp;&nbsp;&nbsp;&nbsp;&nbsp; <strong>Weber<\/strong> Anna Katharina, Luzern<\/em><br><em>3. Rang&nbsp;&nbsp;&nbsp;&nbsp;&nbsp; \u00d8&nbsp; 5.57&nbsp;&nbsp;&nbsp;&nbsp;&nbsp;&nbsp;&nbsp;&nbsp;&nbsp;&nbsp;&nbsp;&nbsp;&nbsp;&nbsp;&nbsp;&nbsp; <strong>Maarten<\/strong> Cnoops, Ebikon<\/em><\/p>\n\n\n\n<p><em><strong>Die Preise wurden gestiftet von:<\/strong><\/em><br><em>Luzerner Kantonalbank AG<\/em><br><em>Rotary Club Luzern-Heidegg<\/em><br><em>Rotary Club Luzern-Seetal<\/em><\/p>\n<!-- PMB print buttons is only displayed on a single post\/page URLs-->","protected":false},"excerpt":{"rendered":"<p>Abgottspon* Charlotte, Neuenkirch; Agus Alessio, Rothenburg; Amrein Leon, Luzern; Aregger Leonie, Emmenbr\u00fccke; Aregger Severine, Malters; Arnold Mattia, Luzern; Bachmann Anna-Lena, Luzern; Bachmann Chiara, Hellb\u00fchl; Bajrami Fatime, Luzern; Baumann* Mirjam, Emmenbr\u00fccke; Bisang Romana, Nottwil; Bossert Nathalie, Emmenbr\u00fccke; B\u00fchler Cedric, Emmenbr\u00fccke; B\u00fchler* Melina, Schwarzenberg LU; B\u00fchlmann Anna, Neuenkirch; Burri Basil, Schachen LU; Cnoops* Maarten, Ebikon; Cvetanovic Nastasja, [&hellip;]<\/p>\n","protected":false},"author":218,"featured_media":0,"parent":0,"menu_order":0,"comment_status":"closed","ping_status":"closed","template":"","meta":[],"categories":[10],"tags":[],"_links":{"self":[{"href":"https:\/\/ksr-lu.ch\/jahresbericht22-23\/wp-json\/wp\/v2\/pages\/508"}],"collection":[{"href":"https:\/\/ksr-lu.ch\/jahresbericht22-23\/wp-json\/wp\/v2\/pages"}],"about":[{"href":"https:\/\/ksr-lu.ch\/jahresbericht22-23\/wp-json\/wp\/v2\/types\/page"}],"author":[{"embeddable":true,"href":"https:\/\/ksr-lu.ch\/jahresbericht22-23\/wp-json\/wp\/v2\/users\/218"}],"replies":[{"embeddable":true,"href":"https:\/\/ksr-lu.ch\/jahresbericht22-23\/wp-json\/wp\/v2\/comments?post=508"}],"version-history":[{"count":7,"href":"https:\/\/ksr-lu.ch\/jahresbericht22-23\/wp-json\/wp\/v2\/pages\/508\/revisions"}],"predecessor-version":[{"id":1078,"href":"https:\/\/ksr-lu.ch\/jahresbericht22-23\/wp-json\/wp\/v2\/pages\/508\/revisions\/1078"}],"wp:attachment":[{"href":"https:\/\/ksr-lu.ch\/jahresbericht22-23\/wp-json\/wp\/v2\/media?parent=508"}],"wp:term":[{"taxonomy":"category","embeddable":true,"href":"https:\/\/ksr-lu.ch\/jahresbericht22-23\/wp-json\/wp\/v2\/categories?post=508"},{"taxonomy":"post_tag","embeddable":true,"href":"https:\/\/ksr-lu.ch\/jahresbericht22-23\/wp-json\/wp\/v2\/tags?post=508"}],"curies":[{"name":"wp","href":"https:\/\/api.w.org\/{rel}","templated":true}]}}