{"id":505,"date":"2023-07-25T17:16:50","date_gmt":"2023-07-25T15:16:50","guid":{"rendered":"https:\/\/ksr-lu.ch\/jahresberichte\/?page_id=505"},"modified":"2023-09-17T12:32:05","modified_gmt":"2023-09-17T10:32:05","slug":"maturarede-von-mirjam-baumann-klasse-l19e","status":"publish","type":"page","link":"https:\/\/ksr-lu.ch\/jahresbericht22-23\/maturarede-von-mirjam-baumann-klasse-l19e\/","title":{"rendered":"Maturarede von Mirjam Baumann, Klasse L19e"},"content":{"rendered":"\n<p>\u00abLiebe Maturandinnen und Maturanden, <\/p>\n\n\n\n<div class=\"wp-block-image is-style-default\"><figure class=\"alignright size-large is-resized\"><img src=\"http:\/\/ksr-lu.ch\/jahresbericht22-23\/wp-content\/uploads\/sites\/190\/2023\/07\/Mirjam-Baumann-Maturandin-der-Klasse-L19e-e1693728249275-848x1024.jpg\" alt=\"\" class=\"wp-image-482\" width=\"212\" height=\"256\" srcset=\"https:\/\/ksr-lu.ch\/jahresbericht22-23\/wp-content\/uploads\/sites\/197\/2023\/07\/Mirjam-Baumann-Maturandin-der-Klasse-L19e-e1693728249275-848x1024.jpg 848w, https:\/\/ksr-lu.ch\/jahresbericht22-23\/wp-content\/uploads\/sites\/197\/2023\/07\/Mirjam-Baumann-Maturandin-der-Klasse-L19e-e1693728249275-248x300.jpg 248w, https:\/\/ksr-lu.ch\/jahresbericht22-23\/wp-content\/uploads\/sites\/197\/2023\/07\/Mirjam-Baumann-Maturandin-der-Klasse-L19e-e1693728249275-768x927.jpg 768w, https:\/\/ksr-lu.ch\/jahresbericht22-23\/wp-content\/uploads\/sites\/197\/2023\/07\/Mirjam-Baumann-Maturandin-der-Klasse-L19e-e1693728249275.jpg 1013w\" sizes=\"(max-width: 212px) 100vw, 212px\" \/><figcaption>Mirjam Baumann (Klasse L19e)<\/figcaption><\/figure><\/div>\n\n\n\n<p>Nach vielen langen Jahren des Lernens, der Pr\u00fcfungen und schlaflosen N\u00e4chte ist der Tag, auf den wir alle gewartet haben, nun endlich gekommen. Der Countdown, den einige beharrlich heruntergez\u00e4hlt haben, ist heute Abend zu Ende gegangen. Aber lasst uns die Zeit nochmals zur\u00fcckdrehen und von vorne beginnen. Erinnert ihr euch noch an unsere ersten Tage hier, als wir noch viele Jahre vor uns hatten?<\/p>\n\n\n\n<p>Ich kann mich noch gut daran erinnern, wie ich anfangs als kleine Erstkl\u00e4sslerin dachte, ich w\u00fcrde nun an eine Schule voller Streber kommen. Aber es kam ganz anders. Denn ich kam an eine Schule voller toller Menschen, die alles andere als langweilig waren. Mit den Jahren ver\u00e4nderten wir uns. Wir blicken auf die heutigen Erstkl\u00e4sslerinnen und Erstkl\u00e4ssler und bezweifeln ernsthaft, ob auch wir mal so klein und frech waren.<\/p>\n\n\n\n<p>Doch was hat uns in dieser Zeit gepr\u00e4gt? Waren es die Stunden, die wir in der Hauswirtschaftsk\u00fcche verbrachten, in denen wir die Muffins verkohlten und fast die K\u00fcche in Brand setzten? Oder waren es unsere Auftritte bei \u00abTanz am Mittag\u00bb, als wir genau auf dieser B\u00fchne unsere Choreografie als Michael Jackson oder The Ghost Busters zum Besten gaben? Die Zeit, als wir vor drei Jahren aufgrund eines Virus pl\u00f6tzlich nicht mehr in die Schule mussten und im Fernunterricht entdeckten, dass die Technikkenntnisse einiger Lehrpersonen geradezu mittelalterlich waren? Als die Sch\u00fclerinnen und Sch\u00fcler ihre Lehrpersonen auf \u00abTeams\u00bb stumm schalteten? Als wir merkten, dass der Deutschunterricht auf einmal sehr entspannt war, so auf dem Sofa? Und dass man statt in einem Klassenlager nun in einem Feld hockte und im Kampf gegen die sch\u00e4dlichen Pflanzen Neophyten ausriss? Oder war es der letzte grosse Meilenstein, die Maturapr\u00fcfungen?<\/p>\n\n\n\n<p>Zusammen sind wir einen Weg gegangen. Manchmal war er lustig, manchmal todlangweilig, manchmal stressig, manchmal inspirierend. Und manchmal h\u00e4tten wir unsere B\u00fccher am liebsten an die Wand geschmissen (einige haben es bestimmt auch getan). W\u00e4hrend der Schulzeit wurde ich oft gewarnt: \u00abDie n\u00e4chste Klassenstufe wird dann schwerer, ganz zu schweigen von den Maturapr\u00fcfungen!\u00bb Doch r\u00fcckblickend haben wir es trotzdem immer irgendwie geschafft \u2013 und, meine lieben Maturandinnen und Maturanden, das wird auch weiterhin so sein. Ich bin \u00fcberzeugt, dass wir auch die neuen Pfade meistern k\u00f6nnen \u2013 ich meine, wenn wir diese Mathe-Maturapr\u00fcfung \u00fcberstanden haben, schaffen wir alles!<\/p>\n\n\n\n<p>Ich danke euch, liebe Mitsch\u00fclerinnen und Mitsch\u00fcler, f\u00fcr diese erlebnisreiche Zeit. Und ich danke unseren Lehrpersonen, die uns w\u00e4hrend unserer Schulzeit auf vielf\u00e4ltigste Weise generv&#8230;, \u00e4h unterst\u00fctzt und begleitet haben. Speziell danke ich denjenigen, bei denen jede zweite Lektion nicht von einer Comedy-Show zu unterscheiden war. Sowie auch denjenigen, die viel lieber \u00fcber ihr eigenes Leben erz\u00e4hlten, als mit uns den aktuellen Schulstoff zu besprechen. Auch haben sie uns in ihren zahlreichen Lektionen geholfen, unsere Interessen zu finden und lieferten gleichzeitig eine wichtige Studienberatung. Wir wussten schnell, was wir sicher nie studieren m\u00f6chten. Und welches Wissen wir nach der Matura aus unseren K\u00f6pfen verbannen werden, um uns endg\u00fcltig vom Fluch der KSR zu befreien, welcher uns seit Jahren verfolgt.<\/p>\n\n\n\n<p>Der Countdown ist also heruntergez\u00e4hlt. Die Matura ist aber nicht der Endpunkt, nicht das Ziel. Sie ist der Start, der Take-off-Point f\u00fcr unseren weiteren Weg. So beziehe ich mich noch ein letztes Mal auf Goethe, der einmal sagte: \u00abMan reist nicht, um anzukommen, sondern um zu reisen.\u00bb Also lasst uns mutig reisen mit dem Blick nach vorn zu neuen Abenteuern. Vielleicht werden wir uns manchmal verlieren, den Kompass und die Karte falsch lesen, aber so schlimm ist das nicht. Schliesslich erh\u00f6hen Umwege die Ortskenntnis, sei dies auf dem Atlantischen Ozean oder im echten Leben. So w\u00fcnsche ich uns allen f\u00fcr unsere weitere Lebensreise viel Gl\u00fcck, Vertrauen und den Glauben an uns selbst!\u00bb<\/p>\n<!-- PMB print buttons is only displayed on a single post\/page URLs-->","protected":false},"excerpt":{"rendered":"<p>\u00abLiebe Maturandinnen und Maturanden, Nach vielen langen Jahren des Lernens, der Pr\u00fcfungen und schlaflosen N\u00e4chte ist der Tag, auf den wir alle gewartet haben, nun endlich gekommen. Der Countdown, den einige beharrlich heruntergez\u00e4hlt haben, ist heute Abend zu Ende gegangen. Aber lasst uns die Zeit nochmals zur\u00fcckdrehen und von vorne beginnen. Erinnert ihr euch noch [&hellip;]<\/p>\n","protected":false},"author":218,"featured_media":0,"parent":0,"menu_order":0,"comment_status":"closed","ping_status":"closed","template":"","meta":[],"categories":[10],"tags":[],"_links":{"self":[{"href":"https:\/\/ksr-lu.ch\/jahresbericht22-23\/wp-json\/wp\/v2\/pages\/505"}],"collection":[{"href":"https:\/\/ksr-lu.ch\/jahresbericht22-23\/wp-json\/wp\/v2\/pages"}],"about":[{"href":"https:\/\/ksr-lu.ch\/jahresbericht22-23\/wp-json\/wp\/v2\/types\/page"}],"author":[{"embeddable":true,"href":"https:\/\/ksr-lu.ch\/jahresbericht22-23\/wp-json\/wp\/v2\/users\/218"}],"replies":[{"embeddable":true,"href":"https:\/\/ksr-lu.ch\/jahresbericht22-23\/wp-json\/wp\/v2\/comments?post=505"}],"version-history":[{"count":3,"href":"https:\/\/ksr-lu.ch\/jahresbericht22-23\/wp-json\/wp\/v2\/pages\/505\/revisions"}],"predecessor-version":[{"id":1077,"href":"https:\/\/ksr-lu.ch\/jahresbericht22-23\/wp-json\/wp\/v2\/pages\/505\/revisions\/1077"}],"wp:attachment":[{"href":"https:\/\/ksr-lu.ch\/jahresbericht22-23\/wp-json\/wp\/v2\/media?parent=505"}],"wp:term":[{"taxonomy":"category","embeddable":true,"href":"https:\/\/ksr-lu.ch\/jahresbericht22-23\/wp-json\/wp\/v2\/categories?post=505"},{"taxonomy":"post_tag","embeddable":true,"href":"https:\/\/ksr-lu.ch\/jahresbericht22-23\/wp-json\/wp\/v2\/tags?post=505"}],"curies":[{"name":"wp","href":"https:\/\/api.w.org\/{rel}","templated":true}]}}