{"id":45,"date":"2023-03-23T11:09:31","date_gmt":"2023-03-23T10:09:31","guid":{"rendered":"https:\/\/ksr-lu.ch\/jahresberichte\/?page_id=45"},"modified":"2023-10-07T12:59:31","modified_gmt":"2023-10-07T10:59:31","slug":"rueckblick","status":"publish","type":"page","link":"https:\/\/ksr-lu.ch\/jahresbericht22-23\/rueckblick\/","title":{"rendered":"R\u00fcckblick"},"content":{"rendered":"\n<p><a href=\"https:\/\/ksr-lu.ch\/jahresbericht22-23\/ruckblick-auf-das-schuljahr-2022-23\/\">R\u00fcckblick von Annette Studer, Rektorin <\/a><\/p>\n\n\n\n<p><a href=\"https:\/\/ksr-lu.ch\/jahresbericht22-23\/schule-im-dienste-der-schulerinnen-und-schuler\/\">R\u00fcckblick von Simon D\u00f6rig, Leiter Dienststelle Gymnasialbildung<\/a><\/p>\n\n\n\n<p><a href=\"https:\/\/ksr-lu.ch\/jahresbericht22-23\/transformation-und-horizonterweiterung-im-bildungsalltag\/\">R\u00fcckblick von Letizia Ineichen, Pr\u00e4sidentin Schulkommission Kantonsschule Reussb\u00fchl<\/a><\/p>\n\n\n\n<div class=\"wp-block-image is-style-default\"><figure class=\"alignleft size-large is-resized\"><img src=\"http:\/\/ksr-lu.ch\/jahresbericht22-23\/wp-content\/uploads\/sites\/190\/2023\/07\/Rueckblick-1024x683.jpg\" alt=\"\" class=\"wp-image-576\" width=\"512\" height=\"342\" srcset=\"https:\/\/ksr-lu.ch\/jahresbericht22-23\/wp-content\/uploads\/sites\/197\/2023\/07\/Rueckblick-1024x683.jpg 1024w, https:\/\/ksr-lu.ch\/jahresbericht22-23\/wp-content\/uploads\/sites\/197\/2023\/07\/Rueckblick-300x200.jpg 300w, https:\/\/ksr-lu.ch\/jahresbericht22-23\/wp-content\/uploads\/sites\/197\/2023\/07\/Rueckblick-768x512.jpg 768w, https:\/\/ksr-lu.ch\/jahresbericht22-23\/wp-content\/uploads\/sites\/197\/2023\/07\/Rueckblick-1536x1024.jpg 1536w, https:\/\/ksr-lu.ch\/jahresbericht22-23\/wp-content\/uploads\/sites\/197\/2023\/07\/Rueckblick.jpg 2048w\" sizes=\"(max-width: 512px) 100vw, 512px\" \/><\/figure><\/div>\n\n\n\n<p class=\"has-white-color has-text-color\">.<\/p>\n\n\n\n<p class=\"has-white-color has-text-color\">.<\/p>\n\n\n\n<p class=\"has-white-color has-text-color\">.<\/p>\n\n\n\n<p class=\"has-white-color has-text-color\">.<\/p>\n\n\n\n<p class=\"has-white-color has-text-color\">.<\/p>\n\n\n\n<p class=\"has-white-color has-text-color\">.<\/p>\n\n\n\n<p class=\"has-white-color has-text-color\">.<\/p>\n\n\n\n<p class=\"has-white-color has-text-color\">.<\/p>\n\n\n\n<p class=\"has-white-color has-text-color\">.<\/p>\n\n\n\n<p><\/p>\n<!-- PMB print buttons is only displayed on a single post\/page URLs-->","protected":false},"excerpt":{"rendered":"<p>R\u00fcckblick von Annette Studer, Rektorin R\u00fcckblick von Simon D\u00f6rig, Leiter Dienststelle Gymnasialbildung R\u00fcckblick von Letizia Ineichen, Pr\u00e4sidentin Schulkommission Kantonsschule Reussb\u00fchl . . . . . . . . .<\/p>\n","protected":false},"author":218,"featured_media":0,"parent":0,"menu_order":0,"comment_status":"closed","ping_status":"closed","template":"","meta":[],"categories":[],"tags":[],"_links":{"self":[{"href":"https:\/\/ksr-lu.ch\/jahresbericht22-23\/wp-json\/wp\/v2\/pages\/45"}],"collection":[{"href":"https:\/\/ksr-lu.ch\/jahresbericht22-23\/wp-json\/wp\/v2\/pages"}],"about":[{"href":"https:\/\/ksr-lu.ch\/jahresbericht22-23\/wp-json\/wp\/v2\/types\/page"}],"author":[{"embeddable":true,"href":"https:\/\/ksr-lu.ch\/jahresbericht22-23\/wp-json\/wp\/v2\/users\/218"}],"replies":[{"embeddable":true,"href":"https:\/\/ksr-lu.ch\/jahresbericht22-23\/wp-json\/wp\/v2\/comments?post=45"}],"version-history":[{"count":15,"href":"https:\/\/ksr-lu.ch\/jahresbericht22-23\/wp-json\/wp\/v2\/pages\/45\/revisions"}],"predecessor-version":[{"id":1309,"href":"https:\/\/ksr-lu.ch\/jahresbericht22-23\/wp-json\/wp\/v2\/pages\/45\/revisions\/1309"}],"wp:attachment":[{"href":"https:\/\/ksr-lu.ch\/jahresbericht22-23\/wp-json\/wp\/v2\/media?parent=45"}],"wp:term":[{"taxonomy":"category","embeddable":true,"href":"https:\/\/ksr-lu.ch\/jahresbericht22-23\/wp-json\/wp\/v2\/categories?post=45"},{"taxonomy":"post_tag","embeddable":true,"href":"https:\/\/ksr-lu.ch\/jahresbericht22-23\/wp-json\/wp\/v2\/tags?post=45"}],"curies":[{"name":"wp","href":"https:\/\/api.w.org\/{rel}","templated":true}]}}