{"id":30,"date":"2023-03-23T10:34:46","date_gmt":"2023-03-23T09:34:46","guid":{"rendered":"https:\/\/ksr-lu.ch\/jahresberichte\/?page_id=30"},"modified":"2023-10-07T13:02:49","modified_gmt":"2023-10-07T11:02:49","slug":"schwerpunkte","status":"publish","type":"page","link":"https:\/\/ksr-lu.ch\/jahresbericht22-23\/schwerpunkte\/","title":{"rendered":"Schwerpunkte"},"content":{"rendered":"\n<div class=\"wp-block-columns\">\n<div class=\"wp-block-column\" style=\"flex-basis:50%\">\n<p class=\"has-text-align-center\"><a href=\"https:\/\/ksr-lu.ch\/jahresbericht22-23\/wettbewerb-erweiterungsbau\/\">Bauliche Erweiterung der Kantonsschule Reussb\u00fchl Luzern<\/a><\/p>\n<\/div>\n\n\n\n<div class=\"wp-block-column\" style=\"flex-basis:50%\">\n<p class=\"has-text-align-center\"><a href=\"https:\/\/ksr-lu.ch\/jahresbericht22-23\/einblick-in-die-erfahrungen-von-noe-vor-seinem-ubertritt-ans-gymnasium\/\">Einblick in die Erfahrungen von No\u00e9 vor seinem \u00dcbertritt ans Gymnasium<\/a><\/p>\n<\/div>\n<\/div>\n\n\n\n<figure class=\"wp-block-gallery aligncenter columns-2 is-cropped\"><ul class=\"blocks-gallery-grid\"><li class=\"blocks-gallery-item\"><figure><img width=\"1024\" height=\"768\" src=\"http:\/\/ksr-lu.ch\/jahresbericht22-23\/wp-content\/uploads\/sites\/190\/2023\/07\/Blick-ins-Innere-des-geplanten-Neubaus-1024x768.jpg\" alt=\"\" data-id=\"454\" data-full-url=\"http:\/\/ksr-lu.ch\/jahresbericht22-23\/wp-content\/uploads\/sites\/190\/2023\/07\/Blick-ins-Innere-des-geplanten-Neubaus.jpg\" data-link=\"https:\/\/ksr-lu.ch\/jahresberichte\/blick-ins-innere-des-geplanten-neubaus\/\" class=\"wp-image-454\" srcset=\"https:\/\/ksr-lu.ch\/jahresbericht22-23\/wp-content\/uploads\/sites\/197\/2023\/07\/Blick-ins-Innere-des-geplanten-Neubaus-1024x768.jpg 1024w, https:\/\/ksr-lu.ch\/jahresbericht22-23\/wp-content\/uploads\/sites\/197\/2023\/07\/Blick-ins-Innere-des-geplanten-Neubaus-300x225.jpg 300w, https:\/\/ksr-lu.ch\/jahresbericht22-23\/wp-content\/uploads\/sites\/197\/2023\/07\/Blick-ins-Innere-des-geplanten-Neubaus-768x576.jpg 768w, https:\/\/ksr-lu.ch\/jahresbericht22-23\/wp-content\/uploads\/sites\/197\/2023\/07\/Blick-ins-Innere-des-geplanten-Neubaus.jpg 1173w\" sizes=\"(max-width: 1024px) 100vw, 1024px\" \/><\/figure><\/li><li class=\"blocks-gallery-item\"><figure><img width=\"1024\" height=\"683\" src=\"http:\/\/ksr-lu.ch\/jahresbericht22-23\/wp-content\/uploads\/sites\/190\/2023\/07\/Noe-Mathys-1024x683.jpg\" alt=\"No\u00e9 Mathys\" data-id=\"223\" data-full-url=\"http:\/\/ksr-lu.ch\/jahresbericht22-23\/wp-content\/uploads\/sites\/190\/2023\/07\/Noe-Mathys.jpg\" data-link=\"https:\/\/ksr-lu.ch\/jahresberichte\/noe-mathys\/\" class=\"wp-image-223\" srcset=\"https:\/\/ksr-lu.ch\/jahresbericht22-23\/wp-content\/uploads\/sites\/197\/2023\/07\/Noe-Mathys-1024x683.jpg 1024w, https:\/\/ksr-lu.ch\/jahresbericht22-23\/wp-content\/uploads\/sites\/197\/2023\/07\/Noe-Mathys-300x200.jpg 300w, https:\/\/ksr-lu.ch\/jahresbericht22-23\/wp-content\/uploads\/sites\/197\/2023\/07\/Noe-Mathys-768x512.jpg 768w, https:\/\/ksr-lu.ch\/jahresbericht22-23\/wp-content\/uploads\/sites\/197\/2023\/07\/Noe-Mathys-1536x1024.jpg 1536w, https:\/\/ksr-lu.ch\/jahresbericht22-23\/wp-content\/uploads\/sites\/197\/2023\/07\/Noe-Mathys-525x350.jpg 525w, https:\/\/ksr-lu.ch\/jahresbericht22-23\/wp-content\/uploads\/sites\/197\/2023\/07\/Noe-Mathys-150x100.jpg 150w, https:\/\/ksr-lu.ch\/jahresbericht22-23\/wp-content\/uploads\/sites\/197\/2023\/07\/Noe-Mathys.jpg 2048w\" sizes=\"(max-width: 1024px) 100vw, 1024px\" \/><\/figure><\/li><\/ul><\/figure>\n\n\n\n<p><\/p>\n<!-- PMB print buttons is only displayed on a single post\/page URLs-->","protected":false},"excerpt":{"rendered":"<p>Bauliche Erweiterung der Kantonsschule Reussb\u00fchl Luzern Einblick in die Erfahrungen von No\u00e9 vor seinem \u00dcbertritt ans Gymnasium<\/p>\n","protected":false},"author":1,"featured_media":0,"parent":0,"menu_order":0,"comment_status":"closed","ping_status":"closed","template":"","meta":[],"categories":[],"tags":[],"_links":{"self":[{"href":"https:\/\/ksr-lu.ch\/jahresbericht22-23\/wp-json\/wp\/v2\/pages\/30"}],"collection":[{"href":"https:\/\/ksr-lu.ch\/jahresbericht22-23\/wp-json\/wp\/v2\/pages"}],"about":[{"href":"https:\/\/ksr-lu.ch\/jahresbericht22-23\/wp-json\/wp\/v2\/types\/page"}],"author":[{"embeddable":true,"href":"https:\/\/ksr-lu.ch\/jahresbericht22-23\/wp-json\/wp\/v2\/users\/1"}],"replies":[{"embeddable":true,"href":"https:\/\/ksr-lu.ch\/jahresbericht22-23\/wp-json\/wp\/v2\/comments?post=30"}],"version-history":[{"count":19,"href":"https:\/\/ksr-lu.ch\/jahresbericht22-23\/wp-json\/wp\/v2\/pages\/30\/revisions"}],"predecessor-version":[{"id":1311,"href":"https:\/\/ksr-lu.ch\/jahresbericht22-23\/wp-json\/wp\/v2\/pages\/30\/revisions\/1311"}],"wp:attachment":[{"href":"https:\/\/ksr-lu.ch\/jahresbericht22-23\/wp-json\/wp\/v2\/media?parent=30"}],"wp:term":[{"taxonomy":"category","embeddable":true,"href":"https:\/\/ksr-lu.ch\/jahresbericht22-23\/wp-json\/wp\/v2\/categories?post=30"},{"taxonomy":"post_tag","embeddable":true,"href":"https:\/\/ksr-lu.ch\/jahresbericht22-23\/wp-json\/wp\/v2\/tags?post=30"}],"curies":[{"name":"wp","href":"https:\/\/api.w.org\/{rel}","templated":true}]}}