{"id":260,"date":"2023-07-14T23:16:04","date_gmt":"2023-07-14T21:16:04","guid":{"rendered":"https:\/\/ksr-lu.ch\/jahresberichte\/?page_id=260"},"modified":"2023-09-17T12:04:55","modified_gmt":"2023-09-17T10:04:55","slug":"eindruecke-aus-dem-ug-workshop-zur-robotik","status":"publish","type":"page","link":"https:\/\/ksr-lu.ch\/jahresbericht22-23\/eindruecke-aus-dem-ug-workshop-zur-robotik\/","title":{"rendered":"Eindr\u00fccke aus dem UG-Workshop zur Robotik"},"content":{"rendered":"\n<p>Daniel Zurm\u00fchle<br>Lehrperson f\u00fcr Mathematik und Informatik<br><\/p>\n\n\n\n<p>Seit einigen Jahren hat sich das Fach Informatik an der KSR etabliert. Die Sch\u00fclerinnen und Sch\u00fcler lernen w\u00e4hrend vier Jahren Grundkenntnisse in verschiedenen Programmiersprachen. Programmieren ist aber nicht nur eine Wissenschaft an sich, sondern wird auch vielen anderen Gebieten gebraucht, insbesondere in den Ingenieurwissenschaften. Im Rahmen der schulinternen Begabungsf\u00f6rderung hatten dieses Jahr zw\u00f6lf Sch\u00fclerinnen und Sch\u00fcler des ersten bis dritten Jahres die Gelegenheit, Programmierung in einem Ingenieurbereich kennenzulernen, n\u00e4mlich der Robotik.<\/p>\n\n\n\n<p>Die beiden wichtigsten Aspekte der Robotik sind der Bau des Roboters und seine Programmierung, die sich in jedem Entwicklungsschritt gegenseitig beeinflussen. Dieses Zusammenspiel konnten die Sch\u00fclerinnen und Sch\u00fcler an vier Nachmittagen erleben. Am ersten Tag erhielt jede Gruppe von zwei bis drei Personen einen bereits zusammengebauten LEGO-Mindstorms-Roboter. Ziel dieses ersten Moduls war, die auf Scratch basierende Programmiersprache kennenzulernen und die Interaktion des Programms mit dem Roboter auszuprobieren. Die entscheidende Erkenntnis dabei war, dass ein Roboter die Welt nicht gleich wahrnimmt wie ein Mensch. Ein Roboter kann seine Umgebung nur \u00fcber seine Sensoren erfassen. Seine Bewegung kann zudem nur \u00fcber seine Motoren gesteuert werden. Einen Befehl wie \u00abfahre einen Meter gerade aus\u00bb kann der Roboter nicht interpretieren, da er nicht versteht, was ein Meter bedeutet. Der Roboter kann im Programm nur instruiert werden, einen Motor f\u00fcr eine gewisse Anzahl Sekunden oder eine gewisse Anzahl Umdrehungen laufen zu lassen. Die Sch\u00fclerinnen und Sch\u00fcler mussten somit durch wiederholtes Testen herausfinden, wie viele Sekunden oder Umdrehungen ben\u00f6tigt werden, dass der Roboter genau einen Meter fahren kann. Diese und weitere Herausforderungen meisterten die Sch\u00fclerinnen und Sch\u00fcler aber hervorragend. Am Ende des ersten Moduls konnten alle Gruppen einen Roboter programmieren, der einer farbigen Linie am Boden folgen konnte. Am zweiten Modulhalbtag ging das Projekt richtig los. Alle Gruppen erhielten eine Kiste mit LEGO-Teilen und weiteren Motoren und Sensoren. Sie durften nun den Roboter nach ihren Vorstellungen umbauen, so dass er eine selbstgew\u00e4hlte Aufgabe erledigen konnte. Die einzige Regel war, dass nur die Teile in der jeweiligen Kiste verwendet werden durften. Die Gruppen einigten sich schnell auf f\u00fcnf Projekte.<\/p>\n\n\n\n<ul><li>Pokerroboter: Der Roboter soll gleichm\u00e4ssig Karten aus einem Stapel austeilen.<\/li><li>Katapult: Der Roboter kann ein Geschoss pr\u00e4zise auf ein Ziel werfen und sich anschliessend zur\u00fcck zu einer Nachladestation bewegen.<\/li><li>Zeichenroboter: Der Roboter kann mit einem Pinsel verschiedene Figuren auf ein Blatt Papier zeichnen.<\/li><li>Sortierroboter: Der Roboter kann Objekte finden, ihre Farbe erkennen und sie anschliessend nach Farbe sortieren.<\/li><li>Panzerroboter: Der Roboter bewegt sich auf einem Tisch und kann auf Knopfdruck, oder falls er ein Objekt vor sich sieht, ein Geschoss abfeuern.<\/li><\/ul>\n\n\n\n<style id=\"bwg-style-0\">    #bwg_container1_0 #bwg_container2_0 .bwg-container-0.bwg-standard-thumbnails {      width: 1254px;              justify-content: center;        margin:0 auto !important;              background-color: rgba(255, 255, 255, 0.00);            padding-left: 4px;      padding-top: 4px;      max-width: 100%;            }        #bwg_container1_0 #bwg_container2_0 .bwg-container-0.bwg-standard-thumbnails .bwg-item {    justify-content: flex-start;      max-width: 250px;          }    #bwg_container1_0 #bwg_container2_0 .bwg-container-0.bwg-standard-thumbnails .bwg-item a {       margin-right: 4px;       margin-bottom: 4px;    }    #bwg_container1_0 #bwg_container2_0 .bwg-container-0.bwg-standard-thumbnails .bwg-item0 {      padding: 0px;            background-color:rgba(0,0,0, 0.30);      border: 0px none #CCCCCC;      opacity: 1.00;      border-radius: 0;      box-shadow: ;    }    #bwg_container1_0 #bwg_container2_0 .bwg-container-0.bwg-standard-thumbnails .bwg-item1 img {      max-height: none;      max-width: none;      padding: 0 !important;    }         @media only screen and (min-width: 480px) {\t\t#bwg_container1_0 #bwg_container2_0 .bwg-container-0.bwg-standard-thumbnails .bwg-item1 img {\t\t\t-webkit-transition: all .3s; transition: all .3s;\t\t}\t\t#bwg_container1_0 #bwg_container2_0 .bwg-container-0.bwg-standard-thumbnails .bwg-item1 img:hover {\t\t\t-ms-transform: scale(1.08);\t\t\t-webkit-transform: scale(1.08);\t\t\ttransform: scale(1.08);\t\t}\t\t\t\t.bwg-standard-thumbnails .bwg-zoom-effect .bwg-zoom-effect-overlay {\t\t\t\t\t\tbackground-color:rgba(0,0,0, 0.3);\t\t}\t\t.bwg-standard-thumbnails .bwg-zoom-effect:hover img {\t\t\t-ms-transform: scale(1.08);\t\t\t-webkit-transform: scale(1.08);\t\t\ttransform: scale(1.08);\t\t}\t\t      }\t    #bwg_container1_0 #bwg_container2_0 .bwg-container-0.bwg-standard-thumbnails .bwg-item1 {      padding-top: 56%;    }        #bwg_container1_0 #bwg_container2_0 .bwg-container-0.bwg-standard-thumbnails .bwg-title1 {      position: absolute;      top: 0;      z-index: 100;      width: 100%;      height: 100%;      display: flex;      justify-content: center;      align-content: center;      flex-direction: column;      opacity: 0;    }\t      #bwg_container1_0 #bwg_container2_0 .bwg-container-0.bwg-standard-thumbnails .bwg-title2,    #bwg_container1_0 #bwg_container2_0 .bwg-container-0.bwg-standard-thumbnails .bwg-ecommerce2 {      color: #FFFFFF;      font-family: Ubuntu;      font-size: 16px;      font-weight: bold;      padding: 2px;      text-shadow: ;      max-height: 100%;    }    #bwg_container1_0 #bwg_container2_0 .bwg-container-0.bwg-standard-thumbnails .bwg-thumb-description span {    color: #323A45;    font-family: Ubuntu;    font-size: 12px;    max-height: 100%;    word-wrap: break-word;    }    #bwg_container1_0 #bwg_container2_0 .bwg-container-0.bwg-standard-thumbnails .bwg-play-icon2 {      font-size: 32px;    }    #bwg_container1_0 #bwg_container2_0 .bwg-container-0.bwg-standard-thumbnails .bwg-ecommerce2 {      font-size: 19.2px;      color: #323A45;    }    <\/style>    <div id=\"bwg_container1_0\"         class=\"bwg_container bwg_thumbnail bwg_thumbnails \"         data-right-click-protection=\"0\"         data-bwg=\"0\"         data-scroll=\"0\"         data-gallery-type=\"thumbnails\"         data-gallery-view-type=\"thumbnails\"         data-current-url=\"\/jahresbericht22-23\/wp-json\/wp\/v2\/pages\/260\"         data-lightbox-url=\"https:\/\/ksr-lu.ch\/jahresbericht22-23\/wp-admin\/admin-ajax.php?action=GalleryBox&#038;current_view=0&#038;gallery_id=29&#038;tag=0&#038;theme_id=1&#038;shortcode_id=60&#038;sort_by=order&#038;order_by=asc&#038;current_url=%2Fjahresbericht22-23%2Fwp-json%2Fwp%2Fv2%2Fpages%2F260\"         data-gallery-id=\"29\"         data-popup-width=\"800\"         data-popup-height=\"500\"         data-is-album=\"gallery\"         data-buttons-position=\"bottom\">      <div id=\"bwg_container2_0\">             <div id=\"ajax_loading_0\" class=\"bwg_loading_div_1\">      <div class=\"bwg_loading_div_2\">        <div class=\"bwg_loading_div_3\">          <div id=\"loading_div_0\" class=\"bwg_spider_ajax_loading\">          <\/div>        <\/div>      <\/div>    <\/div>            <form id=\"gal_front_form_0\"              class=\"bwg-hidden\"              method=\"post\"              action=\"#\"              data-current=\"0\"              data-shortcode-id=\"60\"              data-gallery-type=\"thumbnails\"              data-gallery-id=\"29\"              data-tag=\"0\"              data-album-id=\"0\"              data-theme-id=\"1\"              data-ajax-url=\"https:\/\/ksr-lu.ch\/jahresbericht22-23\/wp-admin\/admin-ajax.php?action=bwg_frontend_data\">          <div id=\"bwg_container3_0\" class=\"bwg-background bwg-background-0\">                <div data-max-count=\"5\"         data-thumbnail-width=\"250\"         data-bwg=\"0\"         data-gallery-id=\"29\"         data-lightbox-url=\"https:\/\/ksr-lu.ch\/jahresbericht22-23\/wp-admin\/admin-ajax.php?action=GalleryBox&amp;current_view=0&amp;gallery_id=29&amp;tag=0&amp;theme_id=1&amp;shortcode_id=60&amp;sort_by=order&amp;order_by=asc&amp;current_url=%2Fjahresbericht22-23%2Fwp-json%2Fwp%2Fv2%2Fpages%2F260\"         id=\"bwg_thumbnails_0\"         class=\"bwg-container-0 bwg-thumbnails bwg-standard-thumbnails bwg-container bwg-border-box\">            <div class=\"bwg-item\">        <a class=\"bwg-a  bwg_lightbox\"  data-image-id=\"74\" href=\"https:\/\/ksr-lu.ch\/jahresbericht22-23\/wp-content\/uploads\/sites\/197\/photo-gallery\/imported_from_media_libray\/Poker.jpg?bwg=1693731000\" data-elementor-open-lightbox=\"no\">                <div class=\"bwg-item0 \">          <div class=\"bwg-item1 bwg-zoom-effect\">            <div class=\"bwg-item2\">              <img class=\"skip-lazy bwg_standart_thumb_img_0 \"                   data-id=\"74\"                   data-width=\"333.00\"                   data-height=\"500.00\"                   data-src=\"https:\/\/ksr-lu.ch\/jahresbericht22-23\/wp-content\/uploads\/sites\/197\/photo-gallery\/imported_from_media_libray\/thumb\/Poker.jpg?bwg=1693731000\"                   src=\"https:\/\/ksr-lu.ch\/jahresbericht22-23\/wp-content\/uploads\/sites\/197\/photo-gallery\/imported_from_media_libray\/thumb\/Poker.jpg?bwg=1693731000\"                   alt=\"Pokerroboter\"                   title=\"Pokerroboter\" \/>            <\/div>            <div class=\"bwg-zoom-effect-overlay\">              <div class=\"bwg-title1\"><div class=\"bwg-title2\">Pokerroboter<\/div><\/div>                                        <\/div>          <\/div>        <\/div>                        <\/a>              <\/div>            <div class=\"bwg-item\">        <a class=\"bwg-a  bwg_lightbox\"  data-image-id=\"76\" href=\"https:\/\/ksr-lu.ch\/jahresbericht22-23\/wp-content\/uploads\/sites\/197\/photo-gallery\/imported_from_media_libray\/Katapult.jpg?bwg=1693731000\" data-elementor-open-lightbox=\"no\">                <div class=\"bwg-item0 \">          <div class=\"bwg-item1 bwg-zoom-effect\">            <div class=\"bwg-item2\">              <img class=\"skip-lazy bwg_standart_thumb_img_0 \"                   data-id=\"76\"                   data-width=\"500.00\"                   data-height=\"333.00\"                   data-src=\"https:\/\/ksr-lu.ch\/jahresbericht22-23\/wp-content\/uploads\/sites\/197\/photo-gallery\/imported_from_media_libray\/thumb\/Katapult.jpg?bwg=1693731000\"                   src=\"https:\/\/ksr-lu.ch\/jahresbericht22-23\/wp-content\/uploads\/sites\/197\/photo-gallery\/imported_from_media_libray\/thumb\/Katapult.jpg?bwg=1693731000\"                   alt=\"Katapult\"                   title=\"Katapult\" \/>            <\/div>            <div class=\"bwg-zoom-effect-overlay\">              <div class=\"bwg-title1\"><div class=\"bwg-title2\">Katapult<\/div><\/div>                                        <\/div>          <\/div>        <\/div>                        <\/a>              <\/div>            <div class=\"bwg-item\">        <a class=\"bwg-a  bwg_lightbox\"  data-image-id=\"77\" href=\"https:\/\/ksr-lu.ch\/jahresbericht22-23\/wp-content\/uploads\/sites\/197\/photo-gallery\/imported_from_media_libray\/Zeichner.jpg?bwg=1693731000\" data-elementor-open-lightbox=\"no\">                <div class=\"bwg-item0 \">          <div class=\"bwg-item1 bwg-zoom-effect\">            <div class=\"bwg-item2\">              <img class=\"skip-lazy bwg_standart_thumb_img_0 \"                   data-id=\"77\"                   data-width=\"500.00\"                   data-height=\"333.00\"                   data-src=\"https:\/\/ksr-lu.ch\/jahresbericht22-23\/wp-content\/uploads\/sites\/197\/photo-gallery\/imported_from_media_libray\/thumb\/Zeichner.jpg?bwg=1693731000\"                   src=\"https:\/\/ksr-lu.ch\/jahresbericht22-23\/wp-content\/uploads\/sites\/197\/photo-gallery\/imported_from_media_libray\/thumb\/Zeichner.jpg?bwg=1693731000\"                   alt=\"Zeichner\"                   title=\"Zeichner\" \/>            <\/div>            <div class=\"bwg-zoom-effect-overlay\">              <div class=\"bwg-title1\"><div class=\"bwg-title2\">Zeichner<\/div><\/div>                                        <\/div>          <\/div>        <\/div>                        <\/a>              <\/div>            <div class=\"bwg-item\">        <a class=\"bwg-a  bwg_lightbox\"  data-image-id=\"78\" href=\"https:\/\/ksr-lu.ch\/jahresbericht22-23\/wp-content\/uploads\/sites\/197\/photo-gallery\/imported_from_media_libray\/Sortierer.jpg?bwg=1693731000\" data-elementor-open-lightbox=\"no\">                <div class=\"bwg-item0 \">          <div class=\"bwg-item1 bwg-zoom-effect\">            <div class=\"bwg-item2\">              <img class=\"skip-lazy bwg_standart_thumb_img_0 \"                   data-id=\"78\"                   data-width=\"500.00\"                   data-height=\"333.00\"                   data-src=\"https:\/\/ksr-lu.ch\/jahresbericht22-23\/wp-content\/uploads\/sites\/197\/photo-gallery\/imported_from_media_libray\/thumb\/Sortierer.jpg?bwg=1693731000\"                   src=\"https:\/\/ksr-lu.ch\/jahresbericht22-23\/wp-content\/uploads\/sites\/197\/photo-gallery\/imported_from_media_libray\/thumb\/Sortierer.jpg?bwg=1693731000\"                   alt=\"Sortierer\"                   title=\"Sortierer\" \/>            <\/div>            <div class=\"bwg-zoom-effect-overlay\">              <div class=\"bwg-title1\"><div class=\"bwg-title2\">Sortierer<\/div><\/div>                                        <\/div>          <\/div>        <\/div>                        <\/a>              <\/div>            <div class=\"bwg-item\">        <a class=\"bwg-a  bwg_lightbox\"  data-image-id=\"75\" href=\"https:\/\/ksr-lu.ch\/jahresbericht22-23\/wp-content\/uploads\/sites\/197\/photo-gallery\/imported_from_media_libray\/Panzer.jpg?bwg=1693731000\" data-elementor-open-lightbox=\"no\">                <div class=\"bwg-item0 \">          <div class=\"bwg-item1 bwg-zoom-effect\">            <div class=\"bwg-item2\">              <img class=\"skip-lazy bwg_standart_thumb_img_0 \"                   data-id=\"75\"                   data-width=\"500.00\"                   data-height=\"333.00\"                   data-src=\"https:\/\/ksr-lu.ch\/jahresbericht22-23\/wp-content\/uploads\/sites\/197\/photo-gallery\/imported_from_media_libray\/thumb\/Panzer.jpg?bwg=1693731000\"                   src=\"https:\/\/ksr-lu.ch\/jahresbericht22-23\/wp-content\/uploads\/sites\/197\/photo-gallery\/imported_from_media_libray\/thumb\/Panzer.jpg?bwg=1693731000\"                   alt=\"Panzerroboter\"                   title=\"Panzerroboter\" \/>            <\/div>            <div class=\"bwg-zoom-effect-overlay\">              <div class=\"bwg-title1\"><div class=\"bwg-title2\">Panzerroboter<\/div><\/div>                                        <\/div>          <\/div>        <\/div>                        <\/a>              <\/div>          <\/div>    <style>      \/*pagination styles*\/      #bwg_container1_0 #bwg_container2_0 .tablenav-pages_0 {\t\t\t\ttext-align: center;\t\t\t\tfont-size: 12px;\t\t\t\tfont-family: Ubuntu;\t\t\t\tfont-weight: bold;\t\t\t\tcolor: #666666;\t\t\t\tmargin: 6px 0 4px;\t\t\t\tdisplay: block;      }      @media only screen and (max-width : 320px) {      #bwg_container1_0 #bwg_container2_0 .displaying-num_0 {     \t display: none;      }      }      #bwg_container1_0 #bwg_container2_0 .displaying-num_0 {\t\t\t\tfont-size: 12px;\t\t\t\tfont-family: Ubuntu;\t\t\t\tfont-weight: bold;\t\t\t\tcolor: #666666;\t\t\t\tmargin-right: 10px;\t\t\t\tvertical-align: middle;      }      #bwg_container1_0 #bwg_container2_0 .paging-input_0 {\t\t\t\tfont-size: 12px;\t\t\t\tfont-family: Ubuntu;\t\t\t\tfont-weight: bold;\t\t\t\tcolor: #666666;\t\t\t\tvertical-align: middle;      }      #bwg_container1_0 #bwg_container2_0 .tablenav-pages_0 a.disabled,      #bwg_container1_0 #bwg_container2_0 .tablenav-pages_0 a.disabled:hover,      #bwg_container1_0 #bwg_container2_0 .tablenav-pages_0 a.disabled:focus,\t\t\t#bwg_container1_0 #bwg_container2_0 .tablenav-pages_0 input.bwg_current_page {\t\t\t\tcursor: default;\t\t\t\tcolor: rgba(102, 102, 102, 0.5);      }      #bwg_container1_0 #bwg_container2_0 .tablenav-pages_0 a,      #bwg_container1_0 #bwg_container2_0 .tablenav-pages_0 input.bwg_current_page {\t\t\t\tcursor: pointer;\t\t\t\ttext-align: center;\t\t\t\tfont-size: 12px;\t\t\t\tfont-family: Ubuntu;\t\t\t\tfont-weight: bold;\t\t\t\tcolor: #666666;\t\t\t\ttext-decoration: none;\t\t\t\tpadding: 3px 6px;\t\t\t\tmargin: 0;\t\t\t\tborder-radius: 0;\t\t\t\tborder-style: solid;\t\t\t\tborder-width: 1px;\t\t\t\tborder-color: #E3E3E3;\t\t\t\t\t\t\t\tbackground-color: rgba(255, 255, 255, 1.00);\t\t\t\tbox-shadow: 0;\t\t\t\ttransition: all 0.3s ease 0s;-webkit-transition: all 0.3s ease 0s;      }      <\/style>      <span class=\"bwg_nav_cont_0\">              <div class=\"tablenav-pages_0\">                  <\/div>                <input type=\"hidden\" id=\"page_number_0\" name=\"page_number_0\" value=\"1\" \/>      <script type=\"text\/javascript\">        if( jQuery('.bwg_nav_cont_0').length > 1 ) {          jQuery('.bwg_nav_cont_0').first().remove()        }        function spider_page_0(cur, x, y, load_more) {          if (typeof load_more == \"undefined\") {            var load_more = false;          }          if (jQuery(cur).hasClass('disabled')) {            return false;          }          var items_county_0 = 1;          switch (y) {            case 1:              if (x >= items_county_0) {                document.getElementById('page_number_0').value = items_county_0;              }              else {                document.getElementById('page_number_0').value = x + 1;              }              break;            case 2:              document.getElementById('page_number_0').value = items_county_0;              break;            case -1:              if (x == 1) {                document.getElementById('page_number_0').value = 1;              }              else {                document.getElementById('page_number_0').value = x - 1;              }              break;            case -2:              document.getElementById('page_number_0').value = 1;              break;\t\t\t\t\t\tcase 0:              document.getElementById('page_number_0').value = x;              break;            default:              document.getElementById('page_number_0').value = 1;          }          bwg_ajax('gal_front_form_0', '0', 'bwg_thumbnails_0', '0', '', 'gallery', 0, '', '', load_more, '', 1);        }                    jQuery('.first-page-0').on('click', function () {              spider_page_0(this, 1, -2, 'numeric');              return false;            });            jQuery('.prev-page-0').on('click', function () {              spider_page_0(this, 1, -1, 'numeric');              return false;            });            jQuery('.next-page-0').on('click', function () {              spider_page_0(this, 1, 1, 'numeric');              return false;            });            jQuery('.last-page-0').on('click', function () {              spider_page_0(this, 1, 2, 'numeric');              return false;            });        \t\t\t\t\/* Change page on input enter. *\/        function bwg_change_page_0( e, that ) {          if (  e.key == 'Enter' ) {            var to_page = parseInt(jQuery(that).val());            var pages_count = jQuery(that).parents(\".pagination-links\").data(\"pages-count\");            var current_url_param = jQuery(that).attr('data-url-info');            if (to_page > pages_count) {              to_page = 1;            }\t \t\t\t\t\t\t\t\t\t\t\t\tspider_page_0(this, to_page, 0, 'numeric');\t\t\t\t\t\t\treturn false;\t\t\t\t\t\t          }          return true;        }        jQuery('.bwg_load_btn_0').on('click', function () {            spider_page_0(this, 1, 1, true);            return false;        });      <\/script>      <\/span>                <\/div>        <\/form>        <style>          #bwg_container1_0 #bwg_container2_0 #spider_popup_overlay_0 {          background-color: #EEEEEE;          opacity: 0.60;          }          <\/style>        <div id=\"bwg_spider_popup_loading_0\" class=\"bwg_spider_popup_loading\"><\/div>        <div id=\"spider_popup_overlay_0\" class=\"spider_popup_overlay\" onclick=\"spider_destroypopup(1000)\"><\/div>        <input type=\"hidden\" id=\"bwg_random_seed_0\" value=\"587368404\">                <\/div>    <\/div>    <script>      if (document.readyState === 'complete') {        if( typeof bwg_main_ready == 'function' ) {          if ( jQuery(\"#bwg_container1_0\").height() ) {            bwg_main_ready(jQuery(\"#bwg_container1_0\"));          }        }      } else {        document.addEventListener('DOMContentLoaded', function() {          if( typeof bwg_main_ready == 'function' ) {            if ( jQuery(\"#bwg_container1_0\").height() ) {             bwg_main_ready(jQuery(\"#bwg_container1_0\"));            }          }        });      }    <\/script>    \n\n\n\n<p>Die Sch\u00fclerinnen und Sch\u00fcler besch\u00e4ftigten sich drei Projektnachmittage damit, ihren Roboter zu bauen, zu programmieren, zu testen und zu verbessern. Auch wenn nicht immer alles im ersten Versuch funktionierte, gelang es den f\u00fcnf Gruppen schlussendlich, ihren Roboter bis zum Ende des Moduls funktionst\u00fcchtig zu machen. Gegen Ende Schuljahr wurde im Lichthof der KSR eine Ausstellung organisiert, an der die Teilnehmenden ihre Roboter den anderen Sch\u00fclerinnen und Sch\u00fcler, sowie interessierten Lehrpersonen, vorstellen konnten. Die Roboter k\u00f6nnen auch heute noch in der Vitrine des Erg\u00e4nzungsbaus betrachtet werden, wo sie bis zur n\u00e4chsten Durchf\u00fchrung des Begabungsf\u00f6rderungsmoduls Robotik bleiben werden.<\/p>\n<!-- PMB print buttons is only displayed on a single post\/page URLs-->","protected":false},"excerpt":{"rendered":"<p>Daniel Zurm\u00fchleLehrperson f\u00fcr Mathematik und Informatik Seit einigen Jahren hat sich das Fach Informatik an der KSR etabliert. Die Sch\u00fclerinnen und Sch\u00fcler lernen w\u00e4hrend vier Jahren Grundkenntnisse in verschiedenen Programmiersprachen. Programmieren ist aber nicht nur eine Wissenschaft an sich, sondern wird auch vielen anderen Gebieten gebraucht, insbesondere in den Ingenieurwissenschaften. Im Rahmen der schulinternen Begabungsf\u00f6rderung [&hellip;]<\/p>\n","protected":false},"author":218,"featured_media":0,"parent":0,"menu_order":0,"comment_status":"closed","ping_status":"closed","template":"","meta":[],"categories":[7,6],"tags":[],"_links":{"self":[{"href":"https:\/\/ksr-lu.ch\/jahresbericht22-23\/wp-json\/wp\/v2\/pages\/260"}],"collection":[{"href":"https:\/\/ksr-lu.ch\/jahresbericht22-23\/wp-json\/wp\/v2\/pages"}],"about":[{"href":"https:\/\/ksr-lu.ch\/jahresbericht22-23\/wp-json\/wp\/v2\/types\/page"}],"author":[{"embeddable":true,"href":"https:\/\/ksr-lu.ch\/jahresbericht22-23\/wp-json\/wp\/v2\/users\/218"}],"replies":[{"embeddable":true,"href":"https:\/\/ksr-lu.ch\/jahresbericht22-23\/wp-json\/wp\/v2\/comments?post=260"}],"version-history":[{"count":7,"href":"https:\/\/ksr-lu.ch\/jahresbericht22-23\/wp-json\/wp\/v2\/pages\/260\/revisions"}],"predecessor-version":[{"id":1073,"href":"https:\/\/ksr-lu.ch\/jahresbericht22-23\/wp-json\/wp\/v2\/pages\/260\/revisions\/1073"}],"wp:attachment":[{"href":"https:\/\/ksr-lu.ch\/jahresbericht22-23\/wp-json\/wp\/v2\/media?parent=260"}],"wp:term":[{"taxonomy":"category","embeddable":true,"href":"https:\/\/ksr-lu.ch\/jahresbericht22-23\/wp-json\/wp\/v2\/categories?post=260"},{"taxonomy":"post_tag","embeddable":true,"href":"https:\/\/ksr-lu.ch\/jahresbericht22-23\/wp-json\/wp\/v2\/tags?post=260"}],"curies":[{"name":"wp","href":"https:\/\/api.w.org\/{rel}","templated":true}]}}