{"id":26,"date":"2023-03-23T10:32:43","date_gmt":"2023-03-23T09:32:43","guid":{"rendered":"https:\/\/ksr-lu.ch\/jahresberichte\/?page_id=26"},"modified":"2023-10-07T12:55:32","modified_gmt":"2023-10-07T10:55:32","slug":"jahresbericht-22-23","status":"publish","type":"page","link":"https:\/\/ksr-lu.ch\/jahresbericht22-23\/","title":{"rendered":"Jahresbericht 2022\/23"},"content":{"rendered":"\n<figure class=\"wp-block-gallery columns-3 is-cropped\"><ul class=\"blocks-gallery-grid\"><li class=\"blocks-gallery-item\"><figure><img width=\"1024\" height=\"683\" src=\"http:\/\/ksr-lu.ch\/jahresbericht22-23\/wp-content\/uploads\/sites\/190\/2023\/07\/Rueckblick-1024x683.jpg\" alt=\"\" data-id=\"576\" data-full-url=\"http:\/\/ksr-lu.ch\/jahresbericht22-23\/wp-content\/uploads\/sites\/190\/2023\/07\/Rueckblick.jpg\" data-link=\"https:\/\/ksr-lu.ch\/jahresberichte\/rueckblick-2\/\" class=\"wp-image-576\" srcset=\"https:\/\/ksr-lu.ch\/jahresbericht22-23\/wp-content\/uploads\/sites\/197\/2023\/07\/Rueckblick-1024x683.jpg 1024w, https:\/\/ksr-lu.ch\/jahresbericht22-23\/wp-content\/uploads\/sites\/197\/2023\/07\/Rueckblick-300x200.jpg 300w, https:\/\/ksr-lu.ch\/jahresbericht22-23\/wp-content\/uploads\/sites\/197\/2023\/07\/Rueckblick-768x512.jpg 768w, https:\/\/ksr-lu.ch\/jahresbericht22-23\/wp-content\/uploads\/sites\/197\/2023\/07\/Rueckblick-1536x1024.jpg 1536w, https:\/\/ksr-lu.ch\/jahresbericht22-23\/wp-content\/uploads\/sites\/197\/2023\/07\/Rueckblick.jpg 2048w\" sizes=\"(max-width: 1024px) 100vw, 1024px\" \/><\/figure><\/li><li class=\"blocks-gallery-item\"><figure><img width=\"1024\" height=\"768\" src=\"http:\/\/ksr-lu.ch\/jahresbericht22-23\/wp-content\/uploads\/sites\/190\/2023\/07\/Blick-ins-Innere-des-geplanten-Neubaus-1024x768.jpg\" alt=\"\" data-id=\"454\" data-full-url=\"http:\/\/ksr-lu.ch\/jahresbericht22-23\/wp-content\/uploads\/sites\/190\/2023\/07\/Blick-ins-Innere-des-geplanten-Neubaus.jpg\" data-link=\"https:\/\/ksr-lu.ch\/jahresberichte\/blick-ins-innere-des-geplanten-neubaus\/\" class=\"wp-image-454\" srcset=\"https:\/\/ksr-lu.ch\/jahresbericht22-23\/wp-content\/uploads\/sites\/197\/2023\/07\/Blick-ins-Innere-des-geplanten-Neubaus-1024x768.jpg 1024w, https:\/\/ksr-lu.ch\/jahresbericht22-23\/wp-content\/uploads\/sites\/197\/2023\/07\/Blick-ins-Innere-des-geplanten-Neubaus-300x225.jpg 300w, https:\/\/ksr-lu.ch\/jahresbericht22-23\/wp-content\/uploads\/sites\/197\/2023\/07\/Blick-ins-Innere-des-geplanten-Neubaus-768x576.jpg 768w, https:\/\/ksr-lu.ch\/jahresbericht22-23\/wp-content\/uploads\/sites\/197\/2023\/07\/Blick-ins-Innere-des-geplanten-Neubaus.jpg 1173w\" sizes=\"(max-width: 1024px) 100vw, 1024px\" \/><\/figure><\/li><li class=\"blocks-gallery-item\"><figure><img width=\"683\" height=\"1024\" src=\"http:\/\/ksr-lu.ch\/jahresbericht22-23\/wp-content\/uploads\/sites\/190\/2023\/07\/Unterricht-und-Projekte-1-683x1024.jpg\" alt=\"\" data-id=\"577\" data-full-url=\"http:\/\/ksr-lu.ch\/jahresbericht22-23\/wp-content\/uploads\/sites\/190\/2023\/07\/Unterricht-und-Projekte-1.jpg\" data-link=\"https:\/\/ksr-lu.ch\/jahresberichte\/unterricht-und-projekte-5\/\" class=\"wp-image-577\" srcset=\"https:\/\/ksr-lu.ch\/jahresbericht22-23\/wp-content\/uploads\/sites\/197\/2023\/07\/Unterricht-und-Projekte-1-683x1024.jpg 683w, https:\/\/ksr-lu.ch\/jahresbericht22-23\/wp-content\/uploads\/sites\/197\/2023\/07\/Unterricht-und-Projekte-1-200x300.jpg 200w, https:\/\/ksr-lu.ch\/jahresbericht22-23\/wp-content\/uploads\/sites\/197\/2023\/07\/Unterricht-und-Projekte-1-768x1152.jpg 768w, https:\/\/ksr-lu.ch\/jahresbericht22-23\/wp-content\/uploads\/sites\/197\/2023\/07\/Unterricht-und-Projekte-1-1024x1536.jpg 1024w, https:\/\/ksr-lu.ch\/jahresbericht22-23\/wp-content\/uploads\/sites\/197\/2023\/07\/Unterricht-und-Projekte-1.jpg 1365w\" sizes=\"(max-width: 683px) 100vw, 683px\" \/><\/figure><\/li><\/ul><\/figure>\n\n\n\n<div class=\"wp-block-columns\">\n<div class=\"wp-block-column\" style=\"flex-basis:33.33%\">\n<p class=\"has-text-align-center\"><a href=\"https:\/\/ksr-lu.ch\/jahresbericht22-23\/rueckblick\/\">R\u00fcckblick<\/a><\/p>\n<\/div>\n\n\n\n<div class=\"wp-block-column\" style=\"flex-basis:33.33%\">\n<p class=\"has-text-align-center\"><a href=\"https:\/\/ksr-lu.ch\/jahresbericht22-23\/schwerpunkte\/\">Schwerpunkte<\/a><\/p>\n<\/div>\n\n\n\n<div class=\"wp-block-column\" style=\"flex-basis:33.33%\">\n<p class=\"has-text-align-center\"><a href=\"https:\/\/ksr-lu.ch\/jahresbericht22-23\/unterricht-und-projekte\/\">Unterricht und Projekte<\/a><\/p>\n<\/div>\n<\/div>\n\n\n\n<figure class=\"wp-block-gallery columns-3 is-cropped\"><ul class=\"blocks-gallery-grid\"><li class=\"blocks-gallery-item\"><figure><img width=\"768\" height=\"1024\" src=\"http:\/\/ksr-lu.ch\/jahresbericht22-23\/wp-content\/uploads\/sites\/190\/2023\/07\/Matura-768x1024.jpg\" alt=\"\" data-id=\"579\" data-full-url=\"http:\/\/ksr-lu.ch\/jahresbericht22-23\/wp-content\/uploads\/sites\/190\/2023\/07\/Matura.jpg\" data-link=\"https:\/\/ksr-lu.ch\/jahresberichte\/matura-2\/\" class=\"wp-image-579\" srcset=\"https:\/\/ksr-lu.ch\/jahresbericht22-23\/wp-content\/uploads\/sites\/197\/2023\/07\/Matura-768x1024.jpg 768w, https:\/\/ksr-lu.ch\/jahresbericht22-23\/wp-content\/uploads\/sites\/197\/2023\/07\/Matura-225x300.jpg 225w, https:\/\/ksr-lu.ch\/jahresbericht22-23\/wp-content\/uploads\/sites\/197\/2023\/07\/Matura-1152x1536.jpg 1152w, https:\/\/ksr-lu.ch\/jahresbericht22-23\/wp-content\/uploads\/sites\/197\/2023\/07\/Matura.jpg 1536w\" sizes=\"(max-width: 768px) 100vw, 768px\" \/><\/figure><\/li><li class=\"blocks-gallery-item\"><figure><img width=\"1024\" height=\"696\" src=\"http:\/\/ksr-lu.ch\/jahresbericht22-23\/wp-content\/uploads\/sites\/190\/2023\/07\/Personelles-1024x696.jpg\" alt=\"\" data-id=\"580\" data-full-url=\"http:\/\/ksr-lu.ch\/jahresbericht22-23\/wp-content\/uploads\/sites\/190\/2023\/07\/Personelles.jpg\" data-link=\"https:\/\/ksr-lu.ch\/jahresberichte\/personelles-2\/\" class=\"wp-image-580\" srcset=\"https:\/\/ksr-lu.ch\/jahresbericht22-23\/wp-content\/uploads\/sites\/197\/2023\/07\/Personelles-1024x696.jpg 1024w, https:\/\/ksr-lu.ch\/jahresbericht22-23\/wp-content\/uploads\/sites\/197\/2023\/07\/Personelles-300x204.jpg 300w, https:\/\/ksr-lu.ch\/jahresbericht22-23\/wp-content\/uploads\/sites\/197\/2023\/07\/Personelles-768x522.jpg 768w, https:\/\/ksr-lu.ch\/jahresbericht22-23\/wp-content\/uploads\/sites\/197\/2023\/07\/Personelles-1536x1044.jpg 1536w, https:\/\/ksr-lu.ch\/jahresbericht22-23\/wp-content\/uploads\/sites\/197\/2023\/07\/Personelles.jpg 2048w\" sizes=\"(max-width: 1024px) 100vw, 1024px\" \/><\/figure><\/li><li class=\"blocks-gallery-item\"><figure><img width=\"1024\" height=\"683\" src=\"http:\/\/ksr-lu.ch\/jahresbericht22-23\/wp-content\/uploads\/sites\/190\/2023\/07\/Zahlen-Daten-Fakten-1024x683.jpg\" alt=\"\" data-id=\"578\" data-full-url=\"http:\/\/ksr-lu.ch\/jahresbericht22-23\/wp-content\/uploads\/sites\/190\/2023\/07\/Zahlen-Daten-Fakten.jpg\" data-link=\"https:\/\/ksr-lu.ch\/jahresberichte\/zahlen-daten-fakten-2\/\" class=\"wp-image-578\" srcset=\"https:\/\/ksr-lu.ch\/jahresbericht22-23\/wp-content\/uploads\/sites\/197\/2023\/07\/Zahlen-Daten-Fakten-1024x683.jpg 1024w, https:\/\/ksr-lu.ch\/jahresbericht22-23\/wp-content\/uploads\/sites\/197\/2023\/07\/Zahlen-Daten-Fakten-300x200.jpg 300w, https:\/\/ksr-lu.ch\/jahresbericht22-23\/wp-content\/uploads\/sites\/197\/2023\/07\/Zahlen-Daten-Fakten-768x512.jpg 768w, https:\/\/ksr-lu.ch\/jahresbericht22-23\/wp-content\/uploads\/sites\/197\/2023\/07\/Zahlen-Daten-Fakten-1536x1024.jpg 1536w, https:\/\/ksr-lu.ch\/jahresbericht22-23\/wp-content\/uploads\/sites\/197\/2023\/07\/Zahlen-Daten-Fakten.jpg 2048w\" sizes=\"(max-width: 1024px) 100vw, 1024px\" \/><\/figure><\/li><\/ul><\/figure>\n\n\n\n<div class=\"wp-block-columns\">\n<div class=\"wp-block-column\" style=\"flex-basis:33.33%\">\n<p class=\"has-text-align-center\"><a href=\"https:\/\/ksr-lu.ch\/jahresbericht22-23\/matura\/\">Matura<\/a><\/p>\n<\/div>\n\n\n\n<div class=\"wp-block-column\" style=\"flex-basis:33.33%\">\n<p class=\"has-text-align-center\"><a href=\"https:\/\/ksr-lu.ch\/jahresbericht22-23\/personelles\/\">Personelles<\/a><\/p>\n<\/div>\n\n\n\n<div class=\"wp-block-column\" style=\"flex-basis:33.33%\">\n<p class=\"has-text-align-center\"><a href=\"https:\/\/ksr-lu.ch\/jahresbericht22-23\/zahlen-daten-fakten\/\">Zahlen, Daten, Fakten<\/a><\/p>\n<\/div>\n<\/div>\n\n\n\n<p><a href=\"https:\/\/ksr-lu.ch\/jahresberichte\/wp-admin\/edit.php?post_type=page\"><\/a><\/p>\n\n\n\n<p class=\"has-white-color has-text-color\">.<\/p>\n\n\n\n<p class=\"has-vivid-red-color has-text-color\" id=\"block-d8072b1a-4e9d-4bd8-a772-3893b1bcc688\"><strong>Impressum<\/strong><\/p>\n\n\n\n<div class=\"wp-block-columns\">\n<div class=\"wp-block-column\" style=\"flex-basis:50%\">\n<p class=\"has-small-font-size\" id=\"block-d8072b1a-4e9d-4bd8-a772-3893b1bcc688\"><strong>Kantonsschule Reussb\u00fchl Luzern<\/strong><br>Gymnasium<br>Ruopigenstrasse 40<br>6015 Luzern&nbsp;<br>Internet: <a href=\"http:\/\/www.ksreussbuehl.lu.ch\">www.ksreussbuehl.lu.ch<\/a><br>Telefon: 041 349 72 00<br>e-mail: <a href=\"mailto:info.ksreu@edulu.ch\">info.ksreu@edulu.ch<\/a><\/p>\n\n\n\n<p class=\"has-small-font-size\"><strong>Fotos<\/strong><br>Florian Zellweger <br>und weitere Lehrpersonen<\/p>\n<\/div>\n\n\n\n<div class=\"wp-block-column\" style=\"flex-basis:50%\">\n<p class=\"has-small-font-size\"><strong>Redaktion <\/strong><br>Annette Studer und Heidi Lienhard<br>Lehrpersonen, Sch\u00fclerinnen und Sch\u00fcler <br>der Kantonsschule Reussb\u00fchl Luzern<\/p>\n\n\n\n<p class=\"has-small-font-size\"><strong>Lektorat<\/strong><br>Gerda Bissig<\/p>\n\n\n\n<p class=\"has-small-font-size\"><strong>Layout<\/strong><br>Maria Chiara Paravicini Bagliani<\/p>\n<\/div>\n<\/div>\n\n\n\n<p class=\"has-small-font-size\" id=\"block-a419e26b-8c9e-4b34-9523-39c1512dcc81\"><a href=\"https:\/\/ksr-lu.ch\/?page_id=2\">Datenschutzerkl\u00e4rung<\/a> und <a href=\"https:\/\/ksr-lu.ch\/wp-content\/uploads\/2020\/01\/User-Policy-KSR.pdf\">Nutzungsbestimmungen<\/a><\/p>\n\n\n\n<p class=\"has-white-color has-text-color\">.<\/p>\n\n\n\n<p class=\"has-white-color has-text-color\">.<\/p>\n<!-- PMB print buttons is only displayed on a single post\/page URLs-->","protected":false},"excerpt":{"rendered":"<p>R\u00fcckblick Schwerpunkte Unterricht und Projekte Matura Personelles Zahlen, Daten, Fakten . Impressum Kantonsschule Reussb\u00fchl LuzernGymnasiumRuopigenstrasse 406015 Luzern&nbsp;Internet: www.ksreussbuehl.lu.chTelefon: 041 349 72 00e-mail: info.ksreu@edulu.ch FotosFlorian Zellweger und weitere Lehrpersonen Redaktion Annette Studer und Heidi LienhardLehrpersonen, Sch\u00fclerinnen und Sch\u00fcler der Kantonsschule Reussb\u00fchl Luzern LektoratGerda Bissig LayoutMaria Chiara Paravicini Bagliani Datenschutzerkl\u00e4rung und Nutzungsbestimmungen . .<\/p>\n","protected":false},"author":1,"featured_media":0,"parent":0,"menu_order":0,"comment_status":"closed","ping_status":"closed","template":"","meta":[],"categories":[],"tags":[],"_links":{"self":[{"href":"https:\/\/ksr-lu.ch\/jahresbericht22-23\/wp-json\/wp\/v2\/pages\/26"}],"collection":[{"href":"https:\/\/ksr-lu.ch\/jahresbericht22-23\/wp-json\/wp\/v2\/pages"}],"about":[{"href":"https:\/\/ksr-lu.ch\/jahresbericht22-23\/wp-json\/wp\/v2\/types\/page"}],"author":[{"embeddable":true,"href":"https:\/\/ksr-lu.ch\/jahresbericht22-23\/wp-json\/wp\/v2\/users\/1"}],"replies":[{"embeddable":true,"href":"https:\/\/ksr-lu.ch\/jahresbericht22-23\/wp-json\/wp\/v2\/comments?post=26"}],"version-history":[{"count":36,"href":"https:\/\/ksr-lu.ch\/jahresbericht22-23\/wp-json\/wp\/v2\/pages\/26\/revisions"}],"predecessor-version":[{"id":1306,"href":"https:\/\/ksr-lu.ch\/jahresbericht22-23\/wp-json\/wp\/v2\/pages\/26\/revisions\/1306"}],"wp:attachment":[{"href":"https:\/\/ksr-lu.ch\/jahresbericht22-23\/wp-json\/wp\/v2\/media?parent=26"}],"wp:term":[{"taxonomy":"category","embeddable":true,"href":"https:\/\/ksr-lu.ch\/jahresbericht22-23\/wp-json\/wp\/v2\/categories?post=26"},{"taxonomy":"post_tag","embeddable":true,"href":"https:\/\/ksr-lu.ch\/jahresbericht22-23\/wp-json\/wp\/v2\/tags?post=26"}],"curies":[{"name":"wp","href":"https:\/\/api.w.org\/{rel}","templated":true}]}}