{"id":254,"date":"2023-07-14T23:11:40","date_gmt":"2023-07-14T21:11:40","guid":{"rendered":"https:\/\/ksr-lu.ch\/jahresberichte\/?page_id=254"},"modified":"2023-09-17T12:00:44","modified_gmt":"2023-09-17T10:00:44","slug":"studienreise-der-klasse-l21b-nach-potsdam","status":"publish","type":"page","link":"https:\/\/ksr-lu.ch\/jahresbericht22-23\/studienreise-der-klasse-l21b-nach-potsdam\/","title":{"rendered":"Studienreise der Klasse L21b nach Potsdam"},"content":{"rendered":"\n<p>Martina Erzinger<br>Klassenlehrperson der Klasse L21b<br>Christoph Schaufelberger<br>Lehrperson f\u00fcr Deutsch und Philosophie<br><\/p>\n\n\n\n<p>Anl\u00e4sslich des 20-j\u00e4hrigen Jubil\u00e4ums der St\u00e4dtepartnerschaft Luzern-Potsdam im Jahr 2022 organisiert der Freundeskreis dieser St\u00e4dtepartnerschaft verschiedene <a href=\"https:\/\/ksr-lu.ch\/potsdamaustausch\/\">Schulaustauschprogramme<\/a> zwischen der KSR und der Sportschule Potsdam.<\/p>\n\n\n\n<p>In diesem Rahmen reiste die Klasse L21b w\u00e4hrend der Fr\u00fchlingssonderwoche 2023 zur Sportschule Potsdam, um den Alltag der dortigen Sportsch\u00fclerinnen und Sportsch\u00fcler f\u00fcr eine Woche hautnah miterleben zu k\u00f6nnen. Begleitet wurde die Klasse von ihrer Klassenlehrerin Martina Erzinger und ihrem Deutschlehrer Christoph Schaufelberger, der auch Mitglied des Freundeskreises Luzern-Potsdam ist.<\/p>\n\n\n\n<p>Die Reisegruppe der KSR wurde an der Sportschule Potsdam herzlich empfangen und logierte in komfortablen Zimmern im Internat der Schule. Auch durften die Besucherinnen und Besucher in der hiesigen Mensa speisen. Dies war nicht nur praktisch, sondern auch \u00e4usserst kosteng\u00fcnstig.<\/p>\n\n\n\n<figure class=\"wp-block-image size-full is-style-default\"><img width=\"2048\" height=\"429\" src=\"https:\/\/ksr-lu.ch\/jahresbericht22-23\/wp-content\/uploads\/sites\/197\/2023\/07\/Foto1GlienickerBrueckePanorama.jpg\" alt=\"\" class=\"wp-image-443\" srcset=\"https:\/\/ksr-lu.ch\/jahresbericht22-23\/wp-content\/uploads\/sites\/197\/2023\/07\/Foto1GlienickerBrueckePanorama.jpg 2048w, https:\/\/ksr-lu.ch\/jahresbericht22-23\/wp-content\/uploads\/sites\/197\/2023\/07\/Foto1GlienickerBrueckePanorama-300x63.jpg 300w, https:\/\/ksr-lu.ch\/jahresbericht22-23\/wp-content\/uploads\/sites\/197\/2023\/07\/Foto1GlienickerBrueckePanorama-1024x215.jpg 1024w, https:\/\/ksr-lu.ch\/jahresbericht22-23\/wp-content\/uploads\/sites\/197\/2023\/07\/Foto1GlienickerBrueckePanorama-768x161.jpg 768w, https:\/\/ksr-lu.ch\/jahresbericht22-23\/wp-content\/uploads\/sites\/197\/2023\/07\/Foto1GlienickerBrueckePanorama-1536x322.jpg 1536w\" sizes=\"(max-width: 2048px) 100vw, 2048px\" \/><figcaption>Die L21b mit der Potsdamer Deutschklasse von L. Tingir bei der Glienicker Br\u00fccke<\/figcaption><\/figure>\n\n\n\n<p>Das Thema der Woche war Deutschland zur Zeit der DDR. Die Sch\u00fclerinnen und Sch\u00fcler hatten sich zuvor im Deutschunterricht schon intensiv mit dem Thema auseinandergesetzt, u.a. mit der Lekt\u00fcre von Thomas Brussigs Roman \u00abAm k\u00fcrzeren Ende der Sonnenallee\u00bb und mit der Vorbereitung von Kurzvortr\u00e4gen. Kaum in Berlin angekommen, besuchte die Klasse dann das DDR-Museum und kam in den Genuss der F\u00fchrung eines Zeitzeugen, von welchem sie viel \u00fcber das Leben und den Alltag in der DDR erfuhr. Am Abend wurden die G\u00e4ste aus Luzern pers\u00f6nlich von den Verantwortlichen des Freundschaftsvereins willkommen geheissen und als Geschenk bekam jeder Gast eine Karte f\u00fcr die freie Benutzung der \u00f6ffentlichen Verkehrsmittel w\u00e4hrend der ganzen Woche.<\/p>\n\n\n\n<p>Am folgenden Tag trafen sich die L21b und ihre Lehrpersonen mit den Potsdamer Klassen. Man wanderte zusammen um den \u00abHeiligen See\u00bb, wo sowohl Potsdamer wie auch Luzerner Sch\u00fclerinnen und Sch\u00fcler Kurzvortr\u00e4ge zum Agentenaustausch bei der Glienicker Br\u00fccke und zur Potsdamer Konferenz hielten. Am Nachmittag kam es bei der Gedenkst\u00e4tte an der Lindenstrasse, einem ehemaligen Stasi-Gef\u00e4ngnis, wiederum zu einer emotionalen und eindr\u00fccklichen Begegnung mit Zeitzeugen. Den gemeinsam verbrachten Tag rundeten die Austauschklassen mit einem geselligen Grillabend ab.<\/p>\n\n\n\n<div class=\"wp-block-image is-style-default\"><figure class=\"aligncenter size-full is-resized\"><img src=\"https:\/\/ksr-lu.ch\/jahresbericht22-23\/wp-content\/uploads\/sites\/197\/2023\/07\/Foto2Grillabend.jpg\" alt=\"\" class=\"wp-image-445\" width=\"1024\" height=\"768\" srcset=\"https:\/\/ksr-lu.ch\/jahresbericht22-23\/wp-content\/uploads\/sites\/197\/2023\/07\/Foto2Grillabend.jpg 2048w, https:\/\/ksr-lu.ch\/jahresbericht22-23\/wp-content\/uploads\/sites\/197\/2023\/07\/Foto2Grillabend-300x225.jpg 300w, https:\/\/ksr-lu.ch\/jahresbericht22-23\/wp-content\/uploads\/sites\/197\/2023\/07\/Foto2Grillabend-1024x768.jpg 1024w, https:\/\/ksr-lu.ch\/jahresbericht22-23\/wp-content\/uploads\/sites\/197\/2023\/07\/Foto2Grillabend-768x576.jpg 768w, https:\/\/ksr-lu.ch\/jahresbericht22-23\/wp-content\/uploads\/sites\/197\/2023\/07\/Foto2Grillabend-1536x1152.jpg 1536w\" sizes=\"(max-width: 1024px) 100vw, 1024px\" \/><figcaption>Der gemeinsame, leider etwas regnerische Grillabend<\/figcaption><\/figure><\/div>\n\n\n\n<p>Weiter ging es am Mittwoch mit Pr\u00e4sentationen auf dem Brauhausberg zur politischen Organisation und zur Jugendkultur in der DDR. Danach besuchte die Klasse das Filmmuseum, wo die Reisegruppe bei einer eindr\u00fccklichen F\u00fchrung hinter die Kulissen des Films \u00abSonnenallee\u00bb und die Historie der weltbekannten Babelsberger Filmstudios blicken konnte.<\/p>\n\n\n\n<p>Am Nachmittag war der gemeinsame Ruder-Event mit der Ruderklasse der Sportschule Potsdam angesagt &#8211; ein weiterer H\u00f6hepunkt der Woche! So kamen die Luzernerinnen und Luzerner einen ganzen Nachmittag lang in den Genuss des Ruderunterrichts. Unter Aufsicht der gleichaltrigen Profiruderer und -ruderinnen und deren Trainer \u00fcbten die L21b-ler fleissig an ihrer Rudertechnik. Nach dem Training auf dem See begleiteten die Luzerner*innen ihre Potsdamer Kolleginnen und Kollegen auch noch zum intensiven Krafttraining.<\/p>\n\n\n\n<p>Den freien Abend genossen die Sch\u00fclerinnen und Sch\u00fcler aus Luzern und Potsdam gemeinsam \u2013 es hatten sich mittlerweile schon einige l\u00e4nder\u00fcbergreifende Freundschaften und Bekanntschaften gebildet.<\/p>\n\n\n\n<div class=\"wp-block-image is-style-default\"><figure class=\"aligncenter size-full is-resized\"><img src=\"https:\/\/ksr-lu.ch\/jahresbericht22-23\/wp-content\/uploads\/sites\/197\/2023\/07\/Foto3Rudertraining.jpg\" alt=\"\" class=\"wp-image-442\" width=\"1024\" height=\"768\" srcset=\"https:\/\/ksr-lu.ch\/jahresbericht22-23\/wp-content\/uploads\/sites\/197\/2023\/07\/Foto3Rudertraining.jpg 2048w, https:\/\/ksr-lu.ch\/jahresbericht22-23\/wp-content\/uploads\/sites\/197\/2023\/07\/Foto3Rudertraining-300x225.jpg 300w, https:\/\/ksr-lu.ch\/jahresbericht22-23\/wp-content\/uploads\/sites\/197\/2023\/07\/Foto3Rudertraining-1024x768.jpg 1024w, https:\/\/ksr-lu.ch\/jahresbericht22-23\/wp-content\/uploads\/sites\/197\/2023\/07\/Foto3Rudertraining-768x576.jpg 768w, https:\/\/ksr-lu.ch\/jahresbericht22-23\/wp-content\/uploads\/sites\/197\/2023\/07\/Foto3Rudertraining-1536x1152.jpg 1536w\" sizes=\"(max-width: 1024px) 100vw, 1024px\" \/><figcaption>Die L21b mit der Potsdamer Rudertrainingsgruppe (9.\/10. Klasse)<\/figcaption><\/figure><\/div>\n\n\n\n<p>Am Freitag reiste die Gruppe aus Luzern wieder nach Berlin. Dort besuchte man \u00abTimeRide Berlin\u00bb und erlebte dabei die DDR nochmals hautnah, n\u00e4mlich bei einer virtuellen Zeitreise zur\u00fcck in das Berlin der 80er-Jahre. Nach einem freien Nachmittag traf sich die ganze Klasse zum gemeinsamen Abendessen und Ausklang, bevor der Nachtzug mit den zufriedenen Sch\u00fclerinnen und Sch\u00fcler und deren Lehrpersonen wieder Richtung Heimat fuhr.<\/p>\n\n\n\n<p>Dank der St\u00e4dtepartnerschaft Luzern-Potsdam und der herzlichen Gastfreundschaft der Potsdamer Sportschule durften die Klasse L21b und ihre Lehrpersonen eine erfreuliche, lehrreiche und abwechslungsreiche Woche verbringen. Die Erinnerungen, Begegnungen und Freundschaften, die daraus hervorgegangen sind, werden sicherlich noch lange anhalten.<\/p>\n\n\n\n<p>Die Erlebnisse und Begebenheiten der ganzen Woche wurde von Sch\u00fclerinnen und Sch\u00fclern der L21b in einem Blog festgehalten und dokumentiert und k\u00f6nnen unter <a href=\"https:\/\/ksr-sb.ch\/potsdamklassenaustausch\/\">folgendem Link<\/a> nachgelesen und angeschaut werden.<\/p>\n<!-- PMB print buttons is only displayed on a single post\/page URLs-->","protected":false},"excerpt":{"rendered":"<p>Martina ErzingerKlassenlehrperson der Klasse L21bChristoph SchaufelbergerLehrperson f\u00fcr Deutsch und Philosophie Anl\u00e4sslich des 20-j\u00e4hrigen Jubil\u00e4ums der St\u00e4dtepartnerschaft Luzern-Potsdam im Jahr 2022 organisiert der Freundeskreis dieser St\u00e4dtepartnerschaft verschiedene Schulaustauschprogramme zwischen der KSR und der Sportschule Potsdam. In diesem Rahmen reiste die Klasse L21b w\u00e4hrend der Fr\u00fchlingssonderwoche 2023 zur Sportschule Potsdam, um den Alltag der dortigen Sportsch\u00fclerinnen und [&hellip;]<\/p>\n","protected":false},"author":218,"featured_media":0,"parent":0,"menu_order":0,"comment_status":"closed","ping_status":"closed","template":"","meta":[],"categories":[7,5],"tags":[],"_links":{"self":[{"href":"https:\/\/ksr-lu.ch\/jahresbericht22-23\/wp-json\/wp\/v2\/pages\/254"}],"collection":[{"href":"https:\/\/ksr-lu.ch\/jahresbericht22-23\/wp-json\/wp\/v2\/pages"}],"about":[{"href":"https:\/\/ksr-lu.ch\/jahresbericht22-23\/wp-json\/wp\/v2\/types\/page"}],"author":[{"embeddable":true,"href":"https:\/\/ksr-lu.ch\/jahresbericht22-23\/wp-json\/wp\/v2\/users\/218"}],"replies":[{"embeddable":true,"href":"https:\/\/ksr-lu.ch\/jahresbericht22-23\/wp-json\/wp\/v2\/comments?post=254"}],"version-history":[{"count":16,"href":"https:\/\/ksr-lu.ch\/jahresbericht22-23\/wp-json\/wp\/v2\/pages\/254\/revisions"}],"predecessor-version":[{"id":1071,"href":"https:\/\/ksr-lu.ch\/jahresbericht22-23\/wp-json\/wp\/v2\/pages\/254\/revisions\/1071"}],"wp:attachment":[{"href":"https:\/\/ksr-lu.ch\/jahresbericht22-23\/wp-json\/wp\/v2\/media?parent=254"}],"wp:term":[{"taxonomy":"category","embeddable":true,"href":"https:\/\/ksr-lu.ch\/jahresbericht22-23\/wp-json\/wp\/v2\/categories?post=254"},{"taxonomy":"post_tag","embeddable":true,"href":"https:\/\/ksr-lu.ch\/jahresbericht22-23\/wp-json\/wp\/v2\/tags?post=254"}],"curies":[{"name":"wp","href":"https:\/\/api.w.org\/{rel}","templated":true}]}}