{"id":203,"date":"2023-03-30T11:08:33","date_gmt":"2023-03-30T09:08:33","guid":{"rendered":"https:\/\/ksr-lu.ch\/jahresberichte\/?page_id=203"},"modified":"2023-09-17T11:41:32","modified_gmt":"2023-09-17T09:41:32","slug":"euphoria-zwischen-hohenflug-und-absturz-eine-filmische-auseinanderset-zung","status":"publish","type":"page","link":"https:\/\/ksr-lu.ch\/jahresbericht22-23\/euphoria-zwischen-hohenflug-und-absturz-eine-filmische-auseinanderset-zung\/","title":{"rendered":"Euphoria. Zwischen H\u00f6henflug und Absturz. Eine filmische Auseinandersetzung"},"content":{"rendered":"\n<p>Marie Weise<br>Maturandin der Klasse L19b<\/p>\n\n\n\n<div class=\"wp-block-image is-style-default\"><figure class=\"alignright size-large is-resized\"><img src=\"http:\/\/ksr-lu.ch\/jahresbericht22-23\/wp-content\/uploads\/sites\/190\/2023\/07\/230326_Preisverleihung_Fabienne_Berner_C28A1773-e1693667412351-755x1024.jpg\" alt=\"\" class=\"wp-image-328\" width=\"189\" height=\"256\" srcset=\"https:\/\/ksr-lu.ch\/jahresbericht22-23\/wp-content\/uploads\/sites\/197\/2023\/07\/230326_Preisverleihung_Fabienne_Berner_C28A1773-e1693667412351-755x1024.jpg 755w, https:\/\/ksr-lu.ch\/jahresbericht22-23\/wp-content\/uploads\/sites\/197\/2023\/07\/230326_Preisverleihung_Fabienne_Berner_C28A1773-e1693667412351-221x300.jpg 221w, https:\/\/ksr-lu.ch\/jahresbericht22-23\/wp-content\/uploads\/sites\/197\/2023\/07\/230326_Preisverleihung_Fabienne_Berner_C28A1773-e1693667412351-768x1042.jpg 768w, https:\/\/ksr-lu.ch\/jahresbericht22-23\/wp-content\/uploads\/sites\/197\/2023\/07\/230326_Preisverleihung_Fabienne_Berner_C28A1773-e1693667412351.jpg 947w\" sizes=\"(max-width: 189px) 100vw, 189px\" \/><figcaption>Preisverleihung 47. Schweizer Jugendfilmtage<\/figcaption><\/figure><\/div>\n\n\n\n<p>Im Rahmen meiner Maturaarbeit habe ich zwei Kurzfilme produziert, um meiner Liebe f\u00fcr den Film Ausdruck zu verleihen. Der Kurzfilm <a href=\"https:\/\/youtu.be\/WUQw44Cqof4\"><em>Kullerauge<\/em> <\/a>besch\u00e4ftigt sich mit emotionalen Tiefen, <a href=\"https:\/\/youtu.be\/ER-5zXYgTmE\"><em>Sommersprosse<\/em> <\/a>dagegen mit gl\u00fccklichen, erf\u00fcllten Momenten.<\/p>\n\n\n\n<p>Als junger Mensch f\u00fchlt sich das Leben manchmal wie eine emotionale Achterbahn an. Begeistert von der Serie <em>Euphoria<\/em> arbeitete ich im letzten Jahr daran, zwei unterschiedliche Gef\u00fchlslagen filmisch umzu\u00adsetzen.<\/p>\n\n\n\n<p>Mit meiner Betreuungsperson Nicole Niederberger aus der Fachschaft BG setzte ich mich mit verschie\u00addenen filmischen Darstellungsformen auseinander. In einem ersten Schritt arbeitete ich in Form von Story\u00adboards Konzepte aus, wie Gef\u00fchle optimal eingefangen werden k\u00f6nnen. Anschliessend war ich monatelang mit der Kamera unterwegs, um Aufnahmen in und ausserhalb der Schule zu filmen.<\/p>\n\n\n\n<p>Im Schnitt wendete ich mein gesammeltes Wissen \u00fcber das Transportieren von Emotionen an. Dabei berief ich mich bereits auf den Inhalt meiner theoretischen Arbeit: eine durchdachte formale Komposition, die mit dem Inhalt des Films einhergeht.<\/p>\n\n\n\n<p>F\u00fcr den Film <em>Kullerauge<\/em> sch\u00f6pfte ich aus meiner inneren Welt. Meine pers\u00f6nliche Wahrnehmung von Stress, \u00dcberforderung und Angst finden hierbei ihren Ausdruck. Das Ergebnis ist ein Kurzfilm, der Span\u00adnung \u00fcber assoziative Bildsequenzen aufbaut. <em>Sommersprosse<\/em> ist das Gegenst\u00fcck zu Hektik und Traurig\u00adkeit. Dokumentarisch portr\u00e4tiert der Kurzfilm vier Menschen. Es geht um Freundschaft, Sommer, W\u00fcnsche oder schlicht: die Liebe zum Leben.<\/p>\n\n\n\n<p>Beide Filme gehen auf das Konzept des emotionalen Realismus zur\u00fcck. Dies ist eine Stilrichtung des Films, in welcher der Fokus auf der visuellen Darstellung von Emotionen liegt. Gezielt setze ich die filmischen Stilmittel Farbe, Licht, Kamera, Schnitt und Sound ein, um Emotionalit\u00e4t \u00fcber den Bildschirm zu transpor\u00adtieren. K\u00fcnstliche Blau-Violett-Nuancen treffen dabei auf nat\u00fcrliches Sonnenlicht, Strassenl\u00e4rm auf Vogel\u00adgezwitscher und schnelle Schnitte auf atmosph\u00e4rische long takes.<\/p>\n\n\n\n<p>Meine kinematografischen Entscheidungen basieren auf einer Analyse der amerikanischen Produktion <em>Euphoria<\/em> und der Verwendung des emotionalen Realismus in dieser Serie. Darin ergr\u00fcnde ich, welche Aus\u00adwirkungen filmische Stilmittel auf die neuronalen Prozesse des K\u00f6rpers haben.<\/p>\n\n\n\n<p>Wenige Monate nach der Fertigstellung beider Kurzfilme wurde <em>Kullerauge<\/em> in das Programm der 47. Schweizer Jugendfilmtage aufgenommen. Im M\u00e4rz 2023 hatte ich die Ehre, meinen Kurzfilm am Festival pr\u00e4sentieren zu d\u00fcrfen und gewann den 2. Preis in der Kategorie C (Filmemacherinnen und Filmemacher zwischen 16 und 19 Jahren). Vor Ort waren meine Freunde, meine Familie und Frau Niederberger, ohne die die Produktion dieses Projektes nicht m\u00f6glich gewesen w\u00e4re. <\/p>\n\n\n\n<p>Vor kurzem wurde ich ausserdem Finalistin beim Student World Impact Film Festival. Gewonnen habe ich die M\u00f6glichkeit, einen 40-min\u00fctigen Film auf Amazon Prime Video zu ver\u00f6ffentlichen. Ein Projekt dieser Gr\u00f6sse habe ich noch nie realisiert. So wird mich diese Aufgabe in meinem Zwischenjahr ziemlich besch\u00e4ftigt halten. Ich freue mich, auf diese Weise meiner Leidenschaft weiter nachgehen zu k\u00f6nnen.<\/p>\n\n\n\n<style id=\"bwg-style-0\">    #bwg_container1_0 #bwg_container2_0 .bwg-container-0.bwg-standard-thumbnails {      width: 1254px;              justify-content: center;        margin:0 auto !important;              background-color: rgba(255, 255, 255, 0.00);            padding-left: 4px;      padding-top: 4px;      max-width: 100%;            }        #bwg_container1_0 #bwg_container2_0 .bwg-container-0.bwg-standard-thumbnails .bwg-item {    justify-content: flex-start;      max-width: 250px;          }    #bwg_container1_0 #bwg_container2_0 .bwg-container-0.bwg-standard-thumbnails .bwg-item a {       margin-right: 4px;       margin-bottom: 4px;    }    #bwg_container1_0 #bwg_container2_0 .bwg-container-0.bwg-standard-thumbnails .bwg-item0 {      padding: 0px;            background-color:rgba(0,0,0, 0.30);      border: 0px none #CCCCCC;      opacity: 1.00;      border-radius: 0;      box-shadow: ;    }    #bwg_container1_0 #bwg_container2_0 .bwg-container-0.bwg-standard-thumbnails .bwg-item1 img {      max-height: none;      max-width: none;      padding: 0 !important;    }         @media only screen and (min-width: 480px) {\t\t#bwg_container1_0 #bwg_container2_0 .bwg-container-0.bwg-standard-thumbnails .bwg-item1 img {\t\t\t-webkit-transition: all .3s; transition: all .3s;\t\t}\t\t#bwg_container1_0 #bwg_container2_0 .bwg-container-0.bwg-standard-thumbnails .bwg-item1 img:hover {\t\t\t-ms-transform: scale(1.08);\t\t\t-webkit-transform: scale(1.08);\t\t\ttransform: scale(1.08);\t\t}\t\t\t\t.bwg-standard-thumbnails .bwg-zoom-effect .bwg-zoom-effect-overlay {\t\t\t\t\t\tbackground-color:rgba(0,0,0, 0.3);\t\t}\t\t.bwg-standard-thumbnails .bwg-zoom-effect:hover img {\t\t\t-ms-transform: scale(1.08);\t\t\t-webkit-transform: scale(1.08);\t\t\ttransform: scale(1.08);\t\t}\t\t      }\t    #bwg_container1_0 #bwg_container2_0 .bwg-container-0.bwg-standard-thumbnails .bwg-item1 {      padding-top: 56%;    }        #bwg_container1_0 #bwg_container2_0 .bwg-container-0.bwg-standard-thumbnails .bwg-title1 {      position: absolute;      top: 0;      z-index: 100;      width: 100%;      height: 100%;      display: flex;      justify-content: center;      align-content: center;      flex-direction: column;      opacity: 0;    }\t      #bwg_container1_0 #bwg_container2_0 .bwg-container-0.bwg-standard-thumbnails .bwg-title2,    #bwg_container1_0 #bwg_container2_0 .bwg-container-0.bwg-standard-thumbnails .bwg-ecommerce2 {      color: #FFFFFF;      font-family: Ubuntu;      font-size: 16px;      font-weight: bold;      padding: 2px;      text-shadow: ;      max-height: 100%;    }    #bwg_container1_0 #bwg_container2_0 .bwg-container-0.bwg-standard-thumbnails .bwg-thumb-description span {    color: #323A45;    font-family: Ubuntu;    font-size: 12px;    max-height: 100%;    word-wrap: break-word;    }    #bwg_container1_0 #bwg_container2_0 .bwg-container-0.bwg-standard-thumbnails .bwg-play-icon2 {      font-size: 32px;    }    #bwg_container1_0 #bwg_container2_0 .bwg-container-0.bwg-standard-thumbnails .bwg-ecommerce2 {      font-size: 19.2px;      color: #323A45;    }    <\/style>    <div id=\"bwg_container1_0\"         class=\"bwg_container bwg_thumbnail bwg_thumbnails \"         data-right-click-protection=\"0\"         data-bwg=\"0\"         data-scroll=\"0\"         data-gallery-type=\"thumbnails\"         data-gallery-view-type=\"thumbnails\"         data-current-url=\"\/jahresbericht22-23\/wp-json\/wp\/v2\/pages\/203\"         data-lightbox-url=\"https:\/\/ksr-lu.ch\/jahresbericht22-23\/wp-admin\/admin-ajax.php?action=GalleryBox&#038;current_view=0&#038;gallery_id=26&#038;tag=0&#038;theme_id=1&#038;shortcode_id=55&#038;sort_by=order&#038;order_by=asc&#038;current_url=%2Fjahresbericht22-23%2Fwp-json%2Fwp%2Fv2%2Fpages%2F203\"         data-gallery-id=\"26\"         data-popup-width=\"800\"         data-popup-height=\"500\"         data-is-album=\"gallery\"         data-buttons-position=\"bottom\">      <div id=\"bwg_container2_0\">             <div id=\"ajax_loading_0\" class=\"bwg_loading_div_1\">      <div class=\"bwg_loading_div_2\">        <div class=\"bwg_loading_div_3\">          <div id=\"loading_div_0\" class=\"bwg_spider_ajax_loading\">          <\/div>        <\/div>      <\/div>    <\/div>            <form id=\"gal_front_form_0\"              class=\"bwg-hidden\"              method=\"post\"              action=\"#\"              data-current=\"0\"              data-shortcode-id=\"55\"              data-gallery-type=\"thumbnails\"              data-gallery-id=\"26\"              data-tag=\"0\"              data-album-id=\"0\"              data-theme-id=\"1\"              data-ajax-url=\"https:\/\/ksr-lu.ch\/jahresbericht22-23\/wp-admin\/admin-ajax.php?action=bwg_frontend_data\">          <div id=\"bwg_container3_0\" class=\"bwg-background bwg-background-0\">                <div data-max-count=\"5\"         data-thumbnail-width=\"250\"         data-bwg=\"0\"         data-gallery-id=\"26\"         data-lightbox-url=\"https:\/\/ksr-lu.ch\/jahresbericht22-23\/wp-admin\/admin-ajax.php?action=GalleryBox&amp;current_view=0&amp;gallery_id=26&amp;tag=0&amp;theme_id=1&amp;shortcode_id=55&amp;sort_by=order&amp;order_by=asc&amp;current_url=%2Fjahresbericht22-23%2Fwp-json%2Fwp%2Fv2%2Fpages%2F203\"         id=\"bwg_thumbnails_0\"         class=\"bwg-container-0 bwg-thumbnails bwg-standard-thumbnails bwg-container bwg-border-box\">            <div class=\"bwg-item\">        <a class=\"bwg-a  bwg_lightbox\"  data-image-id=\"66\" href=\"https:\/\/ksr-lu.ch\/jahresbericht22-23\/wp-content\/uploads\/sites\/197\/photo-gallery\/imported_from_media_libray\/Special-Mention-des-Student-Impact-Film-Festivals.png?bwg=1693667463\" data-elementor-open-lightbox=\"no\">                <div class=\"bwg-item0 \">          <div class=\"bwg-item1 bwg-zoom-effect\">            <div class=\"bwg-item2\">              <img class=\"skip-lazy bwg_standart_thumb_img_0 \"                   data-id=\"66\"                   data-width=\"492.00\"                   data-height=\"500.00\"                   data-src=\"https:\/\/ksr-lu.ch\/jahresbericht22-23\/wp-content\/uploads\/sites\/197\/photo-gallery\/imported_from_media_libray\/thumb\/Special-Mention-des-Student-Impact-Film-Festivals.png?bwg=1693667463\"                   src=\"https:\/\/ksr-lu.ch\/jahresbericht22-23\/wp-content\/uploads\/sites\/197\/photo-gallery\/imported_from_media_libray\/thumb\/Special-Mention-des-Student-Impact-Film-Festivals.png?bwg=1693667463\"                   alt=\"Special Mention des Student Impact Film Festivals\"                   title=\"Special Mention des Student Impact Film Festivals\" \/>            <\/div>            <div class=\"bwg-zoom-effect-overlay\">              <div class=\"bwg-title1\"><div class=\"bwg-title2\">Special Mention des Student Impact Film Festivals<\/div><\/div>                                        <\/div>          <\/div>        <\/div>                        <\/a>              <\/div>            <div class=\"bwg-item\">        <a class=\"bwg-a  bwg_lightbox\"  data-image-id=\"67\" href=\"https:\/\/ksr-lu.ch\/jahresbericht22-23\/wp-content\/uploads\/sites\/197\/photo-gallery\/imported_from_media_libray\/Rede-der-Jury-von-den-Jugendfilmtagen.jpg?bwg=1693667463\" data-elementor-open-lightbox=\"no\">                <div class=\"bwg-item0 \">          <div class=\"bwg-item1 bwg-zoom-effect\">            <div class=\"bwg-item2\">              <img class=\"skip-lazy bwg_standart_thumb_img_0 \"                   data-id=\"67\"                   data-width=\"492.00\"                   data-height=\"500.00\"                   data-src=\"https:\/\/ksr-lu.ch\/jahresbericht22-23\/wp-content\/uploads\/sites\/197\/photo-gallery\/imported_from_media_libray\/thumb\/Rede-der-Jury-von-den-Jugendfilmtagen.jpg?bwg=1693667463\"                   src=\"https:\/\/ksr-lu.ch\/jahresbericht22-23\/wp-content\/uploads\/sites\/197\/photo-gallery\/imported_from_media_libray\/thumb\/Rede-der-Jury-von-den-Jugendfilmtagen.jpg?bwg=1693667463\"                   alt=\"Rede der Jury von den Jugendfilmtagen\"                   title=\"Rede der Jury von den Jugendfilmtagen\" \/>            <\/div>            <div class=\"bwg-zoom-effect-overlay\">              <div class=\"bwg-title1\"><div class=\"bwg-title2\">Rede der Jury von den Jugendfilmtagen<\/div><\/div>                                        <\/div>          <\/div>        <\/div>                        <\/a>              <\/div>          <\/div>    <style>      \/*pagination styles*\/      #bwg_container1_0 #bwg_container2_0 .tablenav-pages_0 {\t\t\t\ttext-align: center;\t\t\t\tfont-size: 12px;\t\t\t\tfont-family: Ubuntu;\t\t\t\tfont-weight: bold;\t\t\t\tcolor: #666666;\t\t\t\tmargin: 6px 0 4px;\t\t\t\tdisplay: block;      }      @media only screen and (max-width : 320px) {      #bwg_container1_0 #bwg_container2_0 .displaying-num_0 {     \t display: none;      }      }      #bwg_container1_0 #bwg_container2_0 .displaying-num_0 {\t\t\t\tfont-size: 12px;\t\t\t\tfont-family: Ubuntu;\t\t\t\tfont-weight: bold;\t\t\t\tcolor: #666666;\t\t\t\tmargin-right: 10px;\t\t\t\tvertical-align: middle;      }      #bwg_container1_0 #bwg_container2_0 .paging-input_0 {\t\t\t\tfont-size: 12px;\t\t\t\tfont-family: Ubuntu;\t\t\t\tfont-weight: bold;\t\t\t\tcolor: #666666;\t\t\t\tvertical-align: middle;      }      #bwg_container1_0 #bwg_container2_0 .tablenav-pages_0 a.disabled,      #bwg_container1_0 #bwg_container2_0 .tablenav-pages_0 a.disabled:hover,      #bwg_container1_0 #bwg_container2_0 .tablenav-pages_0 a.disabled:focus,\t\t\t#bwg_container1_0 #bwg_container2_0 .tablenav-pages_0 input.bwg_current_page {\t\t\t\tcursor: default;\t\t\t\tcolor: rgba(102, 102, 102, 0.5);      }      #bwg_container1_0 #bwg_container2_0 .tablenav-pages_0 a,      #bwg_container1_0 #bwg_container2_0 .tablenav-pages_0 input.bwg_current_page {\t\t\t\tcursor: pointer;\t\t\t\ttext-align: center;\t\t\t\tfont-size: 12px;\t\t\t\tfont-family: Ubuntu;\t\t\t\tfont-weight: bold;\t\t\t\tcolor: #666666;\t\t\t\ttext-decoration: none;\t\t\t\tpadding: 3px 6px;\t\t\t\tmargin: 0;\t\t\t\tborder-radius: 0;\t\t\t\tborder-style: solid;\t\t\t\tborder-width: 1px;\t\t\t\tborder-color: #E3E3E3;\t\t\t\t\t\t\t\tbackground-color: rgba(255, 255, 255, 1.00);\t\t\t\tbox-shadow: 0;\t\t\t\ttransition: all 0.3s ease 0s;-webkit-transition: all 0.3s ease 0s;      }      <\/style>      <span class=\"bwg_nav_cont_0\">              <div class=\"tablenav-pages_0\">                  <\/div>                <input type=\"hidden\" id=\"page_number_0\" name=\"page_number_0\" value=\"1\" \/>      <script type=\"text\/javascript\">        if( jQuery('.bwg_nav_cont_0').length > 1 ) {          jQuery('.bwg_nav_cont_0').first().remove()        }        function spider_page_0(cur, x, y, load_more) {          if (typeof load_more == \"undefined\") {            var load_more = false;          }          if (jQuery(cur).hasClass('disabled')) {            return false;          }          var items_county_0 = 1;          switch (y) {            case 1:              if (x >= items_county_0) {                document.getElementById('page_number_0').value = items_county_0;              }              else {                document.getElementById('page_number_0').value = x + 1;              }              break;            case 2:              document.getElementById('page_number_0').value = items_county_0;              break;            case -1:              if (x == 1) {                document.getElementById('page_number_0').value = 1;              }              else {                document.getElementById('page_number_0').value = x - 1;              }              break;            case -2:              document.getElementById('page_number_0').value = 1;              break;\t\t\t\t\t\tcase 0:              document.getElementById('page_number_0').value = x;              break;            default:              document.getElementById('page_number_0').value = 1;          }          bwg_ajax('gal_front_form_0', '0', 'bwg_thumbnails_0', '0', '', 'gallery', 0, '', '', load_more, '', 1);        }                    jQuery('.first-page-0').on('click', function () {              spider_page_0(this, 1, -2, 'numeric');              return false;            });            jQuery('.prev-page-0').on('click', function () {              spider_page_0(this, 1, -1, 'numeric');              return false;            });            jQuery('.next-page-0').on('click', function () {              spider_page_0(this, 1, 1, 'numeric');              return false;            });            jQuery('.last-page-0').on('click', function () {              spider_page_0(this, 1, 2, 'numeric');              return false;            });        \t\t\t\t\/* Change page on input enter. *\/        function bwg_change_page_0( e, that ) {          if (  e.key == 'Enter' ) {            var to_page = parseInt(jQuery(that).val());            var pages_count = jQuery(that).parents(\".pagination-links\").data(\"pages-count\");            var current_url_param = jQuery(that).attr('data-url-info');            if (to_page > pages_count) {              to_page = 1;            }\t \t\t\t\t\t\t\t\t\t\t\t\tspider_page_0(this, to_page, 0, 'numeric');\t\t\t\t\t\t\treturn false;\t\t\t\t\t\t          }          return true;        }        jQuery('.bwg_load_btn_0').on('click', function () {            spider_page_0(this, 1, 1, true);            return false;        });      <\/script>      <\/span>                <\/div>        <\/form>        <style>          #bwg_container1_0 #bwg_container2_0 #spider_popup_overlay_0 {          background-color: #EEEEEE;          opacity: 0.60;          }          <\/style>        <div id=\"bwg_spider_popup_loading_0\" class=\"bwg_spider_popup_loading\"><\/div>        <div id=\"spider_popup_overlay_0\" class=\"spider_popup_overlay\" onclick=\"spider_destroypopup(1000)\"><\/div>        <input type=\"hidden\" id=\"bwg_random_seed_0\" value=\"1382750654\">                <\/div>    <\/div>    <script>      if (document.readyState === 'complete') {        if( typeof bwg_main_ready == 'function' ) {          if ( jQuery(\"#bwg_container1_0\").height() ) {            bwg_main_ready(jQuery(\"#bwg_container1_0\"));          }        }      } else {        document.addEventListener('DOMContentLoaded', function() {          if( typeof bwg_main_ready == 'function' ) {            if ( jQuery(\"#bwg_container1_0\").height() ) {             bwg_main_ready(jQuery(\"#bwg_container1_0\"));            }          }        });      }    <\/script>    \n<!-- PMB print buttons is only displayed on a single post\/page URLs-->","protected":false},"excerpt":{"rendered":"<p>Marie WeiseMaturandin der Klasse L19b Im Rahmen meiner Maturaarbeit habe ich zwei Kurzfilme produziert, um meiner Liebe f\u00fcr den Film Ausdruck zu verleihen. Der Kurzfilm Kullerauge besch\u00e4ftigt sich mit emotionalen Tiefen, Sommersprosse dagegen mit gl\u00fccklichen, erf\u00fcllten Momenten. Als junger Mensch f\u00fchlt sich das Leben manchmal wie eine emotionale Achterbahn an. Begeistert von der Serie Euphoria [&hellip;]<\/p>\n","protected":false},"author":218,"featured_media":0,"parent":0,"menu_order":0,"comment_status":"closed","ping_status":"closed","template":"","meta":[],"categories":[7,4],"tags":[],"_links":{"self":[{"href":"https:\/\/ksr-lu.ch\/jahresbericht22-23\/wp-json\/wp\/v2\/pages\/203"}],"collection":[{"href":"https:\/\/ksr-lu.ch\/jahresbericht22-23\/wp-json\/wp\/v2\/pages"}],"about":[{"href":"https:\/\/ksr-lu.ch\/jahresbericht22-23\/wp-json\/wp\/v2\/types\/page"}],"author":[{"embeddable":true,"href":"https:\/\/ksr-lu.ch\/jahresbericht22-23\/wp-json\/wp\/v2\/users\/218"}],"replies":[{"embeddable":true,"href":"https:\/\/ksr-lu.ch\/jahresbericht22-23\/wp-json\/wp\/v2\/comments?post=203"}],"version-history":[{"count":10,"href":"https:\/\/ksr-lu.ch\/jahresbericht22-23\/wp-json\/wp\/v2\/pages\/203\/revisions"}],"predecessor-version":[{"id":1066,"href":"https:\/\/ksr-lu.ch\/jahresbericht22-23\/wp-json\/wp\/v2\/pages\/203\/revisions\/1066"}],"wp:attachment":[{"href":"https:\/\/ksr-lu.ch\/jahresbericht22-23\/wp-json\/wp\/v2\/media?parent=203"}],"wp:term":[{"taxonomy":"category","embeddable":true,"href":"https:\/\/ksr-lu.ch\/jahresbericht22-23\/wp-json\/wp\/v2\/categories?post=203"},{"taxonomy":"post_tag","embeddable":true,"href":"https:\/\/ksr-lu.ch\/jahresbericht22-23\/wp-json\/wp\/v2\/tags?post=203"}],"curies":[{"name":"wp","href":"https:\/\/api.w.org\/{rel}","templated":true}]}}