{"id":138,"date":"2023-03-23T11:48:30","date_gmt":"2023-03-23T10:48:30","guid":{"rendered":"https:\/\/ksr-lu.ch\/jahresberichte\/?page_id=138"},"modified":"2023-09-11T22:23:37","modified_gmt":"2023-09-11T20:23:37","slug":"der-fachbereich-physik-stellt-sich-vor","status":"publish","type":"page","link":"https:\/\/ksr-lu.ch\/jahresbericht22-23\/der-fachbereich-physik-stellt-sich-vor\/","title":{"rendered":"Der Fachbereich Physik stellt sich vor"},"content":{"rendered":"\n<p>J\u00f6rg Donth<br>Lehrperson f\u00fcr Physik und Mathematik<\/p>\n\n\n\n<p>Die Erde ist von Kugelgestalt, sie ist keine Scheibe. Seit \u00fcber 2400 Jahren ist diese Aussage eine gesicherte Erkenntnis. Durch Experimentieren und kritisches Denken gelangen Physiker zu sinnvollen Aussagen \u00fcber unsere Welt. Die Physik ist eine Naturwissenschaft. Sie beschreibt Zusammenh\u00e4nge und Prozesse in der uns umgebenden Welt. Gefundene Zusammenh\u00e4nge und Gesetzm\u00e4ssigkeiten werden m\u00f6glichst in der Sprache der Mathematik formuliert. Ab der 4. Klasse besuchen alle Sch\u00fclerinnen und Sch\u00fcler unseres Gymnasiums f\u00fcr mindestens zwei Lektionen pro Woche die drei Fachzimmer unseres naturwissenschaftlichen Bereiches. <\/p>\n\n\n\n<div class=\"wp-block-image is-style-default\"><figure class=\"aligncenter size-large is-resized\"><img src=\"http:\/\/ksr-lu.ch\/jahresbericht22-23\/wp-content\/uploads\/sites\/190\/2023\/07\/Fachzimmer-1024x576.jpg\" alt=\"\" class=\"wp-image-373\" width=\"768\" height=\"432\" srcset=\"https:\/\/ksr-lu.ch\/jahresbericht22-23\/wp-content\/uploads\/sites\/197\/2023\/07\/Fachzimmer-1024x576.jpg 1024w, https:\/\/ksr-lu.ch\/jahresbericht22-23\/wp-content\/uploads\/sites\/197\/2023\/07\/Fachzimmer-300x169.jpg 300w, https:\/\/ksr-lu.ch\/jahresbericht22-23\/wp-content\/uploads\/sites\/197\/2023\/07\/Fachzimmer-768x432.jpg 768w, https:\/\/ksr-lu.ch\/jahresbericht22-23\/wp-content\/uploads\/sites\/197\/2023\/07\/Fachzimmer-1536x864.jpg 1536w, https:\/\/ksr-lu.ch\/jahresbericht22-23\/wp-content\/uploads\/sites\/197\/2023\/07\/Fachzimmer.jpg 2048w\" sizes=\"(max-width: 768px) 100vw, 768px\" \/><figcaption>Fachzimmer des naturwissenschaftlichen Bereiches <\/figcaption><\/figure><\/div>\n\n\n\n<p>Die Fachlehrpersonen lehren ihre Naturwissenschaft mit grossem Engagement und f\u00fchren die Lernenden mit Sorgfalt in Inhalte und Arbeitsmethoden ihres Faches ein. W\u00e4hrend zun\u00e4chst Naturph\u00e4nomene unserer Erlebenswelt betrachtet und beschrieben werden (Fachgebiete Mechanik, W\u00e4rmelehre), stehen in sp\u00e4teren Schuljahren zunehmend Objektbereiche der Welt im Zentrum der Betrachtungen, die sich unserer direkten Anschauung entziehen (Elektrizit\u00e4tslehre, Wellenoptik, Quantenphysik). Ein Experiment ist eine gezielte Frage an die Natur. Experimentieren ist f\u00fcr uns Naturwissenschaftler der wichtigste Erkenntnisschritt. In der 5. Klasse werden w\u00e4hrend des ganzj\u00e4hrigen Praktikumsunterrichtes vielf\u00e4ltige Methoden des Experimentierens vermittelt. <\/p>\n\n\n\n<div class=\"wp-block-image is-style-default\"><figure class=\"aligncenter size-large is-resized\"><img src=\"http:\/\/ksr-lu.ch\/jahresbericht22-23\/wp-content\/uploads\/sites\/190\/2023\/07\/Experimentieren-1024x512.jpg\" alt=\"\" class=\"wp-image-374\" width=\"768\" height=\"384\" srcset=\"https:\/\/ksr-lu.ch\/jahresbericht22-23\/wp-content\/uploads\/sites\/197\/2023\/07\/Experimentieren-1024x512.jpg 1024w, https:\/\/ksr-lu.ch\/jahresbericht22-23\/wp-content\/uploads\/sites\/197\/2023\/07\/Experimentieren-300x150.jpg 300w, https:\/\/ksr-lu.ch\/jahresbericht22-23\/wp-content\/uploads\/sites\/197\/2023\/07\/Experimentieren-768x384.jpg 768w, https:\/\/ksr-lu.ch\/jahresbericht22-23\/wp-content\/uploads\/sites\/197\/2023\/07\/Experimentieren-1536x768.jpg 1536w, https:\/\/ksr-lu.ch\/jahresbericht22-23\/wp-content\/uploads\/sites\/197\/2023\/07\/Experimentieren.jpg 2048w\" sizes=\"(max-width: 768px) 100vw, 768px\" \/><figcaption>Eine Sch\u00fclerin ermittelt mit einem computergest\u00fctzten Messsystem Strom- Spannungskennlinien verschiedener elektronischer Bauelemente.<\/figcaption><\/figure><\/div>\n\n\n\n<p>Das Schwerpunktfach <em>Physik und Anwendungen der Mathematik<\/em> setzt ebenfalls in der 4. Klasse ein und bietet allen interessierten Sch\u00fclerinnen und Sch\u00fclern die Chance, tiefe Einblicke und fundierte Kenntnisse in der Theorie der einzelnen Fachgebiete zu erlangen. H\u00f6hepunkt dieses Ausbildungsganges ist die Unterrichtsform des Teamteachings im 6. Schuljahr. Die Lernenden werden durch einen Mathematiker in die Theorie der gew\u00f6hnlichen Differenzialgleichungen eingef\u00fchrt; eine Physikerin lehrt, diese mathematischen Hilfsmittel f\u00fcr die Beschreibung dynamischer Systeme anzuwenden. Eine Kugel aus Eisen sinkt im Wasser, Schiffe aus Eisen schwimmen. Allein schon diese Alltagserfahrung zu erkl\u00e4ren, ist ohne Kenntnis des Archimedischen Auftriebsgesetzes unm\u00f6glich. Naturgeschehen verstehen und antizipieren ist f\u00fcr einen allgemeingebildeten Menschen unverzichtbar und f\u00fcr viele Berufe vorteilhaft. Das selbst\u00e4ndige Entdecken und Verstehen bereitet nat\u00fcrliche Erkenntnisfreude.<\/p>\n<!-- PMB print buttons is only displayed on a single post\/page URLs-->","protected":false},"excerpt":{"rendered":"<p>J\u00f6rg DonthLehrperson f\u00fcr Physik und Mathematik Die Erde ist von Kugelgestalt, sie ist keine Scheibe. Seit \u00fcber 2400 Jahren ist diese Aussage eine gesicherte Erkenntnis. Durch Experimentieren und kritisches Denken gelangen Physiker zu sinnvollen Aussagen \u00fcber unsere Welt. Die Physik ist eine Naturwissenschaft. Sie beschreibt Zusammenh\u00e4nge und Prozesse in der uns umgebenden Welt. Gefundene Zusammenh\u00e4nge [&hellip;]<\/p>\n","protected":false},"author":218,"featured_media":0,"parent":0,"menu_order":0,"comment_status":"closed","ping_status":"closed","template":"","meta":[],"categories":[7,6],"tags":[],"_links":{"self":[{"href":"https:\/\/ksr-lu.ch\/jahresbericht22-23\/wp-json\/wp\/v2\/pages\/138"}],"collection":[{"href":"https:\/\/ksr-lu.ch\/jahresbericht22-23\/wp-json\/wp\/v2\/pages"}],"about":[{"href":"https:\/\/ksr-lu.ch\/jahresbericht22-23\/wp-json\/wp\/v2\/types\/page"}],"author":[{"embeddable":true,"href":"https:\/\/ksr-lu.ch\/jahresbericht22-23\/wp-json\/wp\/v2\/users\/218"}],"replies":[{"embeddable":true,"href":"https:\/\/ksr-lu.ch\/jahresbericht22-23\/wp-json\/wp\/v2\/comments?post=138"}],"version-history":[{"count":5,"href":"https:\/\/ksr-lu.ch\/jahresbericht22-23\/wp-json\/wp\/v2\/pages\/138\/revisions"}],"predecessor-version":[{"id":718,"href":"https:\/\/ksr-lu.ch\/jahresbericht22-23\/wp-json\/wp\/v2\/pages\/138\/revisions\/718"}],"wp:attachment":[{"href":"https:\/\/ksr-lu.ch\/jahresbericht22-23\/wp-json\/wp\/v2\/media?parent=138"}],"wp:term":[{"taxonomy":"category","embeddable":true,"href":"https:\/\/ksr-lu.ch\/jahresbericht22-23\/wp-json\/wp\/v2\/categories?post=138"},{"taxonomy":"post_tag","embeddable":true,"href":"https:\/\/ksr-lu.ch\/jahresbericht22-23\/wp-json\/wp\/v2\/tags?post=138"}],"curies":[{"name":"wp","href":"https:\/\/api.w.org\/{rel}","templated":true}]}}