{"id":136,"date":"2023-03-23T11:48:08","date_gmt":"2023-03-23T10:48:08","guid":{"rendered":"https:\/\/ksr-lu.ch\/jahresberichte\/?page_id=136"},"modified":"2023-09-11T22:29:24","modified_gmt":"2023-09-11T20:29:24","slug":"eindrucke-der-og-teilnehmenden-aus-den-verschiedenen-fachbereichen","status":"publish","type":"page","link":"https:\/\/ksr-lu.ch\/jahresbericht22-23\/eindrucke-der-og-teilnehmenden-aus-den-verschiedenen-fachbereichen\/","title":{"rendered":"Eindr\u00fccke der OG-Teilnehmenden aus den verschiedenen Fachbereichen"},"content":{"rendered":"\n<div class=\"wp-block-image is-style-default\"><figure class=\"alignright size-large is-resized\"><img src=\"http:\/\/ksr-lu.ch\/jahresbericht22-23\/wp-content\/uploads\/sites\/190\/2023\/07\/Abb-2-Schichtenaquarell-von-Apfel-Lynn-Kerr-L22d-768x1024.jpg\" alt=\"\" class=\"wp-image-380\" width=\"192\" height=\"256\" srcset=\"https:\/\/ksr-lu.ch\/jahresbericht22-23\/wp-content\/uploads\/sites\/197\/2023\/07\/Abb-2-Schichtenaquarell-von-Apfel-Lynn-Kerr-L22d-768x1024.jpg 768w, https:\/\/ksr-lu.ch\/jahresbericht22-23\/wp-content\/uploads\/sites\/197\/2023\/07\/Abb-2-Schichtenaquarell-von-Apfel-Lynn-Kerr-L22d-225x300.jpg 225w, https:\/\/ksr-lu.ch\/jahresbericht22-23\/wp-content\/uploads\/sites\/197\/2023\/07\/Abb-2-Schichtenaquarell-von-Apfel-Lynn-Kerr-L22d-1152x1536.jpg 1152w, https:\/\/ksr-lu.ch\/jahresbericht22-23\/wp-content\/uploads\/sites\/197\/2023\/07\/Abb-2-Schichtenaquarell-von-Apfel-Lynn-Kerr-L22d.jpg 1536w\" sizes=\"(max-width: 192px) 100vw, 192px\" \/><figcaption>Schichtenaquarell von Apfel, gemalt von Lynn Kerr (L22d)<\/figcaption><\/figure><\/div>\n\n\n\n<blockquote class=\"wp-block-quote\"><p>\u00abDie Begabungsf\u00f6rderung Bildnerisches Gestalten gab uns die M\u00f6glichkeit, Dinge nach unseren W\u00fcnschen und Interessen umzusetzen, was im Grundlagenfach BG nicht m\u00f6glich w\u00e4re. Durch die vielf\u00e4ltigen Angebote, wie den Besuch des Ateliers von Nadja Stadelmann, erhielten wir einen ersten Einblick in ihre sorgf\u00e4ltigen Arbeiten und das Leben einer K\u00fcnstlerin. Unter der Begleitung von Frau Niederberger konnten wir das erste Mal mit Wasserfarben arbeiten. Wir erhielten viele neue Erkenntnisse und ein grosses Allgemeinwissen zur wissenschaftlichen Arbeit sowie auch zum Schichtenaquarell.\u00bb<\/p><cite>Am\u00e9lie Klingenfuss und Jenny Tu, Sch\u00fclerinnen der Klasse L21d<\/cite><\/blockquote>\n\n\n\n<p><\/p>\n\n\n\n<blockquote class=\"wp-block-quote\"><p>\u00abIm Rahmen der Begabungsf\u00f6rderung habe ich mich im Schuljahr 2022\/23 zum zweiten Mal f\u00fcr eine Studienwoche an der ETH Z\u00fcrich angemeldet, dieses Mal in Physik. Dabei habe ich mich ins Leben der Physikstudierenden bzw. Doktorierenden versetzt. Ich habe mit meiner Gruppe verschiedene Farbstoffsolarzellen hergestellt und getestet. Abgesehen davon gab es einige Gruppenanl\u00e4sse, wie ein gemeinsames Abendessen und eine Schlusspr\u00e4sentation. Insgesamt war es ein aufschlussreiches Erlebnis, welches ich Interessierten weiterempfehlen w\u00fcrde.\u00bb<\/p><cite>Anton Kucera, Sch\u00fcler der Klasse L20c<\/cite><\/blockquote>\n\n\n\n<p><\/p>\n\n\n\n<blockquote class=\"wp-block-quote\"><p>\u00abIm MINT-Bereich durften wir an die PH St. Gallen fahren und dort beim Projekt Berzelius einen Tag lang im Labor Ger\u00e4te anschauen und ausprobieren. Beispielsweise konnten wir eine Ionenchromatografie und eine Infrarotspektroskopie durchf\u00fchren. Der Tag an der PH St. Gallen war \u00e4usserst lehrreich und spannend und gew\u00e4hrte uns einen interessanten Einblick in die Welt der modernen Analyse und Synthese.\u00bb<\/p><cite>Julian Ottiger, Sch\u00fcler der Klasse L20d<\/cite><\/blockquote>\n<!-- PMB print buttons is only displayed on a single post\/page URLs-->","protected":false},"excerpt":{"rendered":"<p>\u00abDie Begabungsf\u00f6rderung Bildnerisches Gestalten gab uns die M\u00f6glichkeit, Dinge nach unseren W\u00fcnschen und Interessen umzusetzen, was im Grundlagenfach BG nicht m\u00f6glich w\u00e4re. Durch die vielf\u00e4ltigen Angebote, wie den Besuch des Ateliers von Nadja Stadelmann, erhielten wir einen ersten Einblick in ihre sorgf\u00e4ltigen Arbeiten und das Leben einer K\u00fcnstlerin. Unter der Begleitung von Frau Niederberger konnten [&hellip;]<\/p>\n","protected":false},"author":218,"featured_media":0,"parent":0,"menu_order":0,"comment_status":"closed","ping_status":"closed","template":"","meta":[],"categories":[7,6],"tags":[],"_links":{"self":[{"href":"https:\/\/ksr-lu.ch\/jahresbericht22-23\/wp-json\/wp\/v2\/pages\/136"}],"collection":[{"href":"https:\/\/ksr-lu.ch\/jahresbericht22-23\/wp-json\/wp\/v2\/pages"}],"about":[{"href":"https:\/\/ksr-lu.ch\/jahresbericht22-23\/wp-json\/wp\/v2\/types\/page"}],"author":[{"embeddable":true,"href":"https:\/\/ksr-lu.ch\/jahresbericht22-23\/wp-json\/wp\/v2\/users\/218"}],"replies":[{"embeddable":true,"href":"https:\/\/ksr-lu.ch\/jahresbericht22-23\/wp-json\/wp\/v2\/comments?post=136"}],"version-history":[{"count":6,"href":"https:\/\/ksr-lu.ch\/jahresbericht22-23\/wp-json\/wp\/v2\/pages\/136\/revisions"}],"predecessor-version":[{"id":993,"href":"https:\/\/ksr-lu.ch\/jahresbericht22-23\/wp-json\/wp\/v2\/pages\/136\/revisions\/993"}],"wp:attachment":[{"href":"https:\/\/ksr-lu.ch\/jahresbericht22-23\/wp-json\/wp\/v2\/media?parent=136"}],"wp:term":[{"taxonomy":"category","embeddable":true,"href":"https:\/\/ksr-lu.ch\/jahresbericht22-23\/wp-json\/wp\/v2\/categories?post=136"},{"taxonomy":"post_tag","embeddable":true,"href":"https:\/\/ksr-lu.ch\/jahresbericht22-23\/wp-json\/wp\/v2\/tags?post=136"}],"curies":[{"name":"wp","href":"https:\/\/api.w.org\/{rel}","templated":true}]}}