{"id":132,"date":"2023-03-23T11:46:53","date_gmt":"2023-03-23T10:46:53","guid":{"rendered":"https:\/\/ksr-lu.ch\/jahresberichte\/?page_id=132"},"modified":"2023-10-07T13:20:56","modified_gmt":"2023-10-07T11:20:56","slug":"begabungsfoerderung-an-der-ksr","status":"publish","type":"page","link":"https:\/\/ksr-lu.ch\/jahresbericht22-23\/begabungsfoerderung-an-der-ksr\/","title":{"rendered":"Begabungsf\u00f6rderung"},"content":{"rendered":"\n<p>Heidrun Sch\u00fcssler <br>Lehrperson f\u00fcr Chemie und Leiterin der AG Begabungsf\u00f6rderung<\/p>\n\n\n\n<p>Die Begabungsf\u00f6rderung an der Oberstufe hat sich an der Kantonsschule Reussb\u00fchl inzwischen etabliert und es haben dieses Schuljahr \u00fcber 20 Sch\u00fclerinnen und Sch\u00fcler teilgenommen. Der Begriff \u00abBegabungsf\u00f6rderung\u00bb klingt freilich etwas hochgestochen. Besser klingt es mit den Worten Albert Einsteins:<\/p>\n\n\n\n<blockquote class=\"wp-block-quote has-text-align-center is-style-default\"><p>\u00abIch habe keine besondere Begabung, sondern bin nur leidenschaftlich neugierig.\u00bb<\/p><cite>Albert Einstein<\/cite><\/blockquote>\n\n\n\n<p><\/p>\n\n\n\n<p>Diese Neugierde unserer Sch\u00fclerinnen und Sch\u00fcler konnten wir in den verschiedensten Fachbereichen beobachten und bestaunen: Sprachaufenthalte, Debattieranl\u00e4sse, Kunstworkshops, diverse Wettbewerbe, Atelierbesichtigungen und viele Universit\u00e4tsbesuche wurden genutzt, um sich ausserhalb der Schule weiterzubilden. Dabei nahmen die Teilnehmenden auch in Kauf, dass einige dieser Veranstaltungen am Abend oder am Samstag durchgef\u00fchrt wurden. Der Dank geht dabei auch an alle Universit\u00e4ten, Hochschulen, Ateliers, etc. mit ihren interessanten F\u00f6rderangeboten, insbesondere an Herrn Dr. Steinbach, der uns schon seit einigen Jahren unterst\u00fctzt:<\/p>\n\n\n\n<blockquote class=\"wp-block-quote has-text-align-center\"><p>\u00abExperimentieren heisst, der Natur Fragen stellen. Sch\u00fclerinnen und Sch\u00fcler der Begabungsf\u00f6rderung der Kanti Reussb\u00fchl fragen mit besonders viel Verve, Neugier und experimentellem Geschick, egal ob sie Biodiesel oder Paracetamol in der Mikrowelle synthetisieren und mit der Raman- und IR-Spektroskopie analysieren oder Titandioxid in K\u00f6rperpflegeprodukten mit der R\u00f6ntgenfluoreszenzspektroskopie auf der Spur sind. Das Berzelius-Team sch\u00e4tzt diese Zusammenarbeit. Denn genau das ist unsere Aufgabe: Die Jugend f\u00fcr die Naturwissenschaften zu begeistern.\u00bb<\/p><cite>Dr. Steinbach, PHSG<\/cite><\/blockquote>\n\n\n\n<p><\/p>\n\n\n\n<div class=\"wp-block-image is-style-default\"><figure class=\"aligncenter size-large is-resized\"><img src=\"http:\/\/ksr-lu.ch\/jahresbericht22-23\/wp-content\/uploads\/sites\/190\/2023\/07\/Abb-1-Dr.-Steinbach-mit-Julian-Ottiger-und-Flavio-Grueter-L20d-1024x768.jpg\" alt=\"\" class=\"wp-image-381\" width=\"768\" height=\"576\" srcset=\"https:\/\/ksr-lu.ch\/jahresbericht22-23\/wp-content\/uploads\/sites\/197\/2023\/07\/Abb-1-Dr.-Steinbach-mit-Julian-Ottiger-und-Flavio-Grueter-L20d-1024x768.jpg 1024w, https:\/\/ksr-lu.ch\/jahresbericht22-23\/wp-content\/uploads\/sites\/197\/2023\/07\/Abb-1-Dr.-Steinbach-mit-Julian-Ottiger-und-Flavio-Grueter-L20d-300x225.jpg 300w, https:\/\/ksr-lu.ch\/jahresbericht22-23\/wp-content\/uploads\/sites\/197\/2023\/07\/Abb-1-Dr.-Steinbach-mit-Julian-Ottiger-und-Flavio-Grueter-L20d-768x576.jpg 768w, https:\/\/ksr-lu.ch\/jahresbericht22-23\/wp-content\/uploads\/sites\/197\/2023\/07\/Abb-1-Dr.-Steinbach-mit-Julian-Ottiger-und-Flavio-Grueter-L20d-1536x1152.jpg 1536w, https:\/\/ksr-lu.ch\/jahresbericht22-23\/wp-content\/uploads\/sites\/197\/2023\/07\/Abb-1-Dr.-Steinbach-mit-Julian-Ottiger-und-Flavio-Grueter-L20d.jpg 2048w\" sizes=\"(max-width: 768px) 100vw, 768px\" \/><figcaption>Dr. Steinbach mit Julian Ottiger und Flavio Gr\u00fcter (L20d)<\/figcaption><\/figure><\/div>\n\n\n\n<p>Wir hoffen auch im n\u00e4chsten Schuljahr auf eine rege Teilnahme und freuen uns auf viele neugierige Sch\u00fclerinnen und Sch\u00fcler!<\/p>\n\n\n\n<ul><li><strong><a href=\"https:\/\/ksr-lu.ch\/jahresbericht22-23\/eindrucke-der-og-teilnehmenden-aus-den-verschiedenen-fachbereichen\/\">Eindr\u00fccke der OG-Teilnehmenden aus den verschiedenen Fachbereichen<\/a><\/strong><\/li><\/ul>\n\n\n\n<ul><li><strong><a href=\"https:\/\/ksr-lu.ch\/jahresbericht22-23\/workshops-am-ug\/\">Einblicke in den UG-Workshop zum 3D-Drucken<\/a><\/strong><\/li><\/ul>\n\n\n\n<ul><li><strong><a href=\"https:\/\/ksr-lu.ch\/jahresbericht22-23\/eindruecke-aus-dem-ug-workshop-zur-robotik\/\">Eindr\u00fccke aus dem UG-Workshop zur Robotik<\/a><\/strong><\/li><\/ul>\n<!-- PMB print buttons is only displayed on a single post\/page URLs-->","protected":false},"excerpt":{"rendered":"<p>Heidrun Sch\u00fcssler Lehrperson f\u00fcr Chemie und Leiterin der AG Begabungsf\u00f6rderung Die Begabungsf\u00f6rderung an der Oberstufe hat sich an der Kantonsschule Reussb\u00fchl inzwischen etabliert und es haben dieses Schuljahr \u00fcber 20 Sch\u00fclerinnen und Sch\u00fcler teilgenommen. Der Begriff \u00abBegabungsf\u00f6rderung\u00bb klingt freilich etwas hochgestochen. Besser klingt es mit den Worten Albert Einsteins: \u00abIch habe keine besondere Begabung, sondern [&hellip;]<\/p>\n","protected":false},"author":218,"featured_media":0,"parent":0,"menu_order":0,"comment_status":"closed","ping_status":"closed","template":"","meta":[],"categories":[7,6],"tags":[],"_links":{"self":[{"href":"https:\/\/ksr-lu.ch\/jahresbericht22-23\/wp-json\/wp\/v2\/pages\/132"}],"collection":[{"href":"https:\/\/ksr-lu.ch\/jahresbericht22-23\/wp-json\/wp\/v2\/pages"}],"about":[{"href":"https:\/\/ksr-lu.ch\/jahresbericht22-23\/wp-json\/wp\/v2\/types\/page"}],"author":[{"embeddable":true,"href":"https:\/\/ksr-lu.ch\/jahresbericht22-23\/wp-json\/wp\/v2\/users\/218"}],"replies":[{"embeddable":true,"href":"https:\/\/ksr-lu.ch\/jahresbericht22-23\/wp-json\/wp\/v2\/comments?post=132"}],"version-history":[{"count":14,"href":"https:\/\/ksr-lu.ch\/jahresbericht22-23\/wp-json\/wp\/v2\/pages\/132\/revisions"}],"predecessor-version":[{"id":1328,"href":"https:\/\/ksr-lu.ch\/jahresbericht22-23\/wp-json\/wp\/v2\/pages\/132\/revisions\/1328"}],"wp:attachment":[{"href":"https:\/\/ksr-lu.ch\/jahresbericht22-23\/wp-json\/wp\/v2\/media?parent=132"}],"wp:term":[{"taxonomy":"category","embeddable":true,"href":"https:\/\/ksr-lu.ch\/jahresbericht22-23\/wp-json\/wp\/v2\/categories?post=132"},{"taxonomy":"post_tag","embeddable":true,"href":"https:\/\/ksr-lu.ch\/jahresbericht22-23\/wp-json\/wp\/v2\/tags?post=132"}],"curies":[{"name":"wp","href":"https:\/\/api.w.org\/{rel}","templated":true}]}}