{"id":1191,"date":"2023-09-21T09:13:09","date_gmt":"2023-09-21T07:13:09","guid":{"rendered":"https:\/\/ksr-lu.ch\/jahresberichte\/?page_id=1191"},"modified":"2023-09-21T11:08:08","modified_gmt":"2023-09-21T09:08:08","slug":"september-2","status":"publish","type":"page","link":"https:\/\/ksr-lu.ch\/jahresbericht22-23\/september-2\/","title":{"rendered":"September"},"content":{"rendered":"\n<figure class=\"wp-block-table is-style-stripes\"><table><tbody><tr><td>02.<\/td><td>Projektnachmittag zur Vorbereitung der Kulturprojekte 6. Klassen<\/td><\/tr><tr><td>03.<\/td><td>Kick-off F\u00f6rderprogramm CHANCE KSR 1. &#8211; 6. Klassen<\/td><\/tr><tr><td>05.<\/td><td>Matura-Information 5. Klassen<\/td><\/tr><tr><td>07.<\/td><td>Konzert im Rahmen von Lucerne Festival 2. Klassen<\/td><\/tr><tr><td>08.<\/td><td>Informationsveranstaltung Begabtenf\u00f6rderungsprogramm Oberstufe, ausgew\u00e4hlte 3. &#8211; 5. Kl\u00e4ssler\/innen<\/td><\/tr><tr><td>09.<\/td><td>Konzert im Rahmen von Lucerne Festival 3. Klassen<\/td><\/tr><tr><td>09.<\/td><td>\u00abKSR der Zukunft\u00bb \u2013 Teamf\u00f6rderungsnachmittag f\u00fcr Lehrpersonen &amp; Sch\u00fcler\/innen<\/td><\/tr><tr><td>09. bis 10.<\/td><td>Zweit\u00e4gige SCHILW mit allen Lehrpersonen in Nottwil<\/td><\/tr><tr><td>13.<\/td><td>Schulreise<\/td><\/tr><tr><td>14.<\/td><td>Kick-off-Pr\u00fcfung Mathematik 2. Klassen<\/td><\/tr><tr><td>14.<\/td><td>Matura-Information 6. Klassen<\/td><\/tr><tr><td>19.<\/td><td>Sitzung Forum KSR<\/td><\/tr><tr><td>21.<\/td><td>Lunchtime-Konzert<\/td><\/tr><tr><td>21.<\/td><td>Informationsveranstaltung zum SOL-Projekt \u00abTanz am Mittag\u00bb 3. Klassen<\/td><\/tr><tr><td>22.<\/td><td>1. Schulkommissionssitzung<\/td><\/tr><tr><td>28.<\/td><td>Elternabend \u00abMedienbildung\u00bb 2. Klassen<\/td><\/tr><tr><td>26. bis 30.<\/td><td>Herbststudienwoche 1. &#8211; 6. Klassen<\/td><\/tr><\/tbody><\/table><\/figure>\n\n\n\n<figure class=\"wp-block-image size-large is-style-default\"><img width=\"1024\" height=\"756\" src=\"http:\/\/ksr-lu.ch\/jahresbericht22-23\/wp-content\/uploads\/sites\/190\/2023\/09\/September-1024x756.jpg\" alt=\"\" class=\"wp-image-1112\" srcset=\"https:\/\/ksr-lu.ch\/jahresbericht22-23\/wp-content\/uploads\/sites\/197\/2023\/09\/September-1024x756.jpg 1024w, https:\/\/ksr-lu.ch\/jahresbericht22-23\/wp-content\/uploads\/sites\/197\/2023\/09\/September-300x221.jpg 300w, https:\/\/ksr-lu.ch\/jahresbericht22-23\/wp-content\/uploads\/sites\/197\/2023\/09\/September-768x567.jpg 768w, https:\/\/ksr-lu.ch\/jahresbericht22-23\/wp-content\/uploads\/sites\/197\/2023\/09\/September-1536x1133.jpg 1536w, https:\/\/ksr-lu.ch\/jahresbericht22-23\/wp-content\/uploads\/sites\/197\/2023\/09\/September.jpg 2048w\" sizes=\"(max-width: 1024px) 100vw, 1024px\" \/><\/figure>\n<!-- PMB print buttons is only displayed on a single post\/page URLs-->","protected":false},"excerpt":{"rendered":"<p>02. Projektnachmittag zur Vorbereitung der Kulturprojekte 6. Klassen 03. Kick-off F\u00f6rderprogramm CHANCE KSR 1. &#8211; 6. Klassen 05. Matura-Information 5. Klassen 07. Konzert im Rahmen von Lucerne Festival 2. Klassen 08. Informationsveranstaltung Begabtenf\u00f6rderungsprogramm Oberstufe, ausgew\u00e4hlte 3. &#8211; 5. Kl\u00e4ssler\/innen 09. Konzert im Rahmen von Lucerne Festival 3. Klassen 09. \u00abKSR der Zukunft\u00bb \u2013 Teamf\u00f6rderungsnachmittag f\u00fcr [&hellip;]<\/p>\n","protected":false},"author":218,"featured_media":0,"parent":0,"menu_order":0,"comment_status":"closed","ping_status":"closed","template":"","meta":[],"categories":[],"tags":[],"_links":{"self":[{"href":"https:\/\/ksr-lu.ch\/jahresbericht22-23\/wp-json\/wp\/v2\/pages\/1191"}],"collection":[{"href":"https:\/\/ksr-lu.ch\/jahresbericht22-23\/wp-json\/wp\/v2\/pages"}],"about":[{"href":"https:\/\/ksr-lu.ch\/jahresbericht22-23\/wp-json\/wp\/v2\/types\/page"}],"author":[{"embeddable":true,"href":"https:\/\/ksr-lu.ch\/jahresbericht22-23\/wp-json\/wp\/v2\/users\/218"}],"replies":[{"embeddable":true,"href":"https:\/\/ksr-lu.ch\/jahresbericht22-23\/wp-json\/wp\/v2\/comments?post=1191"}],"version-history":[{"count":2,"href":"https:\/\/ksr-lu.ch\/jahresbericht22-23\/wp-json\/wp\/v2\/pages\/1191\/revisions"}],"predecessor-version":[{"id":1213,"href":"https:\/\/ksr-lu.ch\/jahresbericht22-23\/wp-json\/wp\/v2\/pages\/1191\/revisions\/1213"}],"wp:attachment":[{"href":"https:\/\/ksr-lu.ch\/jahresbericht22-23\/wp-json\/wp\/v2\/media?parent=1191"}],"wp:term":[{"taxonomy":"category","embeddable":true,"href":"https:\/\/ksr-lu.ch\/jahresbericht22-23\/wp-json\/wp\/v2\/categories?post=1191"},{"taxonomy":"post_tag","embeddable":true,"href":"https:\/\/ksr-lu.ch\/jahresbericht22-23\/wp-json\/wp\/v2\/tags?post=1191"}],"curies":[{"name":"wp","href":"https:\/\/api.w.org\/{rel}","templated":true}]}}