{"id":1189,"date":"2023-09-21T09:12:58","date_gmt":"2023-09-21T07:12:58","guid":{"rendered":"https:\/\/ksr-lu.ch\/jahresberichte\/?page_id=1189"},"modified":"2023-09-21T11:06:42","modified_gmt":"2023-09-21T09:06:42","slug":"august-2","status":"publish","type":"page","link":"https:\/\/ksr-lu.ch\/jahresbericht22-23\/august-2\/","title":{"rendered":"August"},"content":{"rendered":"\n<figure class=\"wp-block-table is-style-stripes\"><table><tbody><tr><td>18.<\/td><td>Einf\u00fchrungsnachmittag f\u00fcr neue LP<\/td><\/tr><tr><td>19.<\/td><td>Konferenztag Lehrpersonen<\/td><\/tr><tr><td>22.<\/td><td>Beginn des Schuljahres mit Er\u00f6ffnungsfeier<\/td><\/tr><tr><td>22.<\/td><td>Einf\u00fchrung LENO 3. Klassen<\/td><\/tr><tr><td>23.<\/td><td>Einf\u00fchrung LENO 2. Klassen<\/td><\/tr><tr><td>30.<\/td><td>Einf\u00fchrungsveranstaltung BFSTK Mathematik 5. Klassen<\/td><\/tr><tr><td>30.<\/td><td>Einstufungstest DaZ<\/td><\/tr><\/tbody><\/table><\/figure>\n\n\n\n<figure class=\"wp-block-image size-large is-style-default\"><img width=\"1024\" height=\"683\" src=\"http:\/\/ksr-lu.ch\/jahresbericht22-23\/wp-content\/uploads\/sites\/190\/2023\/09\/August-1024x683.jpg\" alt=\"\" class=\"wp-image-1114\" srcset=\"https:\/\/ksr-lu.ch\/jahresbericht22-23\/wp-content\/uploads\/sites\/197\/2023\/09\/August-1024x683.jpg 1024w, https:\/\/ksr-lu.ch\/jahresbericht22-23\/wp-content\/uploads\/sites\/197\/2023\/09\/August-300x200.jpg 300w, https:\/\/ksr-lu.ch\/jahresbericht22-23\/wp-content\/uploads\/sites\/197\/2023\/09\/August-768x512.jpg 768w, https:\/\/ksr-lu.ch\/jahresbericht22-23\/wp-content\/uploads\/sites\/197\/2023\/09\/August-1536x1024.jpg 1536w, https:\/\/ksr-lu.ch\/jahresbericht22-23\/wp-content\/uploads\/sites\/197\/2023\/09\/August.jpg 2048w\" sizes=\"(max-width: 1024px) 100vw, 1024px\" \/><\/figure>\n<!-- PMB print buttons is only displayed on a single post\/page URLs-->","protected":false},"excerpt":{"rendered":"<p>18. Einf\u00fchrungsnachmittag f\u00fcr neue LP 19. Konferenztag Lehrpersonen 22. Beginn des Schuljahres mit Er\u00f6ffnungsfeier 22. Einf\u00fchrung LENO 3. Klassen 23. Einf\u00fchrung LENO 2. Klassen 30. Einf\u00fchrungsveranstaltung BFSTK Mathematik 5. Klassen 30. Einstufungstest DaZ<\/p>\n","protected":false},"author":218,"featured_media":0,"parent":0,"menu_order":0,"comment_status":"closed","ping_status":"closed","template":"","meta":[],"categories":[],"tags":[],"_links":{"self":[{"href":"https:\/\/ksr-lu.ch\/jahresbericht22-23\/wp-json\/wp\/v2\/pages\/1189"}],"collection":[{"href":"https:\/\/ksr-lu.ch\/jahresbericht22-23\/wp-json\/wp\/v2\/pages"}],"about":[{"href":"https:\/\/ksr-lu.ch\/jahresbericht22-23\/wp-json\/wp\/v2\/types\/page"}],"author":[{"embeddable":true,"href":"https:\/\/ksr-lu.ch\/jahresbericht22-23\/wp-json\/wp\/v2\/users\/218"}],"replies":[{"embeddable":true,"href":"https:\/\/ksr-lu.ch\/jahresbericht22-23\/wp-json\/wp\/v2\/comments?post=1189"}],"version-history":[{"count":2,"href":"https:\/\/ksr-lu.ch\/jahresbericht22-23\/wp-json\/wp\/v2\/pages\/1189\/revisions"}],"predecessor-version":[{"id":1212,"href":"https:\/\/ksr-lu.ch\/jahresbericht22-23\/wp-json\/wp\/v2\/pages\/1189\/revisions\/1212"}],"wp:attachment":[{"href":"https:\/\/ksr-lu.ch\/jahresbericht22-23\/wp-json\/wp\/v2\/media?parent=1189"}],"wp:term":[{"taxonomy":"category","embeddable":true,"href":"https:\/\/ksr-lu.ch\/jahresbericht22-23\/wp-json\/wp\/v2\/categories?post=1189"},{"taxonomy":"post_tag","embeddable":true,"href":"https:\/\/ksr-lu.ch\/jahresbericht22-23\/wp-json\/wp\/v2\/tags?post=1189"}],"curies":[{"name":"wp","href":"https:\/\/api.w.org\/{rel}","templated":true}]}}