{"id":1185,"date":"2023-09-21T09:12:33","date_gmt":"2023-09-21T07:12:33","guid":{"rendered":"https:\/\/ksr-lu.ch\/jahresberichte\/?page_id=1185"},"modified":"2023-09-21T11:35:57","modified_gmt":"2023-09-21T09:35:57","slug":"juni-2","status":"publish","type":"page","link":"https:\/\/ksr-lu.ch\/jahresbericht22-23\/juni-2\/","title":{"rendered":"Juni"},"content":{"rendered":"\n<figure class=\"wp-block-table is-style-stripes\"><table><tbody><tr><td>05.<\/td><td>B\u00f6rsen-Lunch: Curriculum-Medienbildung<\/td><\/tr><tr><td>05.<\/td><td>Informationsveranstaltung f\u00fcr die Eltern der neuen 1.-Kl\u00e4ssler\/innen<\/td><\/tr><tr><td>06.<\/td><td>Sommersporttag 3. &#8211; 5. Klassen<\/td><\/tr><tr><td>12. bis 21.<\/td><td>Matura: m\u00fcndliche Pr\u00fcfungen<\/td><\/tr><tr><td>14.<\/td><td>Jahrespr\u00fcfung Deutsch 2. Klassen<\/td><\/tr><tr><td>20.<\/td><td>Sommersporttag und Semesterpr\u00fcfung Leichtathletik 1. und 2. Klassen<\/td><\/tr><tr><td>20.<\/td><td>Allgemeine Schulkonferenz<\/td><\/tr><tr><td>21.<\/td><td>Begr\u00fcssungsnachmittag neue 1.-Kl\u00e4ssler\/innen<\/td><\/tr><tr><td>23.<\/td><td>Probelauf f\u00fcr den Eignungstest f\u00fcr das Medizinstudium<\/td><\/tr><tr><td>23.<\/td><td>Maturit\u00e4tskonferenz<\/td><\/tr><tr><td>23.<\/td><td>Sitzung Forum mit Nachtessen<\/td><\/tr><tr><td>26.<\/td><td>3. Schulkommissionssitzung<\/td><\/tr><tr><td>28.<\/td><td>Maturafeier<\/td><\/tr><tr><td>29.<\/td><td>Notenkonferenzen 4. Klassen<\/td><\/tr><tr><td>30.<\/td><td>Abschlussanlass F\u00f6rderprogramm CHANCE KSR<\/td><\/tr><\/tbody><\/table><\/figure>\n\n\n\n<figure class=\"wp-block-image size-large is-style-default\"><img width=\"1024\" height=\"683\" src=\"http:\/\/ksr-lu.ch\/jahresbericht22-23\/wp-content\/uploads\/sites\/190\/2023\/09\/Juni-1024x683.jpg\" alt=\"\" class=\"wp-image-1107\" srcset=\"https:\/\/ksr-lu.ch\/jahresbericht22-23\/wp-content\/uploads\/sites\/197\/2023\/09\/Juni-1024x683.jpg 1024w, https:\/\/ksr-lu.ch\/jahresbericht22-23\/wp-content\/uploads\/sites\/197\/2023\/09\/Juni-300x200.jpg 300w, https:\/\/ksr-lu.ch\/jahresbericht22-23\/wp-content\/uploads\/sites\/197\/2023\/09\/Juni-768x512.jpg 768w, https:\/\/ksr-lu.ch\/jahresbericht22-23\/wp-content\/uploads\/sites\/197\/2023\/09\/Juni-1536x1024.jpg 1536w, https:\/\/ksr-lu.ch\/jahresbericht22-23\/wp-content\/uploads\/sites\/197\/2023\/09\/Juni.jpg 2048w\" sizes=\"(max-width: 1024px) 100vw, 1024px\" \/><\/figure>\n<!-- PMB print buttons is only displayed on a single post\/page URLs-->","protected":false},"excerpt":{"rendered":"<p>05. B\u00f6rsen-Lunch: Curriculum-Medienbildung 05. Informationsveranstaltung f\u00fcr die Eltern der neuen 1.-Kl\u00e4ssler\/innen 06. Sommersporttag 3. &#8211; 5. Klassen 12. bis 21. Matura: m\u00fcndliche Pr\u00fcfungen 14. Jahrespr\u00fcfung Deutsch 2. Klassen 20. Sommersporttag und Semesterpr\u00fcfung Leichtathletik 1. und 2. Klassen 20. Allgemeine Schulkonferenz 21. Begr\u00fcssungsnachmittag neue 1.-Kl\u00e4ssler\/innen 23. Probelauf f\u00fcr den Eignungstest f\u00fcr das Medizinstudium 23. Maturit\u00e4tskonferenz 23. [&hellip;]<\/p>\n","protected":false},"author":218,"featured_media":0,"parent":0,"menu_order":0,"comment_status":"closed","ping_status":"closed","template":"","meta":[],"categories":[],"tags":[],"_links":{"self":[{"href":"https:\/\/ksr-lu.ch\/jahresbericht22-23\/wp-json\/wp\/v2\/pages\/1185"}],"collection":[{"href":"https:\/\/ksr-lu.ch\/jahresbericht22-23\/wp-json\/wp\/v2\/pages"}],"about":[{"href":"https:\/\/ksr-lu.ch\/jahresbericht22-23\/wp-json\/wp\/v2\/types\/page"}],"author":[{"embeddable":true,"href":"https:\/\/ksr-lu.ch\/jahresbericht22-23\/wp-json\/wp\/v2\/users\/218"}],"replies":[{"embeddable":true,"href":"https:\/\/ksr-lu.ch\/jahresbericht22-23\/wp-json\/wp\/v2\/comments?post=1185"}],"version-history":[{"count":3,"href":"https:\/\/ksr-lu.ch\/jahresbericht22-23\/wp-json\/wp\/v2\/pages\/1185\/revisions"}],"predecessor-version":[{"id":1231,"href":"https:\/\/ksr-lu.ch\/jahresbericht22-23\/wp-json\/wp\/v2\/pages\/1185\/revisions\/1231"}],"wp:attachment":[{"href":"https:\/\/ksr-lu.ch\/jahresbericht22-23\/wp-json\/wp\/v2\/media?parent=1185"}],"wp:term":[{"taxonomy":"category","embeddable":true,"href":"https:\/\/ksr-lu.ch\/jahresbericht22-23\/wp-json\/wp\/v2\/categories?post=1185"},{"taxonomy":"post_tag","embeddable":true,"href":"https:\/\/ksr-lu.ch\/jahresbericht22-23\/wp-json\/wp\/v2\/tags?post=1185"}],"curies":[{"name":"wp","href":"https:\/\/api.w.org\/{rel}","templated":true}]}}