{"id":1183,"date":"2023-09-21T09:12:21","date_gmt":"2023-09-21T07:12:21","guid":{"rendered":"https:\/\/ksr-lu.ch\/jahresberichte\/?page_id=1183"},"modified":"2023-09-21T11:29:15","modified_gmt":"2023-09-21T09:29:15","slug":"mai-3","status":"publish","type":"page","link":"https:\/\/ksr-lu.ch\/jahresbericht22-23\/mai-3\/","title":{"rendered":"Mai"},"content":{"rendered":"\n<figure class=\"wp-block-table is-style-stripes\"><table><tbody><tr><td>02.<\/td><td>Lunchtime-Konzert Perkussions-Ensemble &amp; Bands<\/td><\/tr><tr><td>02.<\/td><td>Elternabend 4. Klassen \u00abGelassener Umgang mit Stress\u00bb<\/td><\/tr><tr><td>03.<\/td><td>Medienbildungstag 5. Klassen<\/td><\/tr><tr><td>03.<\/td><td>R\u00fcckmeldegespr\u00e4che mit den Primarlehrpersonen<\/td><\/tr><tr><td>04.<\/td><td>Konzert Perkussions-Ensemble &amp; Bands<\/td><\/tr><tr><td>08.<\/td><td>Vorbereitungslektionen Fr\u00fchlingsstudienwoche \u00abKreative Produktionen\u00bb 2. Klassen<\/td><\/tr><tr><td>09.<\/td><td>Jahrespr\u00fcfung Mathematik 4. Klassen<\/td><\/tr><tr><td>10.<\/td><td>Mitarbeiter\/innen-Konferenz<\/td><\/tr><tr><td>12. bis 14.<\/td><td>Theaterauff\u00fchrung \u00abJugend ohne Gott\u00bb<\/td><\/tr><tr><td>16.<\/td><td>Informationsabend zur Studienwahl f\u00fcr 5.-Kl\u00e4sser\/innen und ihre Eltern<\/td><\/tr><tr><td>17.<\/td><td>Schulschluss der 6. Klassen<\/td><\/tr><tr><td>22. bis 26.<\/td><td>Fr\u00fchlingsstudienwoche<\/td><\/tr><tr><td>26. bis 02.06<\/td><td>Matura: schriftliche Pr\u00fcfungen<\/td><\/tr><\/tbody><\/table><\/figure>\n\n\n\n<figure class=\"wp-block-image size-large is-style-default\"><img width=\"1024\" height=\"683\" src=\"http:\/\/ksr-lu.ch\/jahresbericht22-23\/wp-content\/uploads\/sites\/190\/2023\/09\/Mai-1-1024x683.jpg\" alt=\"\" class=\"wp-image-1172\" srcset=\"https:\/\/ksr-lu.ch\/jahresbericht22-23\/wp-content\/uploads\/sites\/197\/2023\/09\/Mai-1-1024x683.jpg 1024w, https:\/\/ksr-lu.ch\/jahresbericht22-23\/wp-content\/uploads\/sites\/197\/2023\/09\/Mai-1-300x200.jpg 300w, https:\/\/ksr-lu.ch\/jahresbericht22-23\/wp-content\/uploads\/sites\/197\/2023\/09\/Mai-1-768x512.jpg 768w, https:\/\/ksr-lu.ch\/jahresbericht22-23\/wp-content\/uploads\/sites\/197\/2023\/09\/Mai-1-1536x1024.jpg 1536w, https:\/\/ksr-lu.ch\/jahresbericht22-23\/wp-content\/uploads\/sites\/197\/2023\/09\/Mai-1.jpg 2048w\" sizes=\"(max-width: 1024px) 100vw, 1024px\" \/><\/figure>\n<!-- PMB print buttons is only displayed on a single post\/page URLs-->","protected":false},"excerpt":{"rendered":"<p>02. Lunchtime-Konzert Perkussions-Ensemble &amp; Bands 02. Elternabend 4. Klassen \u00abGelassener Umgang mit Stress\u00bb 03. Medienbildungstag 5. Klassen 03. R\u00fcckmeldegespr\u00e4che mit den Primarlehrpersonen 04. Konzert Perkussions-Ensemble &amp; Bands 08. Vorbereitungslektionen Fr\u00fchlingsstudienwoche \u00abKreative Produktionen\u00bb 2. Klassen 09. Jahrespr\u00fcfung Mathematik 4. Klassen 10. Mitarbeiter\/innen-Konferenz 12. bis 14. Theaterauff\u00fchrung \u00abJugend ohne Gott\u00bb 16. Informationsabend zur Studienwahl f\u00fcr 5.-Kl\u00e4sser\/innen und [&hellip;]<\/p>\n","protected":false},"author":218,"featured_media":0,"parent":0,"menu_order":0,"comment_status":"closed","ping_status":"closed","template":"","meta":[],"categories":[],"tags":[],"_links":{"self":[{"href":"https:\/\/ksr-lu.ch\/jahresbericht22-23\/wp-json\/wp\/v2\/pages\/1183"}],"collection":[{"href":"https:\/\/ksr-lu.ch\/jahresbericht22-23\/wp-json\/wp\/v2\/pages"}],"about":[{"href":"https:\/\/ksr-lu.ch\/jahresbericht22-23\/wp-json\/wp\/v2\/types\/page"}],"author":[{"embeddable":true,"href":"https:\/\/ksr-lu.ch\/jahresbericht22-23\/wp-json\/wp\/v2\/users\/218"}],"replies":[{"embeddable":true,"href":"https:\/\/ksr-lu.ch\/jahresbericht22-23\/wp-json\/wp\/v2\/comments?post=1183"}],"version-history":[{"count":2,"href":"https:\/\/ksr-lu.ch\/jahresbericht22-23\/wp-json\/wp\/v2\/pages\/1183\/revisions"}],"predecessor-version":[{"id":1221,"href":"https:\/\/ksr-lu.ch\/jahresbericht22-23\/wp-json\/wp\/v2\/pages\/1183\/revisions\/1221"}],"wp:attachment":[{"href":"https:\/\/ksr-lu.ch\/jahresbericht22-23\/wp-json\/wp\/v2\/media?parent=1183"}],"wp:term":[{"taxonomy":"category","embeddable":true,"href":"https:\/\/ksr-lu.ch\/jahresbericht22-23\/wp-json\/wp\/v2\/categories?post=1183"},{"taxonomy":"post_tag","embeddable":true,"href":"https:\/\/ksr-lu.ch\/jahresbericht22-23\/wp-json\/wp\/v2\/tags?post=1183"}],"curies":[{"name":"wp","href":"https:\/\/api.w.org\/{rel}","templated":true}]}}