{"id":1179,"date":"2023-09-21T09:11:44","date_gmt":"2023-09-21T07:11:44","guid":{"rendered":"https:\/\/ksr-lu.ch\/jahresberichte\/?page_id=1179"},"modified":"2023-09-21T11:35:21","modified_gmt":"2023-09-21T09:35:21","slug":"maerz-2","status":"publish","type":"page","link":"https:\/\/ksr-lu.ch\/jahresbericht22-23\/maerz-2\/","title":{"rendered":"M\u00e4rz"},"content":{"rendered":"\n<figure class=\"wp-block-table is-style-stripes\"><table><tbody><tr><td>06.<\/td><td>Elternabend 3. Klassen<\/td><\/tr><tr><td>10.<\/td><td>Matin\u00e9e de contes 3. Klassen<\/td><\/tr><tr><td>11. bis 19.<\/td><td>Rotationswoche K22a (je halbw\u00f6chiger Austausch in Halbklassen mit Lyc\u00e9e Coll\u00e8ge des Creusets<\/td><\/tr><tr><td>15.<\/td><td>Austauschtreffen \u00abSchnittstelle Primarschule \u2212 Langzeitgymnasium<\/td><\/tr><tr><td>16.<\/td><td>K\u00e4nguru-Wettbewerb 1. und 2. Klassen obligatorisch, 3.-6. Klassen freiwillig<\/td><\/tr><tr><td>20. bis 24.<\/td><td>Klimawoche<\/td><\/tr><tr><td>21.<\/td><td>Sitzung Forum KSR<\/td><\/tr><tr><td>22.<\/td><td>Konferenz Schulleitung, Klassenchefs 1. und 2. Klassen, Vorstand Sch\u00fcler\/innenorganisation<\/td><\/tr><tr><td>27.<\/td><td>Konzert und Gespr\u00e4ch mit S\u00e4ngerin Tereza Kotl\u00e1nov\u00e1 und Pianist Roman Poretti 1. Klassen<\/td><\/tr><tr><td>28. u. 29.<\/td><td>Erste Hilfe-Workshops 2. Klassen<\/td><\/tr><tr><td>28. bis 06.04.<\/td><td>Ausstellung \u00abFokus Maturaarbeit\u00bb<\/td><\/tr><tr><td>30.<\/td><td>Kolleg\/innen-Vortrag Susanna Weber (Viren und ihre Umwelt)<\/td><\/tr><tr><td>31.<\/td><td>Jahrespr\u00fcfung Franz\u00f6sisch 2. Klassen<\/td><\/tr><\/tbody><\/table><\/figure>\n\n\n\n<figure class=\"wp-block-image size-large is-style-default\"><img width=\"1024\" height=\"683\" src=\"http:\/\/ksr-lu.ch\/jahresbericht22-23\/wp-content\/uploads\/sites\/190\/2023\/09\/Maerz-1024x683.jpg\" alt=\"\" class=\"wp-image-1109\" srcset=\"https:\/\/ksr-lu.ch\/jahresbericht22-23\/wp-content\/uploads\/sites\/197\/2023\/09\/Maerz-1024x683.jpg 1024w, https:\/\/ksr-lu.ch\/jahresbericht22-23\/wp-content\/uploads\/sites\/197\/2023\/09\/Maerz-300x200.jpg 300w, https:\/\/ksr-lu.ch\/jahresbericht22-23\/wp-content\/uploads\/sites\/197\/2023\/09\/Maerz-768x512.jpg 768w, https:\/\/ksr-lu.ch\/jahresbericht22-23\/wp-content\/uploads\/sites\/197\/2023\/09\/Maerz-1536x1024.jpg 1536w, https:\/\/ksr-lu.ch\/jahresbericht22-23\/wp-content\/uploads\/sites\/197\/2023\/09\/Maerz.jpg 2048w\" sizes=\"(max-width: 1024px) 100vw, 1024px\" \/><\/figure>\n<!-- PMB print buttons is only displayed on a single post\/page URLs-->","protected":false},"excerpt":{"rendered":"<p>06. Elternabend 3. Klassen 10. Matin\u00e9e de contes 3. Klassen 11. bis 19. Rotationswoche K22a (je halbw\u00f6chiger Austausch in Halbklassen mit Lyc\u00e9e Coll\u00e8ge des Creusets 15. Austauschtreffen \u00abSchnittstelle Primarschule \u2212 Langzeitgymnasium 16. K\u00e4nguru-Wettbewerb 1. und 2. Klassen obligatorisch, 3.-6. Klassen freiwillig 20. bis 24. Klimawoche 21. Sitzung Forum KSR 22. Konferenz Schulleitung, Klassenchefs 1. und [&hellip;]<\/p>\n","protected":false},"author":218,"featured_media":0,"parent":0,"menu_order":0,"comment_status":"closed","ping_status":"closed","template":"","meta":[],"categories":[],"tags":[],"_links":{"self":[{"href":"https:\/\/ksr-lu.ch\/jahresbericht22-23\/wp-json\/wp\/v2\/pages\/1179"}],"collection":[{"href":"https:\/\/ksr-lu.ch\/jahresbericht22-23\/wp-json\/wp\/v2\/pages"}],"about":[{"href":"https:\/\/ksr-lu.ch\/jahresbericht22-23\/wp-json\/wp\/v2\/types\/page"}],"author":[{"embeddable":true,"href":"https:\/\/ksr-lu.ch\/jahresbericht22-23\/wp-json\/wp\/v2\/users\/218"}],"replies":[{"embeddable":true,"href":"https:\/\/ksr-lu.ch\/jahresbericht22-23\/wp-json\/wp\/v2\/comments?post=1179"}],"version-history":[{"count":3,"href":"https:\/\/ksr-lu.ch\/jahresbericht22-23\/wp-json\/wp\/v2\/pages\/1179\/revisions"}],"predecessor-version":[{"id":1230,"href":"https:\/\/ksr-lu.ch\/jahresbericht22-23\/wp-json\/wp\/v2\/pages\/1179\/revisions\/1230"}],"wp:attachment":[{"href":"https:\/\/ksr-lu.ch\/jahresbericht22-23\/wp-json\/wp\/v2\/media?parent=1179"}],"wp:term":[{"taxonomy":"category","embeddable":true,"href":"https:\/\/ksr-lu.ch\/jahresbericht22-23\/wp-json\/wp\/v2\/categories?post=1179"},{"taxonomy":"post_tag","embeddable":true,"href":"https:\/\/ksr-lu.ch\/jahresbericht22-23\/wp-json\/wp\/v2\/tags?post=1179"}],"curies":[{"name":"wp","href":"https:\/\/api.w.org\/{rel}","templated":true}]}}