{"id":1175,"date":"2023-09-21T09:11:16","date_gmt":"2023-09-21T07:11:16","guid":{"rendered":"https:\/\/ksr-lu.ch\/jahresberichte\/?page_id=1175"},"modified":"2023-09-21T11:34:13","modified_gmt":"2023-09-21T09:34:13","slug":"januar-2","status":"publish","type":"page","link":"https:\/\/ksr-lu.ch\/jahresbericht22-23\/januar-2\/","title":{"rendered":"Januar"},"content":{"rendered":"\n<figure class=\"wp-block-table is-style-stripes\"><table><tbody><tr><td>09.<\/td><td>Neujahrsap\u00e9ro KSR und MSE<\/td><\/tr><tr><td>12.<\/td><td>Fachvorstandskonferenz<\/td><\/tr><tr><td>16.<\/td><td>Infoveranstaltung Erg\u00e4nzungsf\u00e4cher 4 Klassen<\/td><\/tr><tr><td>16.<\/td><td>Infoveranstaltung Erg\u00e4nzungsf\u00e4cher 5. Klassen<\/td><\/tr><tr><td>16.<\/td><td>Matura-Information 6. Klassen<\/td><\/tr><tr><td>17.<\/td><td>Schnuppertag f\u00fcr Sch\u00fcler\/innen der 6. Primarklassen f\u00fcr das LZG<\/td><\/tr><tr><td>18.<\/td><td>Standaktion Studienwahl<\/td><\/tr><tr><td>18.<\/td><td>Notenkonferenzen 6. Klassen<\/td><\/tr><tr><td>19.<\/td><td>Probehalbtag Perkussions-Ensemble<\/td><\/tr><tr><td>24.<\/td><td>Wintersporttag 1. &#8211; 6. Klassen<\/td><\/tr><tr><td>25.<\/td><td>Sitzung Forum KSR<\/td><\/tr><tr><td>25.<\/td><td>Holocaust-Tag 4. Klassen<\/td><\/tr><tr><td>26.<\/td><td>Menschenrechtstag 6. Klassen<\/td><\/tr><tr><td>27.<\/td><td>Ende des 1. Semesters<\/td><\/tr><tr><td>30.<\/td><td>Beginn des 2. Semesters<\/td><\/tr><tr><td>30.<\/td><td>Klassenkonferenzen 1. &#8211; 5. Klassen<\/td><\/tr><tr><td>31.<\/td><td>Lunchtime-Konzert Perkussions-Ensemble<\/td><\/tr><\/tbody><\/table><\/figure>\n\n\n\n<figure class=\"wp-block-image size-large is-style-default\"><img width=\"1024\" height=\"683\" src=\"http:\/\/ksr-lu.ch\/jahresbericht22-23\/wp-content\/uploads\/sites\/190\/2023\/09\/Januar-1024x683.jpg\" alt=\"\" class=\"wp-image-1122\" srcset=\"https:\/\/ksr-lu.ch\/jahresbericht22-23\/wp-content\/uploads\/sites\/197\/2023\/09\/Januar-1024x683.jpg 1024w, https:\/\/ksr-lu.ch\/jahresbericht22-23\/wp-content\/uploads\/sites\/197\/2023\/09\/Januar-300x200.jpg 300w, https:\/\/ksr-lu.ch\/jahresbericht22-23\/wp-content\/uploads\/sites\/197\/2023\/09\/Januar-768x512.jpg 768w, https:\/\/ksr-lu.ch\/jahresbericht22-23\/wp-content\/uploads\/sites\/197\/2023\/09\/Januar-1536x1024.jpg 1536w, https:\/\/ksr-lu.ch\/jahresbericht22-23\/wp-content\/uploads\/sites\/197\/2023\/09\/Januar.jpg 2048w\" sizes=\"(max-width: 1024px) 100vw, 1024px\" \/><\/figure>\n<!-- PMB print buttons is only displayed on a single post\/page URLs-->","protected":false},"excerpt":{"rendered":"<p>09. Neujahrsap\u00e9ro KSR und MSE 12. Fachvorstandskonferenz 16. Infoveranstaltung Erg\u00e4nzungsf\u00e4cher 4 Klassen 16. Infoveranstaltung Erg\u00e4nzungsf\u00e4cher 5. Klassen 16. Matura-Information 6. Klassen 17. Schnuppertag f\u00fcr Sch\u00fcler\/innen der 6. Primarklassen f\u00fcr das LZG 18. Standaktion Studienwahl 18. Notenkonferenzen 6. Klassen 19. Probehalbtag Perkussions-Ensemble 24. Wintersporttag 1. &#8211; 6. Klassen 25. Sitzung Forum KSR 25. Holocaust-Tag 4. Klassen [&hellip;]<\/p>\n","protected":false},"author":218,"featured_media":0,"parent":0,"menu_order":0,"comment_status":"closed","ping_status":"closed","template":"","meta":[],"categories":[],"tags":[],"_links":{"self":[{"href":"https:\/\/ksr-lu.ch\/jahresbericht22-23\/wp-json\/wp\/v2\/pages\/1175"}],"collection":[{"href":"https:\/\/ksr-lu.ch\/jahresbericht22-23\/wp-json\/wp\/v2\/pages"}],"about":[{"href":"https:\/\/ksr-lu.ch\/jahresbericht22-23\/wp-json\/wp\/v2\/types\/page"}],"author":[{"embeddable":true,"href":"https:\/\/ksr-lu.ch\/jahresbericht22-23\/wp-json\/wp\/v2\/users\/218"}],"replies":[{"embeddable":true,"href":"https:\/\/ksr-lu.ch\/jahresbericht22-23\/wp-json\/wp\/v2\/comments?post=1175"}],"version-history":[{"count":3,"href":"https:\/\/ksr-lu.ch\/jahresbericht22-23\/wp-json\/wp\/v2\/pages\/1175\/revisions"}],"predecessor-version":[{"id":1228,"href":"https:\/\/ksr-lu.ch\/jahresbericht22-23\/wp-json\/wp\/v2\/pages\/1175\/revisions\/1228"}],"wp:attachment":[{"href":"https:\/\/ksr-lu.ch\/jahresbericht22-23\/wp-json\/wp\/v2\/media?parent=1175"}],"wp:term":[{"taxonomy":"category","embeddable":true,"href":"https:\/\/ksr-lu.ch\/jahresbericht22-23\/wp-json\/wp\/v2\/categories?post=1175"},{"taxonomy":"post_tag","embeddable":true,"href":"https:\/\/ksr-lu.ch\/jahresbericht22-23\/wp-json\/wp\/v2\/tags?post=1175"}],"curies":[{"name":"wp","href":"https:\/\/api.w.org\/{rel}","templated":true}]}}