{"id":111,"date":"2023-03-23T11:37:59","date_gmt":"2023-03-23T10:37:59","guid":{"rendered":"https:\/\/ksr-lu.ch\/jahresberichte\/?page_id=111"},"modified":"2023-09-17T11:36:37","modified_gmt":"2023-09-17T09:36:37","slug":"solidaritat-mit-den-menschen-in-der-ukraine","status":"publish","type":"page","link":"https:\/\/ksr-lu.ch\/jahresbericht22-23\/solidaritat-mit-den-menschen-in-der-ukraine\/","title":{"rendered":"Solidarit\u00e4t mit den Menschen in der Ukraine"},"content":{"rendered":"\n<p>Simone von der Geest<br>Lehrperson f\u00fcr Deutsch und Geschichte<\/p>\n\n\n\n<p>Urs Fischer<br>Lehrperson f\u00fcr Geschichte, Religionskunde und Ethik<\/p>\n\n\n\n<p>24. Februar 2022. Seit dem Beginn des Angriffs der Russischen F\u00f6deration auf die Ukraine an jenem Donnerstagmorgen ist Krieg, herrschen Tod, Zerst\u00f6rung, Vertreibung und Leid. Bilder haben sich in unsere Erinnerung eingebrannt. Von schutzsuchenden M\u00fcttern und Kindern in U-Bahnh\u00f6fen. Von Explosionen. Von Fl\u00fcchtlingen. Von mutigen Menschen, die sich unbewaffnet russischen Invasionspanzern in den Weg stellten. Von Kampfhelikoptern und Himars-Haubitzen. Von getrennten Familien. Von Leichen in den Strassen von Butscha, Kramatorsk und anderen ukrainischen Orten. Von bombardierten H\u00e4usern in Charkiw und anderen ukrainischen St\u00e4dten, die wir vor diesen Kriegsverbrechen kaum kannten.<\/p>\n\n\n\n<p>Inzwischen tobt dieser Krieg schon mehr als eineinhalb Jahre, mit zehntausenden Toten und Verletzten, unvorstellbaren Kriegsverbrechen, verschleppten Kindern, ausradierten Ortschaften, gebrochenen D\u00e4mmen, zerst\u00f6rter Infrastruktur, immensen Umweltsch\u00e4den.<\/p>\n\n\n\n<p>An der Kantonsschule Reussb\u00fchl war und ist dieser Krieg in Europa pr\u00e4sent. Die Auseinandersetzung mit der Vorgeschichte dieses Krieges, den ins propagandistische Schlachtfeld gef\u00fchrten historischen Rechtfertigungen des Angriffskriegs und den laufenden Entwicklungen sind Bestandteil unseres Geschichtsunterrichts.<\/p>\n\n\n\n<p>Im Rahmen der Herbststudienwoche zur politischen Bildung der 5. Klassen im September 2022 entstand eine Serie von Podcasts unter dem Titel <em>Stimmen aus der Ukraine<\/em>, in welcher junge Ukrainerinnen und Ukrainer, die in Luzern Schutz gefunden haben, von ihren Kriegserlebnissen berichten. Es lohnt sich, die Geschichten von \u00abDiana\u00bb (alle Namen wurden zum Schutz der Jugendlichen verfremdet) \u00fcber die Zerst\u00f6rung ihres alten Lebens in Rubischne, von \u00abKilian\u00bb \u00fcber sein neues Leben in der Schweiz, von \u00abRoland\u00bb \u00fcber seine abenteuerliche Flucht aus Kiew \u00fcber Butscha und Rum\u00e4nien in die Schweiz, oder von \u00abValeria\u00bb \u00fcber das Leben in einer U-Bahnstation in Charkiw anzuh\u00f6ren.<\/p>\n\n\n\n<p>Die Gespr\u00e4che mit diesen Jugendlichen und die miteinander \u2013 zum Teil auch in der Freizeit \u2013 verbrachten Stunden, boten den Sch\u00fclerinnen und Sch\u00fclern der L20d nicht nur einen vertieften Einblick in die Kriegsgeschehnisse und Schaupl\u00e4tze, sondern er\u00f6ffneten einen Zugang jenseits der rein intellektuellen Auseinandersetzung mit diesem Thema. Sie entdeckten gemeinsame Interessen, nutzten die Zeit manchmal auch am \u00abT\u00f6ggelikasten\u00bb und fanden Wege, um miteinander \u2013 trotz aller Sprachbarrieren \u2013 zu kommunizieren. Lernen also auf ganz verschiedenen Ebenen.<\/p>\n\n\n\n<style id=\"bwg-style-0\">    #bwg_container1_0 #bwg_container2_0 .bwg-container-0.bwg-standard-thumbnails {      width: 1254px;              justify-content: center;        margin:0 auto !important;              background-color: rgba(255, 255, 255, 0.00);            padding-left: 4px;      padding-top: 4px;      max-width: 100%;            }        #bwg_container1_0 #bwg_container2_0 .bwg-container-0.bwg-standard-thumbnails .bwg-item {    justify-content: flex-start;      max-width: 250px;          }    #bwg_container1_0 #bwg_container2_0 .bwg-container-0.bwg-standard-thumbnails .bwg-item a {       margin-right: 4px;       margin-bottom: 4px;    }    #bwg_container1_0 #bwg_container2_0 .bwg-container-0.bwg-standard-thumbnails .bwg-item0 {      padding: 0px;            background-color:rgba(0,0,0, 0.30);      border: 0px none #CCCCCC;      opacity: 1.00;      border-radius: 0;      box-shadow: ;    }    #bwg_container1_0 #bwg_container2_0 .bwg-container-0.bwg-standard-thumbnails .bwg-item1 img {      max-height: none;      max-width: none;      padding: 0 !important;    }         @media only screen and (min-width: 480px) {\t\t#bwg_container1_0 #bwg_container2_0 .bwg-container-0.bwg-standard-thumbnails .bwg-item1 img {\t\t\t-webkit-transition: all .3s; transition: all .3s;\t\t}\t\t#bwg_container1_0 #bwg_container2_0 .bwg-container-0.bwg-standard-thumbnails .bwg-item1 img:hover {\t\t\t-ms-transform: scale(1.08);\t\t\t-webkit-transform: scale(1.08);\t\t\ttransform: scale(1.08);\t\t}\t\t\t\t.bwg-standard-thumbnails .bwg-zoom-effect .bwg-zoom-effect-overlay {\t\t\t\t\t\tbackground-color:rgba(0,0,0, 0.3);\t\t}\t\t.bwg-standard-thumbnails .bwg-zoom-effect:hover img {\t\t\t-ms-transform: scale(1.08);\t\t\t-webkit-transform: scale(1.08);\t\t\ttransform: scale(1.08);\t\t}\t\t      }\t    #bwg_container1_0 #bwg_container2_0 .bwg-container-0.bwg-standard-thumbnails .bwg-item1 {      padding-top: 56%;    }        #bwg_container1_0 #bwg_container2_0 .bwg-container-0.bwg-standard-thumbnails .bwg-title1 {      position: absolute;      top: 0;      z-index: 100;      width: 100%;      height: 100%;      display: flex;      justify-content: center;      align-content: center;      flex-direction: column;      opacity: 0;    }\t      #bwg_container1_0 #bwg_container2_0 .bwg-container-0.bwg-standard-thumbnails .bwg-title2,    #bwg_container1_0 #bwg_container2_0 .bwg-container-0.bwg-standard-thumbnails .bwg-ecommerce2 {      color: #FFFFFF;      font-family: Ubuntu;      font-size: 16px;      font-weight: bold;      padding: 2px;      text-shadow: ;      max-height: 100%;    }    #bwg_container1_0 #bwg_container2_0 .bwg-container-0.bwg-standard-thumbnails .bwg-thumb-description span {    color: #323A45;    font-family: Ubuntu;    font-size: 12px;    max-height: 100%;    word-wrap: break-word;    }    #bwg_container1_0 #bwg_container2_0 .bwg-container-0.bwg-standard-thumbnails .bwg-play-icon2 {      font-size: 32px;    }    #bwg_container1_0 #bwg_container2_0 .bwg-container-0.bwg-standard-thumbnails .bwg-ecommerce2 {      font-size: 19.2px;      color: #323A45;    }    <\/style>    <div id=\"bwg_container1_0\"         class=\"bwg_container bwg_thumbnail bwg_thumbnails \"         data-right-click-protection=\"0\"         data-bwg=\"0\"         data-scroll=\"0\"         data-gallery-type=\"thumbnails\"         data-gallery-view-type=\"thumbnails\"         data-current-url=\"\/jahresbericht22-23\/wp-json\/wp\/v2\/pages\/111\"         data-lightbox-url=\"https:\/\/ksr-lu.ch\/jahresbericht22-23\/wp-admin\/admin-ajax.php?action=GalleryBox&#038;current_view=0&#038;gallery_id=24&#038;tag=0&#038;theme_id=1&#038;shortcode_id=51&#038;sort_by=order&#038;order_by=asc&#038;current_url=%2Fjahresbericht22-23%2Fwp-json%2Fwp%2Fv2%2Fpages%2F111\"         data-gallery-id=\"24\"         data-popup-width=\"800\"         data-popup-height=\"500\"         data-is-album=\"gallery\"         data-buttons-position=\"bottom\">      <div id=\"bwg_container2_0\">             <div id=\"ajax_loading_0\" class=\"bwg_loading_div_1\">      <div class=\"bwg_loading_div_2\">        <div class=\"bwg_loading_div_3\">          <div id=\"loading_div_0\" class=\"bwg_spider_ajax_loading\">          <\/div>        <\/div>      <\/div>    <\/div>            <form id=\"gal_front_form_0\"              class=\"bwg-hidden\"              method=\"post\"              action=\"#\"              data-current=\"0\"              data-shortcode-id=\"51\"              data-gallery-type=\"thumbnails\"              data-gallery-id=\"24\"              data-tag=\"0\"              data-album-id=\"0\"              data-theme-id=\"1\"              data-ajax-url=\"https:\/\/ksr-lu.ch\/jahresbericht22-23\/wp-admin\/admin-ajax.php?action=bwg_frontend_data\">          <div id=\"bwg_container3_0\" class=\"bwg-background bwg-background-0\">                <div data-max-count=\"5\"         data-thumbnail-width=\"250\"         data-bwg=\"0\"         data-gallery-id=\"24\"         data-lightbox-url=\"https:\/\/ksr-lu.ch\/jahresbericht22-23\/wp-admin\/admin-ajax.php?action=GalleryBox&amp;current_view=0&amp;gallery_id=24&amp;tag=0&amp;theme_id=1&amp;shortcode_id=51&amp;sort_by=order&amp;order_by=asc&amp;current_url=%2Fjahresbericht22-23%2Fwp-json%2Fwp%2Fv2%2Fpages%2F111\"         id=\"bwg_thumbnails_0\"         class=\"bwg-container-0 bwg-thumbnails bwg-standard-thumbnails bwg-container bwg-border-box\">            <div class=\"bwg-item\">        <a class=\"bwg-a  bwg_lightbox\"  data-image-id=\"61\" href=\"https:\/\/ksr-lu.ch\/jahresbericht22-23\/wp-content\/uploads\/sites\/197\/photo-gallery\/imported_from_media_libray\/Friedensplakat-im-Lichthof.jpg?bwg=1693666858\" data-elementor-open-lightbox=\"no\">                <div class=\"bwg-item0 \">          <div class=\"bwg-item1 bwg-zoom-effect\">            <div class=\"bwg-item2\">              <img class=\"skip-lazy bwg_standart_thumb_img_0 \"                   data-id=\"61\"                   data-width=\"500.00\"                   data-height=\"334.00\"                   data-src=\"https:\/\/ksr-lu.ch\/jahresbericht22-23\/wp-content\/uploads\/sites\/197\/photo-gallery\/imported_from_media_libray\/thumb\/Friedensplakat-im-Lichthof.jpg?bwg=1693666858\"                   src=\"https:\/\/ksr-lu.ch\/jahresbericht22-23\/wp-content\/uploads\/sites\/197\/photo-gallery\/imported_from_media_libray\/thumb\/Friedensplakat-im-Lichthof.jpg?bwg=1693666858\"                   alt=\"Seit April 2022 verleiht das Friedensplakat im Lichthof der Kantonsschule Reussb\u00fchl dem Wunsch nach Frieden in der Ukraine Ausdruck.\"                   title=\"Seit April 2022 verleiht das Friedensplakat im Lichthof der Kantonsschule Reussb\u00fchl dem Wunsch nach Frieden in der Ukraine Ausdruck.\" \/>            <\/div>            <div class=\"bwg-zoom-effect-overlay\">              <div class=\"bwg-title1\"><div class=\"bwg-title2\">Seit April 2022 verleiht das Friedensplakat im Lichthof der Kantonsschule Reussb\u00fchl dem Wunsch nach Frieden in der Ukraine Ausdruck.<\/div><\/div>                                        <\/div>          <\/div>        <\/div>                        <\/a>              <\/div>            <div class=\"bwg-item\">        <a class=\"bwg-a  bwg_lightbox\"  data-image-id=\"62\" href=\"https:\/\/ksr-lu.ch\/jahresbericht22-23\/wp-content\/uploads\/sites\/197\/photo-gallery\/imported_from_media_libray\/Ein-erstes-Kennenlernen.jpg?bwg=1693666858\" data-elementor-open-lightbox=\"no\">                <div class=\"bwg-item0 \">          <div class=\"bwg-item1 bwg-zoom-effect\">            <div class=\"bwg-item2\">              <img class=\"skip-lazy bwg_standart_thumb_img_0 \"                   data-id=\"62\"                   data-width=\"500.00\"                   data-height=\"374.00\"                   data-src=\"https:\/\/ksr-lu.ch\/jahresbericht22-23\/wp-content\/uploads\/sites\/197\/photo-gallery\/imported_from_media_libray\/thumb\/Ein-erstes-Kennenlernen.jpg?bwg=1693666858\"                   src=\"https:\/\/ksr-lu.ch\/jahresbericht22-23\/wp-content\/uploads\/sites\/197\/photo-gallery\/imported_from_media_libray\/thumb\/Ein-erstes-Kennenlernen.jpg?bwg=1693666858\"                   alt=\"Ein erstes Kennenlernen im Alten Zeughaus in Luzern: Drei Sch\u00fcler der L20d unterhalten sich mithilfe von \u00dcbersetzungsprogrammen mit Kilian, September 2022\"                   title=\"Ein erstes Kennenlernen im Alten Zeughaus in Luzern: Drei Sch\u00fcler der L20d unterhalten sich mithilfe von \u00dcbersetzungsprogrammen mit Kilian, September 2022\" \/>            <\/div>            <div class=\"bwg-zoom-effect-overlay\">              <div class=\"bwg-title1\"><div class=\"bwg-title2\">Ein erstes Kennenlernen im Alten Zeughaus in Luzern: Drei Sch\u00fcler der L20d unterhalten sich mithilfe von \u00dcbersetzungsprogrammen mit Kilian, September 2022<\/div><\/div>                                        <\/div>          <\/div>        <\/div>                        <\/a>              <\/div>            <div class=\"bwg-item\">        <a class=\"bwg-a  bwg_lightbox\"  data-image-id=\"63\" href=\"https:\/\/ksr-lu.ch\/jahresbericht22-23\/wp-content\/uploads\/sites\/197\/photo-gallery\/imported_from_media_libray\/Proben-fuer-das-Solidaritaetskonzert.jpg?bwg=1693666858\" data-elementor-open-lightbox=\"no\">                <div class=\"bwg-item0 \">          <div class=\"bwg-item1 bwg-zoom-effect\">            <div class=\"bwg-item2\">              <img class=\"skip-lazy bwg_standart_thumb_img_0 \"                   data-id=\"63\"                   data-width=\"500.00\"                   data-height=\"365.00\"                   data-src=\"https:\/\/ksr-lu.ch\/jahresbericht22-23\/wp-content\/uploads\/sites\/197\/photo-gallery\/imported_from_media_libray\/thumb\/Proben-fuer-das-Solidaritaetskonzert.jpg?bwg=1693666858\"                   src=\"https:\/\/ksr-lu.ch\/jahresbericht22-23\/wp-content\/uploads\/sites\/197\/photo-gallery\/imported_from_media_libray\/thumb\/Proben-fuer-das-Solidaritaetskonzert.jpg?bwg=1693666858\"                   alt=\"Proben f\u00fcr das Solidarit\u00e4tskonzert im April 2022\"                   title=\"Proben f\u00fcr das Solidarit\u00e4tskonzert im April 2022\" \/>            <\/div>            <div class=\"bwg-zoom-effect-overlay\">              <div class=\"bwg-title1\"><div class=\"bwg-title2\">Proben f\u00fcr das Solidarit\u00e4tskonzert im April 2022<\/div><\/div>                                        <\/div>          <\/div>        <\/div>                        <\/a>              <\/div>          <\/div>    <style>      \/*pagination styles*\/      #bwg_container1_0 #bwg_container2_0 .tablenav-pages_0 {\t\t\t\ttext-align: center;\t\t\t\tfont-size: 12px;\t\t\t\tfont-family: Ubuntu;\t\t\t\tfont-weight: bold;\t\t\t\tcolor: #666666;\t\t\t\tmargin: 6px 0 4px;\t\t\t\tdisplay: block;      }      @media only screen and (max-width : 320px) {      #bwg_container1_0 #bwg_container2_0 .displaying-num_0 {     \t display: none;      }      }      #bwg_container1_0 #bwg_container2_0 .displaying-num_0 {\t\t\t\tfont-size: 12px;\t\t\t\tfont-family: Ubuntu;\t\t\t\tfont-weight: bold;\t\t\t\tcolor: #666666;\t\t\t\tmargin-right: 10px;\t\t\t\tvertical-align: middle;      }      #bwg_container1_0 #bwg_container2_0 .paging-input_0 {\t\t\t\tfont-size: 12px;\t\t\t\tfont-family: Ubuntu;\t\t\t\tfont-weight: bold;\t\t\t\tcolor: #666666;\t\t\t\tvertical-align: middle;      }      #bwg_container1_0 #bwg_container2_0 .tablenav-pages_0 a.disabled,      #bwg_container1_0 #bwg_container2_0 .tablenav-pages_0 a.disabled:hover,      #bwg_container1_0 #bwg_container2_0 .tablenav-pages_0 a.disabled:focus,\t\t\t#bwg_container1_0 #bwg_container2_0 .tablenav-pages_0 input.bwg_current_page {\t\t\t\tcursor: default;\t\t\t\tcolor: rgba(102, 102, 102, 0.5);      }      #bwg_container1_0 #bwg_container2_0 .tablenav-pages_0 a,      #bwg_container1_0 #bwg_container2_0 .tablenav-pages_0 input.bwg_current_page {\t\t\t\tcursor: pointer;\t\t\t\ttext-align: center;\t\t\t\tfont-size: 12px;\t\t\t\tfont-family: Ubuntu;\t\t\t\tfont-weight: bold;\t\t\t\tcolor: #666666;\t\t\t\ttext-decoration: none;\t\t\t\tpadding: 3px 6px;\t\t\t\tmargin: 0;\t\t\t\tborder-radius: 0;\t\t\t\tborder-style: solid;\t\t\t\tborder-width: 1px;\t\t\t\tborder-color: #E3E3E3;\t\t\t\t\t\t\t\tbackground-color: rgba(255, 255, 255, 1.00);\t\t\t\tbox-shadow: 0;\t\t\t\ttransition: all 0.3s ease 0s;-webkit-transition: all 0.3s ease 0s;      }      <\/style>      <span class=\"bwg_nav_cont_0\">              <div class=\"tablenav-pages_0\">                  <\/div>                <input type=\"hidden\" id=\"page_number_0\" name=\"page_number_0\" value=\"1\" \/>      <script type=\"text\/javascript\">        if( jQuery('.bwg_nav_cont_0').length > 1 ) {          jQuery('.bwg_nav_cont_0').first().remove()        }        function spider_page_0(cur, x, y, load_more) {          if (typeof load_more == \"undefined\") {            var load_more = false;          }          if (jQuery(cur).hasClass('disabled')) {            return false;          }          var items_county_0 = 1;          switch (y) {            case 1:              if (x >= items_county_0) {                document.getElementById('page_number_0').value = items_county_0;              }              else {                document.getElementById('page_number_0').value = x + 1;              }              break;            case 2:              document.getElementById('page_number_0').value = items_county_0;              break;            case -1:              if (x == 1) {                document.getElementById('page_number_0').value = 1;              }              else {                document.getElementById('page_number_0').value = x - 1;              }              break;            case -2:              document.getElementById('page_number_0').value = 1;              break;\t\t\t\t\t\tcase 0:              document.getElementById('page_number_0').value = x;              break;            default:              document.getElementById('page_number_0').value = 1;          }          bwg_ajax('gal_front_form_0', '0', 'bwg_thumbnails_0', '0', '', 'gallery', 0, '', '', load_more, '', 1);        }                    jQuery('.first-page-0').on('click', function () {              spider_page_0(this, 1, -2, 'numeric');              return false;            });            jQuery('.prev-page-0').on('click', function () {              spider_page_0(this, 1, -1, 'numeric');              return false;            });            jQuery('.next-page-0').on('click', function () {              spider_page_0(this, 1, 1, 'numeric');              return false;            });            jQuery('.last-page-0').on('click', function () {              spider_page_0(this, 1, 2, 'numeric');              return false;            });        \t\t\t\t\/* Change page on input enter. *\/        function bwg_change_page_0( e, that ) {          if (  e.key == 'Enter' ) {            var to_page = parseInt(jQuery(that).val());            var pages_count = jQuery(that).parents(\".pagination-links\").data(\"pages-count\");            var current_url_param = jQuery(that).attr('data-url-info');            if (to_page > pages_count) {              to_page = 1;            }\t \t\t\t\t\t\t\t\t\t\t\t\tspider_page_0(this, to_page, 0, 'numeric');\t\t\t\t\t\t\treturn false;\t\t\t\t\t\t          }          return true;        }        jQuery('.bwg_load_btn_0').on('click', function () {            spider_page_0(this, 1, 1, true);            return false;        });      <\/script>      <\/span>                <\/div>        <\/form>        <style>          #bwg_container1_0 #bwg_container2_0 #spider_popup_overlay_0 {          background-color: #EEEEEE;          opacity: 0.60;          }          <\/style>        <div id=\"bwg_spider_popup_loading_0\" class=\"bwg_spider_popup_loading\"><\/div>        <div id=\"spider_popup_overlay_0\" class=\"spider_popup_overlay\" onclick=\"spider_destroypopup(1000)\"><\/div>        <input type=\"hidden\" id=\"bwg_random_seed_0\" value=\"933901846\">                <\/div>    <\/div>    <script>      if (document.readyState === 'complete') {        if( typeof bwg_main_ready == 'function' ) {          if ( jQuery(\"#bwg_container1_0\").height() ) {            bwg_main_ready(jQuery(\"#bwg_container1_0\"));          }        }      } else {        document.addEventListener('DOMContentLoaded', function() {          if( typeof bwg_main_ready == 'function' ) {            if ( jQuery(\"#bwg_container1_0\").height() ) {             bwg_main_ready(jQuery(\"#bwg_container1_0\"));            }          }        });      }    <\/script>    \n\n\n\n<p>Angesichts des unvorstellbaren Schreckens kam die Frage auf, wie wir konkret den Menschen in der Ukraine helfen k\u00f6nnen. Ein kleines Zeichen der Solidarit\u00e4t setzten wir im April 2022 mit einem Konzert an der Schule. Das Benefizkonzert des Schwerpunktfaches Musik erm\u00f6glichte es uns, innezuhalten, nachzudenken und mitzuf\u00fchlen. Gemeinsam trugen die Sch\u00fclerinnen und Sch\u00fcler Friedenslieder von John Lennon, von Pete Seeger und Udo Lindenberg vor und trugen mit ihren Stimmen die Hoffnung in den Lichthof der Kantonsschule Reussb\u00fchl. Eigentlich ist es doch so einfach: \u00abKeiner will sterben \/ Das ist doch klar \/ Wozu sind denn dann Kriege da?\u00bb Lindenbergs Frage entlarvt die groteske Sinnlosigkeit des Krieges. Das Konzert und die Standaktionen mehrerer Klassen in der Woche vor Ostern f\u00fchrten zu Spenden in der H\u00f6he von fast 2&#8217;300 Franken zugunsten des <a href=\"https:\/\/www.swisshelpukraine.ch\/\">Vereins Swiss Help Ukraine<\/a>.<\/p>\n\n\n\n<p>Wo stehen wir heute zum Zeitpunkt dieses Beitrages? Ukrainische Versuche, die v\u00f6lkerrechtswidrig annektierten und besetzten ukrainischen Territorien zur\u00fcckzuerobern, blieben bis jetzt erfolglos. Die Regierung der Russischen F\u00f6deration unter Pr\u00e4sident Putin scheint nach wie vor verbissen an ihren Zielen festzuhalten, auch wenn sich intern Risse aufgetan haben. Bei uns macht sich M\u00fcdigkeit breit. Die mediale Aufmerksamkeit verschiebt sich zusehends. Die grossen Friedensdemonstrationen und Proteste geh\u00f6ren der Vergangenheit an. Was als traurige Tatsache bleibt, sind Tod, Vertreibung, Misshandlung, Terror, Flucht. Nicht nur in der Ukraine, aber auch dort. Dies nicht zu vergessen, sich f\u00fcr die Menschen und ihre Rechte einzusetzen, bleibt eine Aufgabe.<\/p>\n<!-- PMB print buttons is only displayed on a single post\/page URLs-->","protected":false},"excerpt":{"rendered":"<p>Simone von der GeestLehrperson f\u00fcr Deutsch und Geschichte Urs FischerLehrperson f\u00fcr Geschichte, Religionskunde und Ethik 24. Februar 2022. Seit dem Beginn des Angriffs der Russischen F\u00f6deration auf die Ukraine an jenem Donnerstagmorgen ist Krieg, herrschen Tod, Zerst\u00f6rung, Vertreibung und Leid. Bilder haben sich in unsere Erinnerung eingebrannt. Von schutzsuchenden M\u00fcttern und Kindern in U-Bahnh\u00f6fen. Von [&hellip;]<\/p>\n","protected":false},"author":218,"featured_media":0,"parent":0,"menu_order":0,"comment_status":"closed","ping_status":"closed","template":"","meta":[],"categories":[7,4],"tags":[],"_links":{"self":[{"href":"https:\/\/ksr-lu.ch\/jahresbericht22-23\/wp-json\/wp\/v2\/pages\/111"}],"collection":[{"href":"https:\/\/ksr-lu.ch\/jahresbericht22-23\/wp-json\/wp\/v2\/pages"}],"about":[{"href":"https:\/\/ksr-lu.ch\/jahresbericht22-23\/wp-json\/wp\/v2\/types\/page"}],"author":[{"embeddable":true,"href":"https:\/\/ksr-lu.ch\/jahresbericht22-23\/wp-json\/wp\/v2\/users\/218"}],"replies":[{"embeddable":true,"href":"https:\/\/ksr-lu.ch\/jahresbericht22-23\/wp-json\/wp\/v2\/comments?post=111"}],"version-history":[{"count":10,"href":"https:\/\/ksr-lu.ch\/jahresbericht22-23\/wp-json\/wp\/v2\/pages\/111\/revisions"}],"predecessor-version":[{"id":1064,"href":"https:\/\/ksr-lu.ch\/jahresbericht22-23\/wp-json\/wp\/v2\/pages\/111\/revisions\/1064"}],"wp:attachment":[{"href":"https:\/\/ksr-lu.ch\/jahresbericht22-23\/wp-json\/wp\/v2\/media?parent=111"}],"wp:term":[{"taxonomy":"category","embeddable":true,"href":"https:\/\/ksr-lu.ch\/jahresbericht22-23\/wp-json\/wp\/v2\/categories?post=111"},{"taxonomy":"post_tag","embeddable":true,"href":"https:\/\/ksr-lu.ch\/jahresbericht22-23\/wp-json\/wp\/v2\/tags?post=111"}],"curies":[{"name":"wp","href":"https:\/\/api.w.org\/{rel}","templated":true}]}}