{"id":11,"date":"2017-01-13T11:06:10","date_gmt":"2017-01-13T10:06:10","guid":{"rendered":"http:\/\/ksr-lu.ch\/blogtendo\/?page_id=11"},"modified":"2017-01-16T17:04:00","modified_gmt":"2017-01-16T16:04:00","slug":"impressum","status":"publish","type":"page","link":"https:\/\/ksr-lu.ch\/blogtendo\/impressum\/","title":{"rendered":"Impressum"},"content":{"rendered":"<p style=\"margin: 0in;font-family: Calibri;font-size: 11.0pt;color: black\">Ich bin ein grosser Youtubefan und in diesem Blog wirst du den Kanal Domtendo kennenlernen. Da ich ihn schon sehr lange kenne, ich den Ersteller sehr sympathisch finde und Domtendo viel ber\u00fchmter sein m\u00fcsste, m\u00f6chte ich ihn auf diese Weise unterst\u00fctzen. Im Blog werde ich Domis Karriere und seine Let&#8217;s Plays thematisieren. Auch wenn er nicht viele Abonnenten im Vergleich zu anderen Kan\u00e4len hat, ist er dennoch bei seiner Community sehr beliebt.\u00a0Ich selber bin 16 Jahre alt und schaue Domtendo schon seit ca. 4 Jahren. Sein Kanal verbesserte sich sehr und auch sein Kommentierstiel ist jetzt viel besser.<\/p>\n<p style=\"margin: 0in;font-family: Calibri;font-size: 11.0pt;color: black\">Ich w\u00fcnsche euch viel Spass!<\/p>\n<p style=\"margin: 0in;font-family: Calibri;font-size: 11.0pt;color: black\">\n","protected":false},"excerpt":{"rendered":"<p>Ich bin ein grosser Youtubefan und in diesem Blog wirst du den Kanal Domtendo kennenlernen. Da ich ihn schon sehr lange kenne, ich den Ersteller sehr sympathisch finde und Domtendo viel ber\u00fchmter sein m\u00fcsste, m\u00f6chte ich ihn auf diese Weise&hellip; <\/p>\n","protected":false},"author":32,"featured_media":0,"parent":0,"menu_order":0,"comment_status":"closed","ping_status":"closed","template":"","meta":[],"categories":[],"tags":[],"_links":{"self":[{"href":"https:\/\/ksr-lu.ch\/blogtendo\/wp-json\/wp\/v2\/pages\/11"}],"collection":[{"href":"https:\/\/ksr-lu.ch\/blogtendo\/wp-json\/wp\/v2\/pages"}],"about":[{"href":"https:\/\/ksr-lu.ch\/blogtendo\/wp-json\/wp\/v2\/types\/page"}],"author":[{"embeddable":true,"href":"https:\/\/ksr-lu.ch\/blogtendo\/wp-json\/wp\/v2\/users\/32"}],"replies":[{"embeddable":true,"href":"https:\/\/ksr-lu.ch\/blogtendo\/wp-json\/wp\/v2\/comments?post=11"}],"version-history":[{"count":5,"href":"https:\/\/ksr-lu.ch\/blogtendo\/wp-json\/wp\/v2\/pages\/11\/revisions"}],"predecessor-version":[{"id":62,"href":"https:\/\/ksr-lu.ch\/blogtendo\/wp-json\/wp\/v2\/pages\/11\/revisions\/62"}],"wp:attachment":[{"href":"https:\/\/ksr-lu.ch\/blogtendo\/wp-json\/wp\/v2\/media?parent=11"}],"wp:term":[{"taxonomy":"category","embeddable":true,"href":"https:\/\/ksr-lu.ch\/blogtendo\/wp-json\/wp\/v2\/categories?post=11"},{"taxonomy":"post_tag","embeddable":true,"href":"https:\/\/ksr-lu.ch\/blogtendo\/wp-json\/wp\/v2\/tags?post=11"}],"curies":[{"name":"wp","href":"https:\/\/api.w.org\/{rel}","templated":true}]}}